{"id":5312,"date":"2023-11-28T03:14:53","date_gmt":"2023-11-28T03:14:53","guid":{"rendered":"https:\/\/wpachem.com\/?page_id=5312"},"modified":"2023-11-28T03:17:44","modified_gmt":"2023-11-28T03:17:44","slug":"food-additives-division","status":"publish","type":"page","link":"https:\/\/wpachem.com\/tr\/food-additives-division\/","title":{"rendered":"G\u0131da Katk\u0131 Maddeleri B\u00f6l\u00fcm\u00fc"},"content":{"rendered":"<div data-elementor-type=\"wp-page\" data-elementor-id=\"5312\" class=\"elementor elementor-5312\" data-elementor-post-type=\"page\">\n\t\t\t\t\t\t<section data-particle_enable=\"false\" data-particle-mobile-disabled=\"false\" data-exad-particle-enable=\"false\" class=\"elementor-section elementor-top-section elementor-element elementor-element-cc8c6b7 ct-section-stretched elementor-section-height-min-height elementor-section-boxed elementor-section-height-default elementor-section-items-middle exad-parallax-effect-no exad-background-color-change-no exad-glass-effect-no exad-sticky-section-no\" data-id=\"cc8c6b7\" data-element_type=\"section\" data-e-type=\"section\" data-settings=\"{&quot;background_background&quot;:&quot;classic&quot;,&quot;shape_divider_bottom&quot;:&quot;waves&quot;}\">\n\t\t\t\t\t\t\t<div class=\"elementor-background-overlay\"><\/div>\n\t\t\t\t\t\t<div class=\"elementor-shape elementor-shape-bottom\" aria-hidden=\"true\" data-negative=\"false\">\n\t\t\t<svg xmlns=\"http:\/\/www.w3.org\/2000\/svg\" viewbox=\"0 0 1000 100\" preserveaspectratio=\"none\">\n\t<path class=\"elementor-shape-fill\" d=\"M421.9,6.5c22.6-2.5,51.5,0.4,75.5,5.3c23.6,4.9,70.9,23.5,100.5,35.7c75.8,32.2,133.7,44.5,192.6,49.7\tc23.6,2.1,48.7,3.5,103.4-2.5c54.7-6,106.2-25.6,106.2-25.6V0H0v30.3c0,0,72,32.6,158.4,30.5c39.2-0.7,92.8-6.7,134-22.4\tc21.2-8.1,52.2-18.2,79.7-24.2C399.3,7.9,411.6,7.5,421.9,6.5z\"\/>\n<\/svg>\t\t<\/div>\n\t\t\t\t\t<div class=\"elementor-container elementor-column-gap-default\">\n\t\t\t\t\t<div class=\"elementor-column elementor-col-100 elementor-top-column elementor-element elementor-element-3538d60 exad-glass-effect-no exad-sticky-section-no\" data-id=\"3538d60\" data-element_type=\"column\" data-e-type=\"column\">\n\t\t\t<div class=\"elementor-widget-wrap elementor-element-populated\">\n\t\t\t\t\t\t<div class=\"elementor-element elementor-element-9fb70ac exad-sticky-section-no exad-glass-effect-no elementor-widget elementor-widget-heading\" data-id=\"9fb70ac\" data-element_type=\"widget\" data-e-type=\"widget\" data-widget_type=\"heading.default\">\n\t\t\t\t<div class=\"elementor-widget-container\">\n\t\t\t\t\t<h1 class=\"elementor-heading-title elementor-size-default\">G\u0131da Katk\u0131 Maddeleri B\u00f6l\u00fcm\u00fc<\/h1>\t\t\t\t<\/div>\n\t\t\t\t<\/div>\n\t\t\t\t\t<\/div>\n\t\t<\/div>\n\t\t\t\t\t<\/div>\n\t\t<\/section>\n\t\t<div data-particle_enable=\"false\" data-particle-mobile-disabled=\"false\" class=\"elementor-element elementor-element-a0a092e e-flex e-con-boxed e-con e-parent\" data-id=\"a0a092e\" data-element_type=\"container\" data-e-type=\"container\" data-settings=\"{&quot;background_background&quot;:&quot;classic&quot;}\">\n\t\t\t\t\t<div class=\"e-con-inner\">\n\t\t<div data-particle_enable=\"false\" data-particle-mobile-disabled=\"false\" class=\"elementor-element elementor-element-8bc73f6 e-con-full e-flex e-con e-child\" data-id=\"8bc73f6\" data-element_type=\"container\" data-e-type=\"container\">\n\t\t\t\t<div class=\"elementor-element elementor-element-2726b01 exad-sticky-section-no exad-glass-effect-no elementor-widget elementor-widget-text-editor\" data-id=\"2726b01\" data-element_type=\"widget\" data-e-type=\"widget\" data-widget_type=\"text-editor.default\">\n\t\t\t\t<div class=\"elementor-widget-container\">\n\t\t\t\t\t\t\t\t\t<p>WPA, esas olarak koruyucu maddeler, besin artt\u0131r\u0131c\u0131lar, dengeleyiciler ve p\u0131ht\u0131la\u015ft\u0131r\u0131c\u0131lar, tatland\u0131r\u0131c\u0131lar, koyula\u015ft\u0131r\u0131c\u0131lar, g\u0131da aromalar\u0131, g\u0131da end\u00fcstrisi i\u00e7in i\u015fleme yard\u0131mc\u0131lar\u0131, asitlik d\u00fczenleyiciler, antioksidanlar, hacim art\u0131r\u0131c\u0131lar, aroma artt\u0131r\u0131c\u0131lar, kaplama maddeleri, nem tutma maddeleri vb. dahil olmak \u00fczere do\u011fal ve sentetik katk\u0131 maddeleri sa\u011flayabilir ve bunlar g\u0131da end\u00fcstrisinin \u00e7e\u015fitli alanlar\u0131nda yayg\u0131n olarak kullan\u0131l\u0131r. \u0130hracat yeterlili\u011fi tamamlanm\u0131\u015ft\u0131r ve kalite, farkl\u0131 \u00fcr\u00fcnlerin farkl\u0131 b\u00f6lgelerinin kalite sertifikas\u0131 gereksinimlerini kar\u015f\u0131lamak amac\u0131yla d\u00fcnyaya ihra\u00e7 edilen g\u0131da katk\u0131 maddelerinin y\u00fcksek kalite standard\u0131n\u0131 ve sertifika standard\u0131n\u0131 kar\u015f\u0131lamaktad\u0131r.<\/p>\t\t\t\t\t\t\t\t<\/div>\n\t\t\t\t<\/div>\n\t\t\t\t<\/div>\n\t\t<div data-particle_enable=\"false\" data-particle-mobile-disabled=\"false\" class=\"elementor-element elementor-element-b204863 e-con-full e-flex e-con e-child\" data-id=\"b204863\" data-element_type=\"container\" data-e-type=\"container\" data-settings=\"{&quot;background_background&quot;:&quot;classic&quot;}\">\n\t\t\t\t<div class=\"elementor-element elementor-element-3ea65d5 exad-sticky-section-no exad-glass-effect-no elementor-widget elementor-widget-spacer\" data-id=\"3ea65d5\" data-element_type=\"widget\" data-e-type=\"widget\" data-widget_type=\"spacer.default\">\n\t\t\t\t<div class=\"elementor-widget-container\">\n\t\t\t\t\t\t\t<div class=\"elementor-spacer\">\n\t\t\t<div class=\"elementor-spacer-inner\"><\/div>\n\t\t<\/div>\n\t\t\t\t\t\t<\/div>\n\t\t\t\t<\/div>\n\t\t\t\t<\/div>\n\t\t\t\t\t<\/div>\n\t\t\t\t<\/div>\n\t\t\t\t<\/div>","protected":false},"excerpt":{"rendered":"<p>G\u0131da Katk\u0131 Maddeleri B\u00f6l\u00fcm\u00fc WPA, g\u0131da end\u00fcstrisinin \u00e7e\u015fitli alanlar\u0131nda yayg\u0131n olarak kullan\u0131lan koruyucular, besin artt\u0131r\u0131c\u0131lar, stabilizat\u00f6rler ve p\u0131ht\u0131la\u015ft\u0131r\u0131c\u0131lar, tatland\u0131r\u0131c\u0131lar, k\u0131vam artt\u0131r\u0131c\u0131lar, g\u0131da aromalar\u0131, g\u0131da end\u00fcstrisi i\u00e7in i\u015fleme yard\u0131mc\u0131lar\u0131, asitlik d\u00fczenleyiciler, antioksidanlar, hacim art\u0131r\u0131c\u0131lar, aroma artt\u0131r\u0131c\u0131lar, kaplama maddeleri, nem tutucu maddeler vb. dahil olmak \u00fczere do\u011fal ve sentetik katk\u0131 maddeleri sa\u011flayabilir. \u0130hracat yeterlili\u011fi [\u2026]<\/p>","protected":false},"author":3,"featured_media":0,"parent":0,"menu_order":0,"comment_status":"closed","ping_status":"closed","template":"","meta":{"_acf_changed":false,"_gspb_post_css":"","footnotes":""},"class_list":["post-5312","page","type-page","status-publish","hentry"],"blocksy_meta":[],"acf":[],"_links":{"self":[{"href":"https:\/\/wpachem.com\/tr\/wp-json\/wp\/v2\/pages\/5312","targetHints":{"allow":["GET"]}}],"collection":[{"href":"https:\/\/wpachem.com\/tr\/wp-json\/wp\/v2\/pages"}],"about":[{"href":"https:\/\/wpachem.com\/tr\/wp-json\/wp\/v2\/types\/page"}],"author":[{"embeddable":true,"href":"https:\/\/wpachem.com\/tr\/wp-json\/wp\/v2\/users\/3"}],"replies":[{"embeddable":true,"href":"https:\/\/wpachem.com\/tr\/wp-json\/wp\/v2\/comments?post=5312"}],"version-history":[{"count":0,"href":"https:\/\/wpachem.com\/tr\/wp-json\/wp\/v2\/pages\/5312\/revisions"}],"wp:attachment":[{"href":"https:\/\/wpachem.com\/tr\/wp-json\/wp\/v2\/media?parent=5312"}],"curies":[{"name":"wp","href":"https:\/\/api.w.org\/{rel}","templated":true}]}}