{"id":5328,"date":"2023-11-28T03:23:09","date_gmt":"2023-11-28T03:23:09","guid":{"rendered":"https:\/\/wpachem.com\/?page_id=5328"},"modified":"2023-11-28T03:23:51","modified_gmt":"2023-11-28T03:23:51","slug":"flavor-fragrance-division","status":"publish","type":"page","link":"https:\/\/wpachem.com\/tr\/flavor-fragrance-division\/","title":{"rendered":"Lezzet ve Koku B\u00f6l\u00fcm\u00fc"},"content":{"rendered":"<div data-elementor-type=\"wp-page\" data-elementor-id=\"5328\" class=\"elementor elementor-5328\" data-elementor-post-type=\"page\">\n\t\t\t\t\t\t<section data-particle_enable=\"false\" data-particle-mobile-disabled=\"false\" data-exad-particle-enable=\"false\" class=\"elementor-section elementor-top-section elementor-element elementor-element-92f977d ct-section-stretched elementor-section-height-min-height elementor-section-boxed elementor-section-height-default elementor-section-items-middle exad-parallax-effect-no exad-background-color-change-no exad-glass-effect-no exad-sticky-section-no\" data-id=\"92f977d\" data-element_type=\"section\" data-settings=\"{&quot;background_background&quot;:&quot;classic&quot;,&quot;shape_divider_bottom&quot;:&quot;waves&quot;}\">\n\t\t\t\t\t<div class=\"elementor-shape elementor-shape-bottom\" aria-hidden=\"true\" data-negative=\"false\">\n\t\t\t<svg xmlns=\"http:\/\/www.w3.org\/2000\/svg\" viewbox=\"0 0 1000 100\" preserveaspectratio=\"none\">\n\t<path class=\"elementor-shape-fill\" d=\"M421.9,6.5c22.6-2.5,51.5,0.4,75.5,5.3c23.6,4.9,70.9,23.5,100.5,35.7c75.8,32.2,133.7,44.5,192.6,49.7\tc23.6,2.1,48.7,3.5,103.4-2.5c54.7-6,106.2-25.6,106.2-25.6V0H0v30.3c0,0,72,32.6,158.4,30.5c39.2-0.7,92.8-6.7,134-22.4\tc21.2-8.1,52.2-18.2,79.7-24.2C399.3,7.9,411.6,7.5,421.9,6.5z\"\/>\n<\/svg>\t\t<\/div>\n\t\t\t\t\t<div class=\"elementor-container elementor-column-gap-default\">\n\t\t\t\t\t<div class=\"elementor-column elementor-col-100 elementor-top-column elementor-element elementor-element-20e4e84 exad-glass-effect-no exad-sticky-section-no\" data-id=\"20e4e84\" data-element_type=\"column\">\n\t\t\t<div class=\"elementor-widget-wrap elementor-element-populated\">\n\t\t\t\t\t\t<div class=\"elementor-element elementor-element-c4b52ee exad-sticky-section-no exad-glass-effect-no elementor-widget elementor-widget-heading\" data-id=\"c4b52ee\" data-element_type=\"widget\" data-widget_type=\"heading.default\">\n\t\t\t\t<div class=\"elementor-widget-container\">\n\t\t\t\t\t<h1 class=\"elementor-heading-title elementor-size-default\">Lezzet ve Koku B\u00f6l\u00fcm\u00fc<\/h1>\t\t\t\t<\/div>\n\t\t\t\t<\/div>\n\t\t\t\t\t<\/div>\n\t\t<\/div>\n\t\t\t\t\t<\/div>\n\t\t<\/section>\n\t\t<div data-particle_enable=\"false\" data-particle-mobile-disabled=\"false\" class=\"elementor-element elementor-element-a3be692 e-flex e-con-boxed e-con e-parent\" data-id=\"a3be692\" data-element_type=\"container\" data-settings=\"{&quot;background_background&quot;:&quot;classic&quot;}\">\n\t\t\t\t\t<div class=\"e-con-inner\">\n\t\t<div data-particle_enable=\"false\" data-particle-mobile-disabled=\"false\" class=\"elementor-element elementor-element-02e58ea e-con-full e-flex e-con e-child\" data-id=\"02e58ea\" data-element_type=\"container\">\n\t\t\t\t<div class=\"elementor-element elementor-element-0873dd5 exad-sticky-section-no exad-glass-effect-no elementor-widget elementor-widget-text-editor\" data-id=\"0873dd5\" data-element_type=\"widget\" data-widget_type=\"text-editor.default\">\n\t\t\t\t<div class=\"elementor-widget-container\">\n\t\t\t\t\t\t\t\t\t<p>WPA, mentol, vanilin, linalool, kumarin, maltol vb. gibi \u00e7e\u015fitli toplu tat ve koku \u00fcr\u00fcnlerini ihra\u00e7 etmekle kalmay\u0131p ayn\u0131 zamanda di\u011fer i\u015flevselle\u015ftirilmi\u015f ve farkl\u0131la\u015ft\u0131r\u0131lm\u0131\u015f \u00fcr\u00fcnleri de ihra\u00e7 ederek baz\u0131 toplu tat ve kokularda kendi rekabet avantajlar\u0131n\u0131n \u00e7ekirde\u011fini olu\u015fturmu\u015ftur. Bunlar g\u0131da, ila\u00e7, g\u00fcnl\u00fck kullan\u0131m ve di\u011fer tatland\u0131r\u0131c\u0131 \u00fcr\u00fcnlerde yayg\u0131n olarak kullan\u0131lmaktad\u0131r. Farkl\u0131 t\u00fcrde tat ve koku \u00fcr\u00fcnlerinin tedariki, \u00f6zelle\u015ftirilebilir \u00fcr\u00fcnler ve ambalajlarla bir araya getirilerek, farkl\u0131 kokular ve hizmetler i\u00e7in m\u00fc\u015fteri talebini kar\u015f\u0131layarak s\u00fcrekli olarak \u00fcr\u00fcn g\u00fcncellemeleri yap\u0131lmaktad\u0131r.<\/p>\t\t\t\t\t\t\t\t<\/div>\n\t\t\t\t<\/div>\n\t\t\t\t<\/div>\n\t\t<div data-particle_enable=\"false\" data-particle-mobile-disabled=\"false\" class=\"elementor-element elementor-element-a968a94 e-con-full e-flex e-con e-child\" data-id=\"a968a94\" data-element_type=\"container\" data-settings=\"{&quot;background_background&quot;:&quot;classic&quot;}\">\n\t\t\t\t<div class=\"elementor-element elementor-element-e2e3c88 exad-sticky-section-no exad-glass-effect-no elementor-widget elementor-widget-spacer\" data-id=\"e2e3c88\" data-element_type=\"widget\" data-widget_type=\"spacer.default\">\n\t\t\t\t<div class=\"elementor-widget-container\">\n\t\t\t\t\t\t\t<div class=\"elementor-spacer\">\n\t\t\t<div class=\"elementor-spacer-inner\"><\/div>\n\t\t<\/div>\n\t\t\t\t\t\t<\/div>\n\t\t\t\t<\/div>\n\t\t\t\t<\/div>\n\t\t\t\t\t<\/div>\n\t\t\t\t<\/div>\n\t\t\t\t<\/div>","protected":false},"excerpt":{"rendered":"<p>Aroma ve Koku B\u00f6l\u00fcm\u00fc WPA, mentol, vanilin, linalool, kumarin, maltol vb. gibi \u00e7e\u015fitli toptan aroma ve koku \u00fcr\u00fcnlerinin yan\u0131 s\u0131ra di\u011fer fonksiyonelle\u015ftirilmi\u015f ve farkl\u0131la\u015ft\u0131r\u0131lm\u0131\u015f \u00fcr\u00fcnleri de ihra\u00e7 ederek, baz\u0131 toptan aroma ve kokularda kendi rekabet avantajlar\u0131n\u0131n temelini olu\u015fturmu\u015ftur. Bunlar g\u0131da, ila\u00e7 ve g\u00fcnl\u00fck kullan\u0131mda yayg\u0131n olarak kullan\u0131lmaktad\u0131r [\u2026]<\/p>","protected":false},"author":3,"featured_media":0,"parent":0,"menu_order":0,"comment_status":"closed","ping_status":"closed","template":"","meta":{"_acf_changed":false,"_gspb_post_css":"","footnotes":""},"class_list":["post-5328","page","type-page","status-publish","hentry"],"blocksy_meta":[],"acf":[],"_links":{"self":[{"href":"https:\/\/wpachem.com\/tr\/wp-json\/wp\/v2\/pages\/5328","targetHints":{"allow":["GET"]}}],"collection":[{"href":"https:\/\/wpachem.com\/tr\/wp-json\/wp\/v2\/pages"}],"about":[{"href":"https:\/\/wpachem.com\/tr\/wp-json\/wp\/v2\/types\/page"}],"author":[{"embeddable":true,"href":"https:\/\/wpachem.com\/tr\/wp-json\/wp\/v2\/users\/3"}],"replies":[{"embeddable":true,"href":"https:\/\/wpachem.com\/tr\/wp-json\/wp\/v2\/comments?post=5328"}],"version-history":[{"count":0,"href":"https:\/\/wpachem.com\/tr\/wp-json\/wp\/v2\/pages\/5328\/revisions"}],"wp:attachment":[{"href":"https:\/\/wpachem.com\/tr\/wp-json\/wp\/v2\/media?parent=5328"}],"curies":[{"name":"wp","href":"https:\/\/api.w.org\/{rel}","templated":true}]}}