{"id":5336,"date":"2023-11-28T03:26:58","date_gmt":"2023-11-28T03:26:58","guid":{"rendered":"https:\/\/wpachem.com\/?page_id=5336"},"modified":"2023-11-28T03:28:09","modified_gmt":"2023-11-28T03:28:09","slug":"biomedical-division","status":"publish","type":"page","link":"https:\/\/wpachem.com\/tr\/biomedical-division\/","title":{"rendered":"Biyomedikal B\u00f6l\u00fcm\u00fc"},"content":{"rendered":"<div data-elementor-type=\"wp-page\" data-elementor-id=\"5336\" class=\"elementor elementor-5336\" data-elementor-post-type=\"page\">\n\t\t\t\t\t\t<section data-particle_enable=\"false\" data-particle-mobile-disabled=\"false\" data-exad-particle-enable=\"false\" class=\"elementor-section elementor-top-section elementor-element elementor-element-cc19bbb ct-section-stretched elementor-section-height-min-height elementor-section-boxed elementor-section-height-default elementor-section-items-middle exad-parallax-effect-no exad-background-color-change-no exad-glass-effect-no exad-sticky-section-no\" data-id=\"cc19bbb\" data-element_type=\"section\" data-settings=\"{&quot;background_background&quot;:&quot;classic&quot;,&quot;shape_divider_bottom&quot;:&quot;waves&quot;}\">\n\t\t\t\t\t<div class=\"elementor-shape elementor-shape-bottom\" aria-hidden=\"true\" data-negative=\"false\">\n\t\t\t<svg xmlns=\"http:\/\/www.w3.org\/2000\/svg\" viewbox=\"0 0 1000 100\" preserveaspectratio=\"none\">\n\t<path class=\"elementor-shape-fill\" d=\"M421.9,6.5c22.6-2.5,51.5,0.4,75.5,5.3c23.6,4.9,70.9,23.5,100.5,35.7c75.8,32.2,133.7,44.5,192.6,49.7\tc23.6,2.1,48.7,3.5,103.4-2.5c54.7-6,106.2-25.6,106.2-25.6V0H0v30.3c0,0,72,32.6,158.4,30.5c39.2-0.7,92.8-6.7,134-22.4\tc21.2-8.1,52.2-18.2,79.7-24.2C399.3,7.9,411.6,7.5,421.9,6.5z\"\/>\n<\/svg>\t\t<\/div>\n\t\t\t\t\t<div class=\"elementor-container elementor-column-gap-default\">\n\t\t\t\t\t<div class=\"elementor-column elementor-col-100 elementor-top-column elementor-element elementor-element-73299ca exad-glass-effect-no exad-sticky-section-no\" data-id=\"73299ca\" data-element_type=\"column\">\n\t\t\t<div class=\"elementor-widget-wrap elementor-element-populated\">\n\t\t\t\t\t\t<div class=\"elementor-element elementor-element-91e7225 exad-sticky-section-no exad-glass-effect-no elementor-widget elementor-widget-heading\" data-id=\"91e7225\" data-element_type=\"widget\" data-widget_type=\"heading.default\">\n\t\t\t\t<div class=\"elementor-widget-container\">\n\t\t\t\t\t<h1 class=\"elementor-heading-title elementor-size-default\">Biyomedikal B\u00f6l\u00fcm\u00fc<\/h1>\t\t\t\t<\/div>\n\t\t\t\t<\/div>\n\t\t\t\t\t<\/div>\n\t\t<\/div>\n\t\t\t\t\t<\/div>\n\t\t<\/section>\n\t\t<div data-particle_enable=\"false\" data-particle-mobile-disabled=\"false\" class=\"elementor-element elementor-element-55afabd e-flex e-con-boxed e-con e-parent\" data-id=\"55afabd\" data-element_type=\"container\" data-settings=\"{&quot;background_background&quot;:&quot;classic&quot;}\">\n\t\t\t\t\t<div class=\"e-con-inner\">\n\t\t<div data-particle_enable=\"false\" data-particle-mobile-disabled=\"false\" class=\"elementor-element elementor-element-bfcf478 e-con-full e-flex e-con e-child\" data-id=\"bfcf478\" data-element_type=\"container\">\n\t\t\t\t<div class=\"elementor-element elementor-element-bba6a6a exad-sticky-section-no exad-glass-effect-no elementor-widget elementor-widget-text-editor\" data-id=\"bba6a6a\" data-element_type=\"widget\" data-widget_type=\"text-editor.default\">\n\t\t\t\t<div class=\"elementor-widget-container\">\n\t\t\t\t\t\t\t\t\t<p>WPA, besin takviyesi ve k\u00fc\u00e7\u00fck \u00f6l\u00e7ekli \u00f6zelle\u015ftirilmi\u015f farmas\u00f6tik ara \u00fcr\u00fcnler i\u00e7in \u00fcretim hizmetleri sunabilir ve m\u00fc\u015fterilere k\u0131sa s\u00fcrede iyi hedeflenmi\u015f \u00fcr\u00fcnler sa\u011flayabilir. Teknoloji geli\u015ftirme, s\u00fcre\u00e7 optimizasyonu, kimyasal sentez teknolojisi ve hizmetleri konusunda uzmanla\u015f\u0131yoruz ve farmas\u00f6tik ara \u00fcr\u00fcnlere vitamin ara \u00fcr\u00fcnleri, sefalosporin ara \u00fcr\u00fcnleri, amino asit koruyucu serisi, kinolon ara \u00fcr\u00fcnleri ve di\u011fer ara \u00fcr\u00fcn t\u00fcrleri dahil olmak \u00fczere \u00e7ok \u00e7e\u015fitli \u00fcr\u00fcnler sa\u011flayabiliriz.<\/p>\t\t\t\t\t\t\t\t<\/div>\n\t\t\t\t<\/div>\n\t\t\t\t<\/div>\n\t\t<div data-particle_enable=\"false\" data-particle-mobile-disabled=\"false\" class=\"elementor-element elementor-element-2fc11e5 e-con-full e-flex e-con e-child\" data-id=\"2fc11e5\" data-element_type=\"container\" data-settings=\"{&quot;background_background&quot;:&quot;classic&quot;}\">\n\t\t\t\t<div class=\"elementor-element elementor-element-cc7560b exad-sticky-section-no exad-glass-effect-no elementor-widget elementor-widget-spacer\" data-id=\"cc7560b\" data-element_type=\"widget\" data-widget_type=\"spacer.default\">\n\t\t\t\t<div class=\"elementor-widget-container\">\n\t\t\t\t\t\t\t<div class=\"elementor-spacer\">\n\t\t\t<div class=\"elementor-spacer-inner\"><\/div>\n\t\t<\/div>\n\t\t\t\t\t\t<\/div>\n\t\t\t\t<\/div>\n\t\t\t\t<\/div>\n\t\t\t\t\t<\/div>\n\t\t\t\t<\/div>\n\t\t\t\t<\/div>","protected":false},"excerpt":{"rendered":"<p>Biyomedikal B\u00f6l\u00fcm\u00fc WPA, besin takviyesi ve k\u00fc\u00e7\u00fck \u00f6l\u00e7ekli \u00f6zelle\u015ftirilmi\u015f farmas\u00f6tik ara \u00fcr\u00fcnler i\u00e7in \u00fcretim hizmetleri sunarak, m\u00fc\u015fterilere k\u0131sa s\u00fcrede iyi hedeflenmi\u015f \u00fcr\u00fcnler sunabilir. Teknoloji geli\u015ftirme, proses optimizasyonu, kimyasal sentez teknolojisi ve hizmetleri konusunda uzmanla\u015f\u0131yoruz ve vitamin ara \u00fcr\u00fcnleri, sefalosporin ara \u00fcr\u00fcnleri, amino asitler ve amino asitler de dahil olmak \u00fczere geni\u015f bir \u00fcr\u00fcn yelpazesinde farmas\u00f6tik ara \u00fcr\u00fcnler sunabiliyoruz.<\/p>","protected":false},"author":3,"featured_media":0,"parent":0,"menu_order":0,"comment_status":"closed","ping_status":"closed","template":"","meta":{"_acf_changed":false,"_gspb_post_css":"","footnotes":""},"class_list":["post-5336","page","type-page","status-publish","hentry"],"blocksy_meta":[],"acf":[],"_links":{"self":[{"href":"https:\/\/wpachem.com\/tr\/wp-json\/wp\/v2\/pages\/5336","targetHints":{"allow":["GET"]}}],"collection":[{"href":"https:\/\/wpachem.com\/tr\/wp-json\/wp\/v2\/pages"}],"about":[{"href":"https:\/\/wpachem.com\/tr\/wp-json\/wp\/v2\/types\/page"}],"author":[{"embeddable":true,"href":"https:\/\/wpachem.com\/tr\/wp-json\/wp\/v2\/users\/3"}],"replies":[{"embeddable":true,"href":"https:\/\/wpachem.com\/tr\/wp-json\/wp\/v2\/comments?post=5336"}],"version-history":[{"count":0,"href":"https:\/\/wpachem.com\/tr\/wp-json\/wp\/v2\/pages\/5336\/revisions"}],"wp:attachment":[{"href":"https:\/\/wpachem.com\/tr\/wp-json\/wp\/v2\/media?parent=5336"}],"curies":[{"name":"wp","href":"https:\/\/api.w.org\/{rel}","templated":true}]}}