{"id":5412,"date":"2023-12-06T03:17:59","date_gmt":"2023-12-06T03:17:59","guid":{"rendered":"https:\/\/wpachem.com\/?page_id=5412"},"modified":"2023-12-06T03:28:09","modified_gmt":"2023-12-06T03:28:09","slug":"our-history","status":"publish","type":"page","link":"https:\/\/wpachem.com\/tr\/our-history\/","title":{"rendered":"Tarih\u00e7emiz"},"content":{"rendered":"<div data-elementor-type=\"wp-page\" data-elementor-id=\"5412\" class=\"elementor elementor-5412\" data-elementor-post-type=\"page\">\n\t\t\t\t\t\t<section data-particle_enable=\"false\" data-particle-mobile-disabled=\"false\" data-exad-particle-enable=\"false\" class=\"elementor-section elementor-top-section elementor-element elementor-element-f4cbdc4 ct-section-stretched elementor-section-height-min-height elementor-section-boxed elementor-section-height-default elementor-section-items-middle exad-parallax-effect-no exad-background-color-change-no exad-glass-effect-no exad-sticky-section-no\" data-id=\"f4cbdc4\" data-element_type=\"section\" data-settings=\"{&quot;background_background&quot;:&quot;classic&quot;,&quot;shape_divider_bottom&quot;:&quot;waves&quot;}\">\n\t\t\t\t\t<div class=\"elementor-shape elementor-shape-bottom\" aria-hidden=\"true\" data-negative=\"false\">\n\t\t\t<svg xmlns=\"http:\/\/www.w3.org\/2000\/svg\" viewbox=\"0 0 1000 100\" preserveaspectratio=\"none\">\n\t<path class=\"elementor-shape-fill\" d=\"M421.9,6.5c22.6-2.5,51.5,0.4,75.5,5.3c23.6,4.9,70.9,23.5,100.5,35.7c75.8,32.2,133.7,44.5,192.6,49.7\tc23.6,2.1,48.7,3.5,103.4-2.5c54.7-6,106.2-25.6,106.2-25.6V0H0v30.3c0,0,72,32.6,158.4,30.5c39.2-0.7,92.8-6.7,134-22.4\tc21.2-8.1,52.2-18.2,79.7-24.2C399.3,7.9,411.6,7.5,421.9,6.5z\"\/>\n<\/svg>\t\t<\/div>\n\t\t\t\t\t<div class=\"elementor-container elementor-column-gap-default\">\n\t\t\t\t\t<div class=\"elementor-column elementor-col-100 elementor-top-column elementor-element elementor-element-70d7ba5 exad-glass-effect-no exad-sticky-section-no\" data-id=\"70d7ba5\" data-element_type=\"column\">\n\t\t\t<div class=\"elementor-widget-wrap elementor-element-populated\">\n\t\t\t\t\t\t<div class=\"elementor-element elementor-element-3d1fdd7 exad-sticky-section-no exad-glass-effect-no elementor-widget elementor-widget-heading\" data-id=\"3d1fdd7\" data-element_type=\"widget\" data-widget_type=\"heading.default\">\n\t\t\t\t<div class=\"elementor-widget-container\">\n\t\t\t\t\t<h1 class=\"elementor-heading-title elementor-size-default\">Tarih\u00e7emiz<\/h1>\t\t\t\t<\/div>\n\t\t\t\t<\/div>\n\t\t\t\t\t<\/div>\n\t\t<\/div>\n\t\t\t\t\t<\/div>\n\t\t<\/section>\n\t\t<div data-particle_enable=\"false\" data-particle-mobile-disabled=\"false\" class=\"elementor-element elementor-element-46681fc e-flex e-con-boxed e-con e-parent\" data-id=\"46681fc\" data-element_type=\"container\">\n\t\t\t\t\t<div class=\"e-con-inner\">\n\t\t\t\t<div class=\"elementor-element elementor-element-992c388 exad-sticky-section-no exad-glass-effect-no elementor-widget elementor-widget-eael-content-timeline\" data-id=\"992c388\" data-element_type=\"widget\" data-widget_type=\"eael-content-timeline.default\">\n\t\t\t\t<div class=\"elementor-widget-container\">\n\t\t\t\t\t\t\t<div id=\"eael-content-timeline-992c388\" class=\"content-timeline-layout-right date-position-inside horizontal-timeline-wrapper\" data-slide_to_scroll=\"{&quot;desktop&quot;:1,&quot;mobile&quot;:1,&quot;tablet&quot;:1}\">\n\t\t\t<div class=\"eael-content-timeline-container\">\n\t\t\t\t<div class=\"eael-content-timeline-container\">\n\t\t\t\t\t\t\t\t\t\t\t\t\t\t\t\t\t\t\t\t\t\t\t<div class=\"eael-content-timeline-block\">\n    <div class=\"eael-content-timeline-line\">\n        <div class=\"eael-content-timeline-inner\"><\/div>\n    <\/div>\n    <div class=\"eael-content-timeline-img eael-picture\"><\/div><div class=\"eael-content-timeline-content\"><h2 class=\"eael-timeline-title\">Kurulu\u015f ge\u00e7mi\u015fi<\/h2><p>\u015eirketimizin kurucular\u0131 ve \u00e7ekirdek ekibi kimya sekt\u00f6r\u00fcnde 15 y\u0131l\u0131 a\u015fk\u0131n deneyime sahip olup, faaliyetlerimizi bu birikimle y\u00fcr\u00fctmekteyiz.<\/p><span class=\"eael-date\">Ba\u015flang\u0131\u00e7<\/span><\/div><\/div>\t\t\t\t\t\t\t\t\t\t\t\t\t\t\t\t\t\t<div class=\"eael-content-timeline-block\">\n    <div class=\"eael-content-timeline-line\">\n        <div class=\"eael-content-timeline-inner\"><\/div>\n    <\/div>\n    <div class=\"eael-content-timeline-img eael-picture\"><\/div><div class=\"eael-content-timeline-content\"><h2 class=\"eael-timeline-title\">Kurulmu\u015f<\/h2><p>\u015eirketin kurulu\u015f amac\u0131, esas olarak Rusya pazar\u0131na ihra\u00e7 edilen titanyum dioksittir.<\/p><span class=\"eael-date\">2017<\/span><\/div><\/div>\t\t\t\t\t\t\t\t\t\t\t\t\t\t\t\t\t\t<div class=\"eael-content-timeline-block\">\n    <div class=\"eael-content-timeline-line\">\n        <div class=\"eael-content-timeline-inner\"><\/div>\n    <\/div>\n    <div class=\"eael-content-timeline-img eael-picture\"><\/div><div class=\"eael-content-timeline-content\"><h2 class=\"eael-timeline-title\">\u00c7evrimi\u00e7i platformun lansman\u0131<\/h2><p>Alibaba uluslararas\u0131 istasyonu a\u00e7\u0131ld\u0131, Google ba\u011f\u0131ms\u0131z istasyon \u00e7evrimi\u00e7i operasyon platformu. Platform tan\u0131t\u0131m\u0131n\u0131 ve \u00e7evrimi\u00e7i operasyonunu ba\u015flatt\u0131.<\/p><span class=\"eael-date\">2019<\/span><\/div><\/div>\t\t\t\t\t\t\t\t\t\t\t\t\t\t\t\t\t\t<div class=\"eael-content-timeline-block\">\n    <div class=\"eael-content-timeline-line\">\n        <div class=\"eael-content-timeline-inner\"><\/div>\n    <\/div>\n    <div class=\"eael-content-timeline-img eael-picture\"><\/div><div class=\"eael-content-timeline-content\"><h2 class=\"eael-timeline-title\">Tedarik Zinciri Y\u00f6netim \u015eirketi kuruldu<\/h2><p>M\u00fc\u015fterilere Zhejiang NetSense Business, C&amp;D Group ve uluslararas\u0131 finansman faktoring \u015firketlerinin deste\u011fiyle \u00e7e\u015fitlendirilmi\u015f finansman faktoring i\u015fi sa\u011flamak i\u00e7in Shanghai Weican Supply Chain Management Co., Ltd.&#039;yi kurduk. Ayn\u0131 zamanda, \u00fcr\u00fcn tedarikine ek olarak k\u00fcresel m\u00fc\u015fterilere kap\u0131dan kap\u0131ya lojistik ve nakliye hizmetleri sa\u011flamak i\u00e7in kendi lojistik tedarik zinciri yeteneklerimizi geli\u015ftirmeye ve iyile\u015ftirmeye kararl\u0131y\u0131z.<\/p><span class=\"eael-date\">2020<\/span><\/div><\/div>\t\t\t\t\t\t\t\t\t\t\t\t\t\t\t\t\t\t<div class=\"eael-content-timeline-block\">\n    <div class=\"eael-content-timeline-line\">\n        <div class=\"eael-content-timeline-inner\"><\/div>\n    <\/div>\n    <div class=\"eael-content-timeline-img eael-picture\"><\/div><div class=\"eael-content-timeline-content\"><h2 class=\"eael-timeline-title\">K\u00fcresel Pazar Geni\u015flemesi<\/h2><p>K\u00fcresel pazar\u0131 aktif olarak geni\u015fletiyor ve toplamda 20&#039;den fazla \u00fclkeye ihracat yap\u0131yoruz.<\/p><span class=\"eael-date\">2022<\/span><\/div><\/div>\t\t\t\t\t\t\t\t\t\t\t\t\t\t\t\t\t\t<div class=\"eael-content-timeline-block\">\n    <div class=\"eael-content-timeline-line\">\n        <div class=\"eael-content-timeline-inner\"><\/div>\n    <\/div>\n    <div class=\"eael-content-timeline-img eael-picture\"><\/div><div class=\"eael-content-timeline-content\"><h2 class=\"eael-timeline-title\">Grup \u015firketi kuruldu<\/h2><p>&quot;Kimyasallar ve \u00e7okuluslu tedarik zinciri i\u00e7in tek elden al\u0131\u015fveri\u015f platformu&quot; yeni hedefiyle, bir \u015firketler grubu kuraca\u011f\u0131z ve yurtd\u0131\u015f\u0131 ofisleri, yurtd\u0131\u015f\u0131 ekipleri ve yurtd\u0131\u015f\u0131 depolar\u0131 kuraca\u011f\u0131z. Ayn\u0131 zamanda, pigmentler ve boyalar ile biyokimyasallara odaklanaca\u011f\u0131z. Pigmentler ve boyalar i\u015fletmesi, zengin \u00fcretim deneyimi, g\u00fc\u00e7l\u00fc \u00fcretim kapasitesi ve uzmanla\u015fm\u0131\u015f laboratuvarlar\u0131 arac\u0131l\u0131\u011f\u0131yla kendi markas\u0131n\u0131 yaratmak i\u00e7in bir Hint fabrikas\u0131 olan VOXCO ile ortakl\u0131k kurdu.<\/p><span class=\"eael-date\">2023<\/span><\/div><\/div>\t\t\t\t<\/div>\n\t\t\t<\/div>\n\t\t<\/div>\n\t\t\t\t\t<\/div>\n\t\t\t\t<\/div>\n\t\t\t\t\t<\/div>\n\t\t\t\t<\/div>\n\t\t\t\t<\/div>","protected":false},"excerpt":{"rendered":"<p>Tarih\u00e7emiz Kurulu\u015f Hikayesi \u015eirketin kurucular\u0131 ve \u00e7ekirdek ekibi kimya sekt\u00f6r\u00fcnde 15 y\u0131l\u0131 a\u015fk\u0131n deneyime sahiptir ve faaliyetlerimizi bu deneyimle y\u00fcr\u00fctmekteyiz. Ba\u015flang\u0131\u00e7 Kurulu\u015f \u015eirket, temel i\u015f \u00fcr\u00fcn\u00fc olarak titanyum dioksit ile kurulmu\u015f olup, a\u011f\u0131rl\u0131kl\u0131 olarak Rusya pazar\u0131na ihra\u00e7 edilmektedir. 2017 \u00c7evrimi\u00e7i platformun lansman\u0131 [\u2026]<\/p>","protected":false},"author":3,"featured_media":0,"parent":0,"menu_order":0,"comment_status":"closed","ping_status":"closed","template":"","meta":{"_acf_changed":false,"_gspb_post_css":"","footnotes":""},"class_list":["post-5412","page","type-page","status-publish","hentry"],"blocksy_meta":[],"acf":[],"_links":{"self":[{"href":"https:\/\/wpachem.com\/tr\/wp-json\/wp\/v2\/pages\/5412","targetHints":{"allow":["GET"]}}],"collection":[{"href":"https:\/\/wpachem.com\/tr\/wp-json\/wp\/v2\/pages"}],"about":[{"href":"https:\/\/wpachem.com\/tr\/wp-json\/wp\/v2\/types\/page"}],"author":[{"embeddable":true,"href":"https:\/\/wpachem.com\/tr\/wp-json\/wp\/v2\/users\/3"}],"replies":[{"embeddable":true,"href":"https:\/\/wpachem.com\/tr\/wp-json\/wp\/v2\/comments?post=5412"}],"version-history":[{"count":0,"href":"https:\/\/wpachem.com\/tr\/wp-json\/wp\/v2\/pages\/5412\/revisions"}],"wp:attachment":[{"href":"https:\/\/wpachem.com\/tr\/wp-json\/wp\/v2\/media?parent=5412"}],"curies":[{"name":"wp","href":"https:\/\/api.w.org\/{rel}","templated":true}]}}