{"id":5443,"date":"2023-12-07T05:41:44","date_gmt":"2023-12-07T05:41:44","guid":{"rendered":"https:\/\/wpachem.com\/?page_id=5443"},"modified":"2024-05-06T06:31:05","modified_gmt":"2024-05-06T06:31:05","slug":"brand-interpretation","status":"publish","type":"page","link":"https:\/\/wpachem.com\/tr\/brand-interpretation\/","title":{"rendered":"Marka Yorumlama"},"content":{"rendered":"<div data-elementor-type=\"wp-page\" data-elementor-id=\"5443\" class=\"elementor elementor-5443\" data-elementor-post-type=\"page\">\n\t\t\t\t\t\t<section data-particle_enable=\"false\" data-particle-mobile-disabled=\"false\" data-exad-particle-enable=\"false\" class=\"elementor-section elementor-top-section elementor-element elementor-element-c18aaff ct-section-stretched elementor-section-height-min-height elementor-section-boxed elementor-section-height-default elementor-section-items-middle exad-parallax-effect-no exad-background-color-change-no exad-glass-effect-no exad-sticky-section-no\" data-id=\"c18aaff\" data-element_type=\"section\" data-settings=\"{&quot;background_background&quot;:&quot;classic&quot;,&quot;shape_divider_bottom&quot;:&quot;waves&quot;}\">\n\t\t\t\t\t<div class=\"elementor-shape elementor-shape-bottom\" aria-hidden=\"true\" data-negative=\"false\">\n\t\t\t<svg xmlns=\"http:\/\/www.w3.org\/2000\/svg\" viewbox=\"0 0 1000 100\" preserveaspectratio=\"none\">\n\t<path class=\"elementor-shape-fill\" d=\"M421.9,6.5c22.6-2.5,51.5,0.4,75.5,5.3c23.6,4.9,70.9,23.5,100.5,35.7c75.8,32.2,133.7,44.5,192.6,49.7\tc23.6,2.1,48.7,3.5,103.4-2.5c54.7-6,106.2-25.6,106.2-25.6V0H0v30.3c0,0,72,32.6,158.4,30.5c39.2-0.7,92.8-6.7,134-22.4\tc21.2-8.1,52.2-18.2,79.7-24.2C399.3,7.9,411.6,7.5,421.9,6.5z\"\/>\n<\/svg>\t\t<\/div>\n\t\t\t\t\t<div class=\"elementor-container elementor-column-gap-default\">\n\t\t\t\t\t<div class=\"elementor-column elementor-col-100 elementor-top-column elementor-element elementor-element-41bebf2 exad-glass-effect-no exad-sticky-section-no\" data-id=\"41bebf2\" data-element_type=\"column\">\n\t\t\t<div class=\"elementor-widget-wrap elementor-element-populated\">\n\t\t\t\t\t\t<div class=\"elementor-element elementor-element-f4847ae exad-sticky-section-no exad-glass-effect-no elementor-widget elementor-widget-heading\" data-id=\"f4847ae\" data-element_type=\"widget\" data-widget_type=\"heading.default\">\n\t\t\t\t<div class=\"elementor-widget-container\">\n\t\t\t\t\t<h1 class=\"elementor-heading-title elementor-size-default\">Marka Yorumlama<\/h1>\t\t\t\t<\/div>\n\t\t\t\t<\/div>\n\t\t\t\t\t<\/div>\n\t\t<\/div>\n\t\t\t\t\t<\/div>\n\t\t<\/section>\n\t\t<div data-particle_enable=\"false\" data-particle-mobile-disabled=\"false\" class=\"elementor-element elementor-element-67dbfa2 e-flex e-con-boxed e-con e-parent\" data-id=\"67dbfa2\" data-element_type=\"container\">\n\t\t\t\t\t<div class=\"e-con-inner\">\n\t\t<div data-particle_enable=\"false\" data-particle-mobile-disabled=\"false\" class=\"elementor-element elementor-element-b96172b e-con-full e-flex e-con e-child\" data-id=\"b96172b\" data-element_type=\"container\">\n\t\t\t\t<div class=\"elementor-element elementor-element-fc46724 exad-sticky-section-no exad-glass-effect-no elementor-widget elementor-widget-heading\" data-id=\"fc46724\" data-element_type=\"widget\" data-widget_type=\"heading.default\">\n\t\t\t\t<div class=\"elementor-widget-container\">\n\t\t\t\t\t<h6 class=\"elementor-heading-title elementor-size-default\">Marka Yorumlama<\/h6>\t\t\t\t<\/div>\n\t\t\t\t<\/div>\n\t\t\t\t<div class=\"elementor-element elementor-element-9eb917b exad-sticky-section-no exad-glass-effect-no elementor-widget elementor-widget-heading\" data-id=\"9eb917b\" data-element_type=\"widget\" data-widget_type=\"heading.default\">\n\t\t\t\t<div class=\"elementor-widget-container\">\n\t\t\t\t\t<h2 class=\"elementor-heading-title elementor-size-default\">Logomuz felsefemizi ve de\u011ferlerimizi yans\u0131t\u0131yor<\/h2>\t\t\t\t<\/div>\n\t\t\t\t<\/div>\n\t\t\t\t<div class=\"elementor-element elementor-element-300d7f1 elementor-position-left elementor-view-default elementor-mobile-position-top exad-sticky-section-no exad-glass-effect-no elementor-widget elementor-widget-icon-box\" data-id=\"300d7f1\" data-element_type=\"widget\" data-widget_type=\"icon-box.default\">\n\t\t\t\t<div class=\"elementor-widget-container\">\n\t\t\t\t\t\t\t<div class=\"elementor-icon-box-wrapper\">\n\n\t\t\t\t\t\t<div class=\"elementor-icon-box-icon\">\n\t\t\t\t<span  class=\"elementor-icon\">\n\t\t\t\t<svg xmlns=\"http:\/\/www.w3.org\/2000\/svg\" xmlns:xlink=\"http:\/\/www.w3.org\/1999\/xlink\" class=\"icon\" viewbox=\"0 0 1024 1024\" width=\"200\" height=\"200\"><path d=\"M499.2 951.466667c-234.666667 0-426.666667-192-426.666667-426.666667 0-17.066667 0-38.4 4.266667-55.466667 4.266667-12.8 12.8-17.066667 25.6-17.066666 12.8 4.266667 17.066667 12.8 17.066667 25.6-4.266667 12.8-4.266667 29.866667-4.266667 46.933333 0 213.333333 170.666667 384 384 384s384-170.666667 384-384-170.666667-384-384-384c-25.6 0-46.933333 4.266667-72.533333 8.533333-12.8 0-21.333333-4.266667-25.6-17.066666 0-12.8 4.266667-21.333333 17.066666-25.6 25.6-4.266667 51.2-8.533333 81.066667-8.533334 234.666667 0 426.666667 192 426.666667 426.666667s-192 426.666667-426.666667 426.666667z\"><\/path><path d=\"M119.466667 418.133333h-8.533334c-8.533333-4.266667-17.066667-17.066667-12.8-29.866666 42.666667-119.466667 128-213.333333 238.933334-256 12.8-4.266667 21.333333 0 25.6 12.8 4.266667 12.8 0 21.333333-12.8 25.6C256 213.333333 174.933333 298.666667 140.8 405.333333c-4.266667 8.533333-12.8 12.8-21.333333 12.8z\"><\/path><path d=\"M605.866667 558.933333c-4.266667 0-12.8 0-17.066667-4.266666l-128-128c-8.533333-8.533333-8.533333-21.333333 0-29.866667s21.333333-8.533333 29.866667 0l128 128c8.533333 8.533333 8.533333 21.333333 0 29.866667 0 4.266667-8.533333 4.266667-12.8 4.266666z\"><\/path><path d=\"M473.6 691.2c-4.266667 0-12.8 0-17.066667-4.266667-8.533333-8.533333-8.533333-21.333333 0-29.866666l128-128c8.533333-8.533333 21.333333-8.533333 29.866667 0s8.533333 21.333333 0 29.866666l-128 128c0 4.266667-8.533333 4.266667-12.8 4.266667z\"><\/path><\/svg>\t\t\t\t<\/span>\n\t\t\t<\/div>\n\t\t\t\n\t\t\t\t\t\t<div class=\"elementor-icon-box-content\">\n\n\t\t\t\t\n\t\t\t\t\t\t\t\t\t<p class=\"elementor-icon-box-description\">\n\t\t\t\t\t\tBa\u015flang\u0131\u00e7taki ama\u00e7, \u015firketin i\u015flerinin g\u00fc\u00e7l\u00fc bir \u015fekilde geli\u015fmesini simgeleyen bitki \u00f6rt\u00fcs\u00fcn\u00fcn geli\u015fmesiydi.\n\t\t\t\t\t<\/p>\n\t\t\t\t\n\t\t\t<\/div>\n\t\t\t\n\t\t<\/div>\n\t\t\t\t\t\t<\/div>\n\t\t\t\t<\/div>\n\t\t\t\t<div class=\"elementor-element elementor-element-e6bc498 elementor-position-left elementor-view-default elementor-mobile-position-top exad-sticky-section-no exad-glass-effect-no elementor-widget elementor-widget-icon-box\" data-id=\"e6bc498\" data-element_type=\"widget\" data-widget_type=\"icon-box.default\">\n\t\t\t\t<div class=\"elementor-widget-container\">\n\t\t\t\t\t\t\t<div class=\"elementor-icon-box-wrapper\">\n\n\t\t\t\t\t\t<div class=\"elementor-icon-box-icon\">\n\t\t\t\t<span  class=\"elementor-icon\">\n\t\t\t\t<svg xmlns=\"http:\/\/www.w3.org\/2000\/svg\" xmlns:xlink=\"http:\/\/www.w3.org\/1999\/xlink\" class=\"icon\" viewbox=\"0 0 1024 1024\" width=\"200\" height=\"200\"><path d=\"M499.2 951.466667c-234.666667 0-426.666667-192-426.666667-426.666667 0-17.066667 0-38.4 4.266667-55.466667 4.266667-12.8 12.8-17.066667 25.6-17.066666 12.8 4.266667 17.066667 12.8 17.066667 25.6-4.266667 12.8-4.266667 29.866667-4.266667 46.933333 0 213.333333 170.666667 384 384 384s384-170.666667 384-384-170.666667-384-384-384c-25.6 0-46.933333 4.266667-72.533333 8.533333-12.8 0-21.333333-4.266667-25.6-17.066666 0-12.8 4.266667-21.333333 17.066666-25.6 25.6-4.266667 51.2-8.533333 81.066667-8.533334 234.666667 0 426.666667 192 426.666667 426.666667s-192 426.666667-426.666667 426.666667z\"><\/path><path d=\"M119.466667 418.133333h-8.533334c-8.533333-4.266667-17.066667-17.066667-12.8-29.866666 42.666667-119.466667 128-213.333333 238.933334-256 12.8-4.266667 21.333333 0 25.6 12.8 4.266667 12.8 0 21.333333-12.8 25.6C256 213.333333 174.933333 298.666667 140.8 405.333333c-4.266667 8.533333-12.8 12.8-21.333333 12.8z\"><\/path><path d=\"M605.866667 558.933333c-4.266667 0-12.8 0-17.066667-4.266666l-128-128c-8.533333-8.533333-8.533333-21.333333 0-29.866667s21.333333-8.533333 29.866667 0l128 128c8.533333 8.533333 8.533333 21.333333 0 29.866667 0 4.266667-8.533333 4.266667-12.8 4.266666z\"><\/path><path d=\"M473.6 691.2c-4.266667 0-12.8 0-17.066667-4.266667-8.533333-8.533333-8.533333-21.333333 0-29.866666l128-128c8.533333-8.533333 21.333333-8.533333 29.866667 0s8.533333 21.333333 0 29.866666l-128 128c0 4.266667-8.533333 4.266667-12.8 4.266667z\"><\/path><\/svg>\t\t\t\t<\/span>\n\t\t\t<\/div>\n\t\t\t\n\t\t\t\t\t\t<div class=\"elementor-icon-box-content\">\n\n\t\t\t\t\n\t\t\t\t\t\t\t\t\t<p class=\"elementor-icon-box-description\">\n\t\t\t\t\t\tLogoda yer alan organik benzen halkas\u0131 ve eliptik \u015fekil \u015firketin konumunu ifade ediyor: Biz, tek elden tedarik hizmetleri sunan uluslararas\u0131 bir kimyasal tedarik zinciri platformuyuz.\n\n\n\n\n\n\n\n\t\t\t\t\t<\/p>\n\t\t\t\t\n\t\t\t<\/div>\n\t\t\t\n\t\t<\/div>\n\t\t\t\t\t\t<\/div>\n\t\t\t\t<\/div>\n\t\t\t\t<div class=\"elementor-element elementor-element-4c80c6d elementor-position-left elementor-view-default elementor-mobile-position-top exad-sticky-section-no exad-glass-effect-no elementor-widget elementor-widget-icon-box\" data-id=\"4c80c6d\" data-element_type=\"widget\" data-widget_type=\"icon-box.default\">\n\t\t\t\t<div class=\"elementor-widget-container\">\n\t\t\t\t\t\t\t<div class=\"elementor-icon-box-wrapper\">\n\n\t\t\t\t\t\t<div class=\"elementor-icon-box-icon\">\n\t\t\t\t<span  class=\"elementor-icon\">\n\t\t\t\t<svg xmlns=\"http:\/\/www.w3.org\/2000\/svg\" xmlns:xlink=\"http:\/\/www.w3.org\/1999\/xlink\" class=\"icon\" viewbox=\"0 0 1024 1024\" width=\"200\" height=\"200\"><path d=\"M499.2 951.466667c-234.666667 0-426.666667-192-426.666667-426.666667 0-17.066667 0-38.4 4.266667-55.466667 4.266667-12.8 12.8-17.066667 25.6-17.066666 12.8 4.266667 17.066667 12.8 17.066667 25.6-4.266667 12.8-4.266667 29.866667-4.266667 46.933333 0 213.333333 170.666667 384 384 384s384-170.666667 384-384-170.666667-384-384-384c-25.6 0-46.933333 4.266667-72.533333 8.533333-12.8 0-21.333333-4.266667-25.6-17.066666 0-12.8 4.266667-21.333333 17.066666-25.6 25.6-4.266667 51.2-8.533333 81.066667-8.533334 234.666667 0 426.666667 192 426.666667 426.666667s-192 426.666667-426.666667 426.666667z\"><\/path><path d=\"M119.466667 418.133333h-8.533334c-8.533333-4.266667-17.066667-17.066667-12.8-29.866666 42.666667-119.466667 128-213.333333 238.933334-256 12.8-4.266667 21.333333 0 25.6 12.8 4.266667 12.8 0 21.333333-12.8 25.6C256 213.333333 174.933333 298.666667 140.8 405.333333c-4.266667 8.533333-12.8 12.8-21.333333 12.8z\"><\/path><path d=\"M605.866667 558.933333c-4.266667 0-12.8 0-17.066667-4.266666l-128-128c-8.533333-8.533333-8.533333-21.333333 0-29.866667s21.333333-8.533333 29.866667 0l128 128c8.533333 8.533333 8.533333 21.333333 0 29.866667 0 4.266667-8.533333 4.266667-12.8 4.266666z\"><\/path><path d=\"M473.6 691.2c-4.266667 0-12.8 0-17.066667-4.266667-8.533333-8.533333-8.533333-21.333333 0-29.866666l128-128c8.533333-8.533333 21.333333-8.533333 29.866667 0s8.533333 21.333333 0 29.866666l-128 128c0 4.266667-8.533333 4.266667-12.8 4.266667z\"><\/path><\/svg>\t\t\t\t<\/span>\n\t\t\t<\/div>\n\t\t\t\n\t\t\t\t\t\t<div class=\"elementor-icon-box-content\">\n\n\t\t\t\t\n\t\t\t\t\t\t\t\t\t<p class=\"elementor-icon-box-description\">\n\t\t\t\t\t\tLogoda yer alan degradeli renkli eliptik h\u00fccre \u015fekli, \u015firketin \u00f6nemli i\u015f birimlerinden biri olan biyoteknolojiyi simgeliyor.\n\n\n\n\n\n\n\n\n\t\t\t\t\t<\/p>\n\t\t\t\t\n\t\t\t<\/div>\n\t\t\t\n\t\t<\/div>\n\t\t\t\t\t\t<\/div>\n\t\t\t\t<\/div>\n\t\t\t\t<div class=\"elementor-element elementor-element-c6ea2f2 elementor-position-left elementor-view-default elementor-mobile-position-top exad-sticky-section-no exad-glass-effect-no elementor-widget elementor-widget-icon-box\" data-id=\"c6ea2f2\" data-element_type=\"widget\" data-widget_type=\"icon-box.default\">\n\t\t\t\t<div class=\"elementor-widget-container\">\n\t\t\t\t\t\t\t<div class=\"elementor-icon-box-wrapper\">\n\n\t\t\t\t\t\t<div class=\"elementor-icon-box-icon\">\n\t\t\t\t<span  class=\"elementor-icon\">\n\t\t\t\t<svg xmlns=\"http:\/\/www.w3.org\/2000\/svg\" xmlns:xlink=\"http:\/\/www.w3.org\/1999\/xlink\" class=\"icon\" viewbox=\"0 0 1024 1024\" width=\"200\" height=\"200\"><path d=\"M499.2 951.466667c-234.666667 0-426.666667-192-426.666667-426.666667 0-17.066667 0-38.4 4.266667-55.466667 4.266667-12.8 12.8-17.066667 25.6-17.066666 12.8 4.266667 17.066667 12.8 17.066667 25.6-4.266667 12.8-4.266667 29.866667-4.266667 46.933333 0 213.333333 170.666667 384 384 384s384-170.666667 384-384-170.666667-384-384-384c-25.6 0-46.933333 4.266667-72.533333 8.533333-12.8 0-21.333333-4.266667-25.6-17.066666 0-12.8 4.266667-21.333333 17.066666-25.6 25.6-4.266667 51.2-8.533333 81.066667-8.533334 234.666667 0 426.666667 192 426.666667 426.666667s-192 426.666667-426.666667 426.666667z\"><\/path><path d=\"M119.466667 418.133333h-8.533334c-8.533333-4.266667-17.066667-17.066667-12.8-29.866666 42.666667-119.466667 128-213.333333 238.933334-256 12.8-4.266667 21.333333 0 25.6 12.8 4.266667 12.8 0 21.333333-12.8 25.6C256 213.333333 174.933333 298.666667 140.8 405.333333c-4.266667 8.533333-12.8 12.8-21.333333 12.8z\"><\/path><path d=\"M605.866667 558.933333c-4.266667 0-12.8 0-17.066667-4.266666l-128-128c-8.533333-8.533333-8.533333-21.333333 0-29.866667s21.333333-8.533333 29.866667 0l128 128c8.533333 8.533333 8.533333 21.333333 0 29.866667 0 4.266667-8.533333 4.266667-12.8 4.266666z\"><\/path><path d=\"M473.6 691.2c-4.266667 0-12.8 0-17.066667-4.266667-8.533333-8.533333-8.533333-21.333333 0-29.866666l128-128c8.533333-8.533333 21.333333-8.533333 29.866667 0s8.533333 21.333333 0 29.866666l-128 128c0 4.266667-8.533333 4.266667-12.8 4.266667z\"><\/path><\/svg>\t\t\t\t<\/span>\n\t\t\t<\/div>\n\t\t\t\n\t\t\t\t\t\t<div class=\"elementor-icon-box-content\">\n\n\t\t\t\t\n\t\t\t\t\t\t\t\t\t<p class=\"elementor-icon-box-description\">\n\t\t\t\t\t\tK\u0131rm\u0131z\u0131, sar\u0131 ve mavi<b> &quot;WPA&quot; <\/b>\u015firketin temel faaliyet alan\u0131 olan pigmentleri sembolize ediyor.\n\n\n\n\n\n\n\n\n\n\t\t\t\t\t<\/p>\n\t\t\t\t\n\t\t\t<\/div>\n\t\t\t\n\t\t<\/div>\n\t\t\t\t\t\t<\/div>\n\t\t\t\t<\/div>\n\t\t\t\t<div class=\"elementor-element elementor-element-e3eb134 elementor-position-left elementor-view-default elementor-mobile-position-top exad-sticky-section-no exad-glass-effect-no elementor-widget elementor-widget-icon-box\" data-id=\"e3eb134\" data-element_type=\"widget\" data-widget_type=\"icon-box.default\">\n\t\t\t\t<div class=\"elementor-widget-container\">\n\t\t\t\t\t\t\t<div class=\"elementor-icon-box-wrapper\">\n\n\t\t\t\t\t\t<div class=\"elementor-icon-box-icon\">\n\t\t\t\t<span  class=\"elementor-icon\">\n\t\t\t\t<svg xmlns=\"http:\/\/www.w3.org\/2000\/svg\" xmlns:xlink=\"http:\/\/www.w3.org\/1999\/xlink\" class=\"icon\" viewbox=\"0 0 1024 1024\" width=\"200\" height=\"200\"><path d=\"M499.2 951.466667c-234.666667 0-426.666667-192-426.666667-426.666667 0-17.066667 0-38.4 4.266667-55.466667 4.266667-12.8 12.8-17.066667 25.6-17.066666 12.8 4.266667 17.066667 12.8 17.066667 25.6-4.266667 12.8-4.266667 29.866667-4.266667 46.933333 0 213.333333 170.666667 384 384 384s384-170.666667 384-384-170.666667-384-384-384c-25.6 0-46.933333 4.266667-72.533333 8.533333-12.8 0-21.333333-4.266667-25.6-17.066666 0-12.8 4.266667-21.333333 17.066666-25.6 25.6-4.266667 51.2-8.533333 81.066667-8.533334 234.666667 0 426.666667 192 426.666667 426.666667s-192 426.666667-426.666667 426.666667z\"><\/path><path d=\"M119.466667 418.133333h-8.533334c-8.533333-4.266667-17.066667-17.066667-12.8-29.866666 42.666667-119.466667 128-213.333333 238.933334-256 12.8-4.266667 21.333333 0 25.6 12.8 4.266667 12.8 0 21.333333-12.8 25.6C256 213.333333 174.933333 298.666667 140.8 405.333333c-4.266667 8.533333-12.8 12.8-21.333333 12.8z\"><\/path><path d=\"M605.866667 558.933333c-4.266667 0-12.8 0-17.066667-4.266666l-128-128c-8.533333-8.533333-8.533333-21.333333 0-29.866667s21.333333-8.533333 29.866667 0l128 128c8.533333 8.533333 8.533333 21.333333 0 29.866667 0 4.266667-8.533333 4.266667-12.8 4.266666z\"><\/path><path d=\"M473.6 691.2c-4.266667 0-12.8 0-17.066667-4.266667-8.533333-8.533333-8.533333-21.333333 0-29.866666l128-128c8.533333-8.533333 21.333333-8.533333 29.866667 0s8.533333 21.333333 0 29.866666l-128 128c0 4.266667-8.533333 4.266667-12.8 4.266667z\"><\/path><\/svg>\t\t\t\t<\/span>\n\t\t\t<\/div>\n\t\t\t\n\t\t\t\t\t\t<div class=\"elementor-icon-box-content\">\n\n\t\t\t\t\n\t\t\t\t\t\t\t\t\t<p class=\"elementor-icon-box-description\">\n\t\t\t\t\t\t<b>&quot;WPA&quot;<\/b> &quot;Kimyasallara Katma De\u011fer Sa\u011fl\u0131yoruz&quot; anlam\u0131na gelen bu terim ayn\u0131 zamanda \u015firketin geli\u015fim felsefesini ve temel de\u011ferlerini de temsil etmektedir.\n\n\n\n\n\n\n\n\n\n\n\n\n\n\n\n\t\t\t\t\t<\/p>\n\t\t\t\t\n\t\t\t<\/div>\n\t\t\t\n\t\t<\/div>\n\t\t\t\t\t\t<\/div>\n\t\t\t\t<\/div>\n\t\t\t\t<\/div>\n\t\t<div data-particle_enable=\"false\" data-particle-mobile-disabled=\"false\" class=\"elementor-element elementor-element-1efcfb6 e-con-full e-flex e-con e-child\" data-id=\"1efcfb6\" data-element_type=\"container\" data-settings=\"{&quot;background_background&quot;:&quot;classic&quot;}\">\n\t\t\t\t<div class=\"elementor-element elementor-element-f486591 exad-sticky-section-no exad-glass-effect-no elementor-widget elementor-widget-theme-site-logo elementor-widget-image\" data-id=\"f486591\" data-element_type=\"widget\" data-widget_type=\"theme-site-logo.default\">\n\t\t\t\t<div class=\"elementor-widget-container\">\n\t\t\t\t\t\t\t\t\t\t\t<a href=\"https:\/\/wpachem.com\/tr\">\n\t\t\t<img fetchpriority=\"high\" decoding=\"async\" width=\"1770\" height=\"468\" src=\"https:\/\/wpachem.com\/wp-content\/uploads\/2025\/06\/wwpa-chem.png\" class=\"attachment-full size-full wp-image-8084\" alt=\"\" srcset=\"https:\/\/wpachem.com\/wp-content\/uploads\/2025\/06\/wwpa-chem.png 1770w, https:\/\/wpachem.com\/wp-content\/uploads\/2025\/06\/wwpa-chem-300x79.png 300w, https:\/\/wpachem.com\/wp-content\/uploads\/2025\/06\/wwpa-chem-1024x271.png 1024w, https:\/\/wpachem.com\/wp-content\/uploads\/2025\/06\/wwpa-chem-768x203.png 768w, https:\/\/wpachem.com\/wp-content\/uploads\/2025\/06\/wwpa-chem-1536x406.png 1536w, https:\/\/wpachem.com\/wp-content\/uploads\/2025\/06\/wwpa-chem-18x5.png 18w, https:\/\/wpachem.com\/wp-content\/uploads\/2025\/06\/wwpa-chem-600x159.png 600w\" sizes=\"(max-width: 1770px) 100vw, 1770px\" \/>\t\t\t\t<\/a>\n\t\t\t\t\t\t\t\t\t\t\t<\/div>\n\t\t\t\t<\/div>\n\t\t\t\t<\/div>\n\t\t\t\t\t<\/div>\n\t\t\t\t<\/div>\n\t\t\t\t<\/div>","protected":false},"excerpt":{"rendered":"<p>Marka Yorumu Marka Yorumu Logo, felsefemizi ve de\u011ferlerimizi temsil ediyor Orijinal ama\u00e7, \u015firketin i\u015finin g\u00fc\u00e7l\u00fc geli\u015fimini simgeleyen bitki \u00f6rt\u00fcs\u00fcn\u00fcn geli\u015fmesidir. Logodaki organik benzen halkas\u0131 ve eliptik \u015fekil, \u015firketin konumunu ifade eder: Biz, tek elden tedarik hizmetleri sa\u011flayan uluslararas\u0131 bir kimyasal tedarik zinciri platformuyuz. Degrade renkli [\u2026]<\/p>","protected":false},"author":3,"featured_media":0,"parent":0,"menu_order":0,"comment_status":"closed","ping_status":"closed","template":"","meta":{"_acf_changed":false,"_gspb_post_css":"","footnotes":""},"class_list":["post-5443","page","type-page","status-publish","hentry"],"blocksy_meta":[],"acf":[],"_links":{"self":[{"href":"https:\/\/wpachem.com\/tr\/wp-json\/wp\/v2\/pages\/5443","targetHints":{"allow":["GET"]}}],"collection":[{"href":"https:\/\/wpachem.com\/tr\/wp-json\/wp\/v2\/pages"}],"about":[{"href":"https:\/\/wpachem.com\/tr\/wp-json\/wp\/v2\/types\/page"}],"author":[{"embeddable":true,"href":"https:\/\/wpachem.com\/tr\/wp-json\/wp\/v2\/users\/3"}],"replies":[{"embeddable":true,"href":"https:\/\/wpachem.com\/tr\/wp-json\/wp\/v2\/comments?post=5443"}],"version-history":[{"count":0,"href":"https:\/\/wpachem.com\/tr\/wp-json\/wp\/v2\/pages\/5443\/revisions"}],"wp:attachment":[{"href":"https:\/\/wpachem.com\/tr\/wp-json\/wp\/v2\/media?parent=5443"}],"curies":[{"name":"wp","href":"https:\/\/api.w.org\/{rel}","templated":true}]}}