{"id":7723,"date":"2024-04-09T05:52:21","date_gmt":"2024-04-09T05:52:21","guid":{"rendered":"https:\/\/wpachem.com\/?page_id=7723"},"modified":"2024-04-09T06:02:48","modified_gmt":"2024-04-09T06:02:48","slug":"privacy-policy","status":"publish","type":"page","link":"https:\/\/wpachem.com\/tr\/privacy-policy\/","title":{"rendered":"Gizlilik Politikas\u0131"},"content":{"rendered":"<h2 class=\"wp-block-heading\" id=\"privacy-policy\"><h1 class=\"special_font\" style=\"margin-right: 0px; margin-bottom: 40px; margin-left: 0px; padding: 0px; box-sizing: border-box; font-family: HelveticaNeueLTPro-BdCn; font-size: 25.21px; text-align: center; color: rgb(51, 51, 51); font-style: normal; letter-spacing: normal; text-transform: none; white-space-collapse: collapse; text-decoration-thickness: initial; text-decoration-style: initial; text-decoration-color: initial;\">G\u0130ZL\u0130L\u0130K POL\u0130T\u0130KASI<\/h1><\/h2>\n\n\n\n<p>Bu Gizlilik Politikas\u0131 03 Ekim 2023 tarihi itibar\u0131yla y\u00fcr\u00fcrl\u00fc\u011fe girmi\u015ftir.<\/p>\n\n\n\n<p><em>31 A\u011fustos 2023 tarihli Gizlilik Politikam\u0131z\u0131, wpachemicals.com&#039;daki \u00e7erez tercihleri alt bilgimizde kulland\u0131\u011f\u0131m\u0131z etiketlemeyi g\u00fcncellemek ve uluslararas\u0131 veri aktar\u0131m mekanizmalar\u0131na ili\u015fkin \u00f6nceki g\u00fcncellememizi a\u00e7\u0131kl\u0131\u011fa kavu\u015fturmak amac\u0131yla g\u00fcncelledik.<\/em><br><\/p>\n\n\n\n<hr class=\"wp-block-separator has-alpha-channel-opacity\"\/>\n\n\n\n<p>wpachemicals.com&#039;u ziyaret etmeye ho\u015f geldiniz! Bu Gizlilik Politikas\u0131 ile ziyaret\u00e7ilerin gizlili\u011fini korumay\u0131 taahh\u00fct ediyoruz. A\u015fa\u011f\u0131daki kelimeler, bizim (wpachemicals.com) bilgi kullanma ve toplama durumuyla ilgilidir. Gizlilik Politikam\u0131z gerekti\u011finde g\u00fcncellenmektedir. Bu politikay\u0131 istedi\u011finiz zaman incelemenizi ve de\u011ferli yorumlar\u0131n\u0131z\u0131 info@wpachem.com adresine yan\u0131tlaman\u0131z\u0131 bekliyoruz.<\/p>\n\n\n\n<p>wpachemicals&#039;\u0131n Kullan\u0131m \u015eartlar\u0131n\u0131 kabul etti\u011finizde, ki\u015fisel verileri bu Gizlilik Politikas\u0131na g\u00f6re kullanmam\u0131z\u0131 ve if\u015fa etmemizi zaten kabul etmi\u015f olursunuz. Bu Gizlilik Politikas\u0131n\u0131n t\u00fcm \u015eartlar\u0131, Kullan\u0131m \u015eartlar\u0131n\u0131n bir par\u00e7as\u0131d\u0131r.<\/p>\n\n\n\n<p>K\u00dc\u00c7\u00dcKLER<\/p>\n\n\n\n<p>wpachemicals ve i\u00e7erikleri k\u00fc\u00e7\u00fck ya\u015ftakilere (18 ya\u015f alt\u0131) y\u00f6nelik de\u011fildir ve \u00fcr\u00fcnlerimizin veya hizmetlerimizin hi\u00e7birini k\u00fc\u00e7\u00fck ya\u015ftakilere satmay\u0131 ama\u00e7lam\u0131yoruz, bu nedenle 18 ya\u015f\u0131n alt\u0131ndaysan\u0131z bize herhangi bir ki\u015fisel veri sa\u011flamaman\u0131z\u0131 rica ediyoruz. K\u00fc\u00e7\u00fck ya\u015ftakiler hizmetimizi yaln\u0131zca ebeveyn veya veli onay\u0131yla kullanabilir.<\/p>\n\n\n\n<p>G\u00dcVENL\u0130K \u00d6NLEMLER\u0130<\/p>\n\n\n\n<p>wpachemicals&#039;a kay\u0131tl\u0131 kullan\u0131c\u0131lar i\u00e7in Kay\u0131t Bilgileriniz ve Hesap Bilgileriniz (varsa) parola ile korunan hesab\u0131n\u0131z \u00fczerinden g\u00f6r\u00fcnt\u00fclenebilir ve d\u00fczenlenebilir.<\/p>\n\n\n\n<p>Sitelere yetkisiz eri\u015fimi engellemek, veri do\u011frulu\u011funu korumak ve elimizde bulunan bilgilerin do\u011fru kullan\u0131m\u0131n\u0131 sa\u011flamak i\u00e7in ticari a\u00e7\u0131dan makul g\u00fcvenlik y\u00f6ntemleri kullan\u0131yoruz.<\/p>\n\n\n\n<p>\u015eifrenizi kimseye if\u015fa etmemenizi \u00f6neririz. Personelimiz sizden asla istenmeyen bir telefon g\u00f6r\u00fc\u015fmesinde veya istenmeyen bir e-postada \u015fifrenizi istemeyecektir. \u015eifrenizi yaln\u0131zca hesab\u0131n\u0131z\u0131 kullanmak i\u00e7in kullanabilirsiniz. Ki\u015fisel bilgilerinizi if\u015fa ederseniz baz\u0131 sorunlarla kar\u015f\u0131la\u015fabilirsiniz, bu nedenle l\u00fctfen hesab\u0131n\u0131z\u0131 ve \u015fifrenizi g\u00fcvenli hale getirmenizi rica ediyoruz. \u015eifrenizin g\u00fcvenli\u011fiyle ilgili herhangi bir neden varsa l\u00fctfen en k\u0131sa s\u00fcrede info@wpachem.com adresinden bizimle ileti\u015fime ge\u00e7in.<\/p>\n\n\n\n<p>KAYIT B\u0130LG\u0130LER\u0130<\/p>\n\n\n\n<p>Aram\u0131za kat\u0131lmak istedi\u011finizde Kay\u0131t Formunu doldurman\u0131z\u0131 rica ediyoruz. Ger\u00e7ek ad\u0131n\u0131z\u0131, adresinizi, \u00fclkenizi, telefon numaran\u0131z\u0131, e-postan\u0131z\u0131 vb. vermeniz istenmektedir. Ayr\u0131ca \u015firketinizin ad\u0131n\u0131 ve adresini, telefon numaran\u0131z\u0131, \u015firketinizin hizmetini ve \u00fcr\u00fcn\u00fcn\u00fc k\u0131saca vb. vermeniz de istenmektedir. Ayr\u0131ca ek bilgileri doldurmay\u0131 se\u00e7me hakk\u0131n\u0131z da bulunmaktad\u0131r. Bu istatistikleri \u00fcyelerimize sekt\u00f6rler, \u00fcr\u00fcnler gibi s\u0131n\u0131fland\u0131rmalar vermek i\u00e7in kullanaca\u011f\u0131z, b\u00f6ylece \u00fcyelerimize yeni hizmetler ve f\u0131rsatlar sunmay\u0131 hedefleyece\u011fiz. E-posta adresinizle sizi yeni hizmetler ve f\u0131rsatlar hakk\u0131nda bilgilendirece\u011fiz.<\/p>\n\n\n\n<p>\u0130\u015eLEM DAVRANI\u015eINIZ<\/p>\n\n\n\n<p>Platformumuzdaki kullan\u0131c\u0131lar\u0131n sat\u0131n alma ve tarama faaliyetlerinin kay\u0131tlar\u0131n\u0131, IP adresleri, tarama kal\u0131plar\u0131 ve al\u0131c\u0131 davran\u0131\u015f kal\u0131plar\u0131 dahil ancak bunlarla s\u0131n\u0131rl\u0131 olmamak \u00fczere kaydeder ve saklar\u0131z. Ayr\u0131ca, IP adresleri, taray\u0131c\u0131 yaz\u0131l\u0131m\u0131, i\u015fletim sistemi, yaz\u0131l\u0131m ve donan\u0131m \u00f6zellikleri, g\u00f6r\u00fcnt\u00fclenen sayfalar, oturum say\u0131s\u0131 ve benzersiz ziyaret\u00e7iler dahil ancak bunlarla s\u0131n\u0131rl\u0131 olmamak \u00fczere Siteler ve Sitelere gelen ziyaret\u00e7iler hakk\u0131nda istatistiksel bilgiler toplar\u0131z (birlikte &quot;Tarama Bilgileri&quot;).<\/p>\n\n\n\n<p>\u00dcyelerimize \u00f6nerilen \u00fcr\u00fcnleri ve hizmeti sunmak i\u00e7in, \u00dcyelerimizi i\u015flemlerden elde edilen istatistik verilerine g\u00f6re s\u0131n\u0131fland\u0131r\u0131r\u0131z. Bu yeni \u00fcr\u00fcnleri ve f\u0131rsatlar\u0131 size e-posta yoluyla bildiririz.<\/p>\n\n\n\n<p>OTOMAT\u0130K VER\u0130 TOPLAMA<\/p>\n\n\n\n<p>Wpachemicals&#039;\u0131n taray\u0131c\u0131n\u0131zdan ve bilgisayar\u0131n\u0131zdan otomatik olarak veri almas\u0131 ve kaydetmesi m\u00fcmk\u00fcnd\u00fcr; buna IP Adresiniz, \u00e7erez bilgileriniz, yaz\u0131l\u0131m ve donan\u0131m \u00f6zellikleriniz ve ihtiya\u00e7lar\u0131n\u0131z do\u011frultusunda web kay\u0131tlar\u0131 dahildir.<\/p>\n\n\n\n<p>\u00c7EREZLER HAKKINDA<\/p>\n\n\n\n<p>\u00c7erezler, kabul etmeyi reddetmezseniz taray\u0131c\u0131n\u0131za g\u00f6nderilecek ve bilgisayar\u0131n\u0131z\u0131n donan\u0131m\u0131nda saklanacak birka\u00e7 veridir. Web sitemizi ziyaret etti\u011finiz ilgili verileri depolamak i\u00e7in \u00e7erezleri kullan\u0131r\u0131z. Web sitemizi ziyaret etti\u011finizde, kimli\u011finizi tan\u0131mam\u0131za ve analiz verilerine g\u00f6re size daha iyi ve daha fazla hizmet sunmam\u0131za yard\u0131mc\u0131 olur.<\/p>\n\n\n\n<p>\u00c7erezleri kabul etmeyi veya reddetmeyi se\u00e7me hakk\u0131n\u0131z vard\u0131r. Taray\u0131c\u0131 ayarlar\u0131n\u0131z\u0131 de\u011fi\u015ftirerek \u00e7erezleri reddedebilirsiniz, ancak \u00e7erezleri reddetmeniz nedeniyle web sitemizdeki i\u015flevlerin baz\u0131 k\u0131s\u0131mlar\u0131n\u0131 kullanamayabilece\u011finizi l\u00fctfen hat\u0131rlat\u0131r\u0131z.<\/p>\n\n\n\n<p>B\u0130LG\u0130LER\u0130N YAYIMLANMASI VE KULLANIMI<\/p>\n\n\n\n<p>\u00dcyelerimizin Ki\u015fisel Bilgilerini sa\u011flamaz, satmaz, kiralamaz, payla\u015fmaz veya takas etmeyiz. Her neyse, wpachemicals hizmetlerini ve wpachemicals ile ili\u015fkili \u015firket\/kurulu\u015flar\u0131n hizmetlerini (di\u011fer hizmetler i\u00e7in k\u0131saltma) kullan\u0131m\u0131n\u0131z\u0131n kolayl\u0131\u011f\u0131 i\u00e7in, wpachemicals&#039;\u0131n ki\u015fisel bilgilerinizi hem size hem de di\u011fer hizmet taraflar\u0131na aktarmas\u0131n\u0131 kabul ediyor ve yetkilendiriyorsunuz veya wpachemicals&#039;\u0131n ki\u015fisel bilgilerinizi di\u011fer hizmet taraflar\u0131ndan almas\u0131n\u0131 kabul ediyorsunuz.<\/p>\n\n\n\n<p>\u015eirketinizin kimli\u011fi ve i\u015flem verileri i\u00e7in kapsaml\u0131 bir istatistik olu\u015fturaca\u011f\u0131z ve makul sat\u0131n alma ve wpachemicals takdirine g\u00f6re kullan\u0131mla baz\u0131 reklamverenlere sa\u011flayabiliriz. Ancak bu durumda \u00fcyelerin ki\u015fisel kimli\u011fini tan\u0131yabilecek hi\u00e7bir bilgiyi yay\u0131nlamayaca\u011f\u0131z, ancak \u00fcyelerin kullan\u0131c\u0131 ad\u0131 veya a\u00e7\u0131klanan di\u011fer bilgilerle s\u0131n\u0131rl\u0131 de\u011fildir.<\/p>\n\n\n\n<p>Kimli\u011finizi belirlemek ve (veya) do\u011frulamak, anla\u015fmazl\u0131klar\u0131 \u00e7\u00f6zmek, web sitesinin g\u00fcvenli\u011fini sa\u011flamak, sitenin g\u00fcvenli olmas\u0131n\u0131 sa\u011flamaya yard\u0131mc\u0131 olmak, doland\u0131r\u0131c\u0131l\u0131\u011f\u0131, yasad\u0131\u015f\u0131 veya di\u011fer su\u00e7 faaliyetlerini k\u0131s\u0131tlamak ve hizmet s\u00f6zle\u015fmelerimizi uygulamak amac\u0131yla ki\u015fisel bilgilerinizi yay\u0131nlayabilece\u011fimizi veya kullanabilece\u011fimizi kabul edersiniz.<\/p>\n\n\n\n<p>Ki\u015fisel bilgilerinizin, hayat\u0131n\u0131z\u0131, mal\u0131n\u0131z\u0131 korumak veya ba\u015fkalar\u0131n\u0131n me\u015fru hak ve \u00e7\u0131karlar\u0131na veya kamu yarar\u0131 ihtiyac\u0131na y\u00f6nelik ciddi zararlar\u0131 \u00f6nlemek i\u00e7in kullanabilece\u011fimizi kabul edersiniz.<\/p>\n\n\n\n<p>Hizmetlerimizi iyile\u015ftirmek ve gereksinimlerinize daha uygun hale getirmek i\u00e7in ki\u015fisel bilgilerinizi kullanabilece\u011fimizi kabul edersiniz. Bu, size bizden daha iyi hizmet alman\u0131z\u0131 sa\u011flayacakt\u0131r.<\/p>\n\n\n\n<p>Web sitemizde i\u015f f\u0131rsatlar\u0131 ve teklifleri duyurulmu\u015f olup, kullan\u0131c\u0131lar bu teklifleri ve i\u015f f\u0131rsatlar\u0131n\u0131 inceleyebilirler.<\/p>\n\n\n\n<p>Kanun, h\u00fck\u00fcmet veya ilgili ki\u015filer taraf\u0131ndan, ki\u015filerin bilgilerinizi sa\u011flama talebinin ihlal edildi\u011fi iddialar\u0131n\u0131 tespit etmeye zorland\u0131\u011f\u0131m\u0131zda, bilgilerinizi if\u015fa etmek konusunda iyi niyetli olaca\u011f\u0131z.<\/p>\n\n\n\n<p>B\u0130LG\u0130LER\u0130N DEPOLANMASI VE DE\u011e\u0130\u015e\u0130M\u0130<\/p>\n\n\n\n<p>Toplanan kullan\u0131c\u0131 bilgileri ve verileri wpachemicals ve\/veya Sunucusunda saklanacakt\u0131r.<\/p>\n\n\n\n<p>HAR\u0130C\u0130 BA\u011eLANTI<\/p>\n\n\n\n<p>Sitemiz di\u011fer ba\u011flant\u0131lar\u0131 da i\u00e7ermektedir. wpachemicals bu ba\u011flant\u0131lar\u0131n gizlili\u011finden sorumlu de\u011fildir. \u0130\u015f ortaklar\u0131m\u0131z\u0131n veya payla\u015f\u0131lan markalar\u0131n web sitelerinin miktar\u0131n\u0131 her an art\u0131rabiliriz.<\/p>\n\n\n\n<p>EMN\u0130YET<\/p>\n\n\n\n<p>Web sitemiz, verilerimizin kaybolmamas\u0131n\u0131, k\u00f6t\u00fcye kullan\u0131lmamas\u0131n\u0131 ve de\u011fi\u015ftirilmemesini sa\u011flamak i\u00e7in uygun g\u00fcvenlik \u00f6nlemlerine sahiptir. Bu g\u00fcvenlik \u00f6nlemleri, di\u011fer sunuculara yedekleme verilerini ve kullan\u0131c\u0131 parola \u015fifrelemesini i\u00e7erir. Bu g\u00fcvenlik \u00f6nlemlerine sahip olmam\u0131za ra\u011fmen, l\u00fctfen internette &quot;m\u00fckemmel g\u00fcvenlik \u00f6nlemleri&quot; olmad\u0131\u011f\u0131n\u0131 unutmay\u0131n.<\/p>\n\n\n\n<p>VER\u0130LER\u0130N\u0130Z\u0130 DE\u011e\u0130\u015eT\u0130R\u0130N<\/p>\n\n\n\n<p>Ki\u015fisel bilgilerinizi ve \u015fifrenizi www.wpachemicals.com adresindeki \u201cS\u0130PAR\u0130\u015eLER\u0130M\u201d b\u00f6l\u00fcm\u00fcnden de\u011fi\u015ftirebilir veya g\u00fcncelleyebilirsiniz.<br>\u0130stedi\u011finiz zaman service@wpachem.com e-posta adresi arac\u0131l\u0131\u011f\u0131yla bize ula\u015farak ki\u015fisel bilgilerinize eri\u015fme, bunlar\u0131 d\u00fczeltme, g\u00fcncelleme veya silinmesini talep etme hakk\u0131n\u0131z\u0131 kullanabilirsiniz.<\/p>\n\n\n\n<p>B\u0130ZE ULA\u015eIN<\/p>\n\n\n\n<p>Bu gizlilik politikas\u0131 veya wpachemicals gizlilik koruma \u00f6nlemleri hakk\u0131nda herhangi bir yorumunuz ve \u00f6neriniz varsa veya web sitemizi kullan\u0131rken sorular\u0131n\u0131z varsa l\u00fctfen bizimle ileti\u015fime ge\u00e7in: info@wpachem.com<\/p>\n\n\n\n<p>\u0130\u00e7erikteki de\u011fi\u015fiklikler size daha fazla bildirimde bulunulmas\u0131na neden olmaz.<\/p>\n\n\n\n<p>Bu Gizlilik Politikas\u0131n\u0131n nihai yorumlama yetkisi wpachemicals.com&#039;a aittir.<\/p>","protected":false},"excerpt":{"rendered":"<p>G\u0130ZL\u0130L\u0130K POL\u0130T\u0130KASI Bu Gizlilik Politikas\u0131 03 Ekim 2023 tarihi itibar\u0131yla y\u00fcr\u00fcrl\u00fc\u011fe girmi\u015ftir. 31 A\u011fustos 2023 tarihli Gizlilik Politikam\u0131z\u0131 wpachemicals.com&#039;daki \u00e7erez tercihleri alt bilgimizde kulland\u0131\u011f\u0131m\u0131z etiketlemeyi g\u00fcncellemek ve uluslararas\u0131 veri aktar\u0131m mekanizmalar\u0131na ili\u015fkin \u00f6nceki g\u00fcncellememizi a\u00e7\u0131klamak i\u00e7in g\u00fcncelledik. wpachemicals.com&#039;u ziyaret etmeye ho\u015f geldiniz! Ziyaret\u00e7ilerin gizlili\u011fini korumay\u0131 taahh\u00fct ediyoruz [\u2026]<\/p>","protected":false},"author":1,"featured_media":0,"parent":0,"menu_order":0,"comment_status":"closed","ping_status":"closed","template":"elementor_theme","meta":{"_acf_changed":false,"_gspb_post_css":"","footnotes":""},"class_list":["post-7723","page","type-page","status-publish","hentry"],"blocksy_meta":[],"acf":[],"_links":{"self":[{"href":"https:\/\/wpachem.com\/tr\/wp-json\/wp\/v2\/pages\/7723","targetHints":{"allow":["GET"]}}],"collection":[{"href":"https:\/\/wpachem.com\/tr\/wp-json\/wp\/v2\/pages"}],"about":[{"href":"https:\/\/wpachem.com\/tr\/wp-json\/wp\/v2\/types\/page"}],"author":[{"embeddable":true,"href":"https:\/\/wpachem.com\/tr\/wp-json\/wp\/v2\/users\/1"}],"replies":[{"embeddable":true,"href":"https:\/\/wpachem.com\/tr\/wp-json\/wp\/v2\/comments?post=7723"}],"version-history":[{"count":0,"href":"https:\/\/wpachem.com\/tr\/wp-json\/wp\/v2\/pages\/7723\/revisions"}],"wp:attachment":[{"href":"https:\/\/wpachem.com\/tr\/wp-json\/wp\/v2\/media?parent=7723"}],"curies":[{"name":"wp","href":"https:\/\/api.w.org\/{rel}","templated":true}]}}