{"id":2077,"date":"2022-07-04T13:11:35","date_gmt":"2022-07-04T13:11:35","guid":{"rendered":"http:\/\/site2.easyceotech.com\/?post_type=product&#038;p=2077"},"modified":"2024-03-12T08:13:58","modified_gmt":"2024-03-12T08:13:58","slug":"benzyl-alcohol","status":"publish","type":"product","link":"https:\/\/wpachem.com\/tr\/urun\/benzyl-alcohol\/","title":{"rendered":"Benzil Alkol"},"content":{"rendered":"<p>Benzil alkol s\u0131v\u0131s\u0131 \u00e7ok faydal\u0131 bir sabitleyicidir ve yasemin, ay\u00e7i\u00e7e\u011fi, ylang-ylang ve di\u011fer aromalar\u0131n harmanlanmas\u0131nda vazge\u00e7ilmez bir baharatt\u0131r. Sabun yap\u0131m\u0131nda kullan\u0131l\u0131r; g\u00fcnl\u00fck kozmetik kokusu. Ancak benzil alkol do\u011fal olarak yava\u015f\u00e7a oksitlenebilir ve bir k\u0131sm\u0131 benzaldehit ve benzil eter \u00fcretir, bu da ticari \u00fcr\u00fcnlerin genellikle badem aromas\u0131na sahip olmas\u0131na neden olur, bu nedenle uzun s\u00fcreli depolama i\u00e7in uygun de\u011fildir.<\/p>\n<p>&nbsp;<\/p>\n<table>\n<tbody>\n<tr>\n<td width=\"518\">\u00d6\u011fe<\/td>\n<td width=\"247\">\u015eartname<\/td>\n<td width=\"383\">Sonu\u00e7<\/td>\n<\/tr>\n<tr>\n<td width=\"518\">Safl\u0131k %<\/td>\n<td width=\"247\">\u226599,9<\/td>\n<td width=\"383\">99.97<\/td>\n<\/tr>\n<tr>\n<td width=\"518\">\u00d6ZG\u00dcL A\u011eIRLIK (Kg\/m3 20\u2103):<\/td>\n<td width=\"247\">1042-1047<\/td>\n<td width=\"383\">1045<\/td>\n<\/tr>\n<tr>\n<td width=\"518\">REFRAKT\u0130F \u0130NDEKS (20\u2103)<\/td>\n<td width=\"247\">1.539-1.541<\/td>\n<td width=\"383\">1.540<\/td>\n<\/tr>\n<tr>\n<td width=\"518\">BENZALDEH\u0130T<\/td>\n<td width=\"247\">700ppm MAKS\u0130MUM<\/td>\n<td width=\"383\">190 sayfa\/dakika<\/td>\n<\/tr>\n<tr>\n<td width=\"518\">ATE\u015eLEMEDE KALINTI%<\/td>\n<td width=\"247\">0.005<\/td>\n<td width=\"383\">Ge\u00e7mek<\/td>\n<\/tr>\n<tr>\n<td width=\"518\">KLOR\u00dcR %<\/td>\n<td width=\"247\">0,005 MAKS\u0130MUM<\/td>\n<td width=\"383\">0.003<\/td>\n<\/tr>\n<tr>\n<td width=\"518\">RENK Hz<\/td>\n<td width=\"247\">En fazla 10<\/td>\n<td width=\"383\">5<\/td>\n<\/tr>\n<tr>\n<td width=\"518\">AS\u0130TL\u0130K (BENZO\u0130K AS\u0130T OLARAK)%<\/td>\n<td width=\"247\">0.1MAKS.<\/td>\n<td width=\"383\">0.04<\/td>\n<\/tr>\n<tr>\n<td width=\"518\">\u00c7\u00d6Z\u00dcM\u00dcN NETL\u0130\u011e\u0130 (1+30)<\/td>\n<td width=\"247\">Temizlemek<\/td>\n<td width=\"383\">Ge\u00e7mek<\/td>\n<\/tr>\n<tr>\n<td width=\"518\">NEM%<\/td>\n<td width=\"247\">0.1MAKS.<\/td>\n<td width=\"383\">0.04<\/td>\n<\/tr>\n<\/tbody>\n<\/table>\n<p>&nbsp;<\/p>\n<p><strong>Ba\u015fvuru<\/strong><\/p>\n<p>Benzil alkol, end\u00fcstriyel kimyasallar\u0131n \u00fcretiminde yayg\u0131n olarak kullan\u0131l\u0131r. Boya \u00e7\u00f6z\u00fcc\u00fcs\u00fc; foto\u011frafik geli\u015ftirici; polivinil klor\u00fcr sabitleyici; sentetik re\u00e7ine \u00e7\u00f6z\u00fcc\u00fcs\u00fc olarak kullan\u0131l\u0131r. Naylon filament; lif ve plastik film i\u00e7in kurutucu ve boya; sel\u00fcloz ester; kazein \u00e7\u00f6z\u00fcc\u00fcs\u00fc, benzil ester veya eter haz\u0131rlama ara maddesi olarak kullan\u0131labilir. Ayn\u0131 zamanda, kalem yap\u0131m\u0131nda (t\u00fckenmez kalem ya\u011f\u0131); boya \u00e7\u00f6z\u00fcc\u00fcleri vb. yayg\u0131n olarak kullan\u0131l\u0131r.<\/p>\n<p><strong>Paketleme<\/strong><\/p>\n<p>25 kg&#039;l\u0131k varil veya 200l&#039;lik varil veya IBC1000<\/p>","protected":false},"excerpt":{"rendered":"<p>\u00dcr\u00fcn Ad\u0131\uff1aBenzil Alkol<br \/>\nCAS Numaras\u0131: 100-51-6<br \/>\nMF\uff1aC7H8O<br \/>\nEINECS Numaras\u0131: 202-859-9<br \/>\nG\u00f6r\u00fcn\u00fcm\uff1a Renksiz aromatik \u015feffaf s\u0131v\u0131<\/p>","protected":false},"featured_media":2083,"template":"","meta":{"_acf_changed":false,"_gspb_post_css":""},"product_brand":[],"product_cat":[63],"product_tag":[],"class_list":{"0":"post-2077","1":"product","2":"type-product","3":"status-publish","4":"has-post-thumbnail","6":"product_cat-industrial-chemicals","8":"first","9":"instock","10":"shipping-taxable","11":"product-type-simple"},"acf":[],"_links":{"self":[{"href":"https:\/\/wpachem.com\/tr\/wp-json\/wp\/v2\/product\/2077","targetHints":{"allow":["GET"]}}],"collection":[{"href":"https:\/\/wpachem.com\/tr\/wp-json\/wp\/v2\/product"}],"about":[{"href":"https:\/\/wpachem.com\/tr\/wp-json\/wp\/v2\/types\/product"}],"version-history":[{"count":0,"href":"https:\/\/wpachem.com\/tr\/wp-json\/wp\/v2\/product\/2077\/revisions"}],"wp:featuredmedia":[{"embeddable":true,"href":"https:\/\/wpachem.com\/tr\/wp-json\/wp\/v2\/media\/2083"}],"wp:attachment":[{"href":"https:\/\/wpachem.com\/tr\/wp-json\/wp\/v2\/media?parent=2077"}],"wp:term":[{"taxonomy":"product_brand","embeddable":true,"href":"https:\/\/wpachem.com\/tr\/wp-json\/wp\/v2\/product_brand?post=2077"},{"taxonomy":"product_cat","embeddable":true,"href":"https:\/\/wpachem.com\/tr\/wp-json\/wp\/v2\/product_cat?post=2077"},{"taxonomy":"product_tag","embeddable":true,"href":"https:\/\/wpachem.com\/tr\/wp-json\/wp\/v2\/product_tag?post=2077"}],"curies":[{"name":"wp","href":"https:\/\/api.w.org\/{rel}","templated":true}]}}