{"id":2084,"date":"2022-07-05T12:41:12","date_gmt":"2022-07-05T12:41:12","guid":{"rendered":"http:\/\/site2.easyceotech.com\/?post_type=product&#038;p=2084"},"modified":"2024-03-12T08:13:54","modified_gmt":"2024-03-12T08:13:54","slug":"dimethyl-sulfoxidedmso","status":"publish","type":"product","link":"https:\/\/wpachem.com\/tr\/urun\/dimethyl-sulfoxidedmso\/","title":{"rendered":"Dimetil S\u00fclfoksit DMSO"},"content":{"rendered":"<p>Dimetil s\u00fclfoksit DMSO, C2H6OS molek\u00fcler form\u00fcl\u00fcne sahip k\u00fck\u00fcrt i\u00e7eren organik bir bile\u015fiktir. Oda s\u0131cakl\u0131\u011f\u0131nda renksiz ve kokusuz \u015feffaf bir s\u0131v\u0131d\u0131r. Higroskopik yan\u0131c\u0131 bir s\u0131v\u0131d\u0131r. Y\u00fcksek polarite, y\u00fcksek kaynama noktas\u0131, iyi termal kararl\u0131l\u0131k, aprotik ve su ile kar\u0131\u015fabilirlik \u00f6zelliklerine sahiptir. Etanol, propanol, benzen ve kloroform gibi \u00e7o\u011fu organik maddede \u00e7\u00f6z\u00fcn\u00fcr ve &quot;evrensel \u00e7\u00f6z\u00fcc\u00fc&quot; olarak bilinir.<\/p>\n<table>\n<tbody>\n<tr>\n<td width=\"53\">HAYIR<\/td>\n<td width=\"270\">Test<\/td>\n<td width=\"115\">Birim<\/td>\n<td width=\"249\">Y\u00f6ntem<\/td>\n<td width=\"141\">Dakika<\/td>\n<td width=\"117\">Maksimum.<\/td>\n<td width=\"110\">Sonu\u00e7lar<\/td>\n<\/tr>\n<tr>\n<td width=\"53\">1<\/td>\n<td width=\"270\">K\u0131r\u0131lma indeksi<\/td>\n<td width=\"115\">@ 20 \u00b0C<\/td>\n<td width=\"249\">GB\/T 21395-2008<\/td>\n<td width=\"141\">1.4775<\/td>\n<td width=\"117\">1.4790<\/td>\n<td width=\"110\">1.4787<\/td>\n<\/tr>\n<tr>\n<td width=\"53\">2<\/td>\n<td width=\"270\">Safl\u0131k<\/td>\n<td width=\"115\">%(e\/e)<\/td>\n<td width=\"249\">S\/PXH001-1999<\/td>\n<td width=\"141\">99.90<\/td>\n<td width=\"117\">&#8212;<\/td>\n<td width=\"110\">99.98<\/td>\n<\/tr>\n<tr>\n<td width=\"53\">3<\/td>\n<td width=\"270\">Kat\u0131la\u015fma Noktas\u0131<\/td>\n<td width=\"115\">\u00b0C<\/td>\n<td width=\"249\">GB\/T 21395-2008<\/td>\n<td width=\"141\">8.1<\/td>\n<td width=\"117\">&#8212;<\/td>\n<td width=\"110\">18.30<\/td>\n<\/tr>\n<tr>\n<td width=\"53\">4<\/td>\n<td width=\"270\">Asit say\u0131s\u0131(KOH olarak)<\/td>\n<td width=\"115\">mgKOH\/g<\/td>\n<td width=\"249\">GB\/T 21395-2008<\/td>\n<td width=\"141\">&#8212;<\/td>\n<td width=\"117\">0.03<\/td>\n<td width=\"110\">0.01<\/td>\n<\/tr>\n<tr>\n<td width=\"53\">5<\/td>\n<td width=\"270\">yay\u0131l\u0131m (400nm)<\/td>\n<td width=\"115\">%<\/td>\n<td width=\"249\">GB\/T 21395-2008<\/td>\n<td width=\"141\">96<\/td>\n<td width=\"117\">&#8212;<\/td>\n<td width=\"110\">100.40<\/td>\n<\/tr>\n<tr>\n<td width=\"53\">6<\/td>\n<td width=\"270\">Su i\u00e7eri\u011fi<\/td>\n<td width=\"115\">ppm<\/td>\n<td width=\"249\">GB\/T 21395-2008<\/td>\n<td width=\"141\">&#8212;<\/td>\n<td width=\"117\">1000<\/td>\n<td width=\"110\">234<\/td>\n<\/tr>\n<\/tbody>\n<\/table>\n<p>&nbsp;<\/p>\n<p><strong>Ba\u015fvuru<\/strong><\/p>\n<p>1: Aromatik ekstraksiyon, re\u00e7ine ve boya reaksiyon ortam\u0131, akrilik polimerizasyonu, ipek ekstraksiyon \u00e7\u00f6z\u00fcc\u00fcs\u00fc vb. i\u00e7in kullan\u0131l\u0131r<\/p>\n<p>2: Organik \u00e7\u00f6z\u00fcc\u00fc, reaksiyon ortam\u0131 ve organik sentez ara maddeleri olarak kullan\u0131labilir, dimetil s\u00fclfoksit ayr\u0131ca sentetik elyaf boyama \u00e7\u00f6z\u00fcc\u00fcs\u00fc, boyama maddesi, boyama ta\u015f\u0131y\u0131c\u0131s\u0131 olarak da kullan\u0131labilir, ayr\u0131ca asetilen, k\u00fck\u00fcrt dioksit emici, sentetik elyaf de\u011fi\u015ftirici, antifriz ve kapasitif ortam, fren ya\u011f\u0131, nadir metal \u00e7\u0131karma maddesi olarak da kullan\u0131labilir.<\/p>\n<p><strong>Paketleme<\/strong><\/p>\n<p>225kg Demir Varil<\/p>","protected":false},"excerpt":{"rendered":"<p>\u00dcr\u00fcn Ad\u0131\uff1aDimetil S\u00fclfoksit DMSO<br \/>\nCAS Numaras\u0131: 67-68-5<br \/>\nMF\uff1aC2H6OS<br \/>\nEINECS Numaras\u0131: 200-664-3<br \/>\nG\u00f6r\u00fcn\u00fcm\uff1a Renksiz s\u0131v\u0131<\/p>","protected":false},"featured_media":2086,"template":"","meta":{"_acf_changed":false,"_gspb_post_css":""},"product_brand":[],"product_cat":[63],"product_tag":[],"class_list":{"0":"post-2084","1":"product","2":"type-product","3":"status-publish","4":"has-post-thumbnail","6":"product_cat-industrial-chemicals","8":"first","9":"instock","10":"shipping-taxable","11":"product-type-simple"},"acf":[],"_links":{"self":[{"href":"https:\/\/wpachem.com\/tr\/wp-json\/wp\/v2\/product\/2084","targetHints":{"allow":["GET"]}}],"collection":[{"href":"https:\/\/wpachem.com\/tr\/wp-json\/wp\/v2\/product"}],"about":[{"href":"https:\/\/wpachem.com\/tr\/wp-json\/wp\/v2\/types\/product"}],"version-history":[{"count":0,"href":"https:\/\/wpachem.com\/tr\/wp-json\/wp\/v2\/product\/2084\/revisions"}],"wp:featuredmedia":[{"embeddable":true,"href":"https:\/\/wpachem.com\/tr\/wp-json\/wp\/v2\/media\/2086"}],"wp:attachment":[{"href":"https:\/\/wpachem.com\/tr\/wp-json\/wp\/v2\/media?parent=2084"}],"wp:term":[{"taxonomy":"product_brand","embeddable":true,"href":"https:\/\/wpachem.com\/tr\/wp-json\/wp\/v2\/product_brand?post=2084"},{"taxonomy":"product_cat","embeddable":true,"href":"https:\/\/wpachem.com\/tr\/wp-json\/wp\/v2\/product_cat?post=2084"},{"taxonomy":"product_tag","embeddable":true,"href":"https:\/\/wpachem.com\/tr\/wp-json\/wp\/v2\/product_tag?post=2084"}],"curies":[{"name":"wp","href":"https:\/\/api.w.org\/{rel}","templated":true}]}}