{"id":2093,"date":"2022-07-05T12:48:31","date_gmt":"2022-07-05T12:48:31","guid":{"rendered":"http:\/\/site2.easyceotech.com\/?post_type=product&#038;p=2093"},"modified":"2024-03-12T08:13:51","modified_gmt":"2024-03-12T08:13:51","slug":"photoinitiator-tpo","status":"publish","type":"product","link":"https:\/\/wpachem.com\/tr\/urun\/photoinitiator-tpo\/","title":{"rendered":"Fotoba\u015flat\u0131c\u0131 TPO"},"content":{"rendered":"<p>Fotoba\u015flat\u0131c\u0131 TPO, hem y\u00fczey kurumas\u0131n\u0131 hem de derin k\u00fcrlenmeyi hesaba katan, \u00e7ok geni\u015f emilim dalga boyu aral\u0131\u011f\u0131na sahip etkili bir par\u00e7alay\u0131c\u0131 serbest radikal fotoba\u015flat\u0131c\u0131d\u0131r ve doymam\u0131\u015f \u00f6n polimerizasyon sisteminin UV polimerizasyon reaksiyonunu ba\u015flatmak i\u00e7in kullan\u0131l\u0131r.<\/p>\n<table>\n<tbody>\n<tr>\n<td>\u00d6\u011fe<\/td>\n<td>\u015eartname<\/td>\n<\/tr>\n<tr>\n<td>erime noktas\u0131<\/td>\n<td>88-92 \u00b0C(lit.)<\/td>\n<\/tr>\n<tr>\n<td>kaynama noktas\u0131<\/td>\n<td>519,6\u00b160,0 \u00b0C(Tahmin edilen)<\/td>\n<\/tr>\n<tr>\n<td>alevlenme noktas\u0131<\/td>\n<td>&gt;230 \u00b0F<\/td>\n<\/tr>\n<tr>\n<td>K\u00fcl<\/td>\n<td>\u22640.1%<\/td>\n<\/tr>\n<tr>\n<td>Asitlik de\u011feri<\/td>\n<td>\u22640,5 mgKOH\/g<\/td>\n<\/tr>\n<tr>\n<td>425nm<\/td>\n<td>\u226785%<\/td>\n<\/tr>\n<tr>\n<td>500nm<\/td>\n<td>\u226795%<\/td>\n<\/tr>\n<tr>\n<td>Depolamak<\/td>\n<td>Serin ve kuru yerde saklay\u0131n\u0131z ve \u0131\u015f\u0131ktan koruyunuz.<\/td>\n<\/tr>\n<\/tbody>\n<\/table>\n<p>&nbsp;<\/p>\n<p><strong>Ba\u015fvuru<\/strong><\/p>\n<p>Uv k\u00fcrleme kaplamalar\u0131, serigrafi bask\u0131 m\u00fcrekkepleri, litografik bask\u0131 m\u00fcrekkepleri, flekso bask\u0131 m\u00fcrekkepleri, ah\u015fap kaplamalar\u0131, bask\u0131 m\u00fcrekkepleri, uv k\u00fcrleme yap\u0131\u015ft\u0131r\u0131c\u0131lar\u0131, optik fiber kaplamalar vb. i\u00e7in kullan\u0131labilir.<\/p>\n<p><strong>Paketleme<\/strong><\/p>\n<p>20kg\/karton<\/p>","protected":false},"excerpt":{"rendered":"<p>\u00dcr\u00fcn Ad\u0131\uff1aFotoba\u015flat\u0131c\u0131 TPO<br \/>\nCAS Numaras\u0131: 75980-60-8<br \/>\nMF\uff1aC22H21O2P<br \/>\nEINECS Numaras\u0131: 278-355-8<br \/>\nG\u00f6r\u00fcn\u00fcm\uff1a Soluk sar\u0131 toz<\/p>","protected":false},"featured_media":2096,"template":"","meta":{"_acf_changed":false,"_gspb_post_css":""},"product_brand":[],"product_cat":[64],"product_tag":[],"class_list":{"0":"post-2093","1":"product","2":"type-product","3":"status-publish","4":"has-post-thumbnail","6":"product_cat-photoinitiator","8":"first","9":"instock","10":"shipping-taxable","11":"product-type-simple"},"acf":[],"_links":{"self":[{"href":"https:\/\/wpachem.com\/tr\/wp-json\/wp\/v2\/product\/2093","targetHints":{"allow":["GET"]}}],"collection":[{"href":"https:\/\/wpachem.com\/tr\/wp-json\/wp\/v2\/product"}],"about":[{"href":"https:\/\/wpachem.com\/tr\/wp-json\/wp\/v2\/types\/product"}],"version-history":[{"count":0,"href":"https:\/\/wpachem.com\/tr\/wp-json\/wp\/v2\/product\/2093\/revisions"}],"wp:featuredmedia":[{"embeddable":true,"href":"https:\/\/wpachem.com\/tr\/wp-json\/wp\/v2\/media\/2096"}],"wp:attachment":[{"href":"https:\/\/wpachem.com\/tr\/wp-json\/wp\/v2\/media?parent=2093"}],"wp:term":[{"taxonomy":"product_brand","embeddable":true,"href":"https:\/\/wpachem.com\/tr\/wp-json\/wp\/v2\/product_brand?post=2093"},{"taxonomy":"product_cat","embeddable":true,"href":"https:\/\/wpachem.com\/tr\/wp-json\/wp\/v2\/product_cat?post=2093"},{"taxonomy":"product_tag","embeddable":true,"href":"https:\/\/wpachem.com\/tr\/wp-json\/wp\/v2\/product_tag?post=2093"}],"curies":[{"name":"wp","href":"https:\/\/api.w.org\/{rel}","templated":true}]}}