{"id":2100,"date":"2022-07-05T13:02:00","date_gmt":"2022-07-05T13:02:00","guid":{"rendered":"http:\/\/site2.easyceotech.com\/?post_type=product&#038;p=2100"},"modified":"2024-03-12T08:13:47","modified_gmt":"2024-03-12T08:13:47","slug":"sodium-hyaluronic-acid","status":"publish","type":"product","link":"https:\/\/wpachem.com\/tr\/urun\/sodium-hyaluronic-acid\/","title":{"rendered":"Sodyum hyaluronik asit"},"content":{"rendered":"<p>Sodyum hyaluronat, sodyum hyaluronat olarak da bilinir, insan v\u00fccudunda yayg\u0131n olarak bulunan fizyolojik bir aktif maddedir. Glukuronik asit ve asetil heksozdan olu\u015fan disakkarit \u00fcnitelerinden olu\u015fan polimerik d\u00fcz zincirli bir mukopolisakkarittir.<\/p>\n<table>\n<tbody>\n<tr>\n<td colspan=\"4\" width=\"1177\"><strong>Fiziksel ve Kimyasal Test<\/strong><\/td>\n<\/tr>\n<tr>\n<td width=\"80\">1<\/td>\n<td width=\"398\">D\u0131\u015f g\u00f6r\u00fcn\u00fc\u015f<\/td>\n<td width=\"347\">Beyaz veya neredeyse beyaz<\/p>\n<p>toz veya gran\u00fcl<\/td>\n<td width=\"352\">Uygunluk<\/td>\n<\/tr>\n<tr>\n<td width=\"80\">2<\/td>\n<td width=\"398\">K\u0131z\u0131l\u00f6tesi emilim<\/td>\n<td width=\"347\">Olumlu<\/td>\n<td width=\"352\">Uygunluk<\/td>\n<\/tr>\n<tr>\n<td width=\"80\">3<\/td>\n<td width=\"398\">Sodyumun reaksiyonu<\/td>\n<td width=\"347\">Olumlu<\/td>\n<td width=\"352\">Uygunluk<\/td>\n<\/tr>\n<tr>\n<td width=\"80\">4<\/td>\n<td width=\"398\">Emilim<\/td>\n<td width=\"347\">\u22640,25<\/td>\n<td width=\"352\">0.11<\/td>\n<\/tr>\n<tr>\n<td width=\"80\">5<\/td>\n<td width=\"398\">\u015eeffafl\u0131k<\/td>\n<td width=\"347\">\u226599.0%<\/td>\n<td width=\"352\">99.7%<\/td>\n<\/tr>\n<tr>\n<td width=\"80\">6<\/td>\n<td width=\"398\">pH<\/td>\n<td width=\"347\">6.0~7.5<\/td>\n<td width=\"352\">6.4<\/td>\n<\/tr>\n<tr>\n<td width=\"80\">7<\/td>\n<td width=\"398\">\u0130\u00e7sel viskozite<\/td>\n<td width=\"347\">(13,77~23,64)dL\/g<\/td>\n<td width=\"352\">18,81 dL\/g<\/td>\n<\/tr>\n<tr>\n<td width=\"80\">8<\/td>\n<td width=\"398\">Molek\u00fcler a\u011f\u0131rl\u0131k<\/td>\n<td width=\"347\">(0,75~1,50)\u00d710<sup>6<\/sup>Evet<\/td>\n<td width=\"352\">1,12\u00d710<sup>6<\/sup>Evet<\/td>\n<\/tr>\n<tr>\n<td width=\"80\">9<\/td>\n<td width=\"398\">Kinematik viskozite<\/td>\n<td width=\"347\">Ger\u00e7ek de\u011fer<\/td>\n<td width=\"352\">38,91 mm\u00b2\/sn<\/td>\n<\/tr>\n<tr>\n<td colspan=\"4\" width=\"1177\"><strong>Safl\u0131k Testi<\/strong><\/td>\n<\/tr>\n<tr>\n<td width=\"80\">10<\/td>\n<td width=\"398\">Kurutma kayb\u0131<\/td>\n<td width=\"347\">\u226410%<\/td>\n<td width=\"352\">9.87%<\/td>\n<\/tr>\n<tr>\n<td width=\"80\">11<\/td>\n<td width=\"398\">Ate\u015flemede kal\u0131nt\u0131<\/td>\n<td width=\"347\">\u226420%<\/td>\n<td width=\"352\">19.62%<\/td>\n<\/tr>\n<tr>\n<td width=\"80\">12<\/td>\n<td width=\"398\">A\u011f\u0131r metaller<\/td>\n<td width=\"347\">\u226420ppm<\/td>\n<td width=\"352\">&lt;20ppm<\/td>\n<\/tr>\n<tr>\n<td width=\"80\">13<\/td>\n<td width=\"398\">Arsenik<\/td>\n<td width=\"347\">\u22642ppm<\/td>\n<td width=\"352\">&lt;2ppm<\/td>\n<\/tr>\n<tr>\n<td width=\"80\">14<\/td>\n<td width=\"398\">Protein<\/td>\n<td width=\"347\">\u22640.1%<\/td>\n<td width=\"352\">0.03%<\/td>\n<\/tr>\n<tr>\n<td width=\"80\">15<\/td>\n<td width=\"398\">Deneme<\/td>\n<td width=\"347\">\u226595.0%<\/td>\n<td width=\"352\">97.5%<\/td>\n<\/tr>\n<tr>\n<td width=\"80\">16<\/td>\n<td width=\"398\">Glukuronik asit<\/td>\n<td width=\"347\">\u226546.0%<\/td>\n<td width=\"352\">47.2%<\/td>\n<\/tr>\n<tr>\n<td colspan=\"4\" width=\"1177\"><strong>Mikrobiyolojik Safl\u0131k<\/strong><\/td>\n<\/tr>\n<tr>\n<td width=\"80\">17<\/td>\n<td width=\"398\">Toplam bakteri say\u0131s\u0131<\/td>\n<td width=\"347\">\u2264100CFU\/g<\/td>\n<td width=\"352\">&lt;10CFU\/g<\/td>\n<\/tr>\n<tr>\n<td width=\"80\">18<\/td>\n<td width=\"398\">Mayalar ve k\u00fcfler<\/td>\n<td width=\"347\">\u226420CFU\/g<\/td>\n<td width=\"352\">&lt;10CFU\/g<\/td>\n<\/tr>\n<tr>\n<td width=\"80\">19<\/td>\n<td width=\"398\">E. koli basili<\/td>\n<td width=\"347\">Negatif<\/td>\n<td width=\"352\">Negatif<\/td>\n<\/tr>\n<tr>\n<td width=\"80\">20<\/td>\n<td width=\"398\">Stafilokok<\/td>\n<td width=\"347\">Negatif<\/td>\n<td width=\"352\">Negatif<\/td>\n<\/tr>\n<tr>\n<td width=\"80\">21<\/td>\n<td width=\"398\">Ps\u00f6domonas aeruginosa<\/td>\n<td width=\"347\">Negatif<\/td>\n<td width=\"352\">Negatif<\/td>\n<\/tr>\n<\/tbody>\n<\/table>\n<p>&nbsp;<\/p>\n<p><strong>Ba\u015fvuru<\/strong><\/p>\n<p>Y\u00fcksek kaliteli kozmetik end\u00fcstrisinde kuru g\u00f6z sendromu i\u00e7in yayg\u0131n olarak kullan\u0131l\u0131r<\/p>\n<p><strong>Paketleme<\/strong><\/p>\n<p>25KG\/VAR\u0130L<\/p>","protected":false},"excerpt":{"rendered":"<p>\u00dcr\u00fcn Ad\u0131\uff1aSodyum hyaluronik asit<br \/>\nCAS Numaras\u0131: 9067-32-7<br \/>\nMF\uff1aC14H22NNaO11<br \/>\nEINECS Numaras\u0131: 618-620-0<br \/>\nG\u00f6r\u00fcn\u00fcm\uff1a Beyaz toz<\/p>","protected":false},"featured_media":2101,"template":"","meta":{"_acf_changed":false,"_gspb_post_css":""},"product_brand":[],"product_cat":[60],"product_tag":[],"class_list":{"0":"post-2100","1":"product","2":"type-product","3":"status-publish","4":"has-post-thumbnail","6":"product_cat-cosmetic-ingredients","8":"first","9":"instock","10":"shipping-taxable","11":"product-type-simple"},"acf":[],"_links":{"self":[{"href":"https:\/\/wpachem.com\/tr\/wp-json\/wp\/v2\/product\/2100","targetHints":{"allow":["GET"]}}],"collection":[{"href":"https:\/\/wpachem.com\/tr\/wp-json\/wp\/v2\/product"}],"about":[{"href":"https:\/\/wpachem.com\/tr\/wp-json\/wp\/v2\/types\/product"}],"version-history":[{"count":0,"href":"https:\/\/wpachem.com\/tr\/wp-json\/wp\/v2\/product\/2100\/revisions"}],"wp:featuredmedia":[{"embeddable":true,"href":"https:\/\/wpachem.com\/tr\/wp-json\/wp\/v2\/media\/2101"}],"wp:attachment":[{"href":"https:\/\/wpachem.com\/tr\/wp-json\/wp\/v2\/media?parent=2100"}],"wp:term":[{"taxonomy":"product_brand","embeddable":true,"href":"https:\/\/wpachem.com\/tr\/wp-json\/wp\/v2\/product_brand?post=2100"},{"taxonomy":"product_cat","embeddable":true,"href":"https:\/\/wpachem.com\/tr\/wp-json\/wp\/v2\/product_cat?post=2100"},{"taxonomy":"product_tag","embeddable":true,"href":"https:\/\/wpachem.com\/tr\/wp-json\/wp\/v2\/product_tag?post=2100"}],"curies":[{"name":"wp","href":"https:\/\/api.w.org\/{rel}","templated":true}]}}