{"id":2107,"date":"2022-07-05T13:08:12","date_gmt":"2022-07-05T13:08:12","guid":{"rendered":"http:\/\/site2.easyceotech.com\/?post_type=product&#038;p=2107"},"modified":"2024-03-12T08:13:42","modified_gmt":"2024-03-12T08:13:42","slug":"panthenol","status":"publish","type":"product","link":"https:\/\/wpachem.com\/tr\/urun\/panthenol\/","title":{"rendered":"D-Pantenol"},"content":{"rendered":"<p>D-pantenol, dokularda pantotenik aside d\u00f6n\u00fc\u015ft\u00fcr\u00fclen B5 vitamininin \u00f6nc\u00fcs\u00fcd\u00fcr. Pantotenik asit, B5 vitamini, suda \u00e7\u00f6z\u00fcn\u00fcr ve koA sentezinin \u00f6nc\u00fcs\u00fcd\u00fcr. Koenzim A, ya\u015fam\u0131n bir\u00e7ok fizyolojik s\u00fcrecinde (\u015feker, ya\u011f, protein ve enerji metabolizmas\u0131) temel bir maddedir, glikoliz, sitrik asit d\u00f6ng\u00fcs\u00fc ve k\u00fctik\u00fcl lipit \u00e7ift tabakas\u0131n\u0131n ve h\u00fccre zar\u0131n\u0131n b\u00fct\u00fcnl\u00fc\u011f\u00fcn\u00fc sa\u011flayan ya\u011f asitleri ve sfinolipidlerin sentezinin ilk katalitik a\u015famas\u0131nda yer al\u0131r. Bu nedenle, D-Pantenol cilt yaralanmalar\u0131n\u0131n onar\u0131m\u0131nda yayg\u0131n olarak kullan\u0131l\u0131r.<\/p>\n<p>B5 vitamini cildin sahip olmas\u0131 gereken besin bile\u015fenidir, g\u00f6vde pantotenik asitten yoksun oldu\u011funda cilt keratozu, \u015fi\u015fkinlik, d\u00f6k\u00fclme meydana gelir, yine de cilt \u00fclseri ciddi \u015fekilde ortaya \u00e7\u0131kabilir. Panthenol optik rotasyonlu bir izomerdir, sadece dekstrorotator d-panthenol fizyolojik aktiviteye sahiptir, kozmetik end\u00fcstrisi D-panthenol ile \u00f6ncelik vermelidir.<\/p>\n<table>\n<tbody>\n<tr>\n<td width=\"301\">Analiz \u00d6\u011fesi<\/td>\n<td width=\"71\">Birim<\/td>\n<td width=\"272\">\u015eartname<\/td>\n<td width=\"302\">Test Y\u00f6ntemi<\/td>\n<td width=\"274\">Sonu\u00e7<\/td>\n<\/tr>\n<tr>\n<td width=\"301\">Mavi vitriol\u00fcn* tan\u0131mlanmas\u0131<\/td>\n<td width=\"71\">\u2014<\/td>\n<td width=\"272\">Koyu mavi<\/td>\n<td width=\"302\">Geli\u015ftirme s\u00fcreci<\/td>\n<td width=\"274\">\u00c7\u00f6z\u00fcm koyu mavidir<\/td>\n<\/tr>\n<tr>\n<td width=\"301\">Demir triklor\u00fcr\u00fcn* tan\u0131mlanmas\u0131<\/td>\n<td width=\"71\">\u2014<\/td>\n<td width=\"272\">Morumsu k\u0131rm\u0131z\u0131<\/td>\n<td width=\"302\">Geli\u015ftirme s\u00fcreci<\/td>\n<td width=\"274\">\u00c7\u00f6z\u00fcm morumsu k\u0131rm\u0131z\u0131d\u0131r<\/td>\n<\/tr>\n<tr>\n<td width=\"301\">IR&#039;nin tan\u0131mlanmas\u0131<\/td>\n<td width=\"71\">\u2014<\/td>\n<td width=\"272\">Standart spektruma uygun<\/td>\n<td width=\"302\">IR<\/td>\n<td width=\"274\">Uygunluk<\/td>\n<\/tr>\n<tr>\n<td width=\"301\">Deneme<\/td>\n<td width=\"71\">%<\/td>\n<td width=\"272\">98.0-102.0<\/td>\n<td width=\"302\">Perklorik asit titrasyonu<\/td>\n<td width=\"274\">98.8<\/td>\n<\/tr>\n<tr>\n<td width=\"301\">Ate\u015flemede kal\u0131nt\u0131<\/td>\n<td width=\"71\">%<\/td>\n<td width=\"272\">W0.1<\/td>\n<td width=\"302\">Yanma y\u00f6ntemi<\/td>\n<td width=\"274\">0.03<\/td>\n<\/tr>\n<tr>\n<td width=\"301\">\u0130lgili maddeler (Aminopropanol)<\/td>\n<td width=\"71\">%<\/td>\n<td width=\"272\">W1.0<\/td>\n<td width=\"302\">S\u00fclf\u00fcrik asit titrasyonu<\/td>\n<td width=\"274\">0.67<\/td>\n<\/tr>\n<tr>\n<td width=\"301\">Belirli rotasyon<\/td>\n<td width=\"71\"><strong><b>O<\/b><\/strong><\/td>\n<td width=\"272\">+29,0 ila +31,5<\/td>\n<td width=\"302\">Polarimetre<\/td>\n<td width=\"274\">+29.8<\/td>\n<\/tr>\n<tr>\n<td width=\"301\">K\u0131r\u0131lma (20\u00b0C)<\/td>\n<td width=\"71\">\u2014<\/td>\n<td width=\"272\">1.495-1.502<\/td>\n<td width=\"302\">Abbe refraktometresi<\/td>\n<td width=\"274\">1.500<\/td>\n<\/tr>\n<tr>\n<td width=\"301\">Nem<\/td>\n<td width=\"71\">%<\/td>\n<td width=\"272\">W1.0<\/td>\n<td width=\"302\">KF<\/td>\n<td width=\"274\">0.30<\/td>\n<\/tr>\n<tr>\n<td width=\"301\">A\u011f\u0131r Metaller(kur\u015fun gibi)*<\/td>\n<td width=\"71\">mg\/kg<\/td>\n<td width=\"272\">W10<\/td>\n<td width=\"302\">Kolorimetri<\/td>\n<td width=\"274\">&lt;10<\/td>\n<\/tr>\n<\/tbody>\n<\/table>\n<p>&nbsp;<\/p>\n<p><strong>Ba\u015fvuru<\/strong><\/p>\n<p>Cilt bak\u0131m\u0131:<br \/>\nD-panthenol, k\u00fctik\u00fcl\u00fcn nemlenmesini iyile\u015ftirmek, TEWL&#039;yi azaltmak, cilt p\u00fcr\u00fczl\u00fcl\u00fc\u011f\u00fcn\u00fc iyile\u015ftirmek ve tahri\u015f olmu\u015f cildi rahatlatmak i\u00e7in bir nemlendirici olarak kullan\u0131labilir. Ayr\u0131ca fibroblast \u00e7o\u011falmas\u0131n\u0131 aktive edebilir ve epitel h\u00fccre yenilenmesini h\u0131zland\u0131rabilir, b\u00f6ylece yara iyile\u015fmesine yard\u0131mc\u0131 olabilir.<\/p>\n<p>Sa\u00e7 bak\u0131m\u0131:<br \/>\nSa\u00e7\u0131n dayan\u0131kl\u0131l\u0131\u011f\u0131n\u0131 art\u0131rmak, mekanik i\u015flemden kaynaklanan hasar\u0131 azaltmak i\u00e7in \u00e7ok iyidir; Sa\u00e7\u0131n\u0131zdaki nem oran\u0131n\u0131 korur ve kuru ve k\u0131v\u0131rc\u0131k kalmas\u0131n\u0131 sa\u011flar.<\/p>\n<p>Z\u0131rh:<br \/>\nT\u0131rnak y\u00fczeyinde bir film olu\u015fturur ve ayr\u0131ca t\u0131rnaktaki nemi art\u0131rarak t\u0131rna\u011f\u0131n esnekli\u011fini art\u0131r\u0131r.<\/p>\n<p><strong>Paketleme<\/strong><\/p>\n<p>20KG VAR\u0130L\/ 25KG \u00c7UVAL<\/p>","protected":false},"excerpt":{"rendered":"<p>\u00dcr\u00fcn Ad\u0131\uff1aD-Panthenol<br \/>\nCAS Numaras\u0131: 16485-10-2<br \/>\nMF\uff1aC9H19NO4<br \/>\nEINECS Numaras\u0131: 240-540-6<br \/>\nG\u00f6r\u00fcn\u00fcm\uff1a Toz ve S\u0131v\u0131 form<\/p>","protected":false},"featured_media":2109,"template":"","meta":{"_acf_changed":false,"_gspb_post_css":""},"product_brand":[],"product_cat":[60],"product_tag":[],"class_list":{"0":"post-2107","1":"product","2":"type-product","3":"status-publish","4":"has-post-thumbnail","6":"product_cat-cosmetic-ingredients","8":"first","9":"instock","10":"shipping-taxable","11":"product-type-simple"},"acf":[],"_links":{"self":[{"href":"https:\/\/wpachem.com\/tr\/wp-json\/wp\/v2\/product\/2107","targetHints":{"allow":["GET"]}}],"collection":[{"href":"https:\/\/wpachem.com\/tr\/wp-json\/wp\/v2\/product"}],"about":[{"href":"https:\/\/wpachem.com\/tr\/wp-json\/wp\/v2\/types\/product"}],"version-history":[{"count":0,"href":"https:\/\/wpachem.com\/tr\/wp-json\/wp\/v2\/product\/2107\/revisions"}],"wp:featuredmedia":[{"embeddable":true,"href":"https:\/\/wpachem.com\/tr\/wp-json\/wp\/v2\/media\/2109"}],"wp:attachment":[{"href":"https:\/\/wpachem.com\/tr\/wp-json\/wp\/v2\/media?parent=2107"}],"wp:term":[{"taxonomy":"product_brand","embeddable":true,"href":"https:\/\/wpachem.com\/tr\/wp-json\/wp\/v2\/product_brand?post=2107"},{"taxonomy":"product_cat","embeddable":true,"href":"https:\/\/wpachem.com\/tr\/wp-json\/wp\/v2\/product_cat?post=2107"},{"taxonomy":"product_tag","embeddable":true,"href":"https:\/\/wpachem.com\/tr\/wp-json\/wp\/v2\/product_tag?post=2107"}],"curies":[{"name":"wp","href":"https:\/\/api.w.org\/{rel}","templated":true}]}}