{"id":2108,"date":"2022-07-05T13:12:25","date_gmt":"2022-07-05T13:12:25","guid":{"rendered":"http:\/\/site2.easyceotech.com\/?post_type=product&#038;p=2108"},"modified":"2024-03-12T08:13:37","modified_gmt":"2024-03-12T08:13:37","slug":"sodium-benzoate","status":"publish","type":"product","link":"https:\/\/wpachem.com\/tr\/urun\/sodium-benzoate\/","title":{"rendered":"Sodyum benzoat"},"content":{"rendered":"<p>Sodyum benzoat yayg\u0131n bir g\u0131da koruyucu t\u00fcr\u00fcd\u00fcr ve benzoik asidin sodyum tuzudur. G\u0131da \u00fcreticileri sodyum hidroksit ve benzoik asit bile\u015fiklerini birlikte sentezleyerek sodyum benzoat \u00fcretirler. G\u0131da koruyucusu olarak kullan\u0131lmas\u0131n\u0131n yan\u0131 s\u0131ra, sodyum benzoat\u0131n g\u0131da \u00fcretiminde ba\u015fka rolleri de vard\u0131r.<\/p>\n<table>\n<tbody>\n<tr>\n<td width=\"748\">\u68c0\u9a8c\u9879\u76ee<\/p>\n<p>Muayene \u00d6\u011feleri<\/td>\n<td width=\"257\">\u6307\u6807<\/p>\n<p>Dizin<\/td>\n<td width=\"273\">\u68c0\u9a8c\u7ed3\u679c<\/p>\n<p>Analiz sonucu<\/td>\n<\/tr>\n<tr>\n<td width=\"748\">\u542b\u91cf(\u4ee5\u5e72\u57fa\u8ba1)\u0130\u00e7erik (kurutulmu\u015f madde) \/%<\/td>\n<td width=\"257\">99.0-100.5<\/td>\n<td width=\"273\">99.6<\/td>\n<\/tr>\n<tr>\n<td width=\"748\">\u5e72\u71e5\u5931\u91cdKuruma kayb\u0131 \/% \u2264<\/td>\n<td width=\"257\">2.0<\/td>\n<td width=\"273\">1.31<\/td>\n<\/tr>\n<tr>\n<td width=\"748\">\u6eb6\u6db2\u7684\u6f84\u6e05\u5ea6\u8bd5\u9a8c \u00c7\u00f6z\u00fcm\u00fcn g\u00f6r\u00fcn\u00fcm\u00fc \/%<\/td>\n<td width=\"257\">GE\u00c7MEK<\/td>\n<td width=\"273\">GE\u00c7MEK<\/td>\n<\/tr>\n<tr>\n<td width=\"748\">Asitlik veya alkalilik \/%<\/td>\n<td width=\"257\">GE\u00c7MEK<\/td>\n<td width=\"273\">GE\u00c7MEK<\/td>\n<\/tr>\n<tr>\n<td width=\"748\">\u6c2f\u5316\u7269(\u4ee5Cl \u8ba1\uff09Klor\u00fcr \/% \u2264<\/td>\n<td width=\"257\">0.03<\/td>\n<td width=\"273\">&lt;0,03<\/td>\n<\/tr>\n<tr>\n<td width=\"748\">\u91cd\u91d1\u5c5e(Pb)A\u011f\u0131r metaller \/% \u2264<\/td>\n<td width=\"257\">0.001<\/td>\n<td width=\"273\">&lt;0,001<\/td>\n<\/tr>\n<tr>\n<td width=\"748\">\u6eb6\u6db2\u8272\u5ea6\/1:10\uff08\u94c2-\u94b4\uff09Hazen \u2264<\/td>\n<td width=\"257\">20<\/td>\n<td width=\"273\">10<\/td>\n<\/tr>\n<tr>\n<td width=\"748\">Kolayca oksitlenebilir maddeler<\/td>\n<td width=\"257\">GE\u00c7MEK<\/td>\n<td width=\"273\">GE\u00c7MEK<\/td>\n<\/tr>\n<\/tbody>\n<\/table>\n<p>&nbsp;<\/p>\n<p><strong>Ba\u015fvuru<\/strong><\/p>\n<p>Me\u015frubatlar<br \/>\nUluslararas\u0131 Kimyasal G\u00fcvenlik Program\u0131&#039;na g\u00f6re, sodyum benzoat, karbonatl\u0131 i\u00e7eceklerde y\u00fcksek fruktozlu m\u0131s\u0131r \u015furubuna olan talep nedeniyle me\u015frubat end\u00fcstrisi taraf\u0131ndan yo\u011fun olarak kullan\u0131lmaktad\u0131r. Sodyum benzoat, me\u015frubatlar\u0131n asitli\u011fini art\u0131r\u0131r ve bu da y\u00fcksek fruktozlu m\u0131s\u0131r \u015furubundan ald\u0131\u011f\u0131n\u0131z lezzetin yo\u011funlu\u011funu art\u0131r\u0131r. Bir soda kutusunun arkas\u0131nda, sodyum benzoat\u0131 i\u00e7erik listesinde E211 olarak bulabilirsiniz; bu, bir g\u0131da katk\u0131 maddesi olarak kendisine atanan numarad\u0131r.<\/p>\n<p>Di\u011fer G\u0131dalar<br \/>\nSodyum benzoat, \u00f6ncelikle asitli yiyeceklere lezzetlerini art\u0131rmak i\u00e7in eklenir. Tur\u015fu, sos, re\u00e7el ve meyve suyu gibi yiyeceklerde bulunabilir. Salata soslar\u0131 gibi sirke i\u00e7eren yiyecekler genellikle \u00e7ok y\u00fcksek seviyelerde sodyum benzoat i\u00e7erir. Sodyum benzoat\u0131n \u00f6nc\u00fcs\u00fc olan benzen, baz\u0131 meyvelerde, sebzelerde, etlerde, s\u00fct \u00fcr\u00fcnlerinde ve hatta i\u00e7me suyunda do\u011fal olarak \u00e7ok az miktarda bulunabilir.<\/p>\n<p><strong>Paketleme<\/strong><\/p>\n<p>25KG\/TORBA<\/p>","protected":false},"excerpt":{"rendered":"<p>\u00dcr\u00fcn Ad\u0131\uff1aSodyum benzoat<br \/>\nCAS Numaras\u0131: 532-32-1<br \/>\nMF\uff1aC7H5NaO2<br \/>\nEINECS Numaras\u0131: 208-534-8<br \/>\nG\u00f6r\u00fcn\u00fcm\uff1a Beyaz toz<\/p>","protected":false},"featured_media":2118,"template":"","meta":{"_acf_changed":false,"_gspb_post_css":""},"product_brand":[],"product_cat":[55,57],"product_tag":[],"class_list":{"0":"post-2108","1":"product","2":"type-product","3":"status-publish","4":"has-post-thumbnail","6":"product_cat-food-additives","7":"product_cat-preservative","9":"first","10":"instock","11":"shipping-taxable","12":"product-type-simple"},"acf":[],"_links":{"self":[{"href":"https:\/\/wpachem.com\/tr\/wp-json\/wp\/v2\/product\/2108","targetHints":{"allow":["GET"]}}],"collection":[{"href":"https:\/\/wpachem.com\/tr\/wp-json\/wp\/v2\/product"}],"about":[{"href":"https:\/\/wpachem.com\/tr\/wp-json\/wp\/v2\/types\/product"}],"version-history":[{"count":0,"href":"https:\/\/wpachem.com\/tr\/wp-json\/wp\/v2\/product\/2108\/revisions"}],"wp:featuredmedia":[{"embeddable":true,"href":"https:\/\/wpachem.com\/tr\/wp-json\/wp\/v2\/media\/2118"}],"wp:attachment":[{"href":"https:\/\/wpachem.com\/tr\/wp-json\/wp\/v2\/media?parent=2108"}],"wp:term":[{"taxonomy":"product_brand","embeddable":true,"href":"https:\/\/wpachem.com\/tr\/wp-json\/wp\/v2\/product_brand?post=2108"},{"taxonomy":"product_cat","embeddable":true,"href":"https:\/\/wpachem.com\/tr\/wp-json\/wp\/v2\/product_cat?post=2108"},{"taxonomy":"product_tag","embeddable":true,"href":"https:\/\/wpachem.com\/tr\/wp-json\/wp\/v2\/product_tag?post=2108"}],"curies":[{"name":"wp","href":"https:\/\/api.w.org\/{rel}","templated":true}]}}