{"id":2121,"date":"2022-07-05T13:30:39","date_gmt":"2022-07-05T13:30:39","guid":{"rendered":"http:\/\/site2.easyceotech.com\/?post_type=product&#038;p=2121"},"modified":"2024-03-12T08:13:06","modified_gmt":"2024-03-12T08:13:06","slug":"tartaric-acid","status":"publish","type":"product","link":"https:\/\/wpachem.com\/tr\/urun\/tartaric-acid\/","title":{"rendered":"Tartarik asit"},"content":{"rendered":"<table>\n<tbody>\n<tr>\n<td width=\"317\">Dizin Ba\u015fl\u0131\u011f\u0131<\/td>\n<td width=\"317\">Dizin<\/td>\n<td width=\"317\">Sonu\u00e7<\/td>\n<\/tr>\n<tr>\n<td width=\"317\">D\u0131\u015f g\u00f6r\u00fcn\u00fc\u015f:<\/td>\n<td width=\"317\">Beyaz gran\u00fcller veya kristal toz<\/td>\n<td width=\"317\">Beyaz kristal gran\u00fcller<\/td>\n<\/tr>\n<tr>\n<td width=\"317\">Deneme,(titrasyonla) %<\/td>\n<td width=\"317\">\u2265 98.0<\/td>\n<td width=\"317\">99.8<\/td>\n<\/tr>\n<tr>\n<td width=\"317\">Belirli Rotasyon<\/p>\n<p>&nbsp;<\/p>\n<p>&nbsp;<\/p>\n<p>(C=25, H2O)<\/td>\n<td width=\"317\">-11,8\uff5e-12,8<\/td>\n<td width=\"317\">-12.4<\/td>\n<\/tr>\n<tr>\n<td width=\"317\">S\u00fclfat Testi<\/td>\n<td width=\"317\">S\u0131nav\u0131 ge\u00e7<\/td>\n<td width=\"317\">S\u0131nav\u0131 ge\u00e7<\/td>\n<\/tr>\n<tr>\n<td width=\"317\">A\u011f\u0131r Metaller (Pb olarak) %<\/td>\n<td width=\"317\">\u2264 0,001<\/td>\n<td width=\"317\">&lt;0,001<\/td>\n<\/tr>\n<tr>\n<td width=\"317\">Kurutma Kayb\u0131 %<\/td>\n<td width=\"317\">\u2264 0,5<\/td>\n<td width=\"317\">0.2<\/td>\n<\/tr>\n<tr>\n<td width=\"317\">Ate\u015flemede Kal\u0131nt\u0131 %<\/td>\n<td width=\"317\">\u2264 0,1<\/td>\n<td width=\"317\">0.03<\/td>\n<\/tr>\n<\/tbody>\n<\/table>\n<p>&nbsp;<\/p>\n<p><strong>Ba\u015fvuru<\/strong><\/p>\n<p>Tartarik asit, ila\u00e7lar\u0131n, mordanlar\u0131n ve tabaklama maddelerinin haz\u0131rlanmas\u0131nda yayg\u0131n olarak kullan\u0131l\u0131r ve ayr\u0131ca rasemik bazik bile\u015fiklerin \u00e7\u00f6z\u00fcnmesi i\u00e7in bir reaktif olarak da yayg\u0131n olarak kullan\u0131l\u0131r. Ayr\u0131ca g\u0131da katk\u0131 maddelerinde ek\u015fi bir maddedir, ek\u015fili\u011fi malik asit, laktik asit vb.&#039;den daha iyidir.<\/p>\n<p>Tuzlar\u0131n\u0131n bir\u00e7o\u011funun \u00f6nemli uygulamalar\u0131 vard\u0131r. \u00d6rne\u011fin, Fehling reaktifi, organik molek\u00fcllerin yap\u0131s\u0131ndaki aldehit fonksiyonel gruplar\u0131n\u0131 tan\u0131mlamak i\u00e7in laboratuvarda potasyum sodyum tartrat ile form\u00fcle edilir. Potasyum ve sodyum tuzuna Rochelle tuzu da denir.<\/p>\n<p>Kristalleri, y\u00fczeyin her iki ucunda potansiyel fark\u0131 (piezoelektrik etki) \u00fcretmek i\u00e7in bas\u0131n\u00e7 alt\u0131nda polarize edilir ve radyo ve kablolu yay\u0131n i\u00e7in piezoelektrik elemanlara d\u00f6n\u00fc\u015ft\u00fcr\u00fclebilir. Al\u0131c\u0131 ve pikap. T\u0131bbi olarak, potasyum antimon tartrat (genellikle tartrat olarak bilinir) \u015fistosomiyazisi tedavi etmek i\u00e7in kullan\u0131l\u0131r.<\/p>\n<p><strong>Paketleme<\/strong><\/p>\n<p>25KG\/TORBA<\/p>","protected":false},"excerpt":{"rendered":"<p>\u00dcr\u00fcn Ad\u0131\uff1aTartarik asit<br \/>\nCAS Numaras\u0131: 147-71-7<br \/>\nMF\uff1aC4H6O6<br \/>\nEINECS Numaras\u0131: 205-695-6<br \/>\nG\u00f6r\u00fcn\u00fcm\uff1a Beyaz kristal toz<\/p>","protected":false},"featured_media":2127,"template":"","meta":{"_acf_changed":false,"_gspb_post_css":""},"product_brand":[],"product_cat":[55,59],"product_tag":[],"class_list":{"0":"post-2121","1":"product","2":"type-product","3":"status-publish","4":"has-post-thumbnail","6":"product_cat-food-additives","7":"product_cat-acidity-regulators","9":"first","10":"instock","11":"shipping-taxable","12":"product-type-simple"},"acf":[],"_links":{"self":[{"href":"https:\/\/wpachem.com\/tr\/wp-json\/wp\/v2\/product\/2121","targetHints":{"allow":["GET"]}}],"collection":[{"href":"https:\/\/wpachem.com\/tr\/wp-json\/wp\/v2\/product"}],"about":[{"href":"https:\/\/wpachem.com\/tr\/wp-json\/wp\/v2\/types\/product"}],"version-history":[{"count":0,"href":"https:\/\/wpachem.com\/tr\/wp-json\/wp\/v2\/product\/2121\/revisions"}],"wp:featuredmedia":[{"embeddable":true,"href":"https:\/\/wpachem.com\/tr\/wp-json\/wp\/v2\/media\/2127"}],"wp:attachment":[{"href":"https:\/\/wpachem.com\/tr\/wp-json\/wp\/v2\/media?parent=2121"}],"wp:term":[{"taxonomy":"product_brand","embeddable":true,"href":"https:\/\/wpachem.com\/tr\/wp-json\/wp\/v2\/product_brand?post=2121"},{"taxonomy":"product_cat","embeddable":true,"href":"https:\/\/wpachem.com\/tr\/wp-json\/wp\/v2\/product_cat?post=2121"},{"taxonomy":"product_tag","embeddable":true,"href":"https:\/\/wpachem.com\/tr\/wp-json\/wp\/v2\/product_tag?post=2121"}],"curies":[{"name":"wp","href":"https:\/\/api.w.org\/{rel}","templated":true}]}}