{"id":2128,"date":"2022-07-05T13:37:44","date_gmt":"2022-07-05T13:37:44","guid":{"rendered":"http:\/\/site2.easyceotech.com\/?post_type=product&#038;p=2128"},"modified":"2024-03-12T08:13:02","modified_gmt":"2024-03-12T08:13:02","slug":"erythritol","status":"publish","type":"product","link":"https:\/\/wpachem.com\/tr\/urun\/erythritol\/","title":{"rendered":"Eritritol"},"content":{"rendered":"<p>Eritritol, \u00e7e\u015fitli \u015fekersiz ve d\u00fc\u015f\u00fck kalorili yiyecek ve i\u00e7ecekler i\u00e7in uygun s\u0131f\u0131r kalorili, g\u00fczel tad\u0131 olan bir dolgu tatland\u0131r\u0131c\u0131d\u0131r. Eritritol, armut, kavun ve \u00fcz\u00fcm gibi meyvelerde do\u011fal olarak bulunan bir poliold\u00fcr (\u015feker alkol\u00fc), ayr\u0131ca mantar ve \u015farap, soya sosu ve peynir gibi di\u011fer yiyeceklerde de bulunabilir. Eritritol, sakaroza yak\u0131n saf ve ferahlat\u0131c\u0131 bir tatl\u0131 tada sahip beyaz kristal bir tozdur. Eritritol\u00fcn tatl\u0131l\u0131\u011f\u0131 sakaroza g\u00f6re yakla\u015f\u0131k %&#039;dir. Nem emmedi\u011fi i\u00e7in iyi bir ak\u0131\u015fkanl\u0131\u011fa sahiptir. Eritritol\u00fcn kalorifik de\u011feri 0 CAL\/g&#039;d\u0131r ve y\u00fcksek derecede sindirim tolerans\u0131 onu di\u011fer poliollerden ay\u0131r\u0131r.<\/p>\n<table>\n<tbody>\n<tr>\n<td width=\"356\">\u5206\u6790\u9879\u76ee<\/p>\n<p>Analiz \u00d6\u011fesi<\/td>\n<td width=\"321\">\u89c4\u683c<\/p>\n<p>\u015fartname<\/td>\n<td width=\"264\">&nbsp;<\/p>\n<p>\u7ed3\u679c<\/p>\n<p>Sonu\u00e7<\/td>\n<\/tr>\n<tr>\n<td width=\"356\">&nbsp;<\/p>\n<p>\u5916\u89c2<\/p>\n<p>D\u0131\u015f g\u00f6r\u00fcn\u00fc\u015f<\/td>\n<td width=\"321\">\u767d\u8272\u6216\u8fd1\u4e4e\u767d\u8272\u7c89\u672b<\/p>\n<p>Beyaz veya Beyaza Yak\u0131n Toz<\/td>\n<td width=\"264\">Amerika Birle\u015fik Devletleri<\/p>\n<p>Beyaz toz<\/td>\n<\/tr>\n<tr>\n<td width=\"356\">&nbsp;<\/p>\n<p>\u6c14\u5473<\/p>\n<p>Koku<\/td>\n<td width=\"321\">\u65e0\u660e\u663e\u6c14\u5473<\/p>\n<p>Belirgin bir koku yok<\/td>\n<td width=\"264\">\u65e0\u660e\u663e\u6c14\u5473<\/p>\n<p>Belirgin bir koku yok<\/td>\n<\/tr>\n<tr>\n<td width=\"356\">&nbsp;<\/p>\n<p>\u6eb6\u89e3\u6027<\/p>\n<p>\u00c7\u00f6z\u00fcn\u00fcrl\u00fck<\/td>\n<td width=\"321\">\u6eb6\u4e8e\u6c34<\/p>\n<p>Suda \u00c7\u00f6z\u00fcn\u00fcr<\/td>\n<td width=\"264\">\u6eb6\u4e8e\u6c34<\/p>\n<p>Suda \u00c7\u00f6z\u00fcn\u00fcr<\/td>\n<\/tr>\n<tr>\n<td width=\"356\">\u6cb8\u70b9<\/p>\n<p>Kaynama noktas\u0131<\/td>\n<td width=\"321\">&nbsp;<\/p>\n<p>329-331 \u2103<\/td>\n<td width=\"264\">&nbsp;<\/p>\n<p>329-331 \u2103<\/td>\n<\/tr>\n<tr>\n<td width=\"356\">\u7194\u70b9<\/p>\n<p>Erime noktas\u0131<\/td>\n<td width=\"321\">&nbsp;<\/p>\n<p>118-120 \u2103<\/td>\n<td width=\"264\">&nbsp;<\/p>\n<p>118-120 \u2103<\/td>\n<\/tr>\n<tr>\n<td width=\"356\">\u542b\u6c34\u91cf<\/p>\n<p>Su \u0130\u00e7eri\u011fi<\/td>\n<td width=\"321\">&nbsp;<\/p>\n<p>\u2264 1.0 %<\/td>\n<td width=\"264\">&nbsp;<\/p>\n<p>\u2264 1.0 %<\/td>\n<\/tr>\n<tr>\n<td width=\"356\">\u7eaf\u5ea6<\/p>\n<p>Safl\u0131k<\/td>\n<td width=\"321\">\u2265 99.0 %<\/td>\n<td width=\"264\">99.99 %<\/td>\n<\/tr>\n<tr>\n<td width=\"356\">\u9175\u6bcd\u83cc<\/p>\n<p>\u015eeker mantarlar\u0131<\/td>\n<td width=\"321\">\u2264 100 CFU\/g<\/td>\n<td width=\"264\">&lt;10 CFU\/g<\/td>\n<\/tr>\n<\/tbody>\n<\/table>\n<p>&nbsp;<\/p>\n<p><strong>Ba\u015fvuru<\/strong><\/p>\n<p>D\u00fc\u015f\u00fck kalorili tatland\u0131r\u0131c\u0131; Y\u00fcksek tatl\u0131l\u0131ktaki tatland\u0131r\u0131c\u0131lar i\u00e7in seyrelticiler. \u00c7ikolata, f\u0131r\u0131nlanm\u0131\u015f \u00fcr\u00fcnler, \u015fekerleme, sofra \u015fekeri, me\u015frubat vb.&#039;de kullan\u0131labilir<\/p>\n<p>Tatland\u0131r\u0131c\u0131lar; Nemlendirici fakt\u00f6r; Lezzet artt\u0131r\u0131c\u0131; Doku iyile\u015ftirici; \u015eekillendirici katk\u0131 maddeleri<\/p>\n<p><strong>Paketleme<\/strong><\/p>\n<p>25KG\/TORBA<\/p>","protected":false},"excerpt":{"rendered":"<p>\u00dcr\u00fcn Ad\u0131\uff1aEritritol<br \/>\nCAS Numaras\u0131: 149-32-6<br \/>\nMF\uff1aC4H10O4<br \/>\nEINECS Numaras\u0131: 205-737-3<br \/>\nG\u00f6r\u00fcn\u00fcm\uff1a Beyaz kristal toz<\/p>","protected":false},"featured_media":2144,"template":"","meta":{"_acf_changed":false,"_gspb_post_css":""},"product_brand":[],"product_cat":[55,56],"product_tag":[],"class_list":{"0":"post-2128","1":"product","2":"type-product","3":"status-publish","4":"has-post-thumbnail","6":"product_cat-food-additives","7":"product_cat-sweetener","9":"first","10":"instock","11":"shipping-taxable","12":"product-type-simple"},"acf":[],"_links":{"self":[{"href":"https:\/\/wpachem.com\/tr\/wp-json\/wp\/v2\/product\/2128","targetHints":{"allow":["GET"]}}],"collection":[{"href":"https:\/\/wpachem.com\/tr\/wp-json\/wp\/v2\/product"}],"about":[{"href":"https:\/\/wpachem.com\/tr\/wp-json\/wp\/v2\/types\/product"}],"version-history":[{"count":0,"href":"https:\/\/wpachem.com\/tr\/wp-json\/wp\/v2\/product\/2128\/revisions"}],"wp:featuredmedia":[{"embeddable":true,"href":"https:\/\/wpachem.com\/tr\/wp-json\/wp\/v2\/media\/2144"}],"wp:attachment":[{"href":"https:\/\/wpachem.com\/tr\/wp-json\/wp\/v2\/media?parent=2128"}],"wp:term":[{"taxonomy":"product_brand","embeddable":true,"href":"https:\/\/wpachem.com\/tr\/wp-json\/wp\/v2\/product_brand?post=2128"},{"taxonomy":"product_cat","embeddable":true,"href":"https:\/\/wpachem.com\/tr\/wp-json\/wp\/v2\/product_cat?post=2128"},{"taxonomy":"product_tag","embeddable":true,"href":"https:\/\/wpachem.com\/tr\/wp-json\/wp\/v2\/product_tag?post=2128"}],"curies":[{"name":"wp","href":"https:\/\/api.w.org\/{rel}","templated":true}]}}