{"id":2148,"date":"2022-07-05T14:06:58","date_gmt":"2022-07-05T14:06:58","guid":{"rendered":"http:\/\/site2.easyceotech.com\/?post_type=product&#038;p=2148"},"modified":"2024-03-12T08:12:56","modified_gmt":"2024-03-12T08:12:56","slug":"polydextrose","status":"publish","type":"product","link":"https:\/\/wpachem.com\/tr\/urun\/polydextrose\/","title":{"rendered":"Polidekstroz"},"content":{"rendered":"<p>Polidekstroz suda \u00e7\u00f6z\u00fcnen bir diyet lifidir. Y\u00fcksek s\u0131cakl\u0131kta eritme ve glikozun polikondensasyonu, az miktarda sorbitol ve sitrik asit ile olu\u015fan, rastgele \u00e7apraz ba\u011flanm\u0131\u015f glikozdan olu\u015fan bir polisakkarittir. Suda kolayca \u00e7\u00f6z\u00fcn\u00fcr, hafif tatl\u0131d\u0131r ve \u00f6zel bir tad\u0131 yoktur. Sa\u011fl\u0131k bak\u0131m i\u015flevlerine sahip bir g\u0131da bile\u015fenidir ve insan v\u00fccudunun ihtiya\u00e7 duydu\u011fu suda \u00e7\u00f6z\u00fcnen diyet lifini tamamlayabilir.<\/p>\n<table>\n<tbody>\n<tr>\n<td width=\"356\">Analiz \u00d6\u011fesi<\/td>\n<td width=\"321\">\u015fartname<\/td>\n<td width=\"264\">Sonu\u00e7<\/td>\n<\/tr>\n<tr>\n<td width=\"356\">D\u0131\u015f g\u00f6r\u00fcn\u00fc\u015f<\/td>\n<td width=\"321\">Beyaz veya Beyaza Yak\u0131n Toz<\/td>\n<td width=\"264\">Beyaz toz<\/td>\n<\/tr>\n<tr>\n<td width=\"356\">Koku<\/td>\n<td width=\"321\">Belirgin bir koku yok<\/td>\n<td width=\"264\">Belirgin bir koku yok<\/td>\n<\/tr>\n<tr>\n<td width=\"356\">\u00c7\u00f6z\u00fcn\u00fcrl\u00fck<\/td>\n<td width=\"321\">Suda \u00c7\u00f6z\u00fcn\u00fcr<\/td>\n<td width=\"264\">Suda \u00c7\u00f6z\u00fcn\u00fcr<\/td>\n<\/tr>\n<tr>\n<td width=\"356\">Kaynama noktas\u0131<\/td>\n<td width=\"321\">329-331 \u2103<\/td>\n<td width=\"264\">329-331 \u2103<\/td>\n<\/tr>\n<tr>\n<td width=\"356\">Erime noktas\u0131<\/td>\n<td width=\"321\">118-120 \u2103<\/td>\n<td width=\"264\">118-120 \u2103<\/td>\n<\/tr>\n<tr>\n<td width=\"356\">Su \u0130\u00e7eri\u011fi<\/td>\n<td width=\"321\">\u2264 1.0 %<\/td>\n<td width=\"264\">\u2264 1.0 %<\/td>\n<\/tr>\n<tr>\n<td width=\"356\">Safl\u0131k<\/td>\n<td width=\"321\">\u2265 99.0 %<\/td>\n<td width=\"264\">99.99 %<\/td>\n<\/tr>\n<tr>\n<td width=\"356\">\u015eeker mantarlar\u0131<\/td>\n<td width=\"321\">\u2264 100 CFU\/g<\/td>\n<td width=\"264\">&lt;10 CFU\/g<\/td>\n<\/tr>\n<\/tbody>\n<\/table>\n<p>&nbsp;<\/p>\n<p><strong>Ba\u015fvuru<\/strong><\/p>\n<p>G\u0131da s\u0131n\u0131f\u0131 polidekstroz, ticari i\u00e7eceklerde, keklerde, \u015fekerlemelerde, tatl\u0131 kar\u0131\u015f\u0131mlar\u0131nda, kahvalt\u0131l\u0131k gevreklerde, jelatinlerde, dondurulmu\u015f tatl\u0131larda, pudinglerde ve salata soslar\u0131nda \u015feker, ni\u015fasta ve ya\u011f yerine yayg\u0131n olarak kullan\u0131l\u0131r. Ayr\u0131ca nemlendirici, dengeleyici ve koyula\u015ft\u0131r\u0131c\u0131 madde olarak da kullan\u0131l\u0131r.<\/p>\n<p><strong>Paketleme<\/strong><\/p>\n<p>25KG\/VAR\u0130L<\/p>","protected":false},"excerpt":{"rendered":"<p>\u00dcr\u00fcn Ad\u0131\uff1aPolidekstroz<br \/>\nCAS Numaras\u0131: 68424-04-4<br \/>\nMF\uff1aC12H22O11<br \/>\nEINECS Numaras\u0131: 14-467-9<br \/>\nG\u00f6r\u00fcn\u00fcm\uff1a Beyaz kristal toz<\/p>","protected":false},"featured_media":2161,"template":"","meta":{"_acf_changed":false,"_gspb_post_css":""},"product_brand":[],"product_cat":[55,56],"product_tag":[],"class_list":{"0":"post-2148","1":"product","2":"type-product","3":"status-publish","4":"has-post-thumbnail","6":"product_cat-food-additives","7":"product_cat-sweetener","9":"first","10":"instock","11":"shipping-taxable","12":"product-type-simple"},"acf":[],"_links":{"self":[{"href":"https:\/\/wpachem.com\/tr\/wp-json\/wp\/v2\/product\/2148","targetHints":{"allow":["GET"]}}],"collection":[{"href":"https:\/\/wpachem.com\/tr\/wp-json\/wp\/v2\/product"}],"about":[{"href":"https:\/\/wpachem.com\/tr\/wp-json\/wp\/v2\/types\/product"}],"version-history":[{"count":0,"href":"https:\/\/wpachem.com\/tr\/wp-json\/wp\/v2\/product\/2148\/revisions"}],"wp:featuredmedia":[{"embeddable":true,"href":"https:\/\/wpachem.com\/tr\/wp-json\/wp\/v2\/media\/2161"}],"wp:attachment":[{"href":"https:\/\/wpachem.com\/tr\/wp-json\/wp\/v2\/media?parent=2148"}],"wp:term":[{"taxonomy":"product_brand","embeddable":true,"href":"https:\/\/wpachem.com\/tr\/wp-json\/wp\/v2\/product_brand?post=2148"},{"taxonomy":"product_cat","embeddable":true,"href":"https:\/\/wpachem.com\/tr\/wp-json\/wp\/v2\/product_cat?post=2148"},{"taxonomy":"product_tag","embeddable":true,"href":"https:\/\/wpachem.com\/tr\/wp-json\/wp\/v2\/product_tag?post=2148"}],"curies":[{"name":"wp","href":"https:\/\/api.w.org\/{rel}","templated":true}]}}