{"id":2162,"date":"2022-07-05T14:16:47","date_gmt":"2022-07-05T14:16:47","guid":{"rendered":"http:\/\/site2.easyceotech.com\/?post_type=product&#038;p=2162"},"modified":"2024-03-12T08:12:52","modified_gmt":"2024-03-12T08:12:52","slug":"allulose-2","status":"publish","type":"product","link":"https:\/\/wpachem.com\/tr\/urun\/allulose-2\/","title":{"rendered":"All\u00fcloz"},"content":{"rendered":"<p>Allulose tatland\u0131r\u0131c\u0131 tozu, normal \u015feker gibi tad\u0131 olan ve kullan\u0131labilen ancak olumsuz sa\u011fl\u0131k etkileri olmayan tamamen do\u011fal, \u015fekersiz d\u00fc\u015f\u00fck kalorili bir tatland\u0131r\u0131c\u0131d\u0131r. Do\u011fada incir, kivi gibi meyvelerde bulunur.<\/p>\n<p>Normal \u015fekerin kalorisinin 10%&#039;sinden daha az\u0131na sahiptir. Klinik \u00e7al\u0131\u015fmalar, Allulose&#039;un insan v\u00fccudu taraf\u0131ndan metabolize edilmedi\u011fini ve kan \u015fekeri seviyeleri \u00fczerinde hi\u00e7bir etkisi olmad\u0131\u011f\u0131n\u0131 do\u011frulamaktad\u0131r.<\/p>\n<p>\u0130\u00e7eceklerde, tatl\u0131larda, yemek pi\u015firmede veya f\u0131r\u0131nlamada normal \u015feker yerine kullan\u0131labilir.<\/p>\n<table>\n<tbody>\n<tr>\n<td width=\"197\">Seri numaras\u0131<\/td>\n<td width=\"288\">Test \u00d6\u011fesi<\/td>\n<td width=\"293\">Standart<\/td>\n<td width=\"234\">Sonu\u00e7<\/td>\n<\/tr>\n<tr>\n<td width=\"197\"><strong>\u00a0<\/strong><\/p>\n<p>1<\/td>\n<td width=\"288\"><strong>\u00a0<\/strong><\/p>\n<p>D\u0131\u015f g\u00f6r\u00fcn\u00fc\u015f<\/td>\n<td width=\"293\">Beyaz veya a\u00e7\u0131k sar\u0131 Toz<\/td>\n<td width=\"234\"><strong>\u00a0<\/strong><\/p>\n<p>Hak sahibi<\/td>\n<\/tr>\n<tr>\n<td width=\"197\"><strong>\u00a0<\/strong><\/p>\n<p>2<\/td>\n<td width=\"288\"><strong>\u00a0<\/strong><\/p>\n<p>Duyusal<\/td>\n<td width=\"293\">Berrak tatl\u0131, al\u0131\u015f\u0131lmad\u0131k bir koku yok<\/td>\n<td width=\"234\"><strong>\u00a0<\/strong><\/p>\n<p>Hak sahibi<\/td>\n<\/tr>\n<tr>\n<td width=\"197\">4<\/td>\n<td width=\"288\">PH<\/td>\n<td width=\"293\">3.0-7.0<\/td>\n<td width=\"234\">5.4<\/td>\n<\/tr>\n<tr>\n<td width=\"197\">5<\/td>\n<td width=\"288\">Kurutma kayb\u0131, %<\/td>\n<td width=\"293\">\u22644<\/td>\n<td width=\"234\">0.24<\/td>\n<\/tr>\n<tr>\n<td width=\"197\">6<\/td>\n<td width=\"288\">K\u00fcl, %<\/td>\n<td width=\"293\">\u22640,5<\/td>\n<td width=\"234\">0.065<\/td>\n<\/tr>\n<tr>\n<td width=\"197\">7<\/td>\n<td width=\"288\">Deneme (kuru bazda), %<\/td>\n<td width=\"293\">\u226598<\/td>\n<td width=\"234\">99.47<\/td>\n<\/tr>\n<tr>\n<td width=\"197\"><strong>\u00a0<\/strong><\/p>\n<p>10<\/td>\n<td width=\"288\"><strong>\u00a0<\/strong><\/p>\n<p>Kur\u015fun, mg\/kg<\/td>\n<td width=\"293\">\u22640,5<\/td>\n<td width=\"234\">&lt;0,5<\/td>\n<\/tr>\n<tr>\n<td width=\"197\">11<\/td>\n<td width=\"288\">mg\/kg olarak<\/td>\n<td width=\"293\">\u22640,5<\/td>\n<td width=\"234\">&lt;0,5<\/td>\n<\/tr>\n<tr>\n<td width=\"197\">12<\/td>\n<td width=\"288\">Bakteri say\u0131s\u0131, cfu\/g<\/td>\n<td width=\"293\">\u22641000<\/td>\n<td width=\"234\">&lt;10<\/td>\n<\/tr>\n<tr>\n<td width=\"197\">13<\/td>\n<td width=\"288\">Maya ve K\u00fcf,cfu\/g<\/td>\n<td width=\"293\">\u226410<\/td>\n<td width=\"234\">&lt;10<\/td>\n<\/tr>\n<tr>\n<td width=\"197\">14<\/td>\n<td width=\"288\">E. Coli, MPN\/g<\/td>\n<td width=\"293\">&lt;0,3<\/td>\n<td width=\"234\">Hak sahibi<\/td>\n<\/tr>\n<tr>\n<td width=\"197\"><\/td>\n<td width=\"288\">Patojenik<\/td>\n<td width=\"293\">Negatif<\/td>\n<td width=\"234\">Hak sahibi<\/td>\n<\/tr>\n<tr>\n<td width=\"197\">Denetleyici<\/td>\n<td width=\"288\">02<\/td>\n<td width=\"293\">De\u011ferlendirici<\/td>\n<td width=\"234\">02<\/td>\n<\/tr>\n<\/tbody>\n<\/table>\n<p>&nbsp;<\/p>\n<p><strong>Ba\u015fvuru<\/strong><\/p>\n<p>Allulose \u015fu anda her t\u00fcrl\u00fc yeni \u00fcr\u00fcnde, tatl\u0131larda, s\u00fct \u00fcr\u00fcnlerinde, i\u00e7eceklerde yayg\u0131n olarak kullan\u0131lmaktad\u0131r ve en yayg\u0131n uygulamalar \u015funlard\u0131r:<\/p>\n<p><strong>Paketleme<\/strong><\/p>\n<p>25KG\/TORBA<\/p>","protected":false},"excerpt":{"rendered":"<p>\u00dcr\u00fcn Ad\u0131\uff1aAllulose<br \/>\nCAS Numaras\u0131: 551-68-8<br \/>\nMF\uff1aC6H12O6<br \/>\nEINECS Numaras\u0131: 208-999-7<br \/>\nG\u00f6r\u00fcn\u00fcm\uff1a Beyaz kristal toz<\/p>","protected":false},"featured_media":2138,"template":"","meta":{"_acf_changed":false,"_gspb_post_css":""},"product_brand":[],"product_cat":[55,56],"product_tag":[],"class_list":{"0":"post-2162","1":"product","2":"type-product","3":"status-publish","4":"has-post-thumbnail","6":"product_cat-food-additives","7":"product_cat-sweetener","9":"first","10":"instock","11":"shipping-taxable","12":"product-type-simple"},"acf":[],"_links":{"self":[{"href":"https:\/\/wpachem.com\/tr\/wp-json\/wp\/v2\/product\/2162","targetHints":{"allow":["GET"]}}],"collection":[{"href":"https:\/\/wpachem.com\/tr\/wp-json\/wp\/v2\/product"}],"about":[{"href":"https:\/\/wpachem.com\/tr\/wp-json\/wp\/v2\/types\/product"}],"version-history":[{"count":0,"href":"https:\/\/wpachem.com\/tr\/wp-json\/wp\/v2\/product\/2162\/revisions"}],"wp:featuredmedia":[{"embeddable":true,"href":"https:\/\/wpachem.com\/tr\/wp-json\/wp\/v2\/media\/2138"}],"wp:attachment":[{"href":"https:\/\/wpachem.com\/tr\/wp-json\/wp\/v2\/media?parent=2162"}],"wp:term":[{"taxonomy":"product_brand","embeddable":true,"href":"https:\/\/wpachem.com\/tr\/wp-json\/wp\/v2\/product_brand?post=2162"},{"taxonomy":"product_cat","embeddable":true,"href":"https:\/\/wpachem.com\/tr\/wp-json\/wp\/v2\/product_cat?post=2162"},{"taxonomy":"product_tag","embeddable":true,"href":"https:\/\/wpachem.com\/tr\/wp-json\/wp\/v2\/product_tag?post=2162"}],"curies":[{"name":"wp","href":"https:\/\/api.w.org\/{rel}","templated":true}]}}