{"id":2164,"date":"2022-07-05T14:26:26","date_gmt":"2022-07-05T14:26:26","guid":{"rendered":"http:\/\/site2.easyceotech.com\/?post_type=product&#038;p=2164"},"modified":"2024-03-12T08:12:42","modified_gmt":"2024-03-12T08:12:42","slug":"hydroxypropyl-methylcellulose","status":"publish","type":"product","link":"https:\/\/wpachem.com\/tr\/urun\/hydroxypropyl-methylcellulose\/","title":{"rendered":"Hidroksipropil Metilsel\u00fcloz"},"content":{"rendered":"<p>Hidroksipropil metil sel\u00fcloz HPMC, hidroksipropil ve metilin eter ba\u011f\u0131 ve sel\u00fclozun susuz glikoz halkas\u0131 ile ba\u011fland\u0131\u011f\u0131 metil sel\u00fclozun propilen glikol eteridir, beyaz ila gri beyaz sel\u00fcloz tozu veya par\u00e7ac\u0131klar\u0131, metil sel\u00fclozun so\u011fuk suda \u00e7\u00f6z\u00fcn\u00fcrl\u00fc\u011f\u00fcne ve s\u0131cak suda \u00e7\u00f6z\u00fcnmez \u00f6zelliklerine benzer. Organik \u00e7\u00f6z\u00fcc\u00fclerdeki \u00e7\u00f6z\u00fcn\u00fcrl\u00fc\u011f\u00fc suda \u00e7\u00f6z\u00fcn\u00fcr olandan daha iyidir ve susuz metanol ve etanol \u00e7\u00f6zeltilerinde ve ayr\u0131ca klorlu hidrokarbonlar ve ketonlarda \u00e7\u00f6z\u00fcn\u00fcr. Suda \u00e7\u00f6z\u00fcn\u00fcr, sulu \u00e7\u00f6zeltisi y\u00fczey aktivitesine sahiptir, kurutulduktan sonra ince bir film olu\u015fturur, \u0131s\u0131t\u0131l\u0131p so\u011futulduktan sonra, s\u0131rayla solden jele geri d\u00f6n\u00fc\u015f\u00fcml\u00fc bir d\u00f6n\u00fc\u015f\u00fcm ge\u00e7irir. So\u011fuk i\u00e7eceklerde tek ba\u015f\u0131na veya di\u011fer em\u00fclgat\u00f6rler ve stabilizat\u00f6rlerle birlikte kullan\u0131labilir<\/p>\n<table>\n<tbody>\n<tr>\n<td width=\"287\">Test \u00f6\u011fesi<\/td>\n<td width=\"287\">Birim<\/td>\n<td width=\"287\">\u015eartname<\/td>\n<td width=\"287\">Sonu\u00e7<\/td>\n<\/tr>\n<tr>\n<td width=\"287\">D\u0131\u015f g\u00f6r\u00fcn\u00fc\u015f<\/td>\n<td width=\"287\">\/<\/td>\n<td width=\"287\">Beyaz<\/td>\n<td width=\"287\">Beyaz<\/td>\n<\/tr>\n<tr>\n<td width=\"287\">Bi\u00e7im<\/td>\n<td width=\"287\">\/<\/td>\n<td width=\"287\">Sa\u011flam<\/td>\n<td width=\"287\">Sa\u011flam<\/td>\n<\/tr>\n<tr>\n<td width=\"287\">Koku<\/td>\n<td width=\"287\"><\/td>\n<td width=\"287\">Kokusuz<\/td>\n<td width=\"287\">kokusuz<\/td>\n<\/tr>\n<tr>\n<td width=\"287\">Viskozite<\/td>\n<td width=\"287\">\u00c7HS<\/td>\n<td width=\"287\">25\u2103 S14\/10 devir\/dakika<\/p>\n<p>90000~110000<\/td>\n<td width=\"287\">95000<\/td>\n<\/tr>\n<tr>\n<td width=\"287\">Su i\u00e7eri\u011fi<\/td>\n<td width=\"287\">%<\/td>\n<td width=\"287\">4-6<\/td>\n<td width=\"287\">4-6<\/td>\n<\/tr>\n<tr>\n<td width=\"287\">K\u00fcl<\/td>\n<td width=\"287\"><\/td>\n<td width=\"287\">3<\/td>\n<td width=\"287\">3<\/td>\n<\/tr>\n<tr>\n<td width=\"287\">Metoksil<\/td>\n<td width=\"287\">%<\/td>\n<td width=\"287\">&#8211;<\/td>\n<td width=\"287\">19-22<\/td>\n<\/tr>\n<tr>\n<td width=\"287\">Hidroksipropil<\/td>\n<td width=\"287\">%<\/td>\n<td width=\"287\">&#8211;<\/td>\n<td width=\"287\">6-12<\/td>\n<\/tr>\n<tr>\n<td width=\"287\">PH de\u011feri (25\u2103)<\/td>\n<td width=\"287\">&#8211;<\/td>\n<td width=\"287\">&#8211;<\/td>\n<td width=\"287\">6-8.5<\/td>\n<\/tr>\n<tr>\n<td width=\"287\">Jel s\u0131cakl\u0131\u011f\u0131<\/td>\n<td width=\"287\">\u2103<\/td>\n<td width=\"287\">&#8211;<\/td>\n<td width=\"287\">70-90<\/td>\n<\/tr>\n<tr>\n<td width=\"287\">\u0130ncelik<\/td>\n<td width=\"287\">A\u011f<\/td>\n<td width=\"287\">&#8211;<\/td>\n<td width=\"287\">100 mesh\uff1e96%<\/td>\n<\/tr>\n<tr>\n<td width=\"287\">Yo\u011funluk<\/td>\n<td width=\"287\">g\/\u339d3<\/td>\n<td width=\"287\">&#8211;<\/td>\n<td width=\"287\">0.4-0.6<\/td>\n<\/tr>\n<tr>\n<td width=\"287\">Oran<\/td>\n<td width=\"287\">Genel M\u00fcd\u00fcr<\/td>\n<td width=\"287\">&#8211;<\/td>\n<td width=\"287\">420-520<\/td>\n<\/tr>\n<tr>\n<td width=\"287\">Tutma oran\u0131<\/td>\n<td width=\"287\">%<\/td>\n<td width=\"287\">&#8211;<\/td>\n<td width=\"287\">93%<\/td>\n<\/tr>\n<tr>\n<td width=\"287\">Ge\u00e7irgenlik<\/td>\n<td width=\"287\">%<\/td>\n<td width=\"287\">&#8211;<\/td>\n<td width=\"287\">\u226565<\/td>\n<\/tr>\n<tr>\n<td width=\"287\">termokromik s\u0131cakl\u0131k<\/td>\n<td width=\"287\">\u2103<\/td>\n<td width=\"287\">&#8211;<\/td>\n<td width=\"287\">190-200<\/td>\n<\/tr>\n<tr>\n<td width=\"287\">Karbonizasyon s\u0131cakl\u0131\u011f\u0131<\/td>\n<td width=\"287\">\u2103<\/td>\n<td width=\"287\">&#8211;<\/td>\n<td width=\"287\">280-300<\/td>\n<\/tr>\n<\/tbody>\n<\/table>\n<p>&nbsp;<\/p>\n<p><strong>Ba\u015fvuru<\/strong><\/p>\n<p>Petrokimya, ka\u011f\u0131t yap\u0131m\u0131, deri, tekstil bask\u0131 ve boyama, t\u0131p, g\u0131da, kozmetik ve di\u011fer end\u00fcstrilerde da\u011f\u0131t\u0131c\u0131, koyula\u015ft\u0131r\u0131c\u0131, yap\u0131\u015ft\u0131r\u0131c\u0131, yard\u0131mc\u0131 madde, kaps\u00fcl, ya\u011fa dayan\u0131kl\u0131 kaplamalar ve dolgu maddeleri olarak yayg\u0131n olarak kullan\u0131lmaktad\u0131r.<\/p>\n<p><strong>Paketleme<\/strong><\/p>\n<p>25KG\/TORBA<\/p>","protected":false},"excerpt":{"rendered":"<p>\u00dcr\u00fcn Ad\u0131\uff1aHidroksipropil Metilsel\u00fcloz<br \/>\nCAS Numaras\u0131: 9004-65-3<br \/>\nMF\uff1aC3H7O*<br \/>\nEINECS Numaras\u0131: 618-389-6<br \/>\nG\u00f6r\u00fcn\u00fcm\uff1a Beyaz Toz<\/p>","protected":false},"featured_media":2168,"template":"","meta":{"_acf_changed":false,"_gspb_post_css":""},"product_brand":[],"product_cat":[55,58],"product_tag":[],"class_list":{"0":"post-2164","1":"product","2":"type-product","3":"status-publish","4":"has-post-thumbnail","6":"product_cat-food-additives","7":"product_cat-thicknerstablizer","9":"first","10":"instock","11":"shipping-taxable","12":"product-type-simple"},"acf":[],"_links":{"self":[{"href":"https:\/\/wpachem.com\/tr\/wp-json\/wp\/v2\/product\/2164","targetHints":{"allow":["GET"]}}],"collection":[{"href":"https:\/\/wpachem.com\/tr\/wp-json\/wp\/v2\/product"}],"about":[{"href":"https:\/\/wpachem.com\/tr\/wp-json\/wp\/v2\/types\/product"}],"version-history":[{"count":0,"href":"https:\/\/wpachem.com\/tr\/wp-json\/wp\/v2\/product\/2164\/revisions"}],"wp:featuredmedia":[{"embeddable":true,"href":"https:\/\/wpachem.com\/tr\/wp-json\/wp\/v2\/media\/2168"}],"wp:attachment":[{"href":"https:\/\/wpachem.com\/tr\/wp-json\/wp\/v2\/media?parent=2164"}],"wp:term":[{"taxonomy":"product_brand","embeddable":true,"href":"https:\/\/wpachem.com\/tr\/wp-json\/wp\/v2\/product_brand?post=2164"},{"taxonomy":"product_cat","embeddable":true,"href":"https:\/\/wpachem.com\/tr\/wp-json\/wp\/v2\/product_cat?post=2164"},{"taxonomy":"product_tag","embeddable":true,"href":"https:\/\/wpachem.com\/tr\/wp-json\/wp\/v2\/product_tag?post=2164"}],"curies":[{"name":"wp","href":"https:\/\/api.w.org\/{rel}","templated":true}]}}