{"id":2171,"date":"2022-07-05T14:34:27","date_gmt":"2022-07-05T14:34:27","guid":{"rendered":"http:\/\/site2.easyceotech.com\/?post_type=product&#038;p=2171"},"modified":"2024-03-12T08:12:38","modified_gmt":"2024-03-12T08:12:38","slug":"carboxymethyl-cellulose","status":"publish","type":"product","link":"https:\/\/wpachem.com\/tr\/urun\/carboxymethyl-cellulose\/","title":{"rendered":"Karboksimetil sel\u00fcloz"},"content":{"rendered":"<p>Karboksimetil sel\u00fcloz (CMC) veya sel\u00fcloz zamk\u0131, sel\u00fcloz omurgas\u0131n\u0131 olu\u015fturan glukopiranoz monomerlerinin baz\u0131 hidroksil gruplar\u0131na ba\u011fl\u0131 karboksimetil gruplar\u0131 (-CH2-COOH) i\u00e7eren bir sel\u00fcloz t\u00fcrevidir. Genellikle sodyum tuzu, sodyum karboksimetil sel\u00fcloz olarak kullan\u0131l\u0131r.<\/p>\n<table>\n<tbody>\n<tr>\n<td width=\"383\">\u00d6\u011fe<\/td>\n<td width=\"383\">\u015eartname<\/td>\n<td width=\"383\">Sonu\u00e7<\/td>\n<\/tr>\n<tr>\n<td width=\"383\">D\u0131\u015f g\u00f6r\u00fcn\u00fc\u015f<\/td>\n<td width=\"383\">Beyaz veya sar\u0131ms\u0131 toz<\/td>\n<td width=\"383\">Nitelikli<\/td>\n<\/tr>\n<tr>\n<td width=\"383\">Viskozite<\/td>\n<td width=\"383\">800-1200<\/td>\n<td width=\"383\">1050<\/td>\n<\/tr>\n<tr>\n<td width=\"383\">pH<\/td>\n<td width=\"383\">6.0-8.5<\/td>\n<td width=\"383\">7.12<\/td>\n<\/tr>\n<tr>\n<td width=\"383\">Sodyum klor\u00fcr %<\/td>\n<td width=\"383\">\u22640,5<\/td>\n<td width=\"383\">0,2<\/td>\n<\/tr>\n<tr>\n<td width=\"383\">\u0130kame derecesi<\/td>\n<td width=\"383\">0.2-1.5<\/td>\n<td width=\"383\">0.86<\/td>\n<\/tr>\n<tr>\n<td width=\"383\">Safl\u0131k %<\/td>\n<td width=\"383\">99.5<\/td>\n<td width=\"383\">99.6<\/td>\n<\/tr>\n<tr>\n<td width=\"383\">Nem %<\/td>\n<td width=\"383\">\u22648<\/td>\n<td width=\"383\">6<\/td>\n<\/tr>\n<tr>\n<td width=\"383\">% olarak<\/td>\n<td width=\"383\">\u22640,0002<\/td>\n<td width=\"383\">&lt;0,0002<\/td>\n<\/tr>\n<tr>\n<td width=\"383\">Pb%<\/td>\n<td width=\"383\">\u22640,0002<\/td>\n<td width=\"383\">&lt;0,0002<\/td>\n<\/tr>\n<\/tbody>\n<\/table>\n<p>&nbsp;<\/p>\n<p><strong>Ba\u015fvuru<\/strong><\/p>\n<p>Karboksimetil sel\u00fcloz (CMC), g\u0131dalarda koyula\u015ft\u0131rma, s\u00fcspansiyon, em\u00fclsifikasyon, stabilizasyon, \u015fekil koruma, film olu\u015fturma, genle\u015fme, koruma, asit direnci ve sa\u011fl\u0131k bak\u0131m\u0131 gibi \u00e7e\u015fitli i\u015flevlere sahiptir. Guar zamk\u0131, jelatin, Agar, sodyum aljinat ve pektinin g\u0131da \u00fcretimindeki rol\u00fc, laktobasil i\u00e7ecekleri, meyveli s\u00fct, dondurma, \u015ferbet, jelatin, yumu\u015fak \u015fekerleme, j\u00f6le, ekmek, dolgular, krepler, So\u011fuk \u00fcr\u00fcnler, kat\u0131 i\u00e7ecekler, \u00e7e\u015fniler, bisk\u00fcviler, haz\u0131r eri\u015fteler, et \u00fcr\u00fcnleri, macun, bisk\u00fcviler, gl\u00fctensiz ekmek, gl\u00fctensiz makarna vb. gibi modern g\u0131da end\u00fcstrisinde yayg\u0131n olarak kullan\u0131lmaktad\u0131r. G\u0131dalarda kullan\u0131ld\u0131\u011f\u0131nda, tad\u0131 iyile\u015ftirebilir, \u00fcr\u00fcn\u00fcn derecesini ve kalitesini art\u0131rabilir ve raf \u00f6mr\u00fcn\u00fc uzatabilir.<\/p>\n<p><strong>Paketleme<\/strong><\/p>\n<p>25KG\/TORBA<\/p>","protected":false},"excerpt":{"rendered":"<p>\u00dcr\u00fcn Ad\u0131\uff1aKarboksimetil sel\u00fcloz<br \/>\nCAS Numaras\u0131: 9004-32-4<br \/>\nMF\uff1aC6H12O6<br \/>\nEINECS Numaras\u0131: 618-326-2<br \/>\nG\u00f6r\u00fcn\u00fcm\uff1a Beyaz toz<\/p>","protected":false},"featured_media":2173,"template":"","meta":{"_acf_changed":false,"_gspb_post_css":""},"product_brand":[],"product_cat":[55,58],"product_tag":[],"class_list":{"0":"post-2171","1":"product","2":"type-product","3":"status-publish","4":"has-post-thumbnail","6":"product_cat-food-additives","7":"product_cat-thicknerstablizer","9":"first","10":"instock","11":"shipping-taxable","12":"product-type-simple"},"acf":[],"_links":{"self":[{"href":"https:\/\/wpachem.com\/tr\/wp-json\/wp\/v2\/product\/2171","targetHints":{"allow":["GET"]}}],"collection":[{"href":"https:\/\/wpachem.com\/tr\/wp-json\/wp\/v2\/product"}],"about":[{"href":"https:\/\/wpachem.com\/tr\/wp-json\/wp\/v2\/types\/product"}],"version-history":[{"count":0,"href":"https:\/\/wpachem.com\/tr\/wp-json\/wp\/v2\/product\/2171\/revisions"}],"wp:featuredmedia":[{"embeddable":true,"href":"https:\/\/wpachem.com\/tr\/wp-json\/wp\/v2\/media\/2173"}],"wp:attachment":[{"href":"https:\/\/wpachem.com\/tr\/wp-json\/wp\/v2\/media?parent=2171"}],"wp:term":[{"taxonomy":"product_brand","embeddable":true,"href":"https:\/\/wpachem.com\/tr\/wp-json\/wp\/v2\/product_brand?post=2171"},{"taxonomy":"product_cat","embeddable":true,"href":"https:\/\/wpachem.com\/tr\/wp-json\/wp\/v2\/product_cat?post=2171"},{"taxonomy":"product_tag","embeddable":true,"href":"https:\/\/wpachem.com\/tr\/wp-json\/wp\/v2\/product_tag?post=2171"}],"curies":[{"name":"wp","href":"https:\/\/api.w.org\/{rel}","templated":true}]}}