{"id":2184,"date":"2022-07-05T14:44:57","date_gmt":"2022-07-05T14:44:57","guid":{"rendered":"http:\/\/site2.easyceotech.com\/?post_type=product&#038;p=2184"},"modified":"2024-03-12T08:12:26","modified_gmt":"2024-03-12T08:12:26","slug":"poly-aluminium-chloride","status":"publish","type":"product","link":"https:\/\/wpachem.com\/tr\/urun\/poly-aluminium-chloride\/","title":{"rendered":"Poli al\u00fcminyum klor\u00fcr"},"content":{"rendered":"<p>Poli Al\u00fcminyum Klor\u00fcr (PAC) her t\u00fcrl\u00fc haliyle, farkl\u0131 end\u00fcstrilerde end\u00fcstriyel bir koag\u00fclant ve flok\u00fclant olarak yayg\u0131n olarak kullan\u0131l\u0131r. Farkl\u0131 ama\u00e7lar i\u00e7in farkl\u0131 PAC dereceleri mevcuttur. PAC \u00fcr\u00fcnleri, y\u00fczey suyundan ask\u0131da kat\u0131 maddelerin (Bulan\u0131kl\u0131k) ve do\u011fal organik madde, Mikro organizmalar ve kolloidal par\u00e7ac\u0131klar, silt ve kil gibi di\u011fer kirleticilerin uzakla\u015ft\u0131r\u0131lmas\u0131 i\u00e7in su ar\u0131t\u0131m\u0131nda kullan\u0131l\u0131r, par\u00e7ac\u0131klar\u0131n birle\u015fmesini \u00f6nleyen y\u00fczey elektrostatik y\u00fckleri taraf\u0131ndan stabilize edilir. Muhtemelen \u015fapa g\u00f6re daha y\u00fcksek y\u00fck n\u00f6trle\u015ftirme kapasitesi nedeniyle d\u00fc\u015f\u00fck ila orta bulan\u0131kl\u0131ktaki sularda avantajl\u0131d\u0131r.<\/p>\n<table>\n<tbody>\n<tr>\n<td width=\"248\">\u00d6\u011feler<\/td>\n<td width=\"316\">Polial\u00fcminyum Klor\u00fcr PAC Kat\u0131,i\u00e7me suyu ar\u0131t\u0131m\u0131<\/td>\n<td width=\"568\"><strong>\u00a0<\/strong><\/p>\n<p>\u00d6zellikler<\/td>\n<\/tr>\n<tr>\n<td width=\"248\"><strong>\u00a0<\/strong><\/p>\n<p><strong>\u00a0<\/strong><\/p>\n<p>\u00d6zellikler<\/td>\n<td width=\"316\">D\u0131\u015f g\u00f6r\u00fcn\u00fc\u015f<\/td>\n<td width=\"568\">A\u00e7\u0131k sar\u0131 toz<\/td>\n<\/tr>\n<tr>\n<td width=\"248\"><\/td>\n<td width=\"316\">\u00c7\u00f6z\u00fcn\u00fcrl\u00fck<\/td>\n<td width=\"568\">Kolayca \u00c7\u00f6z\u00fcn\u00fcr<\/td>\n<\/tr>\n<tr>\n<td width=\"248\"><\/td>\n<td width=\"316\">Toksisite<\/td>\n<td width=\"568\">Toksik olmayan<\/td>\n<\/tr>\n<tr>\n<td colspan=\"2\" width=\"565\"><strong>\u00a0<\/strong><\/p>\n<p>\u015eartname<\/td>\n<td width=\"568\"><strong>\u00a0<\/strong><\/p>\n<p>\u015eartname<\/td>\n<\/tr>\n<tr>\n<td colspan=\"2\" width=\"565\">Al\u00fcminyum Oksit AL2O3\u0130\u00e7eri\u011fi<\/td>\n<td width=\"568\">30%min<\/td>\n<\/tr>\n<tr>\n<td colspan=\"2\" width=\"565\">Temellik<\/td>\n<td width=\"568\">40.0%-90.0%<\/td>\n<\/tr>\n<tr>\n<td colspan=\"2\" width=\"565\">PH de\u011feri 1% sulu \u00e7\u00f6zelti<\/td>\n<td width=\"568\">3.5-5.0<\/td>\n<\/tr>\n<tr>\n<td colspan=\"2\" width=\"565\">Suda \u00e7\u00f6z\u00fcnmeyen madde<\/td>\n<td width=\"568\">0.6%MAKS<\/td>\n<\/tr>\n<tr>\n<td colspan=\"2\" width=\"565\">Fe \u0130\u00e7eri\u011fi<\/td>\n<td width=\"568\">0.2%maks<\/td>\n<\/tr>\n<tr>\n<td colspan=\"2\" width=\"565\">\u0130\u00e7erik Olarak<\/td>\n<td width=\"568\">0.0002%maks<\/td>\n<\/tr>\n<tr>\n<td colspan=\"2\" width=\"565\">Pb \u0130\u00e7eri\u011fi<\/td>\n<td width=\"568\">0.001%maks<\/td>\n<\/tr>\n<tr>\n<td colspan=\"2\" width=\"565\">Cr6+ \u0130\u00e7eri\u011fi<\/td>\n<td width=\"568\">0.0005%MAKS<\/td>\n<\/tr>\n<tr>\n<td colspan=\"2\" width=\"565\">Cd \u0130\u00e7eri\u011fi<\/td>\n<td width=\"568\">0.0002%maks<\/td>\n<\/tr>\n<tr>\n<td colspan=\"2\" width=\"565\">Hg \u0130\u00e7eri\u011fi<\/td>\n<td width=\"568\">0.00001%MAKS<\/td>\n<\/tr>\n<tr>\n<td colspan=\"2\" width=\"565\">Paket<\/td>\n<td width=\"568\">\u0130\u00e7inde PE bulunan PP dokuma torbada 25kg\/torba<\/td>\n<\/tr>\n<tr>\n<td colspan=\"2\" width=\"565\"><strong>\u00a0<\/strong><\/p>\n<p>Depolamak<\/td>\n<td width=\"568\">\u00dcr\u00fcn kapat\u0131lmal\u0131 ve saklanmal\u0131d\u0131r.<\/p>\n<p>Ya\u011fmurdan, y\u00fcksek s\u0131cakl\u0131ktan ve g\u00fc\u00e7l\u00fc g\u00fcne\u015f \u0131\u015f\u0131\u011f\u0131ndan korunmak i\u00e7in kuru ve havaland\u0131r\u0131lan bir yer.<\/td>\n<\/tr>\n<tr>\n<td colspan=\"2\" width=\"565\">Raf \u00f6mr\u00fc<\/td>\n<td width=\"568\">Do\u011fru depolama ko\u015fullar\u0131nda 24 ay<\/td>\n<\/tr>\n<tr>\n<td colspan=\"2\" width=\"565\">\u0130\u015flev<\/td>\n<td width=\"568\">i\u00e7me suyu ar\u0131t\u0131m\u0131<\/td>\n<\/tr>\n<\/tbody>\n<\/table>\n<p>&nbsp;<\/p>\n<p><strong>Ba\u015fvuru<\/strong><\/p>\n<p>Evsel at\u0131k su, belediye at\u0131k su, elektrokaplama, bask\u0131 ve boyama, ka\u011f\u0131t yap\u0131m\u0131, metalurji, kimya end\u00fcstrisi, k\u00f6m\u00fcr y\u0131kama ve di\u011fer end\u00fcstriyel at\u0131k su ar\u0131t\u0131m\u0131<\/p>\n<p><strong>Paketleme<\/strong><\/p>\n<p>25KG\/TORBA<\/p>","protected":false},"excerpt":{"rendered":"<p>\u00dcr\u00fcn Ad\u0131\uff1aPoli al\u00fcminyum klor\u00fcr<br \/>\nCAS Numaras\u0131: 101707-17-9<br \/>\nMF\uff1aAl2Cl(OH)5<br \/>\nEINECS Numaras\u0131: 215-477-2<br \/>\nG\u00f6r\u00fcn\u00fcm\uff1a Sar\u0131 toz<\/p>","protected":false},"featured_media":2185,"template":"","meta":{"_acf_changed":false,"_gspb_post_css":""},"product_brand":[],"product_cat":[65],"product_tag":[],"class_list":{"0":"post-2184","1":"product","2":"type-product","3":"status-publish","4":"has-post-thumbnail","6":"product_cat-water-treatment-agent","8":"first","9":"instock","10":"shipping-taxable","11":"product-type-simple"},"acf":[],"_links":{"self":[{"href":"https:\/\/wpachem.com\/tr\/wp-json\/wp\/v2\/product\/2184","targetHints":{"allow":["GET"]}}],"collection":[{"href":"https:\/\/wpachem.com\/tr\/wp-json\/wp\/v2\/product"}],"about":[{"href":"https:\/\/wpachem.com\/tr\/wp-json\/wp\/v2\/types\/product"}],"version-history":[{"count":0,"href":"https:\/\/wpachem.com\/tr\/wp-json\/wp\/v2\/product\/2184\/revisions"}],"wp:featuredmedia":[{"embeddable":true,"href":"https:\/\/wpachem.com\/tr\/wp-json\/wp\/v2\/media\/2185"}],"wp:attachment":[{"href":"https:\/\/wpachem.com\/tr\/wp-json\/wp\/v2\/media?parent=2184"}],"wp:term":[{"taxonomy":"product_brand","embeddable":true,"href":"https:\/\/wpachem.com\/tr\/wp-json\/wp\/v2\/product_brand?post=2184"},{"taxonomy":"product_cat","embeddable":true,"href":"https:\/\/wpachem.com\/tr\/wp-json\/wp\/v2\/product_cat?post=2184"},{"taxonomy":"product_tag","embeddable":true,"href":"https:\/\/wpachem.com\/tr\/wp-json\/wp\/v2\/product_tag?post=2184"}],"curies":[{"name":"wp","href":"https:\/\/api.w.org\/{rel}","templated":true}]}}