{"id":2199,"date":"2022-07-05T14:56:36","date_gmt":"2022-07-05T14:56:36","guid":{"rendered":"http:\/\/site2.easyceotech.com\/?post_type=product&#038;p=2199"},"modified":"2024-03-12T08:11:32","modified_gmt":"2024-03-12T08:11:32","slug":"chloroprene-rubber","status":"publish","type":"product","link":"https:\/\/wpachem.com\/tr\/urun\/chloroprene-rubber\/","title":{"rendered":"Kloropren kau\u00e7uk"},"content":{"rendered":"<p>H\u0131zl\u0131 kristalle\u015fme oran\u0131na ve oda s\u0131cakl\u0131\u011f\u0131nda y\u00fcksek ba\u011flanma mukavemetine sahip bir ksantojen veya dodesil merkaptan modifiye polikloropren kau\u00e7uk. Yo\u011funlu\u011fu 1.23&#039;t\u00fcr. Denka&#039;n\u0131n A serisine A-90 ve Du Pont&#039;un neopren AD serisine AD-20 olarak benzerdir.<\/p>\n<p>&nbsp;<\/p>\n<p style=\"text-align: center;\"><strong>CR 232 serisi<\/strong><\/p>\n<table>\n<tbody>\n<tr>\n<td width=\"344\">\u00d6\u011fe<\/td>\n<td colspan=\"3\" width=\"585\">Dizin<\/td>\n<\/tr>\n<tr>\n<td width=\"344\"><strong>\u00a0<\/strong><\/p>\n<p>Mooney Viskozitesi (ML 100\u2103 1+4)<\/td>\n<td width=\"181\">CR2321<\/td>\n<td width=\"182\">CR2322<\/td>\n<td width=\"221\">CR2323<\/td>\n<\/tr>\n<tr>\n<td width=\"344\"><\/td>\n<td width=\"181\">35-45<\/td>\n<td width=\"182\">46-55<\/td>\n<td width=\"221\">Buna g\u00f6re<\/p>\n<p>m\u00fc\u015fteri ihtiya\u00e7lar\u0131<\/td>\n<\/tr>\n<tr>\n<td width=\"344\">Mooney Kavurucu<\/p>\n<p>(Bayan t<sub>5<\/sub>, dakika ) \u2265<\/td>\n<td colspan=\"3\" width=\"585\">11<\/td>\n<\/tr>\n<tr>\n<td width=\"344\">\u00c7ekme dayan\u0131m\u0131, MPa \u2265<\/td>\n<td colspan=\"3\" width=\"585\">12<\/td>\n<\/tr>\n<tr>\n<td width=\"344\">500\uff05,MPa&#039;da mod\u00fcl<\/td>\n<td colspan=\"3\" width=\"585\">1~5<\/td>\n<\/tr>\n<tr>\n<td width=\"344\">Kopma an\u0131ndaki uzama \uff0c\uff05 \u2265<\/td>\n<td colspan=\"3\" width=\"585\">750<\/td>\n<\/tr>\n<tr>\n<td width=\"344\">U\u00e7ucu madde\uff0c\uff05 \u2264<\/td>\n<td colspan=\"3\" width=\"585\">1.2<\/td>\n<\/tr>\n<tr>\n<td width=\"344\">K\u00fcl i\u00e7eri\u011fi\uff0c\uff05 \u2264<\/td>\n<td colspan=\"3\" width=\"585\">1.2<\/td>\n<\/tr>\n<\/tbody>\n<\/table>\n<p>&nbsp;<\/p>\n<hr \/>\n<p style=\"text-align: center;\"><strong>CR 244 serisi<\/strong><\/p>\n<table>\n<tbody>\n<tr>\n<td width=\"331\">\u00d6\u011fe<\/td>\n<td colspan=\"2\" width=\"663\">Dizin<\/td>\n<\/tr>\n<tr>\n<td width=\"331\"><strong>\u00a0<\/strong><\/p>\n<p>5% toluen \u00e7\u00f6zeltisindeki viskozite, mPa.s<\/td>\n<td width=\"331\">CR2441<\/td>\n<td width=\"331\">25-34<\/td>\n<\/tr>\n<tr>\n<td width=\"331\"><\/td>\n<td width=\"331\">CR2442<\/td>\n<td width=\"331\">35-53<\/td>\n<\/tr>\n<tr>\n<td width=\"331\"><\/td>\n<td width=\"331\">CR2443<\/td>\n<td width=\"331\">54-75<\/td>\n<\/tr>\n<tr>\n<td width=\"331\"><\/td>\n<td width=\"331\">CR2444<\/td>\n<td width=\"331\">76-115<\/td>\n<\/tr>\n<tr>\n<td width=\"331\"><\/td>\n<td width=\"331\">CR244A<\/td>\n<td width=\"331\">116-140<\/td>\n<\/tr>\n<tr>\n<td width=\"331\"><\/td>\n<td width=\"331\">CR244B<\/td>\n<td width=\"331\">\u2265 141<\/td>\n<\/tr>\n<tr>\n<td width=\"331\">Soyulma Mukavemeti, N\/cm<\/p>\n<p>\u2265<\/td>\n<td colspan=\"2\" width=\"663\">90<\/td>\n<\/tr>\n<tr>\n<td width=\"331\">U\u00e7ucu, % \u2264<\/td>\n<td colspan=\"2\" width=\"663\">1.5<\/td>\n<\/tr>\n<tr>\n<td width=\"331\">K\u00fcl\uff0c% \u2264<\/td>\n<td colspan=\"2\" width=\"663\">1.5<\/td>\n<\/tr>\n<\/tbody>\n<\/table>\n<p>&nbsp;<\/p>\n<p><strong>Ba\u015fvuru<\/strong><\/p>\n<p>Kloropren yap\u0131\u015ft\u0131r\u0131c\u0131lar\u0131 yapmak i\u00e7in. Kloropren yap\u0131\u015ft\u0131r\u0131c\u0131lar\u0131 kau\u00e7uk, deri, elyaf, metal, ah\u015fap, \u00e7imento \u00fcr\u00fcnleri vb. ba\u011flamak i\u00e7in kullan\u0131l\u0131r.<\/p>\n<p><strong>Paketleme<\/strong><\/p>\n<p>25KG\/TORBA<\/p>","protected":false},"excerpt":{"rendered":"<p>\u00dcr\u00fcn Ad\u0131\uff1aKloropren kau\u00e7uk<br \/>\nCAS Numaras\u0131: 9010-98-4<br \/>\nMF\uff1aC4H5Cl<br \/>\nEINECS Numaras\u0131: 618-463-8<br \/>\nG\u00f6r\u00fcn\u00fcm\uff1a S\u00fct beyaz\u0131 cipsler<\/p>","protected":false},"featured_media":2201,"template":"","meta":{"_acf_changed":false,"_gspb_post_css":""},"product_brand":[],"product_cat":[62,76],"product_tag":[],"class_list":{"0":"post-2199","1":"product","2":"type-product","3":"status-publish","4":"has-post-thumbnail","6":"product_cat-rubberplastic-ingredients","7":"product_cat-others","9":"first","10":"instock","11":"shipping-taxable","12":"product-type-simple"},"acf":[],"_links":{"self":[{"href":"https:\/\/wpachem.com\/tr\/wp-json\/wp\/v2\/product\/2199","targetHints":{"allow":["GET"]}}],"collection":[{"href":"https:\/\/wpachem.com\/tr\/wp-json\/wp\/v2\/product"}],"about":[{"href":"https:\/\/wpachem.com\/tr\/wp-json\/wp\/v2\/types\/product"}],"version-history":[{"count":0,"href":"https:\/\/wpachem.com\/tr\/wp-json\/wp\/v2\/product\/2199\/revisions"}],"wp:featuredmedia":[{"embeddable":true,"href":"https:\/\/wpachem.com\/tr\/wp-json\/wp\/v2\/media\/2201"}],"wp:attachment":[{"href":"https:\/\/wpachem.com\/tr\/wp-json\/wp\/v2\/media?parent=2199"}],"wp:term":[{"taxonomy":"product_brand","embeddable":true,"href":"https:\/\/wpachem.com\/tr\/wp-json\/wp\/v2\/product_brand?post=2199"},{"taxonomy":"product_cat","embeddable":true,"href":"https:\/\/wpachem.com\/tr\/wp-json\/wp\/v2\/product_cat?post=2199"},{"taxonomy":"product_tag","embeddable":true,"href":"https:\/\/wpachem.com\/tr\/wp-json\/wp\/v2\/product_tag?post=2199"}],"curies":[{"name":"wp","href":"https:\/\/api.w.org\/{rel}","templated":true}]}}