{"id":2206,"date":"2022-07-05T15:05:22","date_gmt":"2022-07-05T15:05:22","guid":{"rendered":"http:\/\/site2.easyceotech.com\/?post_type=product&#038;p=2206"},"modified":"2024-03-12T08:11:25","modified_gmt":"2024-03-12T08:11:25","slug":"epoxy-resin","status":"publish","type":"product","link":"https:\/\/wpachem.com\/tr\/urun\/epoxy-resin\/","title":{"rendered":"Epoksi re\u00e7ine"},"content":{"rendered":"<p><strong>\u00d6zellikleri:<\/strong><\/p>\n<p>EP olarak da adland\u0131r\u0131lan epoksi re\u00e7ine, molek\u00fcler yap\u0131lar\u0131nda iki veya daha fazla epoksi grubu i\u00e7eren re\u00e7ineler i\u00e7in genel bir terimdir. Molek\u00fcl\u00fcn uzunlu\u011fu veya uzunlu\u011fundan ba\u011f\u0131ms\u0131z olarak, ba\u011f\u0131n iki ucu temelde epoksi grubudur ve epoksi grubunun i\u015flevsel derecesi 2&#039;dir. Sertle\u015ftirici madde ile \u00e7apraz ba\u011fland\u0131ktan sonra \u00fc\u00e7 boyutlu bir a\u011f yap\u0131s\u0131 olu\u015fturabilir, bu nedenle epoksi re\u00e7ine bir t\u00fcr polimer bile\u015fi\u011fidir. Polimerizasyon derecesine g\u00f6re s\u0131v\u0131 veya kat\u0131 olarak ayr\u0131labilir. Epoksi grubu \u00fc\u00e7l\u00fc bir halka oldu\u011fundan, bu \u00fc\u00e7l\u00fc halkan\u0131n a\u00e7\u0131lmas\u0131 kolayd\u0131r ve g\u00fc\u00e7l\u00fc bir reaktiviteye sahiptir, epoksi re\u00e7inesinin bir\u00e7ok \u00f6zelli\u011fi bundan t\u00fcretilmi\u015ftir. Epoksi re\u00e7inesinin en \u00f6nemli \u00e7e\u015fidi epiklorohidrin ve bisfenol A tipi epoksi propil eter epoksi re\u00e7inesinin polikondensasyonudur; Ayr\u0131ca, alken ba\u011flar\u0131 i\u00e7eren bile\u015fiklerle reaksiyona girerek yap\u0131lan epoksi re\u00e7ineleri de vard\u0131r.<\/p>\n<table>\n<tbody>\n<tr>\n<td>Bilgi<\/td>\n<td colspan=\"3\" width=\"702\">CNMI End\u00fcstriyel Epoksi re\u00e7ine AR-1, oda s\u0131cakl\u0131\u011f\u0131nda ve d\u00fc\u015f\u00fck s\u0131cakl\u0131kta k\u00fcrlenen bir t\u00fcr epoksi re\u00e7inedir. D\u00fc\u015f\u00fck kalorifik de\u011fere sahiptir<br \/>\nde\u011fer, iyi p\u00fcr\u00fczs\u00fczl\u00fck, do\u011fal k\u00f6p\u00fck \u00f6nleyici, d\u00fc\u015f\u00fck viskozite, y\u00fcksek mukavemet ve y\u00fcksek sertlik. Oda s\u0131cakl\u0131\u011f\u0131nda veya<br \/>\n\u0131s\u0131tma.<\/td>\n<td width=\"89\"><\/td>\n<\/tr>\n<tr>\n<td width=\"82\"><\/td>\n<td>\u015eartname<br \/>\n(1)<\/td>\n<td>Epoksi Re\u00e7ine<\/td>\n<td width=\"384\">AR-1A<\/td>\n<td width=\"89\">Standart<\/td>\n<\/tr>\n<tr>\n<td width=\"82\"><\/td>\n<td><\/td>\n<td>D\u0131\u015f g\u00f6r\u00fcn\u00fc\u015f<\/td>\n<td width=\"384\">Renksiz \u015eeffaf S\u0131v\u0131<\/td>\n<td width=\"89\">&#8212;&#8212;-<\/td>\n<\/tr>\n<tr>\n<td width=\"82\"><\/td>\n<td><\/td>\n<td>Viskozite (mPa.s 25\u2103)<\/td>\n<td width=\"384\">500-1000<\/td>\n<td width=\"89\">GB\/T 22314-2008<\/td>\n<\/tr>\n<tr>\n<td width=\"82\"><\/td>\n<td><\/td>\n<td>\u00d6zg\u00fcl A\u011f\u0131rl\u0131k 25\u2103<\/td>\n<td width=\"384\">1.05<\/td>\n<td width=\"89\">GB\/T 4612-2008<\/td>\n<\/tr>\n<tr>\n<td width=\"82\"><\/td>\n<td><\/td>\n<td>Sertle\u015ftirici<\/td>\n<td width=\"384\">AR-1B<\/td>\n<td width=\"89\">Standart<\/td>\n<\/tr>\n<tr>\n<td width=\"82\"><\/td>\n<td><\/td>\n<td>D\u0131\u015f g\u00f6r\u00fcn\u00fc\u015f<\/td>\n<td width=\"384\">Renksiz \u015eeffaf S\u0131v\u0131<\/td>\n<td width=\"89\">&#8212;&#8212;&#8211;<\/td>\n<\/tr>\n<tr>\n<td width=\"82\"><\/td>\n<td><\/td>\n<td>Viskozite (mPa.s 25\u2103)<\/td>\n<td width=\"384\">100<\/td>\n<td width=\"89\">GB\/T 22314-2008<\/td>\n<\/tr>\n<tr>\n<td width=\"82\"><\/td>\n<td><\/td>\n<td>\u00d6zg\u00fcl A\u011f\u0131rl\u0131k 25\u2103<\/td>\n<td width=\"384\">0.96<\/td>\n<td width=\"89\">GB\/T 4612-2008<\/td>\n<\/tr>\n<\/tbody>\n<\/table>\n<p>&nbsp;<\/p>\n<p><strong>Ba\u015fvuru<\/strong><\/p>\n<p>Epoksi re\u00e7ine, yap\u0131\u015ft\u0131r\u0131c\u0131, antikorozif malzeme, yal\u0131t\u0131m kaplamas\u0131, laminasyon malzemesi, d\u00f6k\u00fcm ve emprenye malzemesi, kal\u0131plama malzemesi vb. olarak yayg\u0131n olarak kullan\u0131l\u0131r. Ayr\u0131ca cam elyaf takviyeli plastikler, elektrikli hassas par\u00e7alar, darbeye dayan\u0131kl\u0131 ve ses emici malzemeler, tekstil terbiye maddesi olarak da kullan\u0131labilir. Kaplama a\u00e7\u0131s\u0131ndan, esas olarak gemiler, demir ve \u00e7elik bile\u015fenler, metal konteynerler vb. i\u00e7in metal koruyucu kaplama olarak kullan\u0131l\u0131r. Ayr\u0131ca, katyonik elektroforetik kaplama ta\u015f\u0131y\u0131c\u0131s\u0131 olarak, otomobil g\u00f6vdesinin alt kaplamas\u0131nda yayg\u0131n olarak kullan\u0131l\u0131r. \u00d6zellikle elektronik end\u00fcstrisinde, elektrikli cihazlarda yal\u0131t\u0131m boyas\u0131, enjeksiyon malzemesi ve kal\u0131plama malzemesi olarak yayg\u0131n olarak kullan\u0131l\u0131r. Lamine levhaya ek olarak, LSI, IC ve di\u011fer s\u0131zd\u0131rmazl\u0131k malzemesi olarak yayg\u0131n olarak kullan\u0131l\u0131r. \u0130n\u015faatta, kaymaz kaplama, zemin malzemesi ve beton d\u00f6k\u00fcm yolu i\u00e7in har\u00e7 malzemesi olarak kullan\u0131l\u0131r; \u0130yi yap\u0131\u015fma \u00f6zelli\u011fine sahip bir yap\u0131\u015ft\u0131r\u0131c\u0131 olarak, metal ve metal olmayan malzemelerin (seramik, cam, ah\u015fap vb.) ba\u011flanmas\u0131nda yayg\u0131n olarak kullan\u0131l\u0131r; Ayr\u0131ca re\u00e7ine, PVC sabitleyici olarak kullan\u0131l\u0131r; K\u0131r\u0131\u015fmay\u0131 ve \u00e7ekmeyi \u00f6nleyen tekstil astar\u0131.<\/p>\n<p><strong>Paketleme<\/strong><\/p>\n<p>25KG\/VAR\u0130L<\/p>","protected":false},"excerpt":{"rendered":"<p>\u00dcr\u00fcn Ad\u0131\uff1aEpoksi re\u00e7ine<br \/>\nCAS Numaras\u0131: 61788-97-4<br \/>\nMF\uff1aC21H23ClFNO2<br \/>\nEINECS Numaras\u0131:\/<br \/>\nG\u00f6r\u00fcn\u00fcm\uff1a Renksiz \u015eeffaf S\u0131v\u0131<\/p>","protected":false},"featured_media":2212,"template":"","meta":{"_acf_changed":false,"_gspb_post_css":""},"product_brand":[],"product_cat":[62,76],"product_tag":[],"class_list":{"0":"post-2206","1":"product","2":"type-product","3":"status-publish","4":"has-post-thumbnail","6":"product_cat-rubberplastic-ingredients","7":"product_cat-others","9":"first","10":"instock","11":"shipping-taxable","12":"product-type-simple"},"acf":[],"_links":{"self":[{"href":"https:\/\/wpachem.com\/tr\/wp-json\/wp\/v2\/product\/2206","targetHints":{"allow":["GET"]}}],"collection":[{"href":"https:\/\/wpachem.com\/tr\/wp-json\/wp\/v2\/product"}],"about":[{"href":"https:\/\/wpachem.com\/tr\/wp-json\/wp\/v2\/types\/product"}],"version-history":[{"count":0,"href":"https:\/\/wpachem.com\/tr\/wp-json\/wp\/v2\/product\/2206\/revisions"}],"wp:featuredmedia":[{"embeddable":true,"href":"https:\/\/wpachem.com\/tr\/wp-json\/wp\/v2\/media\/2212"}],"wp:attachment":[{"href":"https:\/\/wpachem.com\/tr\/wp-json\/wp\/v2\/media?parent=2206"}],"wp:term":[{"taxonomy":"product_brand","embeddable":true,"href":"https:\/\/wpachem.com\/tr\/wp-json\/wp\/v2\/product_brand?post=2206"},{"taxonomy":"product_cat","embeddable":true,"href":"https:\/\/wpachem.com\/tr\/wp-json\/wp\/v2\/product_cat?post=2206"},{"taxonomy":"product_tag","embeddable":true,"href":"https:\/\/wpachem.com\/tr\/wp-json\/wp\/v2\/product_tag?post=2206"}],"curies":[{"name":"wp","href":"https:\/\/api.w.org\/{rel}","templated":true}]}}