{"id":2213,"date":"2022-07-05T15:10:34","date_gmt":"2022-07-05T15:10:34","guid":{"rendered":"http:\/\/site2.easyceotech.com\/?post_type=product&#038;p=2213"},"modified":"2024-06-12T05:32:52","modified_gmt":"2024-06-12T05:32:52","slug":"titanium-dioxide","status":"publish","type":"product","link":"https:\/\/wpachem.com\/tr\/urun\/titanium-dioxide\/","title":{"rendered":"Titanyum Dioksit Lomon R-996"},"content":{"rendered":"<p>LOMON\u00ae R-996 pigmenti, s\u00fclfat i\u015flemiyle \u00fcretilen zirkonyum ve al\u00fcmina ile i\u015flenmi\u015f rutil titanyum dioksit pigmentidir. \u00c7ok \u00e7e\u015fitli uygulamalar i\u00e7in uygun, olduk\u00e7a dayan\u0131kl\u0131 ve \u00e7ok y\u00f6nl\u00fc bir pigmenttir. LOMON\u00ae R-996 pigmentinin \u00fcretim s\u00fcreci s\u0131ras\u0131nda TiO2 par\u00e7ac\u0131k boyutunun dikkatli bir \u015fekilde kontrol edilmesi, iyi parlakl\u0131k, y\u00fcksek opakl\u0131k ve kolay da\u011f\u0131labilirlik ile sonu\u00e7lan\u0131r.<\/p>\n<table>\n<tbody>\n<tr>\n<td width=\"262\">PARAMETRE<\/td>\n<td width=\"264\">DE\u011eER<\/td>\n<td width=\"262\">TEST Y\u00d6NTEM\u0130<\/td>\n<\/tr>\n<tr>\n<td width=\"262\">TiO2 i\u00e7eri\u011fi<\/td>\n<td width=\"264\">95%<\/td>\n<td width=\"262\">XRF<\/td>\n<\/tr>\n<tr>\n<td width=\"262\">\u0130norganik kaplama<\/td>\n<td width=\"264\">Al\u00fcmina; Zirkonyum<\/td>\n<td width=\"262\">&#8211;<\/td>\n<\/tr>\n<tr>\n<td width=\"262\">Organik tedavi<\/td>\n<td width=\"264\">Sunmak<\/td>\n<td width=\"262\">&#8211;<\/td>\n<\/tr>\n<tr>\n<td width=\"262\">Paketlendi\u011finde nem*<\/td>\n<td width=\"264\">0.5% maks.<\/td>\n<td width=\"262\">ISO 787-2<\/td>\n<\/tr>\n<tr>\n<td width=\"262\">Y\u0131\u011f\u0131n yo\u011funlu\u011fu (s\u0131k\u0131\u015ft\u0131r\u0131lm\u0131\u015f)<\/td>\n<td width=\"264\">1,2 gr\/cm3<\/td>\n<td width=\"262\">ISO 787-11<\/td>\n<\/tr>\n<tr>\n<td width=\"262\">Ya\u011f emilimi<\/td>\n<td width=\"264\">18g\/100g<\/td>\n<td width=\"262\">ISO 787-5<\/td>\n<\/tr>\n<tr>\n<td width=\"262\">pH<\/td>\n<td width=\"264\">7.0<\/td>\n<td width=\"262\">ISO 787-9<\/td>\n<\/tr>\n<tr>\n<td width=\"262\">\u00d6zg\u00fcl a\u011f\u0131rl\u0131k<\/td>\n<td width=\"264\">4,1 gr\/cm3<\/td>\n<td width=\"262\">ISO 787-10<\/td>\n<\/tr>\n<tr>\n<td width=\"262\">ISO 591 s\u0131n\u0131fland\u0131rmas\u0131<\/td>\n<td width=\"264\">R2<\/td>\n<td width=\"262\">&#8211;<\/td>\n<\/tr>\n<tr>\n<td width=\"262\">CAS numaras\u0131<\/td>\n<td width=\"264\">13463-67-7<\/td>\n<td width=\"262\">&#8211;<\/td>\n<\/tr>\n<tr>\n<td width=\"262\">Renk indeksi<\/td>\n<td width=\"264\">Pigment Beyaz 6<\/td>\n<td width=\"262\">&#8211;<\/td>\n<\/tr>\n<\/tbody>\n<\/table>\n<p>&nbsp;<\/p>\n<p><strong>Ba\u015fvuru<\/strong><\/p>\n<p>End\u00fcstriyel kaplamalar<br \/>\nToz boyalar<br \/>\nD\u0131\u015f ve i\u00e7 mimari kaplamalar<\/p>\n<p><strong>Paketleme: <\/strong>25 KG\/\u00c7ANTA, 500 Kg\/\u00c7ANTA, 1000 KG\/\u00c7ANTA<\/p>","protected":false},"excerpt":{"rendered":"<p>\u00dcr\u00fcn Ad\u0131\uff1aTitanyum dioksit Lomon R-996<br \/>\nCAS Numaras\u0131: 1317-80-2<br \/>\nMF\uff1aTio2<br \/>\nEINECS Numaras\u0131: 215-282-2<br \/>\nG\u00f6r\u00fcn\u00fcm\uff1a Beyaz toz<\/p>","protected":false},"featured_media":2214,"template":"","meta":{"_acf_changed":false,"_gspb_post_css":""},"product_brand":[],"product_cat":[67,54,66],"product_tag":[],"class_list":{"0":"post-2213","1":"product","2":"type-product","3":"status-publish","4":"has-post-thumbnail","6":"product_cat-sulfate-process","7":"product_cat-inorganic-pigments","8":"product_cat-titanium-dioxide","10":"first","11":"instock","12":"shipping-taxable","13":"product-type-simple"},"acf":[],"_links":{"self":[{"href":"https:\/\/wpachem.com\/tr\/wp-json\/wp\/v2\/product\/2213","targetHints":{"allow":["GET"]}}],"collection":[{"href":"https:\/\/wpachem.com\/tr\/wp-json\/wp\/v2\/product"}],"about":[{"href":"https:\/\/wpachem.com\/tr\/wp-json\/wp\/v2\/types\/product"}],"version-history":[{"count":0,"href":"https:\/\/wpachem.com\/tr\/wp-json\/wp\/v2\/product\/2213\/revisions"}],"wp:featuredmedia":[{"embeddable":true,"href":"https:\/\/wpachem.com\/tr\/wp-json\/wp\/v2\/media\/2214"}],"wp:attachment":[{"href":"https:\/\/wpachem.com\/tr\/wp-json\/wp\/v2\/media?parent=2213"}],"wp:term":[{"taxonomy":"product_brand","embeddable":true,"href":"https:\/\/wpachem.com\/tr\/wp-json\/wp\/v2\/product_brand?post=2213"},{"taxonomy":"product_cat","embeddable":true,"href":"https:\/\/wpachem.com\/tr\/wp-json\/wp\/v2\/product_cat?post=2213"},{"taxonomy":"product_tag","embeddable":true,"href":"https:\/\/wpachem.com\/tr\/wp-json\/wp\/v2\/product_tag?post=2213"}],"curies":[{"name":"wp","href":"https:\/\/api.w.org\/{rel}","templated":true}]}}