{"id":2219,"date":"2022-07-05T15:14:26","date_gmt":"2022-07-05T15:14:26","guid":{"rendered":"http:\/\/site2.easyceotech.com\/?post_type=product&#038;p=2219"},"modified":"2024-03-12T08:11:15","modified_gmt":"2024-03-12T08:11:15","slug":"iron-oxide-red","status":"publish","type":"product","link":"https:\/\/wpachem.com\/tr\/urun\/iron-oxide-red\/","title":{"rendered":"Demir oksit k\u0131rm\u0131z\u0131"},"content":{"rendered":"<p>Demir oksit pigmentler, Fe3O4 form\u00fcl\u00fcne sahip kimyasal bile\u015fiklerdir. Kimyasal kararl\u0131l\u0131\u011f\u0131, g\u00fc\u00e7l\u00fc renk g\u00fcc\u00fc, ince da\u011f\u0131l\u0131m\u0131 ve m\u00fckemmel \u0131\u015f\u0131k direnci, hava ko\u015fullar\u0131na dayan\u0131kl\u0131l\u0131\u011f\u0131 olan, boya, yap\u0131 malzemeleri gibi geni\u015f bir pazar alan\u0131na sahip, yayg\u0131n olarak kullan\u0131lan renkli bir inorganik pigmenttir.<\/p>\n<table>\n<tbody>\n<tr>\n<td width=\"266\"><strong>\u00d6zellikler<\/strong><\/td>\n<td width=\"315\">\u0130\u00e7erik (Fe2O3\u00b7 \u03b1 H2O)<\/td>\n<td width=\"130\">%<\/td>\n<td width=\"142\">\u226596<\/td>\n<td width=\"254\">ISO1248<\/td>\n<\/tr>\n<tr>\n<td width=\"266\"><\/td>\n<td width=\"315\">Ya\u011f emilimi<\/td>\n<td width=\"130\">ml\/100g<\/td>\n<td width=\"142\">15~25<\/td>\n<td width=\"254\">ISO787-5<\/td>\n<\/tr>\n<tr>\n<td width=\"266\"><\/td>\n<td width=\"315\">325 mesh&#039;te Res.<\/td>\n<td width=\"130\">%<\/td>\n<td width=\"142\">\u22640,3<\/td>\n<td width=\"254\">ISO787-7<\/td>\n<\/tr>\n<tr>\n<td width=\"266\"><\/td>\n<td width=\"315\">Suda \u00e7\u00f6z\u00fcnen tuzlar<\/td>\n<td width=\"130\">%<\/td>\n<td width=\"142\">\u22640,3<\/td>\n<td width=\"254\">ISO787-3<\/td>\n<\/tr>\n<tr>\n<td width=\"266\"><\/td>\n<td width=\"315\">Nem<\/td>\n<td width=\"130\">%<\/td>\n<td width=\"142\">\u22641.0<\/td>\n<td width=\"254\">ISO787-2<\/td>\n<\/tr>\n<tr>\n<td width=\"266\"><\/td>\n<td width=\"315\">pH de\u011feri<\/td>\n<td width=\"130\"><\/td>\n<td width=\"142\">3~7<\/td>\n<td width=\"254\">ISO787-9<\/td>\n<\/tr>\n<tr>\n<td width=\"266\"><\/td>\n<td width=\"315\">Ate\u015fleme kayb\u0131 (1.000<sup>O<\/sup>C, \u00bd saat)<\/td>\n<td width=\"130\">%<\/td>\n<td width=\"142\">\u22641.0<\/td>\n<td width=\"254\">DIN55913<\/td>\n<\/tr>\n<tr>\n<td width=\"266\"><\/td>\n<td width=\"315\">Y\u0131\u011f\u0131n yo\u011funlu\u011fu<\/td>\n<td width=\"130\">g\/cm<sup>3<\/sup><\/td>\n<td width=\"142\">0.7~1.1<\/td>\n<td width=\"254\">ISO787-11<\/td>\n<\/tr>\n<tr>\n<td width=\"266\"><\/td>\n<td width=\"315\">\u00d6zg\u00fcl a\u011f\u0131rl\u0131k<\/td>\n<td width=\"130\">g\/cm<sup>3<\/sup><\/td>\n<td width=\"142\">5.0<\/td>\n<td width=\"254\">ISO787-10<\/td>\n<\/tr>\n<tr>\n<td width=\"266\"><\/td>\n<td width=\"315\">Par\u00e7ac\u0131k boyutu BET<\/td>\n<td width=\"130\">mikron<\/td>\n<td width=\"142\">0.17<\/td>\n<td width=\"254\">Elektron Mikrografileri<\/td>\n<\/tr>\n<tr>\n<td width=\"266\"><\/td>\n<td width=\"315\">Da\u011f\u0131labilirlik (Hegman)<\/td>\n<td width=\"130\">mikron<\/td>\n<td width=\"142\">20\/25\/30<\/td>\n<td width=\"254\">ISO787-20<\/td>\n<\/tr>\n<tr>\n<td width=\"266\"><\/td>\n<td width=\"315\">Renklendirme G\u00fcc\u00fc (Standartla Kar\u015f\u0131la\u015ft\u0131r\u0131ld\u0131\u011f\u0131nda)<\/td>\n<td width=\"130\">%<\/td>\n<td width=\"142\">95~105<\/td>\n<td width=\"254\">ISO787-24<\/td>\n<\/tr>\n<tr>\n<td width=\"266\"><\/td>\n<td width=\"315\">Renk Fark\u0131 \u25b3E<\/p>\n<p>(Standart ile Kar\u015f\u0131la\u015ft\u0131r\u0131ld\u0131\u011f\u0131nda)<\/td>\n<td width=\"130\"><\/td>\n<td width=\"142\">\u22641.0<\/td>\n<td width=\"254\">ISO787-1<\/td>\n<\/tr>\n<\/tbody>\n<\/table>\n<p>&nbsp;<\/p>\n<p><strong>Ba\u015fvuru<\/strong><\/p>\n<p>Yap\u0131 malzemeleri end\u00fcstrisinde, demir oksit esas olarak renkli \u00e7imento, renkli \u00e7imento yer karosu, renkli \u00e7imento karosu, taklit s\u0131rl\u0131 karo, beton yer karosu, renkli har\u00e7, renkli asfalt, terrazzo, mozaik karo, suni mermer ve duvar boyama vb. i\u00e7in kullan\u0131l\u0131r. Su bazl\u0131 d\u0131\u015f ve i\u00e7 kaplamalar, toz boyalar vb. dahil olmak \u00fczere her t\u00fcrl\u00fc boya renklendirme ve koruyucu maddeler i\u00e7in kullan\u0131l\u0131r. Epoksi, alkid, amino ve di\u011fer astar ve son kat dahil olmak \u00fczere ya\u011fl\u0131 boya i\u00e7in de kullan\u0131labilir; Oyuncak boyas\u0131, dekoratif boya, mobilya boyas\u0131, elektroforetik boya ve emaye i\u00e7in de kullan\u0131labilir. Demir k\u0131rm\u0131z\u0131 astar pas \u00f6nleyici i\u015fleve sahiptir, y\u00fcksek fiyatl\u0131 k\u0131rm\u0131z\u0131 kur\u015funlu boyan\u0131n yerini alabilir ve demir d\u0131\u015f\u0131 metallerden tasarruf sa\u011flar.<\/p>\n<p>Termoset plastikler ve termoplastikler gibi plastik \u00fcr\u00fcnleri ve araba i\u00e7 lasti\u011fi, u\u00e7ak i\u00e7 lasti\u011fi, bisiklet i\u00e7 lasti\u011fi vb. gibi kau\u00e7uk \u00fcr\u00fcnleri renklendirmek i\u00e7in kullan\u0131l\u0131r. Y\u00fcksek hassasiyetli ta\u015flama malzemeleri i\u00e7in kullan\u0131l\u0131r, hassas donan\u0131m aletleri, optik cam vb. parlatmak i\u00e7in kullan\u0131l\u0131r. Y\u00fcksek safl\u0131k, toz metalurjisi i\u00e7in ana temel malzemedir, \u00e7e\u015fitli manyetik ala\u015f\u0131mlar\u0131 ve di\u011fer geli\u015fmi\u015f ala\u015f\u0131ml\u0131 \u00e7elikleri eritmek i\u00e7in kullan\u0131l\u0131r. Demir s\u00fclfat veya demir oksit sar\u0131s\u0131 veya y\u00fcksek s\u0131cakl\u0131kta kalsinasyonla kar\u0131\u015ft\u0131r\u0131lm\u0131\u015f ayak demiri veya do\u011frudan s\u0131v\u0131 ortamdan yap\u0131l\u0131r.<\/p>\n<p><strong>Paketleme<\/strong><\/p>\n<p>25KG\/TORBA<\/p>","protected":false},"excerpt":{"rendered":"<p>\u00dcr\u00fcn Ad\u0131\uff1aDemir oksit k\u0131rm\u0131z\u0131<br \/>\nCAS Numaras\u0131: 1332-37-2<br \/>\nMF\uff1aFe2O3<br \/>\nEINECS Numaras\u0131: 215-570-8<br \/>\nG\u00f6r\u00fcn\u00fcm\uff1a K\u0131rm\u0131z\u0131 veya koyu k\u0131rm\u0131z\u0131 toz<\/p>","protected":false},"featured_media":2223,"template":"","meta":{"_acf_changed":false,"_gspb_post_css":""},"product_brand":[],"product_cat":[69],"product_tag":[],"class_list":{"0":"post-2219","1":"product","2":"type-product","3":"status-publish","4":"has-post-thumbnail","6":"product_cat-more","8":"first","9":"instock","10":"shipping-taxable","11":"product-type-simple"},"acf":[],"_links":{"self":[{"href":"https:\/\/wpachem.com\/tr\/wp-json\/wp\/v2\/product\/2219","targetHints":{"allow":["GET"]}}],"collection":[{"href":"https:\/\/wpachem.com\/tr\/wp-json\/wp\/v2\/product"}],"about":[{"href":"https:\/\/wpachem.com\/tr\/wp-json\/wp\/v2\/types\/product"}],"version-history":[{"count":0,"href":"https:\/\/wpachem.com\/tr\/wp-json\/wp\/v2\/product\/2219\/revisions"}],"wp:featuredmedia":[{"embeddable":true,"href":"https:\/\/wpachem.com\/tr\/wp-json\/wp\/v2\/media\/2223"}],"wp:attachment":[{"href":"https:\/\/wpachem.com\/tr\/wp-json\/wp\/v2\/media?parent=2219"}],"wp:term":[{"taxonomy":"product_brand","embeddable":true,"href":"https:\/\/wpachem.com\/tr\/wp-json\/wp\/v2\/product_brand?post=2219"},{"taxonomy":"product_cat","embeddable":true,"href":"https:\/\/wpachem.com\/tr\/wp-json\/wp\/v2\/product_cat?post=2219"},{"taxonomy":"product_tag","embeddable":true,"href":"https:\/\/wpachem.com\/tr\/wp-json\/wp\/v2\/product_tag?post=2219"}],"curies":[{"name":"wp","href":"https:\/\/api.w.org\/{rel}","templated":true}]}}