{"id":2999,"date":"2022-08-31T07:44:22","date_gmt":"2022-08-31T07:44:22","guid":{"rendered":"http:\/\/site2.easyceotech.com\/?post_type=product&#038;p=2999"},"modified":"2024-06-12T05:32:51","modified_gmt":"2024-06-12T05:32:51","slug":"titanium-dioxide-blr-895","status":"publish","type":"product","link":"https:\/\/wpachem.com\/tr\/urun\/titanium-dioxide-blr-895\/","title":{"rendered":"Titanyum Dioksit BLR-895"},"content":{"rendered":"<p>BILLIONS\u2122 BLR-895 pigmenti, klor\u00fcr i\u015flemiyle \u00fcretilen bir kaplama s\u0131n\u0131f\u0131 titanyum dioksit pigmentidir. \u00c7e\u015fitli kaplama uygulamalar\u0131 i\u00e7in \u00f6nerilir. BILLIONS\u2122 BLR-895 pigmenti, h\u0131zl\u0131 ve kolay bir \u015fekilde da\u011f\u0131lan ola\u011fan\u00fcst\u00fc bir dispersiyon performans\u0131na sahiptir.<\/p>\n<p>Ayr\u0131ca m\u00fckemmel opakl\u0131k ve parlakl\u0131\u011fa sahiptir ve temiz mavi tonla parlak bir beyazl\u0131k sunar. Dikkatle se\u00e7ilmi\u015f inorganik y\u00fczey kaplamas\u0131yla BILLIONS\u2122 BLR-895 pigmenti, hem i\u00e7 hem de d\u0131\u015f mekan uygulamalar\u0131nda esnek olmas\u0131n\u0131 sa\u011flayan y\u00fcksek d\u00fczeyde hava ko\u015fullar\u0131na dayan\u0131kl\u0131l\u0131k sa\u011flar.<\/p>\n<p>&nbsp;<\/p>\n<table>\n<tbody>\n<tr>\n<td width=\"252\"><strong>PARAMETRE<\/strong><\/td>\n<td width=\"252\"><strong>DE\u011eER<\/strong><\/td>\n<td width=\"252\"><strong>TEST Y\u00d6NTEM\u0130<\/strong><\/td>\n<\/tr>\n<tr>\n<td width=\"252\">Tio2 i\u00e7eri\u011fi<\/td>\n<td width=\"252\">93%<\/td>\n<td width=\"252\">XRF<\/td>\n<\/tr>\n<tr>\n<td width=\"252\">\u0130norganik kaplama<\/td>\n<td width=\"252\">Al\u00fcmina; Zirkonyum<\/td>\n<td width=\"252\">&#8211;<\/td>\n<\/tr>\n<tr>\n<td width=\"252\">Organik tedavi<\/td>\n<td width=\"252\">Sunmak<\/td>\n<td width=\"252\">&#8211;<\/td>\n<\/tr>\n<tr>\n<td width=\"252\">Paketlendi\u011finde nem*<\/td>\n<td width=\"252\">0.5% maks.<\/td>\n<td width=\"252\">ISO 787-2<\/td>\n<\/tr>\n<tr>\n<td width=\"252\">Y\u0131\u011f\u0131n yo\u011funlu\u011fu (s\u0131k\u0131\u015ft\u0131r\u0131lm\u0131\u015f)<\/td>\n<td width=\"252\">1,3 g\/cm3<\/td>\n<td width=\"252\">ISO 787-11<\/td>\n<\/tr>\n<tr>\n<td width=\"252\">Ya\u011f emilimi<\/td>\n<td width=\"252\">16g\/100g<\/td>\n<td width=\"252\">ISO 787-5<\/td>\n<\/tr>\n<tr>\n<td width=\"252\">pH<\/td>\n<td width=\"252\">7.4<\/td>\n<td width=\"252\">ISO 787-9<\/td>\n<\/tr>\n<tr>\n<td width=\"252\">\u00d6zg\u00fcl a\u011f\u0131rl\u0131k<\/td>\n<td width=\"252\">4,1 g\/cm3<\/td>\n<td width=\"252\">ISO 787-10<\/td>\n<\/tr>\n<tr>\n<td width=\"252\">ISO 591 s\u0131n\u0131fland\u0131rmas\u0131<\/td>\n<td width=\"252\">R2<\/td>\n<td width=\"252\">&#8211;<\/td>\n<\/tr>\n<tr>\n<td width=\"252\">CAS numaras\u0131<\/td>\n<td width=\"252\">13463-67-7<\/td>\n<td width=\"252\">&#8211;<\/td>\n<\/tr>\n<tr>\n<td width=\"252\">Renk indeksi<\/td>\n<td width=\"252\">Pigment Beyaz 6<\/td>\n<td width=\"252\">&#8211;<\/td>\n<\/tr>\n<\/tbody>\n<\/table>\n<p>&nbsp;<\/p>\n<p>Uygulama:<\/p>\n<p>1: \u0130\u00e7 mimari kaplamalar<\/p>\n<p>2: D\u0131\u015f mimari kaplamalar<\/p>\n<p>3: End\u00fcstriyel kaplamalar<\/p>\n<p>&nbsp;<\/p>\n<p>Ambalaj: 25kg&#039;l\u0131k torbalar, 500kg&#039;l\u0131k torbalar, 1000kg&#039;l\u0131k torbalar.<\/p>","protected":false},"excerpt":{"rendered":"<p>\u00dcr\u00fcn Ad\u0131: Titanyum dioksit BLR-895<\/p>\n<p>CAS Numaras\u0131: 1317-80-2<\/p>\n<p>MF: Tio2<\/p>\n<p>EINECS Numaras\u0131: 215-282-2<\/p>\n<p>G\u00f6r\u00fcn\u00fcm: Beyaz toz<\/p>","protected":false},"featured_media":3005,"template":"","meta":{"_acf_changed":false,"_gspb_post_css":""},"product_brand":[],"product_cat":[67,54,66,68],"product_tag":[],"class_list":{"0":"post-2999","1":"product","2":"type-product","3":"status-publish","4":"has-post-thumbnail","6":"product_cat-sulfate-process","7":"product_cat-inorganic-pigments","8":"product_cat-titanium-dioxide","9":"product_cat-chloride-process","11":"first","12":"instock","13":"shipping-taxable","14":"product-type-simple"},"acf":[],"_links":{"self":[{"href":"https:\/\/wpachem.com\/tr\/wp-json\/wp\/v2\/product\/2999","targetHints":{"allow":["GET"]}}],"collection":[{"href":"https:\/\/wpachem.com\/tr\/wp-json\/wp\/v2\/product"}],"about":[{"href":"https:\/\/wpachem.com\/tr\/wp-json\/wp\/v2\/types\/product"}],"version-history":[{"count":0,"href":"https:\/\/wpachem.com\/tr\/wp-json\/wp\/v2\/product\/2999\/revisions"}],"wp:featuredmedia":[{"embeddable":true,"href":"https:\/\/wpachem.com\/tr\/wp-json\/wp\/v2\/media\/3005"}],"wp:attachment":[{"href":"https:\/\/wpachem.com\/tr\/wp-json\/wp\/v2\/media?parent=2999"}],"wp:term":[{"taxonomy":"product_brand","embeddable":true,"href":"https:\/\/wpachem.com\/tr\/wp-json\/wp\/v2\/product_brand?post=2999"},{"taxonomy":"product_cat","embeddable":true,"href":"https:\/\/wpachem.com\/tr\/wp-json\/wp\/v2\/product_cat?post=2999"},{"taxonomy":"product_tag","embeddable":true,"href":"https:\/\/wpachem.com\/tr\/wp-json\/wp\/v2\/product_tag?post=2999"}],"curies":[{"name":"wp","href":"https:\/\/api.w.org\/{rel}","templated":true}]}}