{"id":3019,"date":"2022-08-31T08:26:38","date_gmt":"2022-08-31T08:26:38","guid":{"rendered":"http:\/\/site2.easyceotech.com\/?post_type=product&#038;p=3019"},"modified":"2024-06-12T05:31:40","modified_gmt":"2024-06-12T05:31:40","slug":"titanium-dioxide-blr-886","status":"publish","type":"product","link":"https:\/\/wpachem.com\/tr\/urun\/titanium-dioxide-blr-886\/","title":{"rendered":"Titanyum dioksit BLR-886"},"content":{"rendered":"<p>BILLIONS\u2122 BLR-886 pigmenti, klor\u00fcr taraf\u0131ndan \u00fcretilen plastikler i\u00e7in bir rutil titanyum dioksit pigmentidir<\/p>\n<p>\u0130\u015flem. M\u00fckemmel i\u015flenebilirlik ve ba\u011fc\u0131klanma direnci ile parlak, beyaz renk sunmak \u00fczere tasarlanm\u0131\u015ft\u0131r.<\/p>\n<p>&nbsp;<\/p>\n<table>\n<tbody>\n<tr>\n<td width=\"252\">PARAMETRE<\/td>\n<td width=\"252\">DE\u011eER<\/td>\n<td width=\"252\">TEST Y\u00d6NTEM\u0130<\/td>\n<\/tr>\n<tr>\n<td width=\"252\">Tio2 i\u00e7eri\u011fi<\/td>\n<td width=\"252\">96.5%<\/td>\n<td width=\"252\">XRF<\/td>\n<\/tr>\n<tr>\n<td width=\"252\">\u0130norganik kaplama<\/td>\n<td width=\"252\">Al\u00fcminyum oksit<\/td>\n<td width=\"252\">&#8211;<\/td>\n<\/tr>\n<tr>\n<td width=\"252\">Organik tedavi<\/td>\n<td width=\"252\">Sunmak<\/td>\n<td width=\"252\">&#8211;<\/td>\n<\/tr>\n<tr>\n<td width=\"252\">Paketlendi\u011finde nem*<\/td>\n<td width=\"252\">0.4 % maks.<\/td>\n<td width=\"252\">ISO 787-2<\/td>\n<\/tr>\n<tr>\n<td width=\"252\">Y\u0131\u011f\u0131n yo\u011funlu\u011fu (s\u0131k\u0131\u015ft\u0131r\u0131lm\u0131\u015f)<\/td>\n<td width=\"252\">1,4 g\/cm3<\/td>\n<td width=\"252\">ISO 787-11<\/td>\n<\/tr>\n<tr>\n<td width=\"252\">Ya\u011f emilimi<\/td>\n<td width=\"252\">13g\/100g<\/td>\n<td width=\"252\">ISO 787-5<\/td>\n<\/tr>\n<tr>\n<td width=\"252\">pH<\/td>\n<td width=\"252\">7.9<\/td>\n<td width=\"252\">ISO 787-9<\/td>\n<\/tr>\n<tr>\n<td width=\"252\">\u00d6zg\u00fcl a\u011f\u0131rl\u0131k<\/td>\n<td width=\"252\">4,1 g\/cm3<\/td>\n<td width=\"252\">ISO 787-10<\/td>\n<\/tr>\n<tr>\n<td width=\"252\">ISO 591 s\u0131n\u0131fland\u0131rmas\u0131<\/td>\n<td width=\"252\">R2<\/td>\n<td width=\"252\">&#8211;<\/td>\n<\/tr>\n<tr>\n<td width=\"252\">CAS numaras\u0131<\/td>\n<td width=\"252\">13463-67-7<\/td>\n<td width=\"252\">&#8211;<\/td>\n<\/tr>\n<tr>\n<td width=\"252\">Renk indeksi<\/td>\n<td width=\"252\">Pigment Beyaz 6<\/td>\n<td width=\"252\">&#8211;<\/td>\n<\/tr>\n<\/tbody>\n<\/table>\n<p>&nbsp;<\/p>\n<p>Temel \u00f6zellikler:<\/p>\n<p>1: M\u00fckemmel da\u011f\u0131l\u0131m<\/p>\n<p>2: \u0130yi i\u015fleme, eriyik ak\u0131\u015f\u0131nda minimum etki<\/p>\n<p>&nbsp;<\/p>\n<p>Ba\u015fvuru:<\/p>\n<p>1: Poliolefin masterbatch<\/p>\n<p>2: Y\u00fcksek s\u0131cakl\u0131k ekstr\u00fczyon kaplamalar\u0131 ve d\u00f6k\u00fcm filmler<\/p>\n<p>3: M\u00fchendislik plastikleri<\/p>\n<p>&nbsp;<\/p>\n<p>Ambalaj: 25 kg torba, 500 kg torba, 1000 kg torba.<\/p>","protected":false},"excerpt":{"rendered":"<p>\u00dcr\u00fcn Ad\u0131: Titanyum dioksit BLR-886<\/p>\n<p>CAS Numaras\u0131: 1317-80-2<\/p>\n<p>MF: Tio2<\/p>\n<p>EINECS Numaras\u0131: 215-282-2<\/p>\n<p>G\u00f6r\u00fcn\u00fcm: Beyaz toz<\/p>","protected":false},"featured_media":3005,"template":"","meta":{"_acf_changed":false,"_gspb_post_css":""},"product_brand":[],"product_cat":[67,54,66,68],"product_tag":[],"class_list":{"0":"post-3019","1":"product","2":"type-product","3":"status-publish","4":"has-post-thumbnail","6":"product_cat-sulfate-process","7":"product_cat-inorganic-pigments","8":"product_cat-titanium-dioxide","9":"product_cat-chloride-process","11":"first","12":"instock","13":"shipping-taxable","14":"product-type-simple"},"acf":[],"_links":{"self":[{"href":"https:\/\/wpachem.com\/tr\/wp-json\/wp\/v2\/product\/3019","targetHints":{"allow":["GET"]}}],"collection":[{"href":"https:\/\/wpachem.com\/tr\/wp-json\/wp\/v2\/product"}],"about":[{"href":"https:\/\/wpachem.com\/tr\/wp-json\/wp\/v2\/types\/product"}],"version-history":[{"count":0,"href":"https:\/\/wpachem.com\/tr\/wp-json\/wp\/v2\/product\/3019\/revisions"}],"wp:featuredmedia":[{"embeddable":true,"href":"https:\/\/wpachem.com\/tr\/wp-json\/wp\/v2\/media\/3005"}],"wp:attachment":[{"href":"https:\/\/wpachem.com\/tr\/wp-json\/wp\/v2\/media?parent=3019"}],"wp:term":[{"taxonomy":"product_brand","embeddable":true,"href":"https:\/\/wpachem.com\/tr\/wp-json\/wp\/v2\/product_brand?post=3019"},{"taxonomy":"product_cat","embeddable":true,"href":"https:\/\/wpachem.com\/tr\/wp-json\/wp\/v2\/product_cat?post=3019"},{"taxonomy":"product_tag","embeddable":true,"href":"https:\/\/wpachem.com\/tr\/wp-json\/wp\/v2\/product_tag?post=3019"}],"curies":[{"name":"wp","href":"https:\/\/api.w.org\/{rel}","templated":true}]}}