{"id":3021,"date":"2022-08-31T08:36:03","date_gmt":"2022-08-31T08:36:03","guid":{"rendered":"http:\/\/site2.easyceotech.com\/?post_type=product&#038;p=3021"},"modified":"2024-06-12T05:31:40","modified_gmt":"2024-06-12T05:31:40","slug":"titanium-dioxide-lr-108","status":"publish","type":"product","link":"https:\/\/wpachem.com\/tr\/urun\/titanium-dioxide-lr-108\/","title":{"rendered":"Titanyum dioksit LR-108"},"content":{"rendered":"<p>BILLIONS\u2122 LR-108 pigmenti, s\u00fclfat i\u015flemiyle \u00fcretilen al\u00fcmina ile i\u015flenmi\u015f rutil titanyum dioksit pigmentidir. \u00d6zellikle masterbatch ve bile\u015fik uygulamalar\u0131 i\u00e7in tasarlanm\u0131\u015ft\u0131r. BILLIONS\u2122 LR-108 pigmenti, eriyik ak\u0131\u015f indeksi \u00fczerinde minimum etkiyle poliolefinlerde kolayca da\u011f\u0131l\u0131r, b\u00f6ylece y\u00fcksek TiO2 konsantrasyonlu masterbatch bile y\u00fcksek opakl\u0131k ve beyazl\u0131kta film \u00fcretebilir.<\/p>\n<p>BILLIONS\u2122 LR-108 pigmenti, y\u00fcksek termal stabilite gerektiren plastik uygulamalar\u0131 i\u00e7in \u00f6nerilir. Pigmentin havadan nemi emmesini \u00f6nlemeye yard\u0131mc\u0131 olmak i\u00e7in bariyer g\u00f6revi g\u00f6ren hidrofobik bir y\u00fczeyle tasarlanm\u0131\u015ft\u0131r.<\/p>\n<p>&nbsp;<\/p>\n<table>\n<tbody>\n<tr>\n<td width=\"252\">PARAMETRE<\/td>\n<td width=\"252\">DE\u011eER<\/td>\n<td width=\"252\">TEST Y\u00d6NTEM\u0130<\/td>\n<\/tr>\n<tr>\n<td width=\"252\">Tio2 i\u00e7eri\u011fi<\/td>\n<td width=\"252\">98%<\/td>\n<td width=\"252\">XRF<\/td>\n<\/tr>\n<tr>\n<td width=\"252\">\u0130norganik kaplama<\/td>\n<td width=\"252\">Al\u00fcminyum oksit<\/td>\n<td width=\"252\">&#8211;<\/td>\n<\/tr>\n<tr>\n<td width=\"252\">Organik tedavi<\/td>\n<td width=\"252\">Sunmak<\/td>\n<td width=\"252\">&#8211;<\/td>\n<\/tr>\n<tr>\n<td width=\"252\">Paketlendi\u011finde nem*<\/td>\n<td width=\"252\">0.4 % maks.<\/td>\n<td width=\"252\">ISO 787-2<\/td>\n<\/tr>\n<tr>\n<td width=\"252\">Y\u0131\u011f\u0131n yo\u011funlu\u011fu (s\u0131k\u0131\u015ft\u0131r\u0131lm\u0131\u015f)<\/td>\n<td width=\"252\">1,1 g\/cm3<\/td>\n<td width=\"252\">ISO 787-11<\/td>\n<\/tr>\n<tr>\n<td width=\"252\">Ya\u011f emilimi<\/td>\n<td width=\"252\">15g\/100g<\/td>\n<td width=\"252\">ISO 787-5<\/td>\n<\/tr>\n<tr>\n<td width=\"252\">\u00d6zg\u00fcl a\u011f\u0131rl\u0131k<\/td>\n<td width=\"252\">4,1 g\/cm3<\/td>\n<td width=\"252\">ISO 787-10<\/td>\n<\/tr>\n<tr>\n<td width=\"252\">ISO 591 s\u0131n\u0131fland\u0131rmas\u0131<\/td>\n<td width=\"252\">R2<\/td>\n<td width=\"252\">&#8211;<\/td>\n<\/tr>\n<tr>\n<td width=\"252\">CAS numaras\u0131<\/td>\n<td width=\"252\">13463-67-7<\/td>\n<td width=\"252\">&#8211;<\/td>\n<\/tr>\n<tr>\n<td width=\"252\">Renk indeksi<\/td>\n<td width=\"252\">Pigment Beyaz 6<\/td>\n<td width=\"252\">&#8211;<\/td>\n<\/tr>\n<\/tbody>\n<\/table>\n<p>&nbsp;<\/p>\n<p><b>\u00d6NER\u0130LEN UYGULAMALAR <\/b><\/p>\n<ol>\n<li>Masterbatch ve bile\u015fikler<\/li>\n<li>Poliolefin ve PVC film<\/li>\n<li>Y\u00fcksek termal stabiliteye sahip plastikler<\/li>\n<\/ol>\n<p>&nbsp;<\/p>\n<p><b>ANA \u00d6ZELL\u0130KLER <\/b><\/p>\n<ol>\n<li>Y\u00fcksek \u0131s\u0131 kararl\u0131l\u0131\u011f\u0131<\/li>\n<li>Y\u00fcksek opakl\u0131k ve beyazl\u0131k<\/li>\n<li>D\u00fc\u015f\u00fck nem emilimi<\/li>\n<li>D\u00fc\u015f\u00fck ya\u011f emilimi<\/li>\n<li>Antioksidanlarla d\u00fc\u015f\u00fck reaktivite<\/li>\n<li>Plastik re\u00e7ine ile m\u00fckemmel uyumluluk<\/li>\n<li>H\u0131zl\u0131 ve tam da\u011f\u0131l\u0131m<\/li>\n<\/ol>\n<p>&nbsp;<\/p>\n<p><strong>PAKET : <\/strong>25 kg torba, 500 kg torba, 1000 kg torba.<\/p>","protected":false},"excerpt":{"rendered":"<p>\u00dcr\u00fcn Ad\u0131: Titanyum dioksit LR-108<\/p>\n<p>CAS Numaras\u0131: 1317-80-2<\/p>\n<p>MF: Tio2<\/p>\n<p>EINECS Numaras\u0131: 215-282-2<\/p>\n<p>G\u00f6r\u00fcn\u00fcm: Beyaz toz<\/p>","protected":false},"featured_media":3005,"template":"","meta":{"_acf_changed":false,"_gspb_post_css":""},"product_brand":[],"product_cat":[67,54,66],"product_tag":[],"class_list":{"0":"post-3021","1":"product","2":"type-product","3":"status-publish","4":"has-post-thumbnail","6":"product_cat-sulfate-process","7":"product_cat-inorganic-pigments","8":"product_cat-titanium-dioxide","10":"first","11":"instock","12":"shipping-taxable","13":"product-type-simple"},"acf":[],"_links":{"self":[{"href":"https:\/\/wpachem.com\/tr\/wp-json\/wp\/v2\/product\/3021","targetHints":{"allow":["GET"]}}],"collection":[{"href":"https:\/\/wpachem.com\/tr\/wp-json\/wp\/v2\/product"}],"about":[{"href":"https:\/\/wpachem.com\/tr\/wp-json\/wp\/v2\/types\/product"}],"version-history":[{"count":0,"href":"https:\/\/wpachem.com\/tr\/wp-json\/wp\/v2\/product\/3021\/revisions"}],"wp:featuredmedia":[{"embeddable":true,"href":"https:\/\/wpachem.com\/tr\/wp-json\/wp\/v2\/media\/3005"}],"wp:attachment":[{"href":"https:\/\/wpachem.com\/tr\/wp-json\/wp\/v2\/media?parent=3021"}],"wp:term":[{"taxonomy":"product_brand","embeddable":true,"href":"https:\/\/wpachem.com\/tr\/wp-json\/wp\/v2\/product_brand?post=3021"},{"taxonomy":"product_cat","embeddable":true,"href":"https:\/\/wpachem.com\/tr\/wp-json\/wp\/v2\/product_cat?post=3021"},{"taxonomy":"product_tag","embeddable":true,"href":"https:\/\/wpachem.com\/tr\/wp-json\/wp\/v2\/product_tag?post=3021"}],"curies":[{"name":"wp","href":"https:\/\/api.w.org\/{rel}","templated":true}]}}