{"id":3024,"date":"2022-08-31T09:27:18","date_gmt":"2022-08-31T09:27:18","guid":{"rendered":"http:\/\/site2.easyceotech.com\/?post_type=product&#038;p=3024"},"modified":"2024-06-12T05:31:39","modified_gmt":"2024-06-12T05:31:39","slug":"titanium-dioxide-na-100","status":"publish","type":"product","link":"https:\/\/wpachem.com\/tr\/urun\/titanium-dioxide-na-100\/","title":{"rendered":"Titanyum dioksit Anatase NA 100"},"content":{"rendered":"<p style=\"text-align: center;\"><strong>Titanyum Dioksit Anataz NA100<\/strong><\/p>\n<p><b>Molek\u00fcler form\u00fcl<\/b><b>\uff1a<\/b>TiO2<\/p>\n<p><b>Molek\u00fcler a\u011f\u0131rl\u0131k <\/b><b>\uff1a<\/b>79.9<\/p>\n<p><b>Karakterler<\/b><b>\uff1a<\/b>Y\u00fcksek safl\u0131kta ve iyi partik\u00fcl boyutu da\u011f\u0131l\u0131m\u0131na sahip genel ama\u00e7l\u0131 \u00fcr\u00fcn. \u0130yi beyazl\u0131k, g\u00fc\u00e7l\u00fc \u00f6rtme g\u00fcc\u00fc, y\u00fcksek renk azalt\u0131m\u0131 ve kolay da\u011f\u0131lma gibi iyi \u00f6zelliklere sahiptir.<\/p>\n<p><b>Kalite Standard\u0131<\/b><b>\uff1a<\/b>S\/320116 NJTB 002-2017<\/p>\n<p>&nbsp;<\/p>\n<p><b>\u00dcr\u00fcn \u00f6zellikleri<\/b><\/p>\n<table>\n<tbody>\n<tr>\n<td colspan=\"2\" width=\"450\"><strong><b>Bu<\/b><\/strong><strong><b>Bayan<\/b><\/strong><\/td>\n<td width=\"155\"><strong><b>\u00d6zellikler<\/b><\/strong><strong><b>iyon<\/b><\/strong><\/td>\n<td width=\"127\"><strong><b>T<\/b><\/strong><strong><b>tipik<\/b><\/strong>\u00a0<strong><b>Bir<\/b><\/strong><strong><b>analiz<\/b><\/strong><\/td>\n<td width=\"255\"><strong><b>Test<\/b><\/strong>\u00a0<strong><b>Bir araya geldi<\/b><\/strong><strong><b>\u00f6k\u00fcz<\/b><\/strong><\/td>\n<\/tr>\n<tr>\n<td width=\"287\">TiO2 i\u00e7eri\u011fi (a\u011f\u0131rl\u0131k %)<\/td>\n<td width=\"162\">en az.<\/td>\n<td width=\"155\">98.0<\/td>\n<td width=\"127\">98.4<\/td>\n<td width=\"255\">GB\/T 1706-2006-7. 1<\/td>\n<\/tr>\n<tr>\n<td colspan=\"2\" width=\"450\">Madde 105\u2103&#039;de (wt %) maksimum u\u00e7ucu.<\/td>\n<td width=\"155\">0.5<\/td>\n<td width=\"127\">0.2<\/td>\n<td width=\"255\">GB\/T 5211.3- 1985(2004)<\/td>\n<\/tr>\n<tr>\n<td colspan=\"2\" width=\"450\">Suda \u00e7\u00f6z\u00fcnebilen madde (a\u011f\u0131rl\u0131k %) maks.<\/td>\n<td width=\"155\">0.5<\/td>\n<td width=\"127\">0.3<\/td>\n<td width=\"255\">GB\/T 5211.2-2003<\/td>\n<\/tr>\n<tr>\n<td colspan=\"2\" width=\"450\">Elek \u00fczerindeki kal\u0131nt\u0131 (45\u03bcm) (wt %) maks.<\/td>\n<td width=\"155\">0.05<\/td>\n<td width=\"127\">0.02<\/td>\n<td width=\"255\">GB\/T 5211. 14- 1988(2004)<\/td>\n<\/tr>\n<tr>\n<td width=\"287\">Renk ( L* )<\/td>\n<td width=\"162\">en az.<\/td>\n<td width=\"155\">95.0<\/td>\n<td width=\"127\">96.0<\/td>\n<td width=\"255\">GB\/T 1706-2006-7.5.2 A<\/td>\n<\/tr>\n<tr>\n<td colspan=\"2\" width=\"450\">Sa\u00e7\u0131lma g\u00fcc\u00fc (%) min.<\/td>\n<td width=\"155\">100<\/td>\n<td width=\"127\">102<\/td>\n<td width=\"255\">GB\/T 1706-2006-7.6<\/td>\n<\/tr>\n<tr>\n<td colspan=\"2\" width=\"450\">Sulu s\u00fcspansiyonun pH&#039;\u0131<\/td>\n<td width=\"155\">6.5 ~ 8.5<\/td>\n<td width=\"127\">7.5<\/td>\n<td width=\"255\">GB\/T 1717- 1986(2004)<\/td>\n<\/tr>\n<tr>\n<td colspan=\"2\" width=\"450\">Ya\u011f emilimi (g\/100g) max.<\/td>\n<td width=\"155\">26<\/td>\n<td width=\"127\">24<\/td>\n<td width=\"255\">GB\/T 5211. 15-2014<\/td>\n<\/tr>\n<tr>\n<td colspan=\"2\" width=\"450\">Sulu ekstrakt\u0131n direnci (\u03a9 \u00b7m) min.<\/td>\n<td width=\"155\">20<\/td>\n<td width=\"127\">25<\/td>\n<td width=\"255\">GB\/T 5211. 12-2007<\/td>\n<\/tr>\n<\/tbody>\n<\/table>\n<p>&nbsp;<\/p>\n<p><strong><b>Uygulamalar<\/b><\/strong><strong><b>:<\/b><\/strong>\u00a0\u0130\u00e7 cephe kaplamalar\u0131nda, i\u00e7 mekan plastik borular\u0131nda, filmlerde, lateks ipliklerinde, emayelerde, ka\u011f\u0131t yap\u0131m\u0131nda vb. kullan\u0131l\u0131r.<\/p>\n<p>&nbsp;<\/p>\n<p><strong>Paket: <\/strong>25 kg torba, 500 kg torba, 1000 kg torba.<\/p>\n<p>&nbsp;<\/p>","protected":false},"excerpt":{"rendered":"<p>\u00dcr\u00fcn Ad\u0131: Titanyum dioksit Anatase NA 100<\/p>\n<p>CAS Numaras\u0131: 1317-80-2<\/p>\n<p>MF: Tio2<\/p>\n<p>EINECS Numaras\u0131: 215-282-2<\/p>\n<p>G\u00f6r\u00fcn\u00fcm: Beyaz toz<\/p>","protected":false},"featured_media":3027,"template":"","meta":{"_acf_changed":false,"_gspb_post_css":""},"product_brand":[],"product_cat":[67,54,66],"product_tag":[],"class_list":{"0":"post-3024","1":"product","2":"type-product","3":"status-publish","4":"has-post-thumbnail","6":"product_cat-sulfate-process","7":"product_cat-inorganic-pigments","8":"product_cat-titanium-dioxide","10":"first","11":"instock","12":"shipping-taxable","13":"product-type-simple"},"acf":[],"_links":{"self":[{"href":"https:\/\/wpachem.com\/tr\/wp-json\/wp\/v2\/product\/3024","targetHints":{"allow":["GET"]}}],"collection":[{"href":"https:\/\/wpachem.com\/tr\/wp-json\/wp\/v2\/product"}],"about":[{"href":"https:\/\/wpachem.com\/tr\/wp-json\/wp\/v2\/types\/product"}],"version-history":[{"count":0,"href":"https:\/\/wpachem.com\/tr\/wp-json\/wp\/v2\/product\/3024\/revisions"}],"wp:featuredmedia":[{"embeddable":true,"href":"https:\/\/wpachem.com\/tr\/wp-json\/wp\/v2\/media\/3027"}],"wp:attachment":[{"href":"https:\/\/wpachem.com\/tr\/wp-json\/wp\/v2\/media?parent=3024"}],"wp:term":[{"taxonomy":"product_brand","embeddable":true,"href":"https:\/\/wpachem.com\/tr\/wp-json\/wp\/v2\/product_brand?post=3024"},{"taxonomy":"product_cat","embeddable":true,"href":"https:\/\/wpachem.com\/tr\/wp-json\/wp\/v2\/product_cat?post=3024"},{"taxonomy":"product_tag","embeddable":true,"href":"https:\/\/wpachem.com\/tr\/wp-json\/wp\/v2\/product_tag?post=3024"}],"curies":[{"name":"wp","href":"https:\/\/api.w.org\/{rel}","templated":true}]}}