{"id":3028,"date":"2022-09-01T07:53:22","date_gmt":"2022-09-01T07:53:22","guid":{"rendered":"http:\/\/site2.easyceotech.com\/?post_type=product&#038;p=3028"},"modified":"2024-06-12T05:31:38","modified_gmt":"2024-06-12T05:31:38","slug":"titanium-dioxide-rutile-nr956","status":"publish","type":"product","link":"https:\/\/wpachem.com\/tr\/urun\/titanium-dioxide-rutile-nr956\/","title":{"rendered":"Titanyum Dioksit Rutil NR956"},"content":{"rendered":"<p style=\"text-align: center;\"><strong>Titanyum Dioksit Rutil NR956<\/strong><\/p>\n<p><b>Molek\u00fcler form\u00fcl<\/b><b>\uff1a<\/b>TiO2<\/p>\n<p><b>Molek\u00fcler a\u011f\u0131rl\u0131k <\/b><b>\uff1a<\/b>79.9<\/p>\n<p><b>Karakterler<\/b><b>\uff1a<\/b>Al\u00fcminyum fosfat ve al\u00fcminyum oksitin inorganik bile\u015fikleri ile yo\u011fun olarak kaplanm\u0131\u015f olup, m\u00fckemmel pigment performans\u0131na sahiptir.<\/p>\n<p><b>Kalite Standard\u0131<\/b><b>\uff1a<\/b>S\/320116 NJTB 003-2017<\/p>\n<p>&nbsp;<\/p>\n<table>\n<tbody>\n<tr>\n<td colspan=\"2\" width=\"586\"><strong><b>Bu<\/b><\/strong><strong><b>Bayan<\/b><\/strong><\/td>\n<td width=\"202\"><strong><b>\u00d6zellikler<\/b><\/strong><strong><b>iyon<\/b><\/strong><\/td>\n<td width=\"166\"><strong><b>T<\/b><\/strong><strong><b>tipik<\/b><\/strong>\u00a0<strong><b>Bir<\/b><\/strong><strong><b>analiz<\/b><\/strong><\/td>\n<\/tr>\n<tr>\n<td width=\"374\">TiO2 i\u00e7eri\u011fi (a\u011f\u0131rl\u0131k %)<\/td>\n<td width=\"212\">en az.<\/td>\n<td width=\"202\">88.0<\/td>\n<td width=\"166\">92<\/td>\n<\/tr>\n<tr>\n<td colspan=\"2\" width=\"586\">Madde 105\u2103&#039;de (wt %) maksimum u\u00e7ucu.<\/td>\n<td width=\"202\">0.8<\/td>\n<td width=\"166\">0.6<\/td>\n<\/tr>\n<tr>\n<td colspan=\"2\" width=\"586\">Suda \u00e7\u00f6z\u00fcnebilen madde (a\u011f\u0131rl\u0131k %) maks.<\/td>\n<td width=\"202\">0.5<\/td>\n<td width=\"166\">0.4<\/td>\n<\/tr>\n<tr>\n<td colspan=\"2\" width=\"586\">Elek \u00fczerindeki kal\u0131nt\u0131 (45\u03bcm) (wt %) maks.<\/td>\n<td width=\"202\">0.05<\/td>\n<td width=\"166\">0.03<\/td>\n<\/tr>\n<tr>\n<td colspan=\"2\" width=\"586\">Sulu s\u00fcspansiyonun pH&#039;\u0131<\/td>\n<td width=\"202\">5.5-7.5<\/td>\n<td width=\"166\">6.5<\/td>\n<\/tr>\n<tr>\n<td width=\"374\">Renk ( L* )<\/td>\n<td width=\"212\">en az.<\/td>\n<td width=\"202\">94.5<\/td>\n<td width=\"166\">94.8<\/td>\n<\/tr>\n<tr>\n<td colspan=\"2\" width=\"586\">\u00a0\u00a0Rutil \u0130\u00e7eri\u011fi (%) min.<\/td>\n<td width=\"202\">98<\/td>\n<td width=\"166\">99<\/td>\n<\/tr>\n<tr>\n<td colspan=\"2\" width=\"586\">I\u015f\u0131k hasl\u0131\u011f\u0131 (%) min.<\/td>\n<td width=\"202\">6<\/td>\n<td width=\"166\">6.5<\/td>\n<\/tr>\n<tr>\n<td colspan=\"2\" width=\"586\">Organik tedavi<\/td>\n<td colspan=\"2\" width=\"368\">HAYIR<\/td>\n<\/tr>\n<tr>\n<td colspan=\"2\" width=\"586\">\u0130norganik Kaplama<\/td>\n<td colspan=\"2\" width=\"368\">K\u00e2r ve Zarar<\/td>\n<\/tr>\n<\/tbody>\n<\/table>\n<p>&nbsp;<\/p>\n<p><b>Uygulamalar: <\/b>I\u015f\u0131k hasl\u0131\u011f\u0131 y\u00fcksek dekoratif ka\u011f\u0131tlarda kullan\u0131l\u0131r.<\/p>\n<p>&nbsp;<\/p>\n<p><strong>Paket:<\/strong> 25 kg torba, 500 kg torba, 1000 kg torba.<\/p>","protected":false},"excerpt":{"rendered":"<p>\u00dcr\u00fcn Ad\u0131: Titanyum dioksit Rutil NR956<\/p>\n<p>CAS Numaras\u0131: 1317-80-2<\/p>\n<p>MF: Tio2<\/p>\n<p>EINECS Numaras\u0131: 215-282-2<\/p>\n<p>G\u00f6r\u00fcn\u00fcm: Beyaz toz<\/p>","protected":false},"featured_media":3027,"template":"","meta":{"_acf_changed":false,"_gspb_post_css":""},"product_brand":[],"product_cat":[67,54],"product_tag":[],"class_list":{"0":"post-3028","1":"product","2":"type-product","3":"status-publish","4":"has-post-thumbnail","6":"product_cat-sulfate-process","7":"product_cat-inorganic-pigments","9":"first","10":"instock","11":"shipping-taxable","12":"product-type-simple"},"acf":[],"_links":{"self":[{"href":"https:\/\/wpachem.com\/tr\/wp-json\/wp\/v2\/product\/3028","targetHints":{"allow":["GET"]}}],"collection":[{"href":"https:\/\/wpachem.com\/tr\/wp-json\/wp\/v2\/product"}],"about":[{"href":"https:\/\/wpachem.com\/tr\/wp-json\/wp\/v2\/types\/product"}],"version-history":[{"count":0,"href":"https:\/\/wpachem.com\/tr\/wp-json\/wp\/v2\/product\/3028\/revisions"}],"wp:featuredmedia":[{"embeddable":true,"href":"https:\/\/wpachem.com\/tr\/wp-json\/wp\/v2\/media\/3027"}],"wp:attachment":[{"href":"https:\/\/wpachem.com\/tr\/wp-json\/wp\/v2\/media?parent=3028"}],"wp:term":[{"taxonomy":"product_brand","embeddable":true,"href":"https:\/\/wpachem.com\/tr\/wp-json\/wp\/v2\/product_brand?post=3028"},{"taxonomy":"product_cat","embeddable":true,"href":"https:\/\/wpachem.com\/tr\/wp-json\/wp\/v2\/product_cat?post=3028"},{"taxonomy":"product_tag","embeddable":true,"href":"https:\/\/wpachem.com\/tr\/wp-json\/wp\/v2\/product_tag?post=3028"}],"curies":[{"name":"wp","href":"https:\/\/api.w.org\/{rel}","templated":true}]}}