{"id":3030,"date":"2022-09-02T02:25:40","date_gmt":"2022-09-02T02:25:40","guid":{"rendered":"http:\/\/site2.easyceotech.com\/?post_type=product&#038;p=3030"},"modified":"2024-06-12T05:31:37","modified_gmt":"2024-06-12T05:31:37","slug":"titanium-dioxide-rutile-nr930","status":"publish","type":"product","link":"https:\/\/wpachem.com\/tr\/urun\/titanium-dioxide-rutile-nr930\/","title":{"rendered":"Titanyum Dioksit Rutil NR930"},"content":{"rendered":"<p style=\"text-align: center;\"><strong>Titanyum Dioksit Rutil NR930<\/strong><\/p>\n<p><strong><b>Molek\u00fcler<\/b><\/strong>\u00a0<strong><b>form\u00fcl<\/b><\/strong>\u00a0\uff1aTiO2<\/p>\n<p><strong><b>Molek\u00fcler<\/b><\/strong>\u00a0<strong><b>a\u011f\u0131rl\u0131k<\/b><\/strong>\u00a0\uff1a79.9<\/p>\n<p><strong><b>Karakterler<\/b><\/strong> \u00a0\uff1a\u00dcr\u00fcn ithal de\u011firmende \u0131slak \u00f6\u011f\u00fct\u00fclm\u00fc\u015f, iyi par\u00e7ac\u0131k boyutu da\u011f\u0131l\u0131m\u0131na sahip, yo\u011fun olarak inorganik al\u00fcmina bile\u015fi\u011fi ile kaplanm\u0131\u015f ve organik olarak i\u015flenmi\u015ftir.<\/p>\n<p><strong><b>Kalite<\/b><\/strong>\u00a0<strong><b>Standart<\/b><\/strong>\u00a0\uff1aQ\/320116 NJTB 003-2018<\/p>\n<p><strong><b>\u00dcr\u00fcn<\/b><\/strong>\u00a0<strong><b>t\u00fcr<\/b><\/strong><strong><b>ecification<\/b><\/strong><\/p>\n<table>\n<tbody>\n<tr>\n<td colspan=\"2\" width=\"436\"><strong><b>Bu<\/b><\/strong><strong><b>Bayan<\/b><\/strong><\/td>\n<td width=\"155\"><strong><b>\u00d6zellikler<\/b><\/strong><strong><b>iyon<\/b><\/strong><\/td>\n<td width=\"113\"><strong><b>T<\/b><\/strong><strong><b>tipik<\/b><\/strong>\u00a0<strong><b>Bir<\/b><\/strong><strong><b>analiz<\/b><\/strong><\/td>\n<td width=\"283\"><strong><b>Test<\/b><\/strong>\u00a0<strong><b>Met<\/b><\/strong><strong><b>od<\/b><\/strong><\/td>\n<\/tr>\n<tr>\n<td width=\"276\">TiO2 i\u00e7eri\u011fi (wt%)<\/td>\n<td width=\"159\">en az.<\/td>\n<td width=\"155\">96.0<\/td>\n<td width=\"113\">96.5<\/td>\n<td width=\"283\">GB\/T 1706-2006-7. 1<\/td>\n<\/tr>\n<tr>\n<td colspan=\"2\" width=\"436\">Madde 105\u2103&#039;de (wt%) maksimum u\u00e7ucu.<\/td>\n<td width=\"155\">0.5<\/td>\n<td width=\"113\">0.2<\/td>\n<td width=\"283\">GB\/T 5211.3- 1985(2004)<\/td>\n<\/tr>\n<tr>\n<td colspan=\"2\" width=\"436\">Suda \u00e7\u00f6z\u00fcnebilen madde (wt%) max.<\/td>\n<td width=\"155\">0.3<\/td>\n<td width=\"113\">0.2<\/td>\n<td width=\"283\">GB\/T 5211.2-2003<\/td>\n<\/tr>\n<tr>\n<td colspan=\"2\" width=\"436\">Elek \u00fczerindeki kal\u0131nt\u0131 (45\u03bcm) (wt %) maks.<\/td>\n<td width=\"155\">0.05<\/td>\n<td width=\"113\">0.02<\/td>\n<td width=\"283\">GB\/T 5211. 18-2015<\/td>\n<\/tr>\n<tr>\n<td width=\"276\">Renk ( L* )<\/td>\n<td width=\"159\">en az.<\/td>\n<td width=\"155\">94.5<\/td>\n<td width=\"113\">95.5<\/td>\n<td width=\"283\">GB\/T 1864-2012<\/td>\n<\/tr>\n<tr>\n<td colspan=\"2\" width=\"436\">Sa\u00e7\u0131lma g\u00fcc\u00fc (%) min.<\/td>\n<td width=\"155\">100<\/td>\n<td width=\"113\">112<\/td>\n<td width=\"283\">GB\/T 1706-2006-7.6<\/td>\n<\/tr>\n<tr>\n<td colspan=\"2\" width=\"436\">Sulu s\u00fcspansiyonun pH&#039;\u0131<\/td>\n<td width=\"155\">6.0~8.0<\/td>\n<td width=\"113\">7.2<\/td>\n<td width=\"283\">GB\/T 1717- 1986(2004)<\/td>\n<\/tr>\n<tr>\n<td colspan=\"2\" width=\"436\">Ya\u011f emilimi (g\/100g) max.<\/td>\n<td width=\"155\">21<\/td>\n<td width=\"113\">18<\/td>\n<td width=\"283\">GB\/T 5211. 15-2014<\/td>\n<\/tr>\n<tr>\n<td colspan=\"2\" width=\"436\">Sulu ekstrakt\u0131n direnci (\u03a9 \u00b7m) min.<\/td>\n<td width=\"155\">80<\/td>\n<td width=\"113\">150<\/td>\n<td width=\"283\">GB\/T 5211. 12-2007<\/td>\n<\/tr>\n<tr>\n<td colspan=\"2\" width=\"436\">Rutil \u0130\u00e7eri\u011fi (%) min.<\/td>\n<td width=\"155\">98<\/td>\n<td width=\"113\">99<\/td>\n<td width=\"283\">GB\/T 30793-2014<\/td>\n<\/tr>\n<\/tbody>\n<\/table>\n<p>&nbsp;<\/p>\n<p><strong><b>Uygulamalar<\/b><\/strong><strong><b>:<\/b><\/strong>\u00a0Masterbatch, plastik filmler ve esnek PE\/PP\/PVC \u00fcr\u00fcnlerinde kullan\u0131l\u0131r.<\/p>\n<p>&nbsp;<\/p>\n<p><strong>Paket:<\/strong> 25 kg torba, 500 kg torba, 1000 kg torba.<\/p>\n<p>&nbsp;<\/p>","protected":false},"excerpt":{"rendered":"<p>\u00dcr\u00fcn Ad\u0131: Titanyum dioksit Rutil NR930<\/p>\n<p>CAS Numaras\u0131: 1317-80-2<\/p>\n<p>MF: Tio2<\/p>\n<p>EINECS Numaras\u0131: 215-282-2<\/p>\n<p>G\u00f6r\u00fcn\u00fcm: Beyaz toz<\/p>","protected":false},"featured_media":3027,"template":"","meta":{"_acf_changed":false,"_gspb_post_css":""},"product_brand":[],"product_cat":[67,54,66],"product_tag":[],"class_list":{"0":"post-3030","1":"product","2":"type-product","3":"status-publish","4":"has-post-thumbnail","6":"product_cat-sulfate-process","7":"product_cat-inorganic-pigments","8":"product_cat-titanium-dioxide","10":"first","11":"instock","12":"shipping-taxable","13":"product-type-simple"},"acf":[],"_links":{"self":[{"href":"https:\/\/wpachem.com\/tr\/wp-json\/wp\/v2\/product\/3030","targetHints":{"allow":["GET"]}}],"collection":[{"href":"https:\/\/wpachem.com\/tr\/wp-json\/wp\/v2\/product"}],"about":[{"href":"https:\/\/wpachem.com\/tr\/wp-json\/wp\/v2\/types\/product"}],"version-history":[{"count":0,"href":"https:\/\/wpachem.com\/tr\/wp-json\/wp\/v2\/product\/3030\/revisions"}],"wp:featuredmedia":[{"embeddable":true,"href":"https:\/\/wpachem.com\/tr\/wp-json\/wp\/v2\/media\/3027"}],"wp:attachment":[{"href":"https:\/\/wpachem.com\/tr\/wp-json\/wp\/v2\/media?parent=3030"}],"wp:term":[{"taxonomy":"product_brand","embeddable":true,"href":"https:\/\/wpachem.com\/tr\/wp-json\/wp\/v2\/product_brand?post=3030"},{"taxonomy":"product_cat","embeddable":true,"href":"https:\/\/wpachem.com\/tr\/wp-json\/wp\/v2\/product_cat?post=3030"},{"taxonomy":"product_tag","embeddable":true,"href":"https:\/\/wpachem.com\/tr\/wp-json\/wp\/v2\/product_tag?post=3030"}],"curies":[{"name":"wp","href":"https:\/\/api.w.org\/{rel}","templated":true}]}}