{"id":3035,"date":"2022-09-02T02:58:13","date_gmt":"2022-09-02T02:58:13","guid":{"rendered":"http:\/\/site2.easyceotech.com\/?post_type=product&#038;p=3035"},"modified":"2024-06-12T05:31:36","modified_gmt":"2024-06-12T05:31:36","slug":"titanium-dioxide-r-219","status":"publish","type":"product","link":"https:\/\/wpachem.com\/tr\/urun\/titanium-dioxide-r-219\/","title":{"rendered":"Titanyum dioksit R-219"},"content":{"rendered":"<p style=\"text-align: center;\"><strong>Titanyum dioksit R-219<\/strong><\/p>\n<p>&nbsp;<\/p>\n<p>R-219, PVC profil ve borularda, toz boyalarda, yol boyalar\u0131nda ve hava ko\u015fullar\u0131na dayan\u0131kl\u0131 plastik \u00fcr\u00fcnlerde y\u00fcksek opakl\u0131k sa\u011flamak i\u00e7in tasarlanm\u0131\u015f bir Tio2 pigmentidir.<\/p>\n<p><strong>T<\/strong><strong>tipik \u00d6zellikler<\/strong><\/p>\n<table>\n<tbody>\n<tr>\n<td width=\"484\">\u0130\u015fleme Y\u00f6ntemi<\/td>\n<td width=\"353\">S\u00fclfat<\/td>\n<\/tr>\n<tr>\n<td width=\"484\">Kristal Yap\u0131s\u0131<\/td>\n<td width=\"353\">Rutil<\/td>\n<\/tr>\n<tr>\n<td width=\"484\">Y\u00fczey \u0130\u015flem<\/td>\n<td width=\"353\">SiO<sub>2<\/sub>,Al<sub>2<\/sub>O<sub>3<\/sub><\/td>\n<\/tr>\n<tr>\n<td width=\"484\">Organik Tedavi<\/td>\n<td width=\"353\">Evet<\/td>\n<\/tr>\n<tr>\n<td width=\"484\">S\u0131n\u0131fland\u0131rma (ISO 591-1)<\/td>\n<td width=\"353\">R2<\/td>\n<\/tr>\n<tr>\n<td width=\"484\">Renk (ISO 787-25)<\/td>\n<td width=\"353\">\u25b3E\u22640,5<\/td>\n<\/tr>\n<tr>\n<td width=\"484\">G\u00f6receli Da\u011f\u0131lma Kuvveti (ISO 787-24)<\/td>\n<td width=\"353\">95%-105%<\/td>\n<\/tr>\n<tr>\n<td width=\"484\">Yo\u011funluk (ISO 787-10)<\/td>\n<td width=\"353\">4,0 g\/cm<sup>3<\/sup><\/td>\n<\/tr>\n<\/tbody>\n<\/table>\n<p>&nbsp;<\/p>\n<p><strong>Temel \u00d6zellikler<\/strong><\/p>\n<ul>\n<li>M\u00fckemmel kuru ak\u0131\u015fkanl\u0131k<\/li>\n<li>Y\u00fcksek s\u0131cakl\u0131\u011fa ve sararmaya kar\u015f\u0131 ola\u011fan\u00fcst\u00fc diren\u00e7<\/li>\n<li>M\u00fckemmel hava ko\u015fullar\u0131na dayan\u0131kl\u0131l\u0131k<\/li>\n<\/ul>\n<p><strong>Teknik Veriler<\/strong><\/p>\n<table>\n<tbody>\n<tr>\n<td width=\"494\">TiO<sub>2<\/sub>%\uff08ISO 591-1\uff09<\/td>\n<td width=\"360\">93%<\/td>\n<\/tr>\n<tr>\n<td width=\"494\">CIE\uff08L<sup>*<\/sup>\uff09(\u0130ngiltere\/T 1864-2012)<\/td>\n<td width=\"360\">95.4<\/td>\n<\/tr>\n<tr>\n<td width=\"494\">G\u00fc\u00e7 Azaltma (TCS)<\/td>\n<td width=\"360\">2000<\/td>\n<\/tr>\n<tr>\n<td width=\"494\">PH De\u011feri (ISO 787-9)<\/td>\n<td width=\"360\">7.2<\/td>\n<\/tr>\n<tr>\n<td width=\"494\">Ya\u011f Emilimi (ISO 787-5)<\/td>\n<td width=\"360\">19g\/100g<\/td>\n<\/tr>\n<tr>\n<td width=\"494\">45\u03bcm&#039;de kal\u0131nt\u0131 (ISO 787-18)<\/td>\n<td width=\"360\">0.01%<\/td>\n<\/tr>\n<tr>\n<td width=\"494\">Diren\u00e7 (ISO 787-14)<\/td>\n<td width=\"360\">100\u03a9\u00b7m<\/td>\n<\/tr>\n<tr>\n<td width=\"494\">105\u2103&#039;de (ISO 787-2) u\u00e7ucu maddeler<\/td>\n<td width=\"360\">0.4%<\/td>\n<\/tr>\n<\/tbody>\n<\/table>\n<p><strong>Sa\u011fl\u0131k ve <\/strong><strong>G\u00fcvenlik \u00d6nlemleri<\/strong><strong>\u00a0(Ayr\u0131nt\u0131lar MSDS&#039;de)<\/strong><\/p>\n<p>R-219 ilgili uluslararas\u0131 standartlara uygun, g\u00fcvenli, toksik olmayan ve zarars\u0131z bir \u00fcr\u00fcnd\u00fcr.<\/p>\n<p>Yetersiz havaland\u0131rma veya toz soluma riski durumunda, partik\u00fcl filtreli uygun solunum ekipman\u0131 kullan\u0131n. Ellerinizi korumak i\u00e7in uygun eldivenler giyin. G\u00f6z temas\u0131 riski olan yerlerde toza dayan\u0131kl\u0131 g\u00fcvenlik g\u00f6zl\u00fckleri tak\u0131n. Her zaman iyi ki\u015fisel hijyen \u00f6nlemlerine uyun.<\/p>\n<p><strong>Paket: <\/strong>R-219, 25 kg\u2019l\u0131k torbalarda, 500 kg\u2019l\u0131k ve 1000 kg\u2019l\u0131k konteynerlerde mevcuttur.<\/p>","protected":false},"excerpt":{"rendered":"<p>\u00dcr\u00fcn Ad\u0131: Titanyum dioksit R-219<\/p>\n<p>CAS Numaras\u0131: 1317-80-2<\/p>\n<p>MF: Tio2<\/p>\n<p>EINECS Numaras\u0131: 215-282-2<\/p>\n<p>G\u00f6r\u00fcn\u00fcm: Beyaz toz<\/p>","protected":false},"featured_media":3006,"template":"","meta":{"_acf_changed":false,"_gspb_post_css":""},"product_brand":[],"product_cat":[67,54,66],"product_tag":[],"class_list":{"0":"post-3035","1":"product","2":"type-product","3":"status-publish","4":"has-post-thumbnail","6":"product_cat-sulfate-process","7":"product_cat-inorganic-pigments","8":"product_cat-titanium-dioxide","10":"first","11":"instock","12":"shipping-taxable","13":"product-type-simple"},"acf":[],"_links":{"self":[{"href":"https:\/\/wpachem.com\/tr\/wp-json\/wp\/v2\/product\/3035","targetHints":{"allow":["GET"]}}],"collection":[{"href":"https:\/\/wpachem.com\/tr\/wp-json\/wp\/v2\/product"}],"about":[{"href":"https:\/\/wpachem.com\/tr\/wp-json\/wp\/v2\/types\/product"}],"version-history":[{"count":0,"href":"https:\/\/wpachem.com\/tr\/wp-json\/wp\/v2\/product\/3035\/revisions"}],"wp:featuredmedia":[{"embeddable":true,"href":"https:\/\/wpachem.com\/tr\/wp-json\/wp\/v2\/media\/3006"}],"wp:attachment":[{"href":"https:\/\/wpachem.com\/tr\/wp-json\/wp\/v2\/media?parent=3035"}],"wp:term":[{"taxonomy":"product_brand","embeddable":true,"href":"https:\/\/wpachem.com\/tr\/wp-json\/wp\/v2\/product_brand?post=3035"},{"taxonomy":"product_cat","embeddable":true,"href":"https:\/\/wpachem.com\/tr\/wp-json\/wp\/v2\/product_cat?post=3035"},{"taxonomy":"product_tag","embeddable":true,"href":"https:\/\/wpachem.com\/tr\/wp-json\/wp\/v2\/product_tag?post=3035"}],"curies":[{"name":"wp","href":"https:\/\/api.w.org\/{rel}","templated":true}]}}