{"id":3038,"date":"2022-09-02T03:12:23","date_gmt":"2022-09-02T03:12:23","guid":{"rendered":"http:\/\/site2.easyceotech.com\/?post_type=product&#038;p=3038"},"modified":"2024-06-12T05:31:35","modified_gmt":"2024-06-12T05:31:35","slug":"titanium-dioxide-r-213","status":"publish","type":"product","link":"https:\/\/wpachem.com\/tr\/urun\/titanium-dioxide-r-213\/","title":{"rendered":"Titanyum dioksit R-213"},"content":{"rendered":"<p style=\"text-align: center;\"><strong>Titanyum dioksit R-213<\/strong><\/p>\n<p>&nbsp;<\/p>\n<p><strong>M\u00fckemmel Da\u011f\u0131labilirlik, Eriyik Ak\u0131\u015f\u0131 ve Ba\u011flanmaya Kar\u015f\u0131 Diren\u00e7<\/strong><\/p>\n<p>R-213, y\u00fcksek kaliteli masterbatch ve renkli levhalar i\u00e7in tasarlanm\u0131\u015f, y\u00fcksek beyazl\u0131k ve mavi alt tonlu \u00f6zel bir Tio2&#039;dir.<\/p>\n<p><strong>T<\/strong><strong>tipik \u00d6zellikler<\/strong><\/p>\n<table>\n<tbody>\n<tr>\n<td width=\"484\">\u0130\u015fleme Y\u00f6ntemi<\/td>\n<td width=\"353\">S\u00fclfat<\/td>\n<\/tr>\n<tr>\n<td width=\"484\">Kristal Yap\u0131s\u0131<\/td>\n<td width=\"353\">Rutil<\/td>\n<\/tr>\n<tr>\n<td width=\"484\">Y\u00fczey \u0130\u015flem<\/td>\n<td width=\"353\">Al<sub>2<\/sub>O<sub>3<\/sub><\/td>\n<\/tr>\n<tr>\n<td width=\"484\">Organik Tedavi<\/td>\n<td width=\"353\">Evet<\/td>\n<\/tr>\n<tr>\n<td width=\"484\">S\u0131n\u0131fland\u0131rma (ISO 591-1)<\/td>\n<td width=\"353\">R1<\/td>\n<\/tr>\n<tr>\n<td width=\"484\">Renk (ISO 787-25)<\/td>\n<td width=\"353\">\u25b3E\u22640,5<\/td>\n<\/tr>\n<tr>\n<td width=\"484\">G\u00f6receli Da\u011f\u0131lma Kuvveti (ISO 787-24)<\/td>\n<td width=\"353\">95%-105%<\/td>\n<\/tr>\n<tr>\n<td width=\"484\">Yo\u011funluk (ISO 787-10)<\/td>\n<td width=\"353\">4,2 gr\/cm3<sup>3<\/sup><\/td>\n<\/tr>\n<\/tbody>\n<\/table>\n<p>&nbsp;<\/p>\n<p><strong>Temel \u00d6zellikler<\/strong><\/p>\n<ul>\n<li>R-213, g\u0131da ile temas eden malzemeler i\u00e7in FDA d\u00fczenlemelerine uygundur.<\/li>\n<li>R-213, plastik i\u015flemede ba\u011fc\u0131klanma direncini art\u0131rmak i\u00e7in hidrofobiktir ve d\u00fc\u015f\u00fck u\u00e7ucu madde i\u00e7eri\u011fine sahiptir.<\/li>\n<li>R-213 m\u00fckemmel bir beyazl\u0131\u011fa ve mavi alt tona sahiptir.<\/li>\n<li>R-213 y\u00fcksek da\u011f\u0131labilirli\u011fe ve eriyik ak\u0131\u015fkanl\u0131\u011f\u0131na sahiptir.<\/li>\n<\/ul>\n<p><strong>Teknik Veriler<\/strong><\/p>\n<table>\n<tbody>\n<tr>\n<td width=\"494\">TiO<sub>2<\/sub>%\uff08ISO 591-1\uff09<\/td>\n<td width=\"360\">97%<\/td>\n<\/tr>\n<tr>\n<td width=\"494\">CIE\uff08L<sup>*<\/sup>\uff09(\u0130ngiltere\/T 1864-2012)<\/td>\n<td width=\"360\">98.0<\/td>\n<\/tr>\n<tr>\n<td width=\"494\">Ba\u011f\u0131l Sa\u00e7\u0131lma Tozu (ISO 787-24)<\/td>\n<td width=\"360\">95-100%<\/td>\n<\/tr>\n<tr>\n<td width=\"494\">Ya\u011f Emilimi (ISO 787-5)<\/td>\n<td width=\"360\">15g\/100g<\/td>\n<\/tr>\n<tr>\n<td width=\"494\">105\u2103&#039;de (ISO 787-2) u\u00e7ucu maddeler<\/td>\n<td width=\"360\">0.2%<\/td>\n<\/tr>\n<\/tbody>\n<\/table>\n<p><strong>Sa\u011fl\u0131k ve <\/strong><strong>G\u00fcvenlik \u00d6nlemleri<\/strong><strong>\u00a0(Ayr\u0131nt\u0131lar MSDS&#039;de)<\/strong><\/p>\n<p>\u0130lgili yerel sa\u011fl\u0131k ve g\u00fcvenlik y\u00f6nergelerine uyulmal\u0131d\u0131r. Eldiven, emniyet g\u00f6zl\u00fc\u011f\u00fc ve alt mikron partik\u00fcl filtrelemeli solunum cihaz\u0131 tak\u0131lmal\u0131d\u0131r, talep \u00fczerine MSDS mevcuttur.<\/p>\n<p><strong>Ambalajlama: <\/strong>R-213, 25 kg\u2019l\u0131k torbalarda, 500 kg\u2019l\u0131k ve 1000 kg\u2019l\u0131k konteynerlerde mevcuttur.<\/p>\n<p>&nbsp;<\/p>","protected":false},"excerpt":{"rendered":"<p>\u00dcr\u00fcn Ad\u0131: Titanyum dioksit R-213<\/p>\n<p>CAS Numaras\u0131: 1317-80-2<\/p>\n<p>MF: Tio2<\/p>\n<p>EINECS Numaras\u0131: 215-282-2<\/p>\n<p>G\u00f6r\u00fcn\u00fcm: Beyaz toz<\/p>","protected":false},"featured_media":3006,"template":"","meta":{"_acf_changed":false,"_gspb_post_css":""},"product_brand":[],"product_cat":[67,54,66],"product_tag":[],"class_list":{"0":"post-3038","1":"product","2":"type-product","3":"status-publish","4":"has-post-thumbnail","6":"product_cat-sulfate-process","7":"product_cat-inorganic-pigments","8":"product_cat-titanium-dioxide","10":"first","11":"instock","12":"shipping-taxable","13":"product-type-simple"},"acf":[],"_links":{"self":[{"href":"https:\/\/wpachem.com\/tr\/wp-json\/wp\/v2\/product\/3038","targetHints":{"allow":["GET"]}}],"collection":[{"href":"https:\/\/wpachem.com\/tr\/wp-json\/wp\/v2\/product"}],"about":[{"href":"https:\/\/wpachem.com\/tr\/wp-json\/wp\/v2\/types\/product"}],"version-history":[{"count":0,"href":"https:\/\/wpachem.com\/tr\/wp-json\/wp\/v2\/product\/3038\/revisions"}],"wp:featuredmedia":[{"embeddable":true,"href":"https:\/\/wpachem.com\/tr\/wp-json\/wp\/v2\/media\/3006"}],"wp:attachment":[{"href":"https:\/\/wpachem.com\/tr\/wp-json\/wp\/v2\/media?parent=3038"}],"wp:term":[{"taxonomy":"product_brand","embeddable":true,"href":"https:\/\/wpachem.com\/tr\/wp-json\/wp\/v2\/product_brand?post=3038"},{"taxonomy":"product_cat","embeddable":true,"href":"https:\/\/wpachem.com\/tr\/wp-json\/wp\/v2\/product_cat?post=3038"},{"taxonomy":"product_tag","embeddable":true,"href":"https:\/\/wpachem.com\/tr\/wp-json\/wp\/v2\/product_tag?post=3038"}],"curies":[{"name":"wp","href":"https:\/\/api.w.org\/{rel}","templated":true}]}}