{"id":3040,"date":"2022-09-02T03:23:32","date_gmt":"2022-09-02T03:23:32","guid":{"rendered":"http:\/\/site2.easyceotech.com\/?post_type=product&#038;p=3040"},"modified":"2024-06-12T05:31:35","modified_gmt":"2024-06-12T05:31:35","slug":"titanium-dioxide-rutile-r818","status":"publish","type":"product","link":"https:\/\/wpachem.com\/tr\/urun\/titanium-dioxide-rutile-r818\/","title":{"rendered":"Titanyum dioksit Rutil R818"},"content":{"rendered":"<p style=\"text-align: center;\"><strong>Titanyum dioksit Rutil R818<\/strong><\/p>\n<p>&nbsp;<\/p>\n<p><strong>\u00dcr\u00fcn A\u00e7\u0131klamas\u0131<\/strong><\/p>\n<p>R818 s\u00fclfat i\u015flemiyle \u00fcretilir, rutil TiO&#039;dur<sub>2<\/sub> inorganik Si, Al y\u00fczey kaplamas\u0131 ile organik y\u00fczey i\u015flemi g\u00f6rm\u00fc\u015f pigmenttir. \u0130\u00e7, d\u0131\u015f ve end\u00fcstriyel uygulamalarda \u00fcst\u00fcn performans g\u00f6sterir, evrensel bir TiO seviyesidir<sub>2 <\/sub>Y\u00fcksek kalitede pigment.<\/p>\n<p><strong>\u00dcr\u00fcn \u00d6zellikleri<\/strong><\/p>\n<ul>\n<li>M\u00fckemmel beyazl\u0131k, y\u00fcksek \u00f6rt\u00fcc\u00fcl\u00fck ve renklendirme g\u00fcc\u00fc.<\/li>\n<li>Y\u00fcksek hava direnci ve kimyasal kararl\u0131l\u0131k, iyi toz kar\u015f\u0131t\u0131 yetenek.<\/li>\n<li>\u0130yi ak\u0131\u015fkanl\u0131k ve hava ko\u015fullar\u0131na dayan\u0131kl\u0131l\u0131k, y\u00fcksek dispersiyon ve plastik ve kaplama end\u00fcstrilerinde m\u00fckemmel uygulama performans\u0131.<\/li>\n<\/ul>\n<table>\n<tbody>\n<tr>\n<td width=\"348\">\u00d6\u011fe<\/td>\n<td width=\"125\">\u015eartname<\/td>\n<\/tr>\n<tr>\n<td width=\"348\">Safl\u0131k TiO2 % N<\/td>\n<td width=\"125\">94<\/td>\n<\/tr>\n<tr>\n<td width=\"348\">105 t% w&#039;de madde u\u00e7ucu<\/td>\n<td width=\"125\">0.8<\/td>\n<\/tr>\n<tr>\n<td width=\"348\">Hidrotrop % w<\/td>\n<td width=\"125\">0.5<\/td>\n<\/tr>\n<tr>\n<td width=\"348\">Elek \u00fczerindeki kal\u0131nt\u0131 45\u5369m % w<\/td>\n<td width=\"125\">0.05<\/td>\n<\/tr>\n<tr>\n<td width=\"348\">Renk standartla kar\u015f\u0131la\u015ft\u0131r<\/td>\n<td width=\"125\">Daha d\u00fc\u015f\u00fck de\u011fil<\/td>\n<\/tr>\n<tr>\n<td width=\"348\">Renklendirme g\u00fcc\u00fc standart % ile kar\u015f\u0131la\u015ft\u0131r\u0131ld\u0131\u011f\u0131nda &gt;<\/td>\n<td width=\"125\">112<\/td>\n<\/tr>\n<tr>\n<td width=\"348\">S\u00fcspansiyonun pH&#039;\u0131, tutulan sulu \u00e7\u00f6zelti<\/td>\n<td width=\"125\">6.5-8.5<\/td>\n<\/tr>\n<tr>\n<td width=\"348\">Ya\u011f emilimi g\/1 OOg w<\/td>\n<td width=\"125\">22<\/td>\n<\/tr>\n<tr>\n<td width=\"348\">Sulu \u00f6z\u00fct\u00fcn direnci Qm N<\/td>\n<td width=\"125\">50<\/td>\n<\/tr>\n<tr>\n<td width=\"348\">Rutil kristal form d\u00f6n\u00fc\u015f\u00fcm\u00fc % N<\/td>\n<td width=\"125\">98.0<\/td>\n<\/tr>\n<tr>\n<td width=\"348\">Ortalama par\u00e7ac\u0131k \u00e7ap\u0131 pm<\/td>\n<td width=\"125\">0.22-0.26<\/td>\n<\/tr>\n<tr>\n<td width=\"348\">Organik madde<\/td>\n<td width=\"125\">Evet<\/td>\n<\/tr>\n<\/tbody>\n<\/table>\n<p>&nbsp;<\/p>\n<p><strong>Ba\u015fvuru:<\/strong> \u00dcniversal S\u0131n\u0131f Profil, Boru Yap\u0131 Kaplama Bobin Kaplama Bask\u0131 M\u00fcrekkebi Toz Kaplama.<\/p>\n<p>&nbsp;<\/p>\n<p><strong>Paket:<\/strong> 25kg \u00e7ok katmanl\u0131 ka\u011f\u0131t-PE torba, 500kg ve 1000kg PP torba<\/p>","protected":false},"excerpt":{"rendered":"<p>\u00dcr\u00fcn Ad\u0131: Titanyum dioksit Rutil R818<\/p>\n<p>CAS Numaras\u0131: 1317-80-2<\/p>\n<p>MF: Tio2<\/p>\n<p>EINECS Numaras\u0131: 215-282-2<\/p>\n<p>G\u00f6r\u00fcn\u00fcm: Beyaz toz<\/p>","protected":false},"featured_media":3003,"template":"","meta":{"_acf_changed":false,"_gspb_post_css":""},"product_brand":[],"product_cat":[67,54,66],"product_tag":[],"class_list":{"0":"post-3040","1":"product","2":"type-product","3":"status-publish","4":"has-post-thumbnail","6":"product_cat-sulfate-process","7":"product_cat-inorganic-pigments","8":"product_cat-titanium-dioxide","10":"first","11":"instock","12":"shipping-taxable","13":"product-type-simple"},"acf":[],"_links":{"self":[{"href":"https:\/\/wpachem.com\/tr\/wp-json\/wp\/v2\/product\/3040","targetHints":{"allow":["GET"]}}],"collection":[{"href":"https:\/\/wpachem.com\/tr\/wp-json\/wp\/v2\/product"}],"about":[{"href":"https:\/\/wpachem.com\/tr\/wp-json\/wp\/v2\/types\/product"}],"version-history":[{"count":0,"href":"https:\/\/wpachem.com\/tr\/wp-json\/wp\/v2\/product\/3040\/revisions"}],"wp:featuredmedia":[{"embeddable":true,"href":"https:\/\/wpachem.com\/tr\/wp-json\/wp\/v2\/media\/3003"}],"wp:attachment":[{"href":"https:\/\/wpachem.com\/tr\/wp-json\/wp\/v2\/media?parent=3040"}],"wp:term":[{"taxonomy":"product_brand","embeddable":true,"href":"https:\/\/wpachem.com\/tr\/wp-json\/wp\/v2\/product_brand?post=3040"},{"taxonomy":"product_cat","embeddable":true,"href":"https:\/\/wpachem.com\/tr\/wp-json\/wp\/v2\/product_cat?post=3040"},{"taxonomy":"product_tag","embeddable":true,"href":"https:\/\/wpachem.com\/tr\/wp-json\/wp\/v2\/product_tag?post=3040"}],"curies":[{"name":"wp","href":"https:\/\/api.w.org\/{rel}","templated":true}]}}