{"id":3042,"date":"2022-09-02T03:30:09","date_gmt":"2022-09-02T03:30:09","guid":{"rendered":"http:\/\/site2.easyceotech.com\/?post_type=product&#038;p=3042"},"modified":"2024-06-12T05:31:34","modified_gmt":"2024-06-12T05:31:34","slug":"titanium-dioxide-rutile-r-2295","status":"publish","type":"product","link":"https:\/\/wpachem.com\/tr\/urun\/titanium-dioxide-rutile-r-2295\/","title":{"rendered":"Titanyum Dioksit Rutil R-2295"},"content":{"rendered":"<p style=\"text-align: center;\"><strong>Titanyum Dioksit Rutil R-2295<\/strong><\/p>\n<p>&nbsp;<\/p>\n<p><b><\/b><strong><b>\u00dcr\u00fcn <\/b><\/strong><strong><b>girii\u015f<\/b><\/strong><\/p>\n<p>\u00dcr\u00fcn, Zirkonyum, al\u00fcminyum inorganik y\u00fczey i\u015flemi, organik y\u00fczey i\u015flemi, mavi tonlu, y\u00fcksek beyazl\u0131k, iyi da\u011f\u0131labilirlik, iyi renklendirme g\u00fcc\u00fc vb. i\u00e7eren Rutil titanyum dioksit pigmentidir.<\/p>\n<p><strong><b>Ba\u015fvuru <\/b><\/strong><strong><b>alan<\/b><\/strong><\/p>\n<p>\u00dcr\u00fcn i\u00e7 ve d\u0131\u015f mekan kaplamalar\u0131, lateks boya, m\u00fcrekkep, ka\u011f\u0131t, plastik, masterbatch vb. i\u00e7in uygundur.<\/p>\n<p><strong><b>R<\/b><\/strong><strong><b>-2295 <\/b><\/strong><strong><b>Rutil<\/b><\/strong>\u00a0<strong><b>Titanyum<\/b><\/strong>\u00a0<strong><b>Dioksit<\/b><\/strong>\u00a0<strong><b>teknik<\/b><\/strong>\u00a0<strong><b>\u00f6zellikler<\/b><\/strong><\/p>\n<table>\n<tbody>\n<tr>\n<td width=\"319\">TiO2 i\u00e7eri\u011fi<\/td>\n<td width=\"429\">\u226594.0%<\/td>\n<\/tr>\n<tr>\n<td width=\"319\">Rutil d\u00f6n\u00fc\u015f\u00fcm oran\u0131<\/td>\n<td width=\"429\">\u226597.0%<\/td>\n<\/tr>\n<tr>\n<td width=\"319\">\u0130norganik kaplama<\/td>\n<td width=\"429\">Zr, AL<\/td>\n<\/tr>\n<tr>\n<td width=\"319\">Organik tedavi<\/td>\n<td width=\"429\">EVET<\/td>\n<\/tr>\n<tr>\n<td width=\"319\">Par\u00e7ac\u0131k boyutu<\/td>\n<td width=\"429\">0,25 mikron<\/td>\n<\/tr>\n<tr>\n<td width=\"319\">Yo\u011funluk<\/td>\n<td width=\"429\">4,0 gr\/m3<\/td>\n<\/tr>\n<tr>\n<td width=\"319\">Su emilimi<\/td>\n<td width=\"429\">28<\/td>\n<\/tr>\n<tr>\n<td width=\"319\">Renk<\/td>\n<td width=\"429\">\u226594,5<\/td>\n<\/tr>\n<tr>\n<td width=\"319\">Ya\u011f emilimi<\/td>\n<td width=\"429\">20-22<\/td>\n<\/tr>\n<tr>\n<td width=\"319\">Hava ko\u015fullar\u0131na dayan\u0131kl\u0131l\u0131k<\/td>\n<td width=\"429\">orta<\/td>\n<\/tr>\n<tr>\n<td width=\"319\">Standart s\u0131n\u0131fland\u0131rma(ISO)<\/p>\n<p>591)<\/td>\n<td width=\"429\">R2<\/td>\n<\/tr>\n<tr>\n<td width=\"319\">ASTMD476<\/td>\n<td width=\"429\">\u2162 B \u2165<\/td>\n<\/tr>\n<\/tbody>\n<\/table>\n<p>&nbsp;<\/p>\n<p><strong><b>Paket<\/b><\/strong>\uff1a25 kg Plastik ve ka\u011f\u0131t, 500 kg\/ 1000 kg Ton torbalar<\/p>","protected":false},"excerpt":{"rendered":"<p>\u00dcr\u00fcn Ad\u0131: Titanyum dioksit Rutil R-2295<\/p>\n<p>CAS Numaras\u0131: 1317-80-2<\/p>\n<p>MF: Tio2<\/p>\n<p>EINECS Numaras\u0131: 215-282-2<\/p>\n<p>G\u00f6r\u00fcn\u00fcm: Beyaz toz<\/p>","protected":false},"featured_media":3004,"template":"","meta":{"_acf_changed":false,"_gspb_post_css":""},"product_brand":[],"product_cat":[67,54,66],"product_tag":[],"class_list":{"0":"post-3042","1":"product","2":"type-product","3":"status-publish","4":"has-post-thumbnail","6":"product_cat-sulfate-process","7":"product_cat-inorganic-pigments","8":"product_cat-titanium-dioxide","10":"first","11":"instock","12":"shipping-taxable","13":"product-type-simple"},"acf":[],"_links":{"self":[{"href":"https:\/\/wpachem.com\/tr\/wp-json\/wp\/v2\/product\/3042","targetHints":{"allow":["GET"]}}],"collection":[{"href":"https:\/\/wpachem.com\/tr\/wp-json\/wp\/v2\/product"}],"about":[{"href":"https:\/\/wpachem.com\/tr\/wp-json\/wp\/v2\/types\/product"}],"version-history":[{"count":0,"href":"https:\/\/wpachem.com\/tr\/wp-json\/wp\/v2\/product\/3042\/revisions"}],"wp:featuredmedia":[{"embeddable":true,"href":"https:\/\/wpachem.com\/tr\/wp-json\/wp\/v2\/media\/3004"}],"wp:attachment":[{"href":"https:\/\/wpachem.com\/tr\/wp-json\/wp\/v2\/media?parent=3042"}],"wp:term":[{"taxonomy":"product_brand","embeddable":true,"href":"https:\/\/wpachem.com\/tr\/wp-json\/wp\/v2\/product_brand?post=3042"},{"taxonomy":"product_cat","embeddable":true,"href":"https:\/\/wpachem.com\/tr\/wp-json\/wp\/v2\/product_cat?post=3042"},{"taxonomy":"product_tag","embeddable":true,"href":"https:\/\/wpachem.com\/tr\/wp-json\/wp\/v2\/product_tag?post=3042"}],"curies":[{"name":"wp","href":"https:\/\/api.w.org\/{rel}","templated":true}]}}