{"id":3047,"date":"2022-09-02T06:32:03","date_gmt":"2022-09-02T06:32:03","guid":{"rendered":"http:\/\/site2.easyceotech.com\/?post_type=product&#038;p=3047"},"modified":"2024-06-12T05:31:33","modified_gmt":"2024-06-12T05:31:33","slug":"titanium-dioxide-food-grade","status":"publish","type":"product","link":"https:\/\/wpachem.com\/tr\/urun\/titanium-dioxide-food-grade\/","title":{"rendered":"Titanyum Dioksit G\u0131da s\u0131n\u0131f\u0131"},"content":{"rendered":"<p style=\"text-align: center;\"><strong>Titanyum Dioksit G\u0131da s\u0131n\u0131f\u0131<\/strong><\/p>\n<p>&nbsp;<\/p>\n<p><strong>\u00d6zellikler<\/strong><\/p>\n<p>Bu \u00fcr\u00fcn, g\u0131daya \u00f6zg\u00fc anataz titanyum dioksitten haz\u0131rlanan g\u0131daya \u00f6zg\u00fc bir katk\u0131 maddesidir. \u00dcr\u00fcn toksik de\u011fildir ve tats\u0131zd\u0131r, beyaz tozdur ve kimyasal \u00f6zellikleri stabildir. G\u0131dalarda beyazlat\u0131c\u0131 etkiye sahiptir ve yumu\u015fak bir renk elde etmek i\u00e7in di\u011fer pigmentlerle birlikte kullan\u0131labilir. Ayr\u0131ca ultraviyole \u0131\u015f\u0131nlar\u0131 koruyabilir ve g\u0131dalar\u0131n raf \u00f6mr\u00fcn\u00fc uzatmaya yard\u0131mc\u0131 olabilir.<\/p>\n<p>&nbsp;<\/p>\n<p><strong>Ba\u015fvuru<\/strong><\/p>\n<p>G\u0131da haz\u0131rlamada kaplama, katk\u0131 maddesi, beyazlat\u0131c\u0131 renklendirici vb. olarak kullan\u0131l\u0131r. Esas olarak \u015fekerleme, \u00e7ikolata, so\u011fuk meyve, haz\u0131r, j\u00f6le, re\u00e7el, salata sosu, mayonez, \u015fi\u015firilmi\u015f g\u0131da, sak\u0131z ve tatland\u0131r\u0131c\u0131 i\u00e7ermeyen kat\u0131 i\u00e7ecek, konsantre kat\u0131 i\u00e7ecek, em\u00fclsiyon i\u00e7eren i\u00e7ecek vb. kullan\u0131l\u0131r.<\/p>\n<p>&nbsp;<\/p>\n<table>\n<tbody>\n<tr>\n<td width=\"426\"><strong><b>\u00d6\u011fe<\/b><\/strong><\/td>\n<td width=\"426\"><strong><b>Dizin<\/b><\/strong><\/td>\n<\/tr>\n<tr>\n<td width=\"426\">Tio2 i\u00e7eri\u011fi (%) ,\u2265<\/td>\n<td width=\"426\">99<\/td>\n<\/tr>\n<tr>\n<td width=\"426\">A\u011f\u0131r metal i\u00e7eri\u011fi<\/p>\n<p>(Pb cinsinden, mg\/kg),\u2264<\/td>\n<td width=\"426\">10<\/td>\n<\/tr>\n<tr>\n<td width=\"426\">\u0130\u00e7erik (mg\/kg) olarak, \uff1c<\/td>\n<td width=\"426\">3<\/td>\n<\/tr>\n<tr>\n<td width=\"426\">Suda \u00e7\u00f6z\u00fcnen madde %, \u2264<\/td>\n<td width=\"426\">0.4<\/td>\n<\/tr>\n<tr>\n<td width=\"426\">Asitte \u00e7\u00f6z\u00fcnen madde %, \uff1c<\/td>\n<td width=\"426\">0.5<\/td>\n<\/tr>\n<tr>\n<td width=\"426\">Kurutma kayb\u0131 %, \uff1c<\/td>\n<td width=\"426\">0.5<\/td>\n<\/tr>\n<tr>\n<td width=\"426\">K\u0131zd\u0131rma kayb\u0131 %, \uff1c<\/td>\n<td width=\"426\">0.5<\/td>\n<\/tr>\n<tr>\n<td width=\"426\">Tombidite (NTU), \u2265<\/td>\n<td width=\"426\">2000<\/td>\n<\/tr>\n<\/tbody>\n<\/table>\n<p>&nbsp;<\/p>\n<p><strong>Paket:<\/strong> 25 kg torba, 500 kg torba, 1000 kg torba.<\/p>","protected":false},"excerpt":{"rendered":"<p>\u00dcr\u00fcn Ad\u0131: Titanyum Dioksit G\u0131da s\u0131n\u0131f\u0131<\/p>\n<p>CAS Numaras\u0131: 1317-80-2<\/p>\n<p>MF: Tio2<\/p>\n<p>EINECS Numaras\u0131: 215-282-2<\/p>\n<p>G\u00f6r\u00fcn\u00fcm: Beyaz toz<\/p>","protected":false},"featured_media":2179,"template":"","meta":{"_acf_changed":false,"_gspb_post_css":""},"product_brand":[],"product_cat":[67,54,66],"product_tag":[],"class_list":{"0":"post-3047","1":"product","2":"type-product","3":"status-publish","4":"has-post-thumbnail","6":"product_cat-sulfate-process","7":"product_cat-inorganic-pigments","8":"product_cat-titanium-dioxide","10":"first","11":"instock","12":"shipping-taxable","13":"product-type-simple"},"acf":[],"_links":{"self":[{"href":"https:\/\/wpachem.com\/tr\/wp-json\/wp\/v2\/product\/3047","targetHints":{"allow":["GET"]}}],"collection":[{"href":"https:\/\/wpachem.com\/tr\/wp-json\/wp\/v2\/product"}],"about":[{"href":"https:\/\/wpachem.com\/tr\/wp-json\/wp\/v2\/types\/product"}],"version-history":[{"count":0,"href":"https:\/\/wpachem.com\/tr\/wp-json\/wp\/v2\/product\/3047\/revisions"}],"wp:featuredmedia":[{"embeddable":true,"href":"https:\/\/wpachem.com\/tr\/wp-json\/wp\/v2\/media\/2179"}],"wp:attachment":[{"href":"https:\/\/wpachem.com\/tr\/wp-json\/wp\/v2\/media?parent=3047"}],"wp:term":[{"taxonomy":"product_brand","embeddable":true,"href":"https:\/\/wpachem.com\/tr\/wp-json\/wp\/v2\/product_brand?post=3047"},{"taxonomy":"product_cat","embeddable":true,"href":"https:\/\/wpachem.com\/tr\/wp-json\/wp\/v2\/product_cat?post=3047"},{"taxonomy":"product_tag","embeddable":true,"href":"https:\/\/wpachem.com\/tr\/wp-json\/wp\/v2\/product_tag?post=3047"}],"curies":[{"name":"wp","href":"https:\/\/api.w.org\/{rel}","templated":true}]}}