{"id":3056,"date":"2022-09-13T08:17:50","date_gmt":"2022-09-13T08:17:50","guid":{"rendered":"http:\/\/site2.easyceotech.com\/?post_type=product&#038;p=3056"},"modified":"2024-03-12T08:09:06","modified_gmt":"2024-03-12T08:09:06","slug":"rubber-accelerator-cbs%ef%bc%88cz%ef%bc%89","status":"publish","type":"product","link":"https:\/\/wpachem.com\/tr\/urun\/rubber-accelerator-cbs%ef%bc%88cz%ef%bc%89\/","title":{"rendered":"Kau\u00e7uk h\u0131zland\u0131r\u0131c\u0131 -CBS\uff08CZ\uff09"},"content":{"rendered":"<p><strong>Kimyasal Ad\u0131: <\/strong>N-Siklohekzil-2-benzotiyazol s\u00fclfenamid<br \/>\nCAS\uff1a95-33-0<\/p>\n<p>MW=264.42<\/p>\n<table>\n<tbody>\n<tr>\n<td width=\"276\"><strong>\u00d6zellikler<\/strong><strong>N<\/strong><\/td>\n<td width=\"473\"><\/td>\n<\/tr>\n<tr>\n<td width=\"276\">D\u0131\u015f g\u00f6r\u00fcn\u00fc\u015f<\/td>\n<td width=\"473\">Grimsi beyaz veya a\u00e7\u0131k sar\u0131 toz<\/td>\n<\/tr>\n<tr>\n<td width=\"276\">Erime Noktas\u0131 Ba\u015flang\u0131\u00e7<\/td>\n<td width=\"473\">98.0\u2103 dk<\/td>\n<\/tr>\n<tr>\n<td width=\"276\">Is\u0131 Kayb\u0131<\/td>\n<td width=\"473\">0.30% maks.<\/td>\n<\/tr>\n<tr>\n<td width=\"276\">K\u00fcl<\/td>\n<td width=\"473\">0.30% maks.<\/td>\n<\/tr>\n<tr>\n<td width=\"276\">150um elek \u00fczerindeki kal\u0131nt\u0131<\/td>\n<td width=\"473\">0.10% maks.<\/td>\n<\/tr>\n<tr>\n<td width=\"276\">Serbest Amin<\/td>\n<td width=\"473\">0.40% maks.<\/td>\n<\/tr>\n<\/tbody>\n<\/table>\n<p>&nbsp;<\/p>\n<p><strong><b>Tan\u0131m:<\/b><\/strong> Hafif kokulu, zehirsiz, \u00d6zg\u00fcl a\u011f\u0131rl\u0131\u011f\u0131: 1.31-1.34. Benzen, metilbenzen, kloroform, karbon dis\u00fclf\u00fcr, karbon tetraklor\u00fcr, metilen klor\u00fcr, aseton ve etil asetatta \u00e7\u00f6z\u00fcn\u00fcr; etil alkolde kolayca \u00e7\u00f6z\u00fcnmez; suda, seyreltik asitte, seyreltik asitte, seyreltik alkalide ve benzinde \u00e7\u00f6z\u00fcnmez.<\/p>\n<p><strong>Kullan\u0131mlar<\/strong><strong>: <\/strong>CBS(CZ), y\u00fcksek aktiviteli ve b\u00fcy\u00fck \u00f6l\u00e7\u00fcde gecikmeli etkiye sahip bir h\u0131zland\u0131r\u0131c\u0131d\u0131r. Esas olarak lastik, kau\u00e7uk ayakkab\u0131, kau\u00e7uk i\u00e7 lastik, kablo ve di\u011fer teknik kau\u00e7uk \u00fcr\u00fcnlerinin \u00fcretiminde kullan\u0131l\u0131r.<\/p>\n<p><strong>Paketleme<\/strong><strong>:<\/strong>25kg net renkli bask\u0131l\u0131 polietilen torba ile kapl\u0131 periton dokuma torba. (12mt\/FCL)<\/p>","protected":false},"excerpt":{"rendered":"<p>\u00dcr\u00fcn Ad\u0131: Kau\u00e7uk h\u0131zland\u0131r\u0131c\u0131 -CBS\uff08CZ\uff09<\/p>\n<p>CAS Numaras\u0131: 95-33-0<\/p>\n<p>MF: C13H16N2S2<\/p>\n<p>EINECS Numaras\u0131: 202-411-2<\/p>\n<p>G\u00f6r\u00fcn\u00fcm: Grimsi beyaz veya a\u00e7\u0131k sar\u0131 toz<\/p>","protected":false},"featured_media":2105,"template":"","meta":{"_acf_changed":false,"_gspb_post_css":""},"product_brand":[],"product_cat":[62,72],"product_tag":[],"class_list":{"0":"post-3056","1":"product","2":"type-product","3":"status-publish","4":"has-post-thumbnail","6":"product_cat-rubberplastic-ingredients","7":"product_cat-rubber-accelerator","9":"first","10":"instock","11":"shipping-taxable","12":"product-type-simple"},"acf":[],"_links":{"self":[{"href":"https:\/\/wpachem.com\/tr\/wp-json\/wp\/v2\/product\/3056","targetHints":{"allow":["GET"]}}],"collection":[{"href":"https:\/\/wpachem.com\/tr\/wp-json\/wp\/v2\/product"}],"about":[{"href":"https:\/\/wpachem.com\/tr\/wp-json\/wp\/v2\/types\/product"}],"version-history":[{"count":0,"href":"https:\/\/wpachem.com\/tr\/wp-json\/wp\/v2\/product\/3056\/revisions"}],"wp:featuredmedia":[{"embeddable":true,"href":"https:\/\/wpachem.com\/tr\/wp-json\/wp\/v2\/media\/2105"}],"wp:attachment":[{"href":"https:\/\/wpachem.com\/tr\/wp-json\/wp\/v2\/media?parent=3056"}],"wp:term":[{"taxonomy":"product_brand","embeddable":true,"href":"https:\/\/wpachem.com\/tr\/wp-json\/wp\/v2\/product_brand?post=3056"},{"taxonomy":"product_cat","embeddable":true,"href":"https:\/\/wpachem.com\/tr\/wp-json\/wp\/v2\/product_cat?post=3056"},{"taxonomy":"product_tag","embeddable":true,"href":"https:\/\/wpachem.com\/tr\/wp-json\/wp\/v2\/product_tag?post=3056"}],"curies":[{"name":"wp","href":"https:\/\/api.w.org\/{rel}","templated":true}]}}