{"id":3058,"date":"2022-09-13T08:59:22","date_gmt":"2022-09-13T08:59:22","guid":{"rendered":"http:\/\/site2.easyceotech.com\/?post_type=product&#038;p=3058"},"modified":"2024-03-12T08:09:00","modified_gmt":"2024-03-12T08:09:00","slug":"rubber-accelerator-mbtm","status":"publish","type":"product","link":"https:\/\/wpachem.com\/tr\/urun\/rubber-accelerator-mbtm\/","title":{"rendered":"Kau\u00e7uk H\u0131zland\u0131r\u0131c\u0131 MBT(M)"},"content":{"rendered":"<p><strong><b>Kimyasal Ad\u0131:<\/b><\/strong><strong><b>\u00a0<\/b><\/strong>2-Merkaptobenzotiyazol<\/p>\n<p>CAS NUMARASI : 149-30-4<\/p>\n<p>(MW=167.26)<\/p>\n<p>&nbsp;<\/p>\n<p><strong><b>Tan\u0131m<\/b><\/strong><strong><b>;<\/b><\/strong>\u00a0Hafif k\u00f6t\u00fc kokulu ve ac\u0131ms\u0131 bir tada sahiptir, zehirsizdir. \u00d6zg\u00fcl a\u011f\u0131rl\u0131\u011f\u0131: 1.42-1.52. Etil asetonda kolayca \u00e7\u00f6z\u00fcn\u00fcr, sodyum hidroksit ve sodyum karbonat\u0131n seyreltik \u00e7\u00f6zeltisi, etil alkolde \u00e7\u00f6z\u00fcn\u00fcr, benzende kolayca \u00e7\u00f6z\u00fcnmez, suda ve benzinde \u00e7\u00f6z\u00fcnmez.<\/p>\n<table>\n<tbody>\n<tr>\n<td colspan=\"2\" width=\"750\">\u015eartname<\/td>\n<\/tr>\n<tr>\n<td width=\"271\">D\u0131\u015f g\u00f6r\u00fcn\u00fc\u015f<\/td>\n<td width=\"478\">Grimsi beyaz veya a\u00e7\u0131k sar\u0131 toz tanecik<\/td>\n<\/tr>\n<tr>\n<td width=\"271\">Erime Noktas\u0131 Ba\u015flang\u0131\u00e7<\/td>\n<td width=\"478\">171.0\u2103 dk<\/td>\n<\/tr>\n<tr>\n<td width=\"271\">Is\u0131 Kayb\u0131<\/td>\n<td width=\"478\">0.40% maks.<\/td>\n<\/tr>\n<tr>\n<td width=\"271\">K\u00fcl<\/td>\n<td width=\"478\">0.30% maks.<\/td>\n<\/tr>\n<tr>\n<td width=\"271\">150um elek \u00fczerindeki kal\u0131nt\u0131<\/td>\n<td width=\"478\">0.10% maks.<\/td>\n<\/tr>\n<\/tbody>\n<\/table>\n<p>&nbsp;<\/p>\n<p><strong><b>Kullan\u0131mlar\u0131:<\/b><\/strong><strong><b>\u00a0<\/b><\/strong>\u00dcr\u00fcn, do\u011fal ve sentetik kau\u00e7uklar\u0131n vulkanizasyonunda yayg\u0131n olarak kullan\u0131lan bir hemi-ultra h\u0131zland\u0131r\u0131c\u0131d\u0131r. Esas olarak kau\u00e7uk lastik, kau\u00e7uk kay\u0131\u015f, kau\u00e7uk ayakkab\u0131 ve di\u011fer teknik kau\u00e7uk \u00fcr\u00fcnlerinin \u00fcretiminde kullan\u0131l\u0131r.<\/p>\n<p><strong><b>Paketleme:<\/b><\/strong> 25kg net renkli bask\u0131l\u0131 polietilen torba ile kapl\u0131 periton dokuma torba. (12MT\/20FCL)<\/p>\n<p>&nbsp;<\/p>","protected":false},"excerpt":{"rendered":"<p>\u00dcr\u00fcn Ad\u0131: Kau\u00e7uk H\u0131zland\u0131r\u0131c\u0131 MBT(M)<\/p>\n<p>CAS Numaras\u0131: 149-30-4<\/p>\n<p>MF: C7H5NS2<\/p>\n<p>EINECS Numaras\u0131: 205-736-8<\/p>\n<p>G\u00f6r\u00fcn\u00fcm: Grimsi beyaz veya a\u00e7\u0131k sar\u0131 toz tanecik<\/p>","protected":false},"featured_media":2096,"template":"","meta":{"_acf_changed":false,"_gspb_post_css":""},"product_brand":[],"product_cat":[62,72],"product_tag":[],"class_list":{"0":"post-3058","1":"product","2":"type-product","3":"status-publish","4":"has-post-thumbnail","6":"product_cat-rubberplastic-ingredients","7":"product_cat-rubber-accelerator","9":"first","10":"instock","11":"shipping-taxable","12":"product-type-simple"},"acf":[],"_links":{"self":[{"href":"https:\/\/wpachem.com\/tr\/wp-json\/wp\/v2\/product\/3058","targetHints":{"allow":["GET"]}}],"collection":[{"href":"https:\/\/wpachem.com\/tr\/wp-json\/wp\/v2\/product"}],"about":[{"href":"https:\/\/wpachem.com\/tr\/wp-json\/wp\/v2\/types\/product"}],"version-history":[{"count":0,"href":"https:\/\/wpachem.com\/tr\/wp-json\/wp\/v2\/product\/3058\/revisions"}],"wp:featuredmedia":[{"embeddable":true,"href":"https:\/\/wpachem.com\/tr\/wp-json\/wp\/v2\/media\/2096"}],"wp:attachment":[{"href":"https:\/\/wpachem.com\/tr\/wp-json\/wp\/v2\/media?parent=3058"}],"wp:term":[{"taxonomy":"product_brand","embeddable":true,"href":"https:\/\/wpachem.com\/tr\/wp-json\/wp\/v2\/product_brand?post=3058"},{"taxonomy":"product_cat","embeddable":true,"href":"https:\/\/wpachem.com\/tr\/wp-json\/wp\/v2\/product_cat?post=3058"},{"taxonomy":"product_tag","embeddable":true,"href":"https:\/\/wpachem.com\/tr\/wp-json\/wp\/v2\/product_tag?post=3058"}],"curies":[{"name":"wp","href":"https:\/\/api.w.org\/{rel}","templated":true}]}}