{"id":3060,"date":"2022-09-13T09:32:26","date_gmt":"2022-09-13T09:32:26","guid":{"rendered":"http:\/\/site2.easyceotech.com\/?post_type=product&#038;p=3060"},"modified":"2024-03-12T08:08:17","modified_gmt":"2024-03-12T08:08:17","slug":"rubber-accelerator-dcbs-dz","status":"publish","type":"product","link":"https:\/\/wpachem.com\/tr\/urun\/rubber-accelerator-dcbs-dz\/","title":{"rendered":"Kau\u00e7uk H\u0131zland\u0131r\u0131c\u0131 DCBS (DZ)"},"content":{"rendered":"<p><strong>Kimyasal Ad\u0131: <\/strong>N, N-Disiklohekzil-2-Benzotiyazol s\u00fclfenamid<\/p>\n<p><strong>Molek\u00fcler Form\u00fcl<\/strong>C<sub>19<\/sub>H<sub>26<\/sub>N<sub>2<\/sub>S<sub>2<\/sub><\/p>\n<p><strong>Molek\u00fcler A\u011f\u0131rl\u0131k: <\/strong>346.56<\/p>\n<p><strong>Kalite standard\u0131: <\/strong>S\/SH001-2000<\/p>\n<p><strong>CAS NUMARASI:<\/strong>4979-32-2<\/p>\n<p>&nbsp;<\/p>\n<p><strong>\u015eartname:<\/strong><\/p>\n<table>\n<tbody>\n<tr>\n<td width=\"288\"><strong>\u00d6\u011fe<\/strong><\/td>\n<td width=\"133\">Toz<\/td>\n<td width=\"154\">Ya\u011fl\u0131 toz<\/td>\n<td width=\"148\">Gran\u00fcl<\/td>\n<\/tr>\n<tr>\n<td width=\"288\"><strong>D\u0131\u015f g\u00f6r\u00fcn\u00fc\u015f<\/strong><\/td>\n<td colspan=\"3\" width=\"436\">Krem renkli gran\u00fcl<\/td>\n<\/tr>\n<tr>\n<td width=\"288\"><strong>Ba\u015flang\u0131\u00e7 MP \u2103 \u2265<\/strong><\/td>\n<td width=\"133\">97.0<\/td>\n<td width=\"154\">97.0<\/td>\n<td width=\"148\">97.0<\/td>\n<\/tr>\n<tr>\n<td width=\"288\"><strong>Kurutma kayb\u0131 % \u2264<\/strong><\/td>\n<td width=\"133\">0.30<\/td>\n<td width=\"154\">0.50<\/td>\n<td width=\"148\">0.30<\/td>\n<\/tr>\n<tr>\n<td width=\"288\"><strong>K\u00fcl % \u2264<\/strong><\/td>\n<td width=\"133\">0.30<\/td>\n<td width=\"154\">0.30<\/td>\n<td width=\"148\">0.30<\/td>\n<\/tr>\n<tr>\n<td width=\"288\"><strong>150\u03bcm elek \u00fczerindeki kal\u0131nt\u0131 % \u2264<\/strong><\/td>\n<td width=\"133\">0.10<\/td>\n<td width=\"154\">0.10<\/td>\n<td width=\"148\">\\<\/td>\n<\/tr>\n<tr>\n<td width=\"288\"><strong>Katk\u0131 maddesi %<\/strong><\/td>\n<td width=\"133\">\\<\/td>\n<td width=\"154\">1.0-2.0<\/td>\n<td width=\"148\">\\<\/td>\n<\/tr>\n<tr>\n<td width=\"288\"><strong>Gran\u00fcl \u00c7ap\u0131 mm<\/strong><\/td>\n<td width=\"133\">\\<\/td>\n<td width=\"154\">\\<\/td>\n<td width=\"148\">1.0-3.0<\/td>\n<\/tr>\n<\/tbody>\n<\/table>\n<p>&nbsp;<\/p>\n<p><strong>\u00d6zellikler:<\/strong>\u00a0Krem renkli Gran\u00fcl ac\u0131 bir tada sahiptir. Yo\u011funlu\u011fu 1.26&#039;d\u0131r, Asetonda \u00e7\u00f6z\u00fcn\u00fcr, ya\u011flar ve ya\u011flar dahil organik s\u0131v\u0131larda \u00e7\u00f6z\u00fcn\u00fcr, suda \u00e7\u00f6z\u00fcnmez.<\/p>\n<p><strong>Ba\u015fvuru:<\/strong>\u00a0DCBS, m\u00fckemmel yanma \u00f6nleyici \u00f6zelli\u011fe ve k\u00fcrlenme ba\u015flang\u0131c\u0131n\u0131n gecikmesine sahip bir s\u00fclfenamid h\u0131zland\u0131r\u0131c\u0131d\u0131r. Do\u011fal ve sentetik kau\u00e7uklarla uyumludur, radyal katl\u0131 lastik, kau\u00e7uk kay\u0131\u015flar ve amortis\u00f6r vb. i\u00e7in uygundur. \u00d6zellikle metale iyi yap\u0131\u015fma sa\u011flar.<\/p>\n<p><strong>Ambalajlama:<\/strong>\u00a025kg&#039;l\u0131k plastik dokuma torba, plastik filmli ka\u011f\u0131t torba, 25kg&#039;l\u0131k varil.<\/p>\n<p><strong>Depolamak:<\/strong>\u00a0\u00dcr\u00fcn iyi havaland\u0131r\u0131lan kuru ve serin bir yerde saklanmal\u0131, paketlenmi\u015f \u00fcr\u00fcn\u00fcn do\u011frudan g\u00fcne\u015f \u0131\u015f\u0131\u011f\u0131na maruz kalmas\u0131 \u00f6nlenmelidir. Ge\u00e7erlilik s\u00fcresi 1 y\u0131ld\u0131r.<\/p>\n<p>Notlar \u00dcr\u00fcn, m\u00fc\u015fterinin \u00f6zel iste\u011fine g\u00f6re ultra ince toz halinde de olabilir.<\/p>\n<p>&nbsp;<\/p>","protected":false},"excerpt":{"rendered":"<p>\u00dcr\u00fcn Ad\u0131: Kau\u00e7uk H\u0131zland\u0131r\u0131c\u0131 DCBS (DZ)<\/p>\n<p>CAS Numaras\u0131: 4979-32-2<\/p>\n<p>MF: C19H26N2S2<\/p>\n<p>EINECS Numaras\u0131: 225-625-8<\/p>\n<p>G\u00f6r\u00fcn\u00fcm: Krem renkli gran\u00fcl<\/p>","protected":false},"featured_media":3062,"template":"","meta":{"_acf_changed":false,"_gspb_post_css":""},"product_brand":[],"product_cat":[62,72],"product_tag":[],"class_list":{"0":"post-3060","1":"product","2":"type-product","3":"status-publish","4":"has-post-thumbnail","6":"product_cat-rubberplastic-ingredients","7":"product_cat-rubber-accelerator","9":"first","10":"instock","11":"shipping-taxable","12":"product-type-simple"},"acf":[],"_links":{"self":[{"href":"https:\/\/wpachem.com\/tr\/wp-json\/wp\/v2\/product\/3060","targetHints":{"allow":["GET"]}}],"collection":[{"href":"https:\/\/wpachem.com\/tr\/wp-json\/wp\/v2\/product"}],"about":[{"href":"https:\/\/wpachem.com\/tr\/wp-json\/wp\/v2\/types\/product"}],"version-history":[{"count":0,"href":"https:\/\/wpachem.com\/tr\/wp-json\/wp\/v2\/product\/3060\/revisions"}],"wp:featuredmedia":[{"embeddable":true,"href":"https:\/\/wpachem.com\/tr\/wp-json\/wp\/v2\/media\/3062"}],"wp:attachment":[{"href":"https:\/\/wpachem.com\/tr\/wp-json\/wp\/v2\/media?parent=3060"}],"wp:term":[{"taxonomy":"product_brand","embeddable":true,"href":"https:\/\/wpachem.com\/tr\/wp-json\/wp\/v2\/product_brand?post=3060"},{"taxonomy":"product_cat","embeddable":true,"href":"https:\/\/wpachem.com\/tr\/wp-json\/wp\/v2\/product_cat?post=3060"},{"taxonomy":"product_tag","embeddable":true,"href":"https:\/\/wpachem.com\/tr\/wp-json\/wp\/v2\/product_tag?post=3060"}],"curies":[{"name":"wp","href":"https:\/\/api.w.org\/{rel}","templated":true}]}}