{"id":3063,"date":"2022-09-14T03:08:29","date_gmt":"2022-09-14T03:08:29","guid":{"rendered":"http:\/\/site2.easyceotech.com\/?post_type=product&#038;p=3063"},"modified":"2024-03-12T08:08:13","modified_gmt":"2024-03-12T08:08:13","slug":"rubber-accelerator-mbtsdm","status":"publish","type":"product","link":"https:\/\/wpachem.com\/tr\/urun\/rubber-accelerator-mbtsdm\/","title":{"rendered":"Kau\u00e7uk H\u0131zland\u0131r\u0131c\u0131 MBTS(DM)"},"content":{"rendered":"<p><strong><b>Kimyasal Ad\u0131<\/b><\/strong>: Dibenzotiyazol dis\u00fclf\u00fcr<br \/>\nCAS NUMARASI \uff1a120-78-5<br \/>\n(MW=332,50)<\/p>\n<p><strong><b>\u00d6zellikler<\/b><\/strong>: Biraz ac\u0131ms\u0131 bir tada sahiptir, zehirsizdir. \u00d6zg\u00fcl a\u011f\u0131rl\u0131k: 1.45-1.54. Kloroformda \u00e7\u00f6z\u00fcn\u00fcr, benzen, etil alkol ve karbon tetraklor\u00fcrde az \u00e7\u00f6z\u00fcn\u00fcr. Benzin, su ve etil asetatta \u00e7\u00f6z\u00fcnmez.<\/p>\n<p>&nbsp;<\/p>\n<table>\n<tbody>\n<tr>\n<td colspan=\"2\" width=\"750\"><strong><b>\u015eartname<\/b><\/strong><\/td>\n<\/tr>\n<tr>\n<td width=\"312\">D\u0131\u015f g\u00f6r\u00fcn\u00fc\u015f<\/td>\n<td width=\"437\">Beyaz veya a\u00e7\u0131k sar\u0131 toz<\/td>\n<\/tr>\n<tr>\n<td width=\"312\">Erime Noktas\u0131 Ba\u015flang\u0131\u00e7<\/td>\n<td width=\"437\">166.0\u2103 dk<\/td>\n<\/tr>\n<tr>\n<td width=\"312\">Is\u0131 Kayb\u0131<\/td>\n<td width=\"437\">0.40% maks.<\/td>\n<\/tr>\n<tr>\n<td width=\"312\">K\u00fcl<\/td>\n<td width=\"437\">0.50% maks.<\/td>\n<\/tr>\n<tr>\n<td width=\"312\">150um elek \u00fczerindeki kal\u0131nt\u0131<\/td>\n<td width=\"437\">0.10% maks.<\/td>\n<\/tr>\n<\/tbody>\n<\/table>\n<p>&nbsp;<\/p>\n<p><strong><b>Ba\u015fvuru<\/b><\/strong>: Genellikle do\u011fal ve bir\u00e7ok sentetik kau\u00e7uk i\u00e7in kullan\u0131l\u0131r. Lastik, kau\u00e7uk i\u00e7 lastik, kau\u00e7uk ayakkab\u0131, kau\u00e7uk kuma\u015f ve di\u011fer teknik kau\u00e7uk \u00fcr\u00fcnlerinin \u00fcretiminde kullan\u0131l\u0131r, H\u0131zland\u0131r\u0131c\u0131 MBTS polikloroprende plastikle\u015ftirici ve gecikmeli katyon aktivat\u00f6r\u00fc olarak \u00e7al\u0131\u015f\u0131r.<\/p>\n<p><strong><b>Paketler<\/b><\/strong>:20kgs net renkli bask\u0131l\u0131 polietilen torba ile kapl\u0131 periton dokuma torba. 12MT\/20&#039;FCL<\/p>\n<p><strong><b>Depolamak<\/b><\/strong>: Normal depolama ko\u015fullar\u0131nda s\u00fcresiz olarak kararl\u0131d\u0131r.<\/p>","protected":false},"excerpt":{"rendered":"<p>\u00dcr\u00fcn Ad\u0131: Kau\u00e7uk H\u0131zland\u0131r\u0131c\u0131 MBTS(DM)<\/p>\n<p>CAS Numaras\u0131: 120-78-5<\/p>\n<p>MF: C14H8N2S4<\/p>\n<p>EINECS Numaras\u0131: 204-424-9<\/p>\n<p>G\u00f6r\u00fcn\u00fcm: Beyaz veya a\u00e7\u0131k sar\u0131 toz, tane<\/p>","protected":false},"featured_media":3012,"template":"","meta":{"_acf_changed":false,"_gspb_post_css":""},"product_brand":[],"product_cat":[62,72],"product_tag":[],"class_list":{"0":"post-3063","1":"product","2":"type-product","3":"status-publish","4":"has-post-thumbnail","6":"product_cat-rubberplastic-ingredients","7":"product_cat-rubber-accelerator","9":"first","10":"instock","11":"shipping-taxable","12":"product-type-simple"},"acf":[],"_links":{"self":[{"href":"https:\/\/wpachem.com\/tr\/wp-json\/wp\/v2\/product\/3063","targetHints":{"allow":["GET"]}}],"collection":[{"href":"https:\/\/wpachem.com\/tr\/wp-json\/wp\/v2\/product"}],"about":[{"href":"https:\/\/wpachem.com\/tr\/wp-json\/wp\/v2\/types\/product"}],"version-history":[{"count":0,"href":"https:\/\/wpachem.com\/tr\/wp-json\/wp\/v2\/product\/3063\/revisions"}],"wp:featuredmedia":[{"embeddable":true,"href":"https:\/\/wpachem.com\/tr\/wp-json\/wp\/v2\/media\/3012"}],"wp:attachment":[{"href":"https:\/\/wpachem.com\/tr\/wp-json\/wp\/v2\/media?parent=3063"}],"wp:term":[{"taxonomy":"product_brand","embeddable":true,"href":"https:\/\/wpachem.com\/tr\/wp-json\/wp\/v2\/product_brand?post=3063"},{"taxonomy":"product_cat","embeddable":true,"href":"https:\/\/wpachem.com\/tr\/wp-json\/wp\/v2\/product_cat?post=3063"},{"taxonomy":"product_tag","embeddable":true,"href":"https:\/\/wpachem.com\/tr\/wp-json\/wp\/v2\/product_tag?post=3063"}],"curies":[{"name":"wp","href":"https:\/\/api.w.org\/{rel}","templated":true}]}}