{"id":3065,"date":"2022-09-14T03:28:09","date_gmt":"2022-09-14T03:28:09","guid":{"rendered":"http:\/\/site2.easyceotech.com\/?post_type=product&#038;p=3065"},"modified":"2024-03-12T08:08:08","modified_gmt":"2024-03-12T08:08:08","slug":"rubber-accelerator-tmtd","status":"publish","type":"product","link":"https:\/\/wpachem.com\/tr\/urun\/rubber-accelerator-tmtd\/","title":{"rendered":"Kau\u00e7uk H\u0131zland\u0131r\u0131c\u0131 TMTD"},"content":{"rendered":"<p><strong><b>Kimyasal ad\u0131<\/b><\/strong><strong><b>:\u00a0\u00a0<\/b><\/strong>\u00a0Tetrametiltiuram dis\u00fclf\u00fcr<br \/>\n<strong><b>Form\u00fcl:<\/b><\/strong>\u00a0C6H12N2S4<br \/>\n<strong><b>Cas No.<\/b><\/strong>:\u00a0\u00a0\u00a0137-26-8<\/p>\n<table>\n<tbody>\n<tr>\n<td colspan=\"3\" width=\"794\"><strong><b>\u015eartname<\/b><\/strong><\/td>\n<\/tr>\n<tr>\n<td width=\"517\">D\u0131\u015f g\u00f6r\u00fcn\u00fc\u015f<\/td>\n<td width=\"277\">Beyaz toz<\/td>\n<td width=\"0\"><\/td>\n<\/tr>\n<tr>\n<td width=\"517\">\u0130lk erime noktas\u0131<\/td>\n<td width=\"277\">142\u2103 dk<\/td>\n<td width=\"0\"><\/td>\n<\/tr>\n<tr>\n<td width=\"517\">Is\u0131nma kayb\u0131<\/td>\n<td width=\"277\">0.40% maks.<\/td>\n<td width=\"0\"><\/td>\n<\/tr>\n<tr>\n<td width=\"517\">K\u00fcl i\u00e7eri\u011fi<\/td>\n<td width=\"277\">0.30% maks.<\/td>\n<td width=\"0\"><\/td>\n<\/tr>\n<tr>\n<td width=\"517\">Elek \u00fczerindeki kal\u0131nt\u0131 (100 mesh)<\/td>\n<td width=\"277\">0.10% maks.<\/td>\n<td width=\"0\"><\/td>\n<\/tr>\n<\/tbody>\n<\/table>\n<p>&nbsp;<\/p>\n<p><strong><b>Uygulama<\/b><\/strong><strong><b>:<\/b><\/strong><strong><b> TMTD <\/b><\/strong>tek bir h\u0131zland\u0131r\u0131c\u0131 olarak, ikincil bir h\u0131zland\u0131r\u0131c\u0131 olarak veya \u00e7o\u011fu k\u00fck\u00fcrtl\u00fc k\u00fcrlenmi\u015f elastomerde k\u00fck\u00fcrt verici olarak kullan\u0131labilir. Kavurucudur ve h\u0131zl\u0131 k\u00fcrlenme oranlar\u0131 verir. K\u00fck\u00fcrts\u00fcz ve EV k\u00fcr sistemlerinde iyi \u0131s\u0131 ya\u015flanmas\u0131 ve s\u0131k\u0131\u015ft\u0131rma seti direncine sahip m\u00fckemmel bir vulkanizasyon platosu \u00fcretir. Siyah olmayan vulkanizasyonda iyi renk tutma elde edilir. EPDM i\u00e7in de\u011ferli bir ikincil h\u0131zland\u0131r\u0131c\u0131d\u0131r. ETU ile polikloropren kau\u00e7u\u011funun vulkanizasyonunda geciktirici olarak kullan\u0131labilir ve ayr\u0131ca bakterisit ve pestisit olarak da kullan\u0131labilir<\/p>\n<p><strong><b>Paket<\/b><\/strong>:<strong><b>\u00a0<\/b><\/strong>25kg ka\u011f\u0131t torba veya plastik torba ile kapl\u0131 PP dokuma torba. Veya ihtiyaca g\u00f6re paketlenebilir. (12MT\/20&#039;FCL)<\/p>","protected":false},"excerpt":{"rendered":"<p>\u00dcr\u00fcn Ad\u0131: Kau\u00e7uk H\u0131zland\u0131r\u0131c\u0131 TMTD<\/p>\n<p>CAS Numaras\u0131: 137-26-8<\/p>\n<p>MF: C6H12N2S4<\/p>\n<p>EINECS Numaras\u0131: 205-286-2<\/p>\n<p>G\u00f6r\u00fcn\u00fcm: Beyaz toz<\/p>","protected":false},"featured_media":2217,"template":"","meta":{"_acf_changed":false,"_gspb_post_css":""},"product_brand":[],"product_cat":[62,72],"product_tag":[],"class_list":{"0":"post-3065","1":"product","2":"type-product","3":"status-publish","4":"has-post-thumbnail","6":"product_cat-rubberplastic-ingredients","7":"product_cat-rubber-accelerator","9":"first","10":"instock","11":"shipping-taxable","12":"product-type-simple"},"acf":[],"_links":{"self":[{"href":"https:\/\/wpachem.com\/tr\/wp-json\/wp\/v2\/product\/3065","targetHints":{"allow":["GET"]}}],"collection":[{"href":"https:\/\/wpachem.com\/tr\/wp-json\/wp\/v2\/product"}],"about":[{"href":"https:\/\/wpachem.com\/tr\/wp-json\/wp\/v2\/types\/product"}],"version-history":[{"count":0,"href":"https:\/\/wpachem.com\/tr\/wp-json\/wp\/v2\/product\/3065\/revisions"}],"wp:featuredmedia":[{"embeddable":true,"href":"https:\/\/wpachem.com\/tr\/wp-json\/wp\/v2\/media\/2217"}],"wp:attachment":[{"href":"https:\/\/wpachem.com\/tr\/wp-json\/wp\/v2\/media?parent=3065"}],"wp:term":[{"taxonomy":"product_brand","embeddable":true,"href":"https:\/\/wpachem.com\/tr\/wp-json\/wp\/v2\/product_brand?post=3065"},{"taxonomy":"product_cat","embeddable":true,"href":"https:\/\/wpachem.com\/tr\/wp-json\/wp\/v2\/product_cat?post=3065"},{"taxonomy":"product_tag","embeddable":true,"href":"https:\/\/wpachem.com\/tr\/wp-json\/wp\/v2\/product_tag?post=3065"}],"curies":[{"name":"wp","href":"https:\/\/api.w.org\/{rel}","templated":true}]}}