{"id":3073,"date":"2022-09-14T05:38:23","date_gmt":"2022-09-14T05:38:23","guid":{"rendered":"http:\/\/site2.easyceotech.com\/?post_type=product&#038;p=3073"},"modified":"2024-03-12T08:08:03","modified_gmt":"2024-03-12T08:08:03","slug":"rubber-accelerator-mbs","status":"publish","type":"product","link":"https:\/\/wpachem.com\/tr\/urun\/rubber-accelerator-mbs\/","title":{"rendered":"Kau\u00e7uk H\u0131zland\u0131r\u0131c\u0131 MBS"},"content":{"rendered":"<p><strong>Kimyasal Ad\u0131:<\/strong><strong>\u00a0<\/strong>N-Oksidietilen-2-benzotiyazol s\u00fclfonamit<\/p>\n<p><strong>Molek\u00fcler Form\u00fcl: <\/strong>C<sub>11<\/sub>H<sub>12<\/sub>N<sub>2<\/sub>S<sub>2<\/sub>O<\/p>\n<p><strong>Molek\u00fcler A\u011f\u0131rl\u0131k:<\/strong>253.35<\/p>\n<p><strong>CAS NUMARASI:<\/strong>102-77-2<\/p>\n<p>&nbsp;<\/p>\n<p><strong>\u015eartname:<\/strong><\/p>\n<table>\n<tbody>\n<tr>\n<td width=\"250\">\u00d6\u011fe<\/td>\n<td width=\"288\">Kristal<\/td>\n<td width=\"254\">Gran\u00fcl<\/td>\n<\/tr>\n<tr>\n<td width=\"250\">D\u0131\u015f g\u00f6r\u00fcn\u00fc\u015f<\/td>\n<td colspan=\"2\" width=\"542\">A\u00e7\u0131k sar\u0131 veya turuncu kristal (gran\u00fcl)<\/td>\n<\/tr>\n<tr>\n<td width=\"250\">\u0130lk milletvekili<sup>o<\/sup>C\u2265<\/td>\n<td width=\"288\">80.0<\/td>\n<td width=\"254\">80.0<\/td>\n<\/tr>\n<tr>\n<td width=\"250\">Kurutma kayb\u0131%\u2264<\/td>\n<td width=\"288\">0.30<\/td>\n<td width=\"254\">0.30<\/td>\n<\/tr>\n<tr>\n<td width=\"250\">K\u00fcl%\u2264<\/td>\n<td width=\"288\">0.30<\/td>\n<td width=\"254\">0.30<\/td>\n<\/tr>\n<tr>\n<td width=\"250\">Gran\u00fcl \u00c7ap\u0131, mm<\/td>\n<td width=\"288\">\\<\/td>\n<td width=\"254\">1.50<\/td>\n<\/tr>\n<\/tbody>\n<\/table>\n<p>&nbsp;<\/p>\n<p><strong>\u00d6zellikler:<\/strong>\u00a0A\u00e7\u0131k sar\u0131 veya turuncu kristal (gran\u00fcl). Biraz amonyak kokusu olan zehirsiz. Yo\u011funlu\u011fu 1.34-1.40. Benzen, aseton, kloroformda \u00e7\u00f6z\u00fcn\u00fcr, suda, asitte ve d\u00fc\u015f\u00fck konsantrasyonlu alkalide \u00e7\u00f6z\u00fcnmez.<\/p>\n<p><strong>Ba\u015fvuru: <\/strong>M\u00fckemmel bir gecikmeli h\u0131zland\u0131r\u0131c\u0131. Performans\u0131 CZ ile benzerdir ve daha iyi yanma g\u00fcvenli\u011fine sahiptir. NR, IR, SBR, NBR ve EPDM&#039;de yayg\u0131n olarak kullan\u0131l\u0131r. Aktiviteyi iyile\u015ftirmek i\u00e7in tek ba\u015f\u0131na veya tiuramlar, guanidinler ve ditiyokarbamatlar gibi di\u011fer vulkanizasyon h\u0131zland\u0131r\u0131c\u0131lar\u0131yla birlikte kullan\u0131labilir. Esas olarak lastik, ayakkab\u0131 ve kemer \u00fcretiminde kullan\u0131l\u0131r.<\/p>\n<p><strong>Ambalajlama:<\/strong>\u00a025kg&#039;l\u0131k plastik dokuma torba, plastik filmli ka\u011f\u0131t torba, kraft ka\u011f\u0131t torba veya jumbo torba.<\/p>\n<p>&nbsp;<\/p>\n<p><strong>Depolamak: <\/strong>\u00dcr\u00fcn iyi havaland\u0131r\u0131lan kuru ve serin bir yerde saklanmal\u0131, paketlenmi\u015f \u00fcr\u00fcn\u00fcn do\u011frudan g\u00fcne\u015f \u0131\u015f\u0131\u011f\u0131na maruz kalmas\u0131 \u00f6nlenmelidir. Ge\u00e7erlilik s\u00fcresi 1 y\u0131ld\u0131r.<\/p>\n<p>&nbsp;<\/p>","protected":false},"excerpt":{"rendered":"<p>\u00dcr\u00fcn Ad\u0131: Kau\u00e7uk H\u0131zland\u0131r\u0131c\u0131 MBS<\/p>\n<p>CAS Numaras\u0131: 102-77-2<\/p>\n<p>MF: C11H12N2OS2<\/p>\n<p>EINECS Numaras\u0131: 203-052-4<\/p>\n<p>G\u00f6r\u00fcn\u00fcm: A\u00e7\u0131k sar\u0131 veya turuncu kristal (gran\u00fcl)<\/p>","protected":false},"featured_media":3079,"template":"","meta":{"_acf_changed":false,"_gspb_post_css":""},"product_brand":[],"product_cat":[62,72],"product_tag":[],"class_list":{"0":"post-3073","1":"product","2":"type-product","3":"status-publish","4":"has-post-thumbnail","6":"product_cat-rubberplastic-ingredients","7":"product_cat-rubber-accelerator","9":"first","10":"instock","11":"shipping-taxable","12":"product-type-simple"},"acf":[],"_links":{"self":[{"href":"https:\/\/wpachem.com\/tr\/wp-json\/wp\/v2\/product\/3073","targetHints":{"allow":["GET"]}}],"collection":[{"href":"https:\/\/wpachem.com\/tr\/wp-json\/wp\/v2\/product"}],"about":[{"href":"https:\/\/wpachem.com\/tr\/wp-json\/wp\/v2\/types\/product"}],"version-history":[{"count":0,"href":"https:\/\/wpachem.com\/tr\/wp-json\/wp\/v2\/product\/3073\/revisions"}],"wp:featuredmedia":[{"embeddable":true,"href":"https:\/\/wpachem.com\/tr\/wp-json\/wp\/v2\/media\/3079"}],"wp:attachment":[{"href":"https:\/\/wpachem.com\/tr\/wp-json\/wp\/v2\/media?parent=3073"}],"wp:term":[{"taxonomy":"product_brand","embeddable":true,"href":"https:\/\/wpachem.com\/tr\/wp-json\/wp\/v2\/product_brand?post=3073"},{"taxonomy":"product_cat","embeddable":true,"href":"https:\/\/wpachem.com\/tr\/wp-json\/wp\/v2\/product_cat?post=3073"},{"taxonomy":"product_tag","embeddable":true,"href":"https:\/\/wpachem.com\/tr\/wp-json\/wp\/v2\/product_tag?post=3073"}],"curies":[{"name":"wp","href":"https:\/\/api.w.org\/{rel}","templated":true}]}}