{"id":3085,"date":"2022-09-14T05:42:05","date_gmt":"2022-09-14T05:42:05","guid":{"rendered":"http:\/\/site2.easyceotech.com\/?post_type=product&#038;p=3085"},"modified":"2024-03-12T08:07:58","modified_gmt":"2024-03-12T08:07:58","slug":"rubber-accelerator-etu","status":"publish","type":"product","link":"https:\/\/wpachem.com\/tr\/urun\/rubber-accelerator-etu\/","title":{"rendered":"Kau\u00e7uk H\u0131zland\u0131r\u0131c\u0131 ETU"},"content":{"rendered":"<p><strong>Kimyasal Ad\u0131: <\/strong>1,3-Etilen tiyo\u00fcre<\/p>\n<p><strong>Molek\u00fcler Form\u00fcl: <\/strong>C<sub>3<\/sub>H<sub>6<\/sub>N<sub>2<\/sub>S<\/p>\n<p><strong>Molek\u00fcler A\u011f\u0131rl\u0131k: <\/strong>102.17<\/p>\n<p><strong>CAS NUMARASI: <\/strong>96-45-7<\/p>\n<p>&nbsp;<\/p>\n<p><strong>\u015eartname:<\/strong><\/p>\n<table>\n<tbody>\n<tr>\n<td width=\"413\"><strong>\u00d6\u011fe<\/strong><\/td>\n<td width=\"192\"><strong>Toz<\/strong><\/td>\n<td width=\"233\"><strong>Ya\u011fl\u0131 toz<\/strong><\/td>\n<\/tr>\n<tr>\n<td width=\"413\"><strong>D\u0131\u015f g\u00f6r\u00fcn\u00fc\u015f<\/strong><\/td>\n<td colspan=\"2\" width=\"426\">Beyaz toz<\/td>\n<\/tr>\n<tr>\n<td width=\"413\"><strong>Ba\u015flang\u0131\u00e7 MP\u2103\u2265<\/strong><\/td>\n<td width=\"192\">195.0<\/td>\n<td width=\"233\">195.0<\/td>\n<\/tr>\n<tr>\n<td width=\"413\"><strong>Kurutma kayb\u0131 % \u2264<\/strong><\/td>\n<td width=\"192\">0.30<\/td>\n<td width=\"233\">0.50<\/td>\n<\/tr>\n<tr>\n<td width=\"413\"><strong>K\u00fcl % \u2264<\/strong><\/td>\n<td width=\"192\">0.30<\/td>\n<td width=\"233\">0.30<\/td>\n<\/tr>\n<tr>\n<td width=\"413\"><strong>150\u03bcm elek \u00fczerindeki kal\u0131nt\u0131lar, % \u2264<\/strong><\/td>\n<td width=\"192\">0.10<\/td>\n<td width=\"233\">0.10<\/td>\n<\/tr>\n<tr>\n<td width=\"413\"><strong>63\u03bcm&#039;deki kal\u0131nt\u0131lar), % \u2264<\/strong><\/td>\n<td width=\"192\">0.50<\/td>\n<td width=\"233\">0.50<\/td>\n<\/tr>\n<tr>\n<td width=\"413\"><strong>Katk\u0131 maddesi, %<\/strong><\/td>\n<td width=\"192\">\\<\/td>\n<td width=\"233\">0.1-2.0<\/td>\n<\/tr>\n<\/tbody>\n<\/table>\n<p>&nbsp;<\/p>\n<p><strong>\u00d6zellikler: <\/strong>Beyaz toz. Biraz ac\u0131. Yo\u011funluk 2.00. Alkolde \u00e7\u00f6z\u00fcn\u00fcr, suda hafif\u00e7e \u00e7\u00f6z\u00fcn\u00fcr. Son \u00fcr\u00fcnlere kirlilik yok. Stabilizasyon depolamas\u0131<\/p>\n<p><strong>Ba\u015fvuru: <\/strong>ETU&#039;nun yanma e\u011filimi azd\u0131r, y\u00fcksek derecede i\u015fleme g\u00fcvenli\u011fi vard\u0131r ve normal vulkanizasyon s\u0131cakl\u0131klar\u0131nda uygun vulkanizasyonun h\u0131zla elde edilmesini sa\u011flar. Vulkanizasyon kineti\u011fi \u00f6zellikleri sunar ve vulkanizasyona m\u00fckemmel fiziksel \u00f6zellikler (y\u00fcksek \u00e7ekme dayan\u0131m\u0131, d\u00fc\u015f\u00fck bas\u0131n\u00e7 seti, b\u00fcy\u00fck plastisite ve iyi \u0131s\u0131 direnci) kazand\u0131r\u0131r<\/p>\n<p><strong>Ambalajlama:<\/strong>\u00a025kg plastik dokuma torba, plastik filmli ka\u011f\u0131t torba, kraft ka\u011f\u0131t torba<\/p>\n<p><strong>Depolamak:<\/strong> \u00dcr\u00fcn iyi havaland\u0131r\u0131lan kuru ve serin bir yerde saklanmal\u0131, paketlenmi\u015f \u00fcr\u00fcn\u00fcn do\u011frudan g\u00fcne\u015f \u0131\u015f\u0131\u011f\u0131na maruz kalmas\u0131 \u00f6nlenmelidir. Ge\u00e7erlilik s\u00fcresi normal ko\u015fullarda 1 y\u0131ld\u0131r.<\/p>","protected":false},"excerpt":{"rendered":"<p>\u00dcr\u00fcn Ad\u0131: Kau\u00e7uk H\u0131zland\u0131r\u0131c\u0131 ETU<\/p>\n<p>CAS Numaras\u0131: 96-45-7<\/p>\n<p>MF: C3H6N2S<\/p>\n<p>EINECS Numaras\u0131: 202-506-9<\/p>\n<p>G\u00f6r\u00fcn\u00fcm: Beyaz toz<\/p>","protected":false},"featured_media":2176,"template":"","meta":{"_acf_changed":false,"_gspb_post_css":""},"product_brand":[],"product_cat":[62,72],"product_tag":[],"class_list":{"0":"post-3085","1":"product","2":"type-product","3":"status-publish","4":"has-post-thumbnail","6":"product_cat-rubberplastic-ingredients","7":"product_cat-rubber-accelerator","9":"first","10":"instock","11":"shipping-taxable","12":"product-type-simple"},"acf":[],"_links":{"self":[{"href":"https:\/\/wpachem.com\/tr\/wp-json\/wp\/v2\/product\/3085","targetHints":{"allow":["GET"]}}],"collection":[{"href":"https:\/\/wpachem.com\/tr\/wp-json\/wp\/v2\/product"}],"about":[{"href":"https:\/\/wpachem.com\/tr\/wp-json\/wp\/v2\/types\/product"}],"version-history":[{"count":0,"href":"https:\/\/wpachem.com\/tr\/wp-json\/wp\/v2\/product\/3085\/revisions"}],"wp:featuredmedia":[{"embeddable":true,"href":"https:\/\/wpachem.com\/tr\/wp-json\/wp\/v2\/media\/2176"}],"wp:attachment":[{"href":"https:\/\/wpachem.com\/tr\/wp-json\/wp\/v2\/media?parent=3085"}],"wp:term":[{"taxonomy":"product_brand","embeddable":true,"href":"https:\/\/wpachem.com\/tr\/wp-json\/wp\/v2\/product_brand?post=3085"},{"taxonomy":"product_cat","embeddable":true,"href":"https:\/\/wpachem.com\/tr\/wp-json\/wp\/v2\/product_cat?post=3085"},{"taxonomy":"product_tag","embeddable":true,"href":"https:\/\/wpachem.com\/tr\/wp-json\/wp\/v2\/product_tag?post=3085"}],"curies":[{"name":"wp","href":"https:\/\/api.w.org\/{rel}","templated":true}]}}