{"id":3087,"date":"2022-09-14T05:50:27","date_gmt":"2022-09-14T05:50:27","guid":{"rendered":"http:\/\/site2.easyceotech.com\/?post_type=product&#038;p=3087"},"modified":"2024-03-12T08:07:54","modified_gmt":"2024-03-12T08:07:54","slug":"rubber-accelerator-zdbc","status":"publish","type":"product","link":"https:\/\/wpachem.com\/tr\/urun\/rubber-accelerator-zdbc\/","title":{"rendered":"Kau\u00e7uk H\u0131zland\u0131r\u0131c\u0131 ZDBC"},"content":{"rendered":"<p><strong>Kimyasal Ad\u0131:<\/strong>\u00a0\u00c7inko dib\u00fctil ditiyokarbamat<\/p>\n<p><strong>Molek\u00fcler Form\u00fcl:<\/strong>\u00a0C<sub>18<\/sub>H<sub>36<\/sub>N<sub>2<\/sub>S<sub>4<\/sub>\u00c7inko<\/p>\n<p><strong>Molek\u00fcler A\u011f\u0131rl\u0131k:<\/strong>\u00a0474.1<\/p>\n<p><strong>CAS NUMARASI:<\/strong>\u00a0136-23-2<\/p>\n<p>&nbsp;<\/p>\n<p><strong>\u015eartname:<\/strong><\/p>\n<table>\n<tbody>\n<tr>\n<td width=\"322\">\u00d6\u011fe<\/td>\n<td width=\"150\">Toz<\/td>\n<td width=\"172\">Ya\u011fl\u0131 toz<\/td>\n<td width=\"163\">Gran\u00fcl<\/td>\n<\/tr>\n<tr>\n<td width=\"322\">D\u0131\u015f g\u00f6r\u00fcn\u00fc\u015f<\/td>\n<td colspan=\"3\" width=\"485\">Beyaz toz(gran\u00fcl)<\/td>\n<\/tr>\n<tr>\n<td width=\"322\">Ba\u015flang\u0131\u00e7 MP \u2103 \u2265<\/td>\n<td width=\"150\">104.0<\/td>\n<td width=\"172\">104.0<\/td>\n<td width=\"163\">104.0<\/td>\n<\/tr>\n<tr>\n<td width=\"322\">Kurutma kayb\u0131 % \u2264<\/td>\n<td width=\"150\">0.30<\/td>\n<td width=\"172\">0.50<\/td>\n<td width=\"163\">0.30<\/td>\n<\/tr>\n<tr>\n<td width=\"322\">\u00c7inko i\u00e7eri\u011fi %<\/td>\n<td width=\"150\">13.0-15.0<\/td>\n<td width=\"172\">13.0-15.0<\/td>\n<td width=\"163\">13.0-15.0<\/td>\n<\/tr>\n<tr>\n<td width=\"322\">150\u03bcm elek \u00fczerindeki kal\u0131nt\u0131 % \u2264<\/td>\n<td width=\"150\">0.10<\/td>\n<td width=\"172\">0.10<\/td>\n<td width=\"163\">\\<\/td>\n<\/tr>\n<tr>\n<td width=\"322\">63 \u03bcm elek \u00fczerindeki kal\u0131nt\u0131 % \u2264<\/td>\n<td width=\"150\">0.50<\/td>\n<td width=\"172\">0.50<\/td>\n<td width=\"163\">\\<\/td>\n<\/tr>\n<tr>\n<td width=\"322\">\u00c7\u00f6z\u00fcnebilir \u00c7inko \u0130\u00e7eri\u011fi % \u2264<\/td>\n<td width=\"150\">0.01<\/td>\n<td width=\"172\">0.01<\/td>\n<td width=\"163\">0.01<\/td>\n<\/tr>\n<tr>\n<td width=\"322\">Katk\u0131 maddesi %<\/td>\n<td width=\"150\">\\<\/td>\n<td width=\"172\">0.1-2.0<\/td>\n<td width=\"163\">\\<\/td>\n<\/tr>\n<tr>\n<td width=\"322\">Gran\u00fcl \u00c7ap\u0131 mm<\/td>\n<td width=\"150\">\\<\/td>\n<td width=\"172\">\\<\/td>\n<td width=\"163\">1.50<\/td>\n<\/tr>\n<\/tbody>\n<\/table>\n<p>&nbsp;<\/p>\n<p><strong>\u00d6zellikler: <\/strong>Beyaz toz (gran\u00fcl). Yo\u011funlu\u011fu 1.24&#039;t\u00fcr. CS2&#039;de \u00e7\u00f6z\u00fcn\u00fcr. benzen, kloroform, alkol, dietil eter, suda ve d\u00fc\u015f\u00fck konsantrasyonlu alkalide \u00e7\u00f6z\u00fcnmez. \u0130yi depolama kararl\u0131l\u0131\u011f\u0131.<\/p>\n<p><strong>Ba\u015fvuru: <\/strong>NR, IR, BR, SBR, NBR, HR&#039;de birincil veya ikincil ultra h\u0131zland\u0131r\u0131c\u0131 olarak kullan\u0131l\u0131r. EPDM ve lateksleri. PZ ve EZ&#039;ye benzer \u00f6zelliktedir. PZ ve EZ&#039;den daha az h\u0131zland\u0131r\u0131c\u0131 etkiye sahiptir. PZ ve EZ&#039;den daha h\u0131zl\u0131 k\u00fcrlenme ve daha az yanma ve \u00e7i\u00e7eklenme i\u00e7in hem do\u011fal hem de sentetik latekslerde etkili bir \u015fekilde kullan\u0131l\u0131r.<\/p>\n<p><strong>Ambalajlama:<\/strong>25 kg&#039;l\u0131k plastik dokuma torba, plastik filmli ka\u011f\u0131t torba, kraft ka\u011f\u0131t torba veya jumbo torba<\/p>\n<p><strong>Depolamak: <\/strong>\u00dcr\u00fcn iyi havaland\u0131r\u0131lan kuru ve serin bir yerde, paketlenmi\u015f \u00fcr\u00fcn\u00fcn do\u011frudan g\u00fcne\u015f \u0131\u015f\u0131\u011f\u0131na maruz kalmas\u0131ndan ka\u00e7\u0131n\u0131larak saklanmal\u0131d\u0131r. Ge\u00e7erlilik s\u00fcresi 2 y\u0131ld\u0131r.<\/p>\n<p>&nbsp;<\/p>","protected":false},"excerpt":{"rendered":"<p>\u00dcr\u00fcn Ad\u0131: Kau\u00e7uk H\u0131zland\u0131r\u0131c\u0131 ZDBC<\/p>\n<p>CAS Numaras\u0131: 136-23-2<\/p>\n<p>MF: C18H36N2S4Zn<\/p>\n<p>EINECS Numaras\u0131: 205-232-8<\/p>\n<p>G\u00f6r\u00fcn\u00fcm: Beyaz toz (gran\u00fcl)<\/p>","protected":false},"featured_media":2182,"template":"","meta":{"_acf_changed":false,"_gspb_post_css":""},"product_brand":[],"product_cat":[62,72],"product_tag":[],"class_list":{"0":"post-3087","1":"product","2":"type-product","3":"status-publish","4":"has-post-thumbnail","6":"product_cat-rubberplastic-ingredients","7":"product_cat-rubber-accelerator","9":"first","10":"instock","11":"shipping-taxable","12":"product-type-simple"},"acf":[],"_links":{"self":[{"href":"https:\/\/wpachem.com\/tr\/wp-json\/wp\/v2\/product\/3087","targetHints":{"allow":["GET"]}}],"collection":[{"href":"https:\/\/wpachem.com\/tr\/wp-json\/wp\/v2\/product"}],"about":[{"href":"https:\/\/wpachem.com\/tr\/wp-json\/wp\/v2\/types\/product"}],"version-history":[{"count":0,"href":"https:\/\/wpachem.com\/tr\/wp-json\/wp\/v2\/product\/3087\/revisions"}],"wp:featuredmedia":[{"embeddable":true,"href":"https:\/\/wpachem.com\/tr\/wp-json\/wp\/v2\/media\/2182"}],"wp:attachment":[{"href":"https:\/\/wpachem.com\/tr\/wp-json\/wp\/v2\/media?parent=3087"}],"wp:term":[{"taxonomy":"product_brand","embeddable":true,"href":"https:\/\/wpachem.com\/tr\/wp-json\/wp\/v2\/product_brand?post=3087"},{"taxonomy":"product_cat","embeddable":true,"href":"https:\/\/wpachem.com\/tr\/wp-json\/wp\/v2\/product_cat?post=3087"},{"taxonomy":"product_tag","embeddable":true,"href":"https:\/\/wpachem.com\/tr\/wp-json\/wp\/v2\/product_tag?post=3087"}],"curies":[{"name":"wp","href":"https:\/\/api.w.org\/{rel}","templated":true}]}}