{"id":3089,"date":"2022-09-14T06:11:26","date_gmt":"2022-09-14T06:11:26","guid":{"rendered":"http:\/\/site2.easyceotech.com\/?post_type=product&#038;p=3089"},"modified":"2024-03-12T08:07:51","modified_gmt":"2024-03-12T08:07:51","slug":"rubber-accelerator-zdec-ez","status":"publish","type":"product","link":"https:\/\/wpachem.com\/tr\/urun\/rubber-accelerator-zdec-ez\/","title":{"rendered":"Kau\u00e7uk H\u0131zland\u0131r\u0131c\u0131 ZDEC (EZ)"},"content":{"rendered":"<p><strong>Kimyasal Ad\u0131:\u00a0<\/strong>\u00c7inko dietil ditiyokarbamat<\/p>\n<p><strong>Molek\u00fcler Form\u00fcl:<\/strong>C<sub>10<\/sub>H<sub>2<\/sub>0N<sub>2<\/sub>S<sub>4<\/sub>\u00c7inko<\/p>\n<p><strong>Molek\u00fcler A\u011f\u0131rl\u0131k:<\/strong>361.9<\/p>\n<p><strong>CAS NUMARASI:<\/strong>14324-55-1<\/p>\n<p>&nbsp;<\/p>\n<p><strong>\u015eartname:<\/strong><\/p>\n<table>\n<tbody>\n<tr>\n<td width=\"311\">\u00d6\u011fe<\/td>\n<td width=\"114\">Toz<\/td>\n<td width=\"213\">Ya\u011fl\u0131 toz<\/td>\n<td width=\"213\">Gran\u00fcl<\/td>\n<\/tr>\n<tr>\n<td width=\"311\">D\u0131\u015f g\u00f6r\u00fcn\u00fc\u015f<\/td>\n<td colspan=\"3\" width=\"540\">Beyaz toz(gran\u00fcl)<\/td>\n<\/tr>\n<tr>\n<td width=\"311\">Ba\u015flang\u0131\u00e7 MP\u03bfC\u2265<\/td>\n<td width=\"114\">174.0<\/td>\n<td width=\"213\">174.0<\/td>\n<td width=\"213\">174.0<\/td>\n<\/tr>\n<tr>\n<td width=\"311\">Kurutma kayb\u0131%\u2264<\/td>\n<td width=\"114\">0.30<\/td>\n<td width=\"213\">0.50<\/td>\n<td width=\"213\">0.30<\/td>\n<\/tr>\n<tr>\n<td width=\"311\">\u00c7inko i\u00e7eri\u011fi%<\/td>\n<td width=\"114\">17.0-19.0<\/td>\n<td width=\"213\">17.0-19.0<\/td>\n<td width=\"213\">17.0-19.0<\/td>\n<\/tr>\n<tr>\n<td width=\"311\">150\u03bcm elek \u00fczerindeki kal\u0131nt\u0131lar, %\u2264<\/td>\n<td width=\"114\">0.10<\/td>\n<td width=\"213\">0.10<\/td>\n<td width=\"213\">\/<\/td>\n<\/tr>\n<tr>\n<td width=\"311\">63\u03bcm&#039;deki kal\u0131nt\u0131lar), %\u2264<\/td>\n<td width=\"114\">0.50<\/td>\n<td width=\"213\">0.50<\/td>\n<td width=\"213\">\/<\/td>\n<\/tr>\n<tr>\n<td width=\"311\">\u00c7\u00f6z\u00fcnebilir \u00c7inko \u0130\u00e7eri\u011fi, %\u2264<\/td>\n<td width=\"114\">0.01<\/td>\n<td width=\"213\">0.01<\/td>\n<td width=\"213\">0.01<\/td>\n<\/tr>\n<tr>\n<td width=\"311\">Katk\u0131 maddesi, %<\/td>\n<td width=\"114\">\/<\/td>\n<td width=\"213\">0.1-2.0<\/td>\n<td width=\"213\">\/<\/td>\n<\/tr>\n<tr>\n<td width=\"311\">Gran\u00fcl \u00c7ap\u0131, mm<\/td>\n<td width=\"114\">\/<\/td>\n<td width=\"213\">\/<\/td>\n<td width=\"213\">1.0-3.0<\/td>\n<\/tr>\n<\/tbody>\n<\/table>\n<p>&nbsp;<\/p>\n<p><strong>\u00d6zellikler: <\/strong>Beyaz toz (gran\u00fcl). Yo\u011funluk 1.41&#039;dir. 1% NaOH \u00e7\u00f6zeltisinde, CS2, benzen, kloroformda \u00e7\u00f6z\u00fcn\u00fcr, alkolde az \u00e7\u00f6z\u00fcn\u00fcr, benzinde \u00e7\u00f6z\u00fcnmez<\/p>\n<p><strong>Ba\u015fvuru: <\/strong>NR, IR, SR, SBR, NBR, EPDM ve bunlar\u0131n lateksleri i\u00e7in kullan\u0131l\u0131r. Do\u011fal ve sentetik lateks form bile\u015fikleri i\u00e7in h\u0131zl\u0131 k\u00fcrlenen birincil veya ikincil etkili ultra h\u0131zland\u0131r\u0131c\u0131. Dald\u0131rma, yayma ve d\u00f6k\u00fcm \u00fcr\u00fcnler i\u00e7in avantajl\u0131 bir \u015fekilde kullan\u0131labilir. PZ&#039;nin \u00f6zelliklerine benzer. PZ&#039;den daha az yanma direncine sahiptir ve erken vulkanizasyona hafif bir e\u011filim g\u00f6sterir. Yap\u0131\u015ft\u0131r\u0131c\u0131 sistemlerde antioksidan<\/p>\n<p><strong>Ambalajlama:<\/strong>25kg plastik dokuma torba, plastik filmli ka\u011f\u0131t torba, kraft ka\u011f\u0131t torba<\/p>\n<p><strong>Depolamak: <\/strong>\u00dcr\u00fcn iyi havaland\u0131r\u0131lan kuru ve serin bir yerde saklanmal\u0131, paketlenmi\u015f \u00fcr\u00fcn\u00fcn do\u011frudan g\u00fcne\u015f \u0131\u015f\u0131\u011f\u0131na maruz kalmas\u0131 \u00f6nlenmelidir. Ge\u00e7erlilik s\u00fcresi 2 y\u0131ld\u0131r.<\/p>","protected":false},"excerpt":{"rendered":"<p>\u00dcr\u00fcn Ad\u0131: Kau\u00e7uk H\u0131zland\u0131r\u0131c\u0131 ZDEC (EZ)<\/p>\n<p>CAS Numaras\u0131: 14324-55-1<\/p>\n<p>MF: C10H20N2S4Zn<\/p>\n<p>EINECS Numaras\u0131: 238-270-9<\/p>\n<p>G\u00f6r\u00fcn\u00fcm: Beyaz toz (gran\u00fcl)<\/p>","protected":false},"featured_media":2103,"template":"","meta":{"_acf_changed":false,"_gspb_post_css":""},"product_brand":[],"product_cat":[62,72],"product_tag":[],"class_list":{"0":"post-3089","1":"product","2":"type-product","3":"status-publish","4":"has-post-thumbnail","6":"product_cat-rubberplastic-ingredients","7":"product_cat-rubber-accelerator","9":"first","10":"instock","11":"shipping-taxable","12":"product-type-simple"},"acf":[],"_links":{"self":[{"href":"https:\/\/wpachem.com\/tr\/wp-json\/wp\/v2\/product\/3089","targetHints":{"allow":["GET"]}}],"collection":[{"href":"https:\/\/wpachem.com\/tr\/wp-json\/wp\/v2\/product"}],"about":[{"href":"https:\/\/wpachem.com\/tr\/wp-json\/wp\/v2\/types\/product"}],"version-history":[{"count":0,"href":"https:\/\/wpachem.com\/tr\/wp-json\/wp\/v2\/product\/3089\/revisions"}],"wp:featuredmedia":[{"embeddable":true,"href":"https:\/\/wpachem.com\/tr\/wp-json\/wp\/v2\/media\/2103"}],"wp:attachment":[{"href":"https:\/\/wpachem.com\/tr\/wp-json\/wp\/v2\/media?parent=3089"}],"wp:term":[{"taxonomy":"product_brand","embeddable":true,"href":"https:\/\/wpachem.com\/tr\/wp-json\/wp\/v2\/product_brand?post=3089"},{"taxonomy":"product_cat","embeddable":true,"href":"https:\/\/wpachem.com\/tr\/wp-json\/wp\/v2\/product_cat?post=3089"},{"taxonomy":"product_tag","embeddable":true,"href":"https:\/\/wpachem.com\/tr\/wp-json\/wp\/v2\/product_tag?post=3089"}],"curies":[{"name":"wp","href":"https:\/\/api.w.org\/{rel}","templated":true}]}}