{"id":3092,"date":"2022-09-14T06:20:03","date_gmt":"2022-09-14T06:20:03","guid":{"rendered":"http:\/\/site2.easyceotech.com\/?post_type=product&#038;p=3092"},"modified":"2024-03-12T08:07:47","modified_gmt":"2024-03-12T08:07:47","slug":"rubber-accelerator-dpg","status":"publish","type":"product","link":"https:\/\/wpachem.com\/tr\/urun\/rubber-accelerator-dpg\/","title":{"rendered":"Kau\u00e7uk H\u0131zland\u0131r\u0131c\u0131 DPG"},"content":{"rendered":"<p><strong>Kimyasal Ad\u0131: <\/strong>Difenil guanidin<\/p>\n<p><strong>Molek\u00fcler Form\u00fcl:<\/strong>\u00a0C<sub>13<\/sub>H<sub>13<\/sub>N<sub>3<\/sub><\/p>\n<p><strong>Molek\u00fcler A\u011f\u0131rl\u0131k: <\/strong>211.27<\/p>\n<p><strong>Kalite standard\u0131: <\/strong>HG\/T2342-92<\/p>\n<p><strong>CAS NUMARASI: <\/strong>102-06-7<\/p>\n<p>&nbsp;<\/p>\n<p><strong>\u015eartname:\u00a0<\/strong><\/p>\n<table>\n<tbody>\n<tr>\n<td width=\"277\">\u00d6\u011fe<\/td>\n<td width=\"195\">Toz<\/td>\n<td width=\"165\">Ya\u011fl\u0131 toz<\/td>\n<td width=\"134\">Gran\u00fcl<\/td>\n<\/tr>\n<tr>\n<td width=\"277\">\u00d6\u011fe<\/td>\n<td colspan=\"3\" width=\"494\">Gri-beyaz toz (gran\u00fcl)<\/td>\n<\/tr>\n<tr>\n<td width=\"277\">Ba\u015flang\u0131\u00e7 MP \u2103 \u2265<\/td>\n<td width=\"195\">145.0<\/td>\n<td width=\"165\">145.0<\/td>\n<td width=\"134\">145.0<\/td>\n<\/tr>\n<tr>\n<td width=\"277\">Kurutma kayb\u0131 % \u2264<\/td>\n<td width=\"195\">0.30<\/td>\n<td width=\"165\">0.50<\/td>\n<td width=\"134\">0.30<\/td>\n<\/tr>\n<tr>\n<td width=\"277\">K\u00fcl % \u2264<\/td>\n<td width=\"195\">0.30<\/td>\n<td width=\"165\">0.30<\/td>\n<td width=\"134\">0.30<\/td>\n<\/tr>\n<tr>\n<td width=\"277\">150\u03bcm elek \u00fczerindeki kal\u0131nt\u0131 % \u2264<\/td>\n<td width=\"195\">0.10<\/td>\n<td width=\"165\">0.10<\/td>\n<td width=\"134\">\\<\/td>\n<\/tr>\n<tr>\n<td width=\"277\">63\u03bcm elek \u00fczerindeki kal\u0131nt\u0131 % \u2264<\/td>\n<td width=\"195\">0.50<\/td>\n<td width=\"165\">0.50<\/td>\n<td width=\"134\">\\<\/td>\n<\/tr>\n<tr>\n<td width=\"277\">Katk\u0131 maddesi %<\/td>\n<td width=\"195\">\\<\/td>\n<td width=\"165\">0.1-2.0<\/td>\n<td width=\"134\">\\<\/td>\n<\/tr>\n<tr>\n<td width=\"277\">Gran\u00fcl \u00c7ap\u0131 mm<\/td>\n<td width=\"195\">\\<\/td>\n<td width=\"165\">\\<\/td>\n<td width=\"134\">1.50<\/td>\n<\/tr>\n<\/tbody>\n<\/table>\n<p>&nbsp;<\/p>\n<p><strong>\u00d6zellikler:<\/strong> Gri-beyaz toz (gran\u00fcl)Tad\u0131 ve zehiri yoktur. Yo\u011funlu\u011fu 1.08\u20131.19&#039;dur. Aseton, etil asetat, benzen, alkolde \u00e7\u00f6z\u00fcn\u00fcr, CCl4&#039;te az \u00e7\u00f6z\u00fcn\u00fcr; Su ve benzinde \u00e7\u00f6z\u00fcnmez.<\/p>\n<p><strong>Ba\u015fvuru:<\/strong>\u00a0NR ve SBR bile\u015fiklerinde tiyazol ve s\u00fclfenamidlerle ikincil h\u0131zland\u0131r\u0131c\u0131 olarak kullan\u0131l\u0131r. Tiuram ve ditiokarbamatlara k\u0131yasla daha iyi depolama kararl\u0131l\u0131\u011f\u0131 g\u00f6sterir ancak o kadar aktif de\u011fildir. DPG, siliko-flor\u00fcr k\u00f6p\u00fck prosesinde latekste ikincil jelle\u015ftirici madde (k\u00f6p\u00fck sabitleyici) olarak kullan\u0131labilir.<\/p>\n<p><strong>Ambalajlama:<\/strong>\u00a025kg&#039;l\u0131k plastik dokuma torba, plastik filmli ka\u011f\u0131t torba, kraft ka\u011f\u0131t torba veya jumbo torba.<\/p>\n<p><strong>Depolamak: <\/strong>Kab\u0131 s\u0131k\u0131ca kapal\u0131 olarak serin ve iyi havaland\u0131r\u0131lm\u0131\u015f bir yerde saklay\u0131n. Normal ko\u015fullar alt\u0131nda sakland\u0131\u011f\u0131nda \u00f6nerilen maksimum depolama \u00f6mr\u00fc 2 y\u0131ld\u0131r.<\/p>","protected":false},"excerpt":{"rendered":"<p>\u00dcr\u00fcn Ad\u0131: Kau\u00e7uk H\u0131zland\u0131r\u0131c\u0131 DPG<\/p>\n<p>CAS Numaras\u0131: 102-06-7<\/p>\n<p>MF: C13H13N3<\/p>\n<p>EINECS Numaras\u0131: 203-002-1<\/p>\n<p>G\u00f6r\u00fcn\u00fcm: Gri-beyaz toz (gran\u00fcl)<\/p>","protected":false},"featured_media":2218,"template":"","meta":{"_acf_changed":false,"_gspb_post_css":""},"product_brand":[],"product_cat":[62,72],"product_tag":[],"class_list":{"0":"post-3092","1":"product","2":"type-product","3":"status-publish","4":"has-post-thumbnail","6":"product_cat-rubberplastic-ingredients","7":"product_cat-rubber-accelerator","9":"first","10":"instock","11":"shipping-taxable","12":"product-type-simple"},"acf":[],"_links":{"self":[{"href":"https:\/\/wpachem.com\/tr\/wp-json\/wp\/v2\/product\/3092","targetHints":{"allow":["GET"]}}],"collection":[{"href":"https:\/\/wpachem.com\/tr\/wp-json\/wp\/v2\/product"}],"about":[{"href":"https:\/\/wpachem.com\/tr\/wp-json\/wp\/v2\/types\/product"}],"version-history":[{"count":0,"href":"https:\/\/wpachem.com\/tr\/wp-json\/wp\/v2\/product\/3092\/revisions"}],"wp:featuredmedia":[{"embeddable":true,"href":"https:\/\/wpachem.com\/tr\/wp-json\/wp\/v2\/media\/2218"}],"wp:attachment":[{"href":"https:\/\/wpachem.com\/tr\/wp-json\/wp\/v2\/media?parent=3092"}],"wp:term":[{"taxonomy":"product_brand","embeddable":true,"href":"https:\/\/wpachem.com\/tr\/wp-json\/wp\/v2\/product_brand?post=3092"},{"taxonomy":"product_cat","embeddable":true,"href":"https:\/\/wpachem.com\/tr\/wp-json\/wp\/v2\/product_cat?post=3092"},{"taxonomy":"product_tag","embeddable":true,"href":"https:\/\/wpachem.com\/tr\/wp-json\/wp\/v2\/product_tag?post=3092"}],"curies":[{"name":"wp","href":"https:\/\/api.w.org\/{rel}","templated":true}]}}