{"id":3094,"date":"2022-09-14T06:32:34","date_gmt":"2022-09-14T06:32:34","guid":{"rendered":"http:\/\/site2.easyceotech.com\/?post_type=product&#038;p=3094"},"modified":"2024-03-12T08:07:41","modified_gmt":"2024-03-12T08:07:41","slug":"rubber-accelerator-tbbsns","status":"publish","type":"product","link":"https:\/\/wpachem.com\/tr\/urun\/rubber-accelerator-tbbsns\/","title":{"rendered":"Kau\u00e7uk H\u0131zland\u0131r\u0131c\u0131 TBBS(NS)"},"content":{"rendered":"<p><strong>Kimyasal Ad\u0131:\u00a0<\/strong>N-Tersiyerb\u00fctil-2-benzotiyazol s\u00fclfenamid<\/p>\n<p><strong>Molek\u00fcler Form\u00fcl:<\/strong>C<sub>11<\/sub>H<sub>14<\/sub>N<sub>2<\/sub>S<sub>2<\/sub><\/p>\n<p><strong>Molek\u00fcler A\u011f\u0131rl\u0131k:<\/strong>238.37<\/p>\n<p><strong>Kalite standard\u0131: <\/strong>HG\/T2744-96<\/p>\n<p><strong>CAS NUMARASI:<\/strong>95-31-8<\/p>\n<p>&nbsp;<\/p>\n<p><strong>\u015eartname\uff1a<\/strong><\/p>\n<table>\n<tbody>\n<tr>\n<td width=\"298\">\u00d6\u011fe<\/td>\n<td width=\"136\">Toz<\/td>\n<td width=\"150\">Ya\u011fl\u0131 toz<\/td>\n<td width=\"155\">Gran\u00fcl<\/td>\n<\/tr>\n<tr>\n<td width=\"298\">D\u0131\u015f g\u00f6r\u00fcn\u00fc\u015f<\/td>\n<td colspan=\"3\" width=\"442\">Gri-beyaz toz (gran\u00fcl)<\/td>\n<\/tr>\n<tr>\n<td width=\"298\">Ba\u015flang\u0131\u00e7 MP \u2103 \u2265<\/td>\n<td width=\"136\">105.0<\/td>\n<td width=\"150\">105.0<\/td>\n<td width=\"155\">105.0<\/td>\n<\/tr>\n<tr>\n<td width=\"298\">Kurutma kayb\u0131 % \u2264<\/td>\n<td width=\"136\">0.30<\/td>\n<td width=\"150\">0.50<\/td>\n<td width=\"155\">0.30<\/td>\n<\/tr>\n<tr>\n<td width=\"298\">K\u00fcl % \u2264<\/td>\n<td width=\"136\">0.30<\/td>\n<td width=\"150\">0.30<\/td>\n<td width=\"155\">0.30<\/td>\n<\/tr>\n<tr>\n<td width=\"298\">150\u03bcm elek \u00fczerindeki kal\u0131nt\u0131 % \u2264<\/td>\n<td width=\"136\">0.10<\/td>\n<td width=\"150\">0.10<\/td>\n<td width=\"155\">\\<\/td>\n<\/tr>\n<tr>\n<td width=\"298\">63\u03bcm elek \u00fczerindeki kal\u0131nt\u0131 % \u2264<\/td>\n<td width=\"136\">0.50<\/td>\n<td width=\"150\">0.50<\/td>\n<td width=\"155\">\\<\/td>\n<\/tr>\n<tr>\n<td width=\"298\">Katk\u0131 maddesi %<\/td>\n<td width=\"136\">\\<\/td>\n<td width=\"150\">0.1-2.0<\/td>\n<td width=\"155\">\\<\/td>\n<\/tr>\n<tr>\n<td width=\"298\">Gran\u00fcl \u00c7ap\u0131 mm<\/td>\n<td width=\"136\">\\<\/td>\n<td width=\"150\">\\<\/td>\n<td width=\"155\">1.0-3.0<\/td>\n<\/tr>\n<\/tbody>\n<\/table>\n<p>&nbsp;<\/p>\n<p><strong>\u00d6zellikler: <\/strong>Gri beyaz toz (gran\u00fcl). Yo\u011funluk 1.26-1.32&#039;dir. benzen, CS2, metil alkol, asetonda \u00e7\u00f6z\u00fcn\u00fcr. kloroform, alkol, benzin, su, asit ve alkalide daha d\u00fc\u015f\u00fck konsantrasyonda \u00e7\u00f6z\u00fcnmez<\/p>\n<p><strong>Ba\u015fvuru: <\/strong>NR, SBR, BR ve kar\u0131\u015f\u0131mlarda h\u0131zl\u0131 k\u00fcrlenme oran\u0131 ve y\u00fcksek mod\u00fcl geli\u015fimi sa\u011flar. Normalde tek ba\u015f\u0131na veya lastik bile\u015fiklerinde veya end\u00fcstriyel kau\u00e7uk \u00fcr\u00fcnlerinde az miktarda ultra h\u0131zland\u0131r\u0131c\u0131larla birlikte kullan\u0131l\u0131r, d\u00fc\u015f\u00fck zehir ve y\u00fcksek verimlilik. NOBS i\u00e7in iyi bir destektir. Standart h\u0131zland\u0131r\u0131c\u0131 olarak kabul edilir<\/p>\n<p><strong>Ambalajlama: <\/strong>25kg plastik dokuma torba, plastik filmli ka\u011f\u0131t torba, kraft ka\u011f\u0131t torba veya jumbo torba<\/p>\n<p><strong>Depolamak:<\/strong> \u00dcr\u00fcn iyi havaland\u0131r\u0131lan kuru ve serin bir yerde saklanmal\u0131, paketlenmi\u015f \u00fcr\u00fcn\u00fcn do\u011frudan g\u00fcne\u015f \u0131\u015f\u0131\u011f\u0131na maruz kalmas\u0131 \u00f6nlenmelidir. Ge\u00e7erlilik s\u00fcresi 1 y\u0131ld\u0131r.<\/p>","protected":false},"excerpt":{"rendered":"<p>\u00dcr\u00fcn Ad\u0131: Kau\u00e7uk H\u0131zland\u0131r\u0131c\u0131 TBBS(NS)<\/p>\n<p>CAS Numaras\u0131: 95-31-8<\/p>\n<p>MF: C11H14N2S2<\/p>\n<p>EINECS Numaras\u0131: 202-409-1<\/p>\n<p>G\u00f6r\u00fcn\u00fcm: Gri-beyaz toz (gran\u00fcl)<\/p>","protected":false},"featured_media":2217,"template":"","meta":{"_acf_changed":false,"_gspb_post_css":""},"product_brand":[],"product_cat":[62,72],"product_tag":[],"class_list":{"0":"post-3094","1":"product","2":"type-product","3":"status-publish","4":"has-post-thumbnail","6":"product_cat-rubberplastic-ingredients","7":"product_cat-rubber-accelerator","9":"first","10":"instock","11":"shipping-taxable","12":"product-type-simple"},"acf":[],"_links":{"self":[{"href":"https:\/\/wpachem.com\/tr\/wp-json\/wp\/v2\/product\/3094","targetHints":{"allow":["GET"]}}],"collection":[{"href":"https:\/\/wpachem.com\/tr\/wp-json\/wp\/v2\/product"}],"about":[{"href":"https:\/\/wpachem.com\/tr\/wp-json\/wp\/v2\/types\/product"}],"version-history":[{"count":0,"href":"https:\/\/wpachem.com\/tr\/wp-json\/wp\/v2\/product\/3094\/revisions"}],"wp:featuredmedia":[{"embeddable":true,"href":"https:\/\/wpachem.com\/tr\/wp-json\/wp\/v2\/media\/2217"}],"wp:attachment":[{"href":"https:\/\/wpachem.com\/tr\/wp-json\/wp\/v2\/media?parent=3094"}],"wp:term":[{"taxonomy":"product_brand","embeddable":true,"href":"https:\/\/wpachem.com\/tr\/wp-json\/wp\/v2\/product_brand?post=3094"},{"taxonomy":"product_cat","embeddable":true,"href":"https:\/\/wpachem.com\/tr\/wp-json\/wp\/v2\/product_cat?post=3094"},{"taxonomy":"product_tag","embeddable":true,"href":"https:\/\/wpachem.com\/tr\/wp-json\/wp\/v2\/product_tag?post=3094"}],"curies":[{"name":"wp","href":"https:\/\/api.w.org\/{rel}","templated":true}]}}