{"id":3096,"date":"2022-09-14T06:38:53","date_gmt":"2022-09-14T06:38:53","guid":{"rendered":"http:\/\/site2.easyceotech.com\/?post_type=product&#038;p=3096"},"modified":"2024-03-12T08:07:37","modified_gmt":"2024-03-12T08:07:37","slug":"rubber-antioxidant-ippd","status":"publish","type":"product","link":"https:\/\/wpachem.com\/tr\/urun\/rubber-antioxidant-ippd\/","title":{"rendered":"Kau\u00e7uk Antioksidan IPPD"},"content":{"rendered":"<p><strong>Kimyasal Ad\u0131:<\/strong>\u00a0N-izopropil-N&#039;-fenil-p-fenilendiamin<\/p>\n<p><strong>Molek\u00fcler Form\u00fcl:<\/strong>C<sub>15<\/sub>H<sub>18<\/sub>N<sub>2<\/sub><\/p>\n<p><strong>Molek\u00fcler A\u011f\u0131rl\u0131k:<\/strong>\u00a0226.31<\/p>\n<p><strong>CAS Numaras\u0131:<\/strong>\u00a0101-72-4<\/p>\n<p>&nbsp;<\/p>\n<p><strong>\u015eartname:<\/strong><\/p>\n<table>\n<tbody>\n<tr>\n<td width=\"371\">\u00d6\u011fe<\/td>\n<td width=\"348\">Nitelikli not<\/td>\n<\/tr>\n<tr>\n<td width=\"371\">G\u00f6r\u00fcn\u00fcm (G\u00f6rsel Muayene)<\/td>\n<td width=\"348\">Grimsi mor ila mor-kahverengi gran\u00fcler<\/td>\n<\/tr>\n<tr>\n<td width=\"371\">Deneme (GC) %\u2265<\/td>\n<td width=\"348\">95.0<\/td>\n<\/tr>\n<tr>\n<td width=\"371\">Ba\u015flang\u0131\u00e7 MP \u2103\u2265<\/td>\n<td width=\"348\">70.0<\/td>\n<\/tr>\n<tr>\n<td width=\"371\">Is\u0131 Kayb\u0131 %\u2264<\/td>\n<td width=\"348\">0.50<\/td>\n<\/tr>\n<tr>\n<td width=\"371\">K\u00fcl %\u2264<\/td>\n<td width=\"348\">0.30<\/td>\n<\/tr>\n<\/tbody>\n<\/table>\n<p>&nbsp;<\/p>\n<p><strong>\u00d6zellikler:<\/strong> Do\u011fal ve sentetik kau\u00e7uk i\u00e7in y\u00fcksek aktiviteli bir antioksidan, kau\u00e7uk bile\u015fiklerine kar\u015f\u0131 m\u00fckemmel y\u00fcksek s\u0131cakl\u0131k, yorulma ve esneme direnciyle g\u00fc\u00e7l\u00fc antiozonant ve antioksidan \u00f6zellikler sa\u011flar. \u00d6ncelikle ozon direnci i\u00e7in kullan\u0131lmas\u0131na ra\u011fmen, kinolin veya difenilamin bazl\u0131 antioksidanlardan daha aktif bir antioksidand\u0131r. \u00dcr\u00fcn (tek ba\u015f\u0131na veya TMQ ile birlikte) bak\u0131r ve di\u011fer a\u011f\u0131r metaller taraf\u0131ndan katalitik bozunmaya kar\u015f\u0131 bile\u015fik korumas\u0131 sa\u011flar. \u00dcr\u00fcn\u00fcn, 2 phr seviyesine kadar tekstil veya \u00e7elik kordona bile\u015fik yap\u0131\u015fmas\u0131 \u00fczerinde olumsuz bir etkisi yoktur. Bu konsantrasyonun \u00fczerinde, katmandan katmana ve katmandan korda yap\u0131\u015fmay\u0131 engelleyebilir ve bozabilir. Bile\u015fiklerin rengini bozar ve ciddi temas ve g\u00f6\u00e7 lekelenmesine neden olur.<\/p>\n<p><strong>Ba\u015fvuru:<\/strong>\u00a0\u00a0S\u00fcrekli ve aral\u0131kl\u0131 dinamik \u00e7al\u0131\u015fma ko\u015fullar\u0131na maruz kalan ve ozonlamadan korunmas\u0131 gereken her t\u00fcrl\u00fc lastik ve kau\u00e7uk \u00fcr\u00fcnleri, dolgu lastikler, kay\u0131\u015flar, hortumlar, kablolar, otomotiv montajlar\u0131, bur\u00e7lar ve genel mekanik \u00fcr\u00fcnlerde kullan\u0131l\u0131r.<\/p>\n<p><strong>Paket: <\/strong>25kg&#039;l\u0131k plastik dokuma torba, plastik filmli ka\u011f\u0131t torba, kraft ka\u011f\u0131t torba.<\/p>\n<p><strong>Depolamak:<\/strong> Kapal\u0131 kaplar\u0131 serin, kuru, iyi havaland\u0131r\u0131lm\u0131\u015f bir alanda saklay\u0131n, g\u00fc\u00e7l\u00fc oksitleyici maddelerden uzakta saklay\u0131n. Do\u011frudan g\u00fcne\u015f \u0131\u015f\u0131\u011f\u0131na maruz b\u0131rakmaktan ka\u00e7\u0131n\u0131n. \u00c7ift istiflemeyin.<\/p>","protected":false},"excerpt":{"rendered":"<p>\u00dcr\u00fcn Ad\u0131: Kau\u00e7uk Antioksidan IPPD<\/p>\n<p>CAS Numaras\u0131: 101-72-4<\/p>\n<p>MF: C15H18N2<\/p>\n<p>EINECS Numaras\u0131: 202-969-7<\/p>\n<p>G\u00f6r\u00fcn\u00fcm: Grimsi mor ila mor-kahverengi gran\u00fcler<\/p>","protected":false},"featured_media":3075,"template":"","meta":{"_acf_changed":false,"_gspb_post_css":""},"product_brand":[],"product_cat":[62,73],"product_tag":[],"class_list":{"0":"post-3096","1":"product","2":"type-product","3":"status-publish","4":"has-post-thumbnail","6":"product_cat-rubberplastic-ingredients","7":"product_cat-rubber-antioxidant","9":"first","10":"instock","11":"shipping-taxable","12":"product-type-simple"},"acf":[],"_links":{"self":[{"href":"https:\/\/wpachem.com\/tr\/wp-json\/wp\/v2\/product\/3096","targetHints":{"allow":["GET"]}}],"collection":[{"href":"https:\/\/wpachem.com\/tr\/wp-json\/wp\/v2\/product"}],"about":[{"href":"https:\/\/wpachem.com\/tr\/wp-json\/wp\/v2\/types\/product"}],"version-history":[{"count":0,"href":"https:\/\/wpachem.com\/tr\/wp-json\/wp\/v2\/product\/3096\/revisions"}],"wp:featuredmedia":[{"embeddable":true,"href":"https:\/\/wpachem.com\/tr\/wp-json\/wp\/v2\/media\/3075"}],"wp:attachment":[{"href":"https:\/\/wpachem.com\/tr\/wp-json\/wp\/v2\/media?parent=3096"}],"wp:term":[{"taxonomy":"product_brand","embeddable":true,"href":"https:\/\/wpachem.com\/tr\/wp-json\/wp\/v2\/product_brand?post=3096"},{"taxonomy":"product_cat","embeddable":true,"href":"https:\/\/wpachem.com\/tr\/wp-json\/wp\/v2\/product_cat?post=3096"},{"taxonomy":"product_tag","embeddable":true,"href":"https:\/\/wpachem.com\/tr\/wp-json\/wp\/v2\/product_tag?post=3096"}],"curies":[{"name":"wp","href":"https:\/\/api.w.org\/{rel}","templated":true}]}}