{"id":3098,"date":"2022-09-14T06:41:55","date_gmt":"2022-09-14T06:41:55","guid":{"rendered":"http:\/\/site2.easyceotech.com\/?post_type=product&#038;p=3098"},"modified":"2024-03-12T08:04:57","modified_gmt":"2024-03-12T08:04:57","slug":"rubber-antioxidant-6ppd","status":"publish","type":"product","link":"https:\/\/wpachem.com\/tr\/urun\/rubber-antioxidant-6ppd\/","title":{"rendered":"Kau\u00e7uk Antioksidan 6PPD"},"content":{"rendered":"<p><strong>Kimyasal Ad\u0131:\u00a0 <\/strong>N-(1,3-dimetilb\u00fctil)-N&#039;-fenil-p-fenilendiamin<\/p>\n<p><strong>Molek\u00fcler Form\u00fcl:<\/strong>C<sub>18<\/sub>H<sub>24<\/sub>N<sub>2<\/sub><\/p>\n<p><strong>Molek\u00fcler A\u011f\u0131rl\u0131k:<\/strong>\u00a0268.40<\/p>\n<p><strong>CAS NUMARASI:<\/strong>\u00a0793-24-8<\/p>\n<p><strong>Teknik \u00d6zellikler:<\/strong>\u00a0GB\/T21841-2008<\/p>\n<table>\n<tbody>\n<tr>\n<td width=\"422\">\u00d6\u011fe<\/td>\n<td width=\"368\">Nitelikli not<\/td>\n<\/tr>\n<tr>\n<td width=\"422\">G\u00f6r\u00fcn\u00fcm (G\u00f6rsel Muayene)<\/td>\n<td width=\"368\">Koyu mor taneli<\/td>\n<\/tr>\n<tr>\n<td width=\"422\">Deneme (GC) %\u2265<\/td>\n<td width=\"368\">96.0<\/td>\n<\/tr>\n<tr>\n<td width=\"422\">Kat\u0131la\u015fma noktas\u0131 \u2103\u2265<\/td>\n<td width=\"368\">45.0<\/td>\n<\/tr>\n<tr>\n<td width=\"422\">Kurutma kayb\u0131 % \u2264<\/td>\n<td width=\"368\">0.50<\/td>\n<\/tr>\n<tr>\n<td width=\"422\">K\u00fcl i\u00e7eri\u011fi % \u2264<\/td>\n<td width=\"368\">0.10<\/td>\n<\/tr>\n<\/tbody>\n<\/table>\n<p>&nbsp;<\/p>\n<p><strong>\u00d6zellikler:<\/strong> \u00a0Koyu mor tanecikli olup s\u0131cakl\u0131k 35-40\u2103&#039;yi a\u015ft\u0131\u011f\u0131nda yava\u015f yava\u015f topaklan\u0131r. Benzin, benzen, aseton, etil asetat, dikloroetan, karbon tetraklor\u00fcr, metilbenzen, etilalkol ve di\u011fer organik \u00e7\u00f6z\u00fcc\u00fclerde \u00e7\u00f6z\u00fcn\u00fcr, suda \u00e7\u00f6z\u00fcnmez.<\/p>\n<p>&nbsp;<\/p>\n<p><strong>Ba\u015fvuru:<\/strong> Bir t\u00fcr ursol kau\u00e7uk antioksidan\u0131 olan 6PPD, kau\u00e7uklarla daha iyi uyumlulu\u011fa sahiptir, nadiren \u00e7i\u00e7ek a\u00e7ar, d\u00fc\u015f\u00fck u\u00e7ucu, d\u00fc\u015f\u00fck toksisitelidir, m\u00fckemmel antioksidan, anti-ozon, anti-esneme \u00e7atlaklar\u0131, anti-g\u00fcne\u015flenme \u00e7atlaklar\u0131, bak\u0131r ormanganez ve di\u011fer toksik metaller \u00fczerinde g\u00fc\u00e7l\u00fc inhibisyon, her t\u00fcrl\u00fc sentetik kau\u00e7uk ve do\u011fal kau\u00e7u\u011fa uygulanabilir. Boyutland\u0131rma malzemesinde iyi da\u011f\u0131t\u0131labilirlik ve vulkanizasyon \u00fczerinde \u00e7ok az etki ile boyutland\u0131rma malzemesini yumu\u015fatabilir, bu nedenle lastikler ve di\u011fer kau\u00e7uk \u00fcr\u00fcnleri i\u00e7in kullan\u0131labilir, ayr\u0131ca polietilen, polipropilen ve akrilik re\u00e7ine i\u00e7in \u0131s\u0131 oksijen sabitleyici olarak kullan\u0131labilir.<\/p>\n<p>&nbsp;<\/p>\n<p><strong>Paket:<\/strong>\u00a025kg&#039;l\u0131k plastik dokuma torba, plastik filmli ka\u011f\u0131t torba, kraft ka\u011f\u0131t torba.<\/p>\n<p><strong>\u00a0<\/strong><\/p>","protected":false},"excerpt":{"rendered":"<p>\u00dcr\u00fcn Ad\u0131: Kau\u00e7uk Antioksidan 6PPD<\/p>\n<p>CAS Numaras\u0131: 793-24-8<\/p>\n<p>MF: C18H24N2<\/p>\n<p>EINECS Numaras\u0131: 212-344-0<\/p>\n<p>G\u00f6r\u00fcn\u00fcm: Koyu mor taneli<\/p>","protected":false},"featured_media":3076,"template":"","meta":{"_acf_changed":false,"_gspb_post_css":""},"product_brand":[],"product_cat":[62,73],"product_tag":[],"class_list":{"0":"post-3098","1":"product","2":"type-product","3":"status-publish","4":"has-post-thumbnail","6":"product_cat-rubberplastic-ingredients","7":"product_cat-rubber-antioxidant","9":"first","10":"instock","11":"shipping-taxable","12":"product-type-simple"},"acf":[],"_links":{"self":[{"href":"https:\/\/wpachem.com\/tr\/wp-json\/wp\/v2\/product\/3098","targetHints":{"allow":["GET"]}}],"collection":[{"href":"https:\/\/wpachem.com\/tr\/wp-json\/wp\/v2\/product"}],"about":[{"href":"https:\/\/wpachem.com\/tr\/wp-json\/wp\/v2\/types\/product"}],"version-history":[{"count":0,"href":"https:\/\/wpachem.com\/tr\/wp-json\/wp\/v2\/product\/3098\/revisions"}],"wp:featuredmedia":[{"embeddable":true,"href":"https:\/\/wpachem.com\/tr\/wp-json\/wp\/v2\/media\/3076"}],"wp:attachment":[{"href":"https:\/\/wpachem.com\/tr\/wp-json\/wp\/v2\/media?parent=3098"}],"wp:term":[{"taxonomy":"product_brand","embeddable":true,"href":"https:\/\/wpachem.com\/tr\/wp-json\/wp\/v2\/product_brand?post=3098"},{"taxonomy":"product_cat","embeddable":true,"href":"https:\/\/wpachem.com\/tr\/wp-json\/wp\/v2\/product_cat?post=3098"},{"taxonomy":"product_tag","embeddable":true,"href":"https:\/\/wpachem.com\/tr\/wp-json\/wp\/v2\/product_tag?post=3098"}],"curies":[{"name":"wp","href":"https:\/\/api.w.org\/{rel}","templated":true}]}}