{"id":3100,"date":"2022-09-14T06:47:37","date_gmt":"2022-09-14T06:47:37","guid":{"rendered":"http:\/\/site2.easyceotech.com\/?post_type=product&#038;p=3100"},"modified":"2024-03-12T08:05:44","modified_gmt":"2024-03-12T08:05:44","slug":"rubber-antioxidant-tmq","status":"publish","type":"product","link":"https:\/\/wpachem.com\/tr\/urun\/rubber-antioxidant-tmq\/","title":{"rendered":"Kau\u00e7uk Antioksidan TMQ"},"content":{"rendered":"<p><strong>Kimyasal Ad\u0131:<\/strong>\u00a0Polimerize edilmi\u015f-2,2,4-trimetil-1,2-dihidrokinolin<\/p>\n<p><strong>Molek\u00fcler Form\u00fcl:<\/strong>(C<sub>12<\/sub>H<sub>15<\/sub>N)nn=2-4<\/p>\n<p><strong>Molek\u00fcler A\u011f\u0131rl\u0131k:<\/strong>\u00a0(173.26)n<\/p>\n<p><strong>CAS NUMARASI: <\/strong>26780-96-1<\/p>\n<p><strong>Teknik \u00d6zellikler:<\/strong>\u00a0GB\/T 8826-2003<\/p>\n<table>\n<tbody>\n<tr>\n<td width=\"277\"><strong>\u00d6\u011fe<\/strong><\/td>\n<td width=\"275\"><strong>Birinci s\u0131n\u0131f<\/strong><\/td>\n<td width=\"299\"><strong>Nitelikli not<\/strong><\/td>\n<\/tr>\n<tr>\n<td width=\"277\"><strong>D\u0131\u015f g\u00f6r\u00fcn\u00fc\u015f<\/strong><\/td>\n<td colspan=\"2\" width=\"574\">Kehribardan kahverengiye pul veya tanecikli<\/td>\n<\/tr>\n<tr>\n<td width=\"277\"><strong>Yumu\u015fama noktas\u0131 <\/strong><strong>\u2103<\/strong><strong>\u2265<\/strong><\/td>\n<td width=\"275\">80-100<\/td>\n<td width=\"299\">80-100<\/td>\n<\/tr>\n<tr>\n<td width=\"277\"><strong>Is\u0131tma kayb\u0131 % \u2264<\/strong><\/td>\n<td width=\"275\">0.30<\/td>\n<td width=\"299\">0.50<\/td>\n<\/tr>\n<tr>\n<td width=\"277\"><strong>K\u00fcl i\u00e7eri\u011fi %<\/strong><strong>\u2264<\/strong><\/td>\n<td width=\"275\">0.30<\/td>\n<td width=\"299\">0.50<\/td>\n<\/tr>\n<\/tbody>\n<\/table>\n<p>&nbsp;<\/p>\n<p><strong>\u00d6zellikler:<\/strong>\u00a0Amber ila kahverengi pul veya gran\u00fcl. Yo\u011funluk: 1,05 g\/cm3. Benzen, kloroform, karbon dis\u00fclf\u00fcr ve asetonda \u00e7\u00f6z\u00fcn\u00fcr, ancak suda \u00e7\u00f6z\u00fcnmez. Kau\u00e7ukla ince \u00e7\u00f6zelti. Bu \u00fcr\u00fcn yan\u0131c\u0131d\u0131r, saklarken ve ta\u015f\u0131rken her zaman yang\u0131na dayan\u0131kl\u0131 ve neme dayan\u0131kl\u0131 olmas\u0131na dikkat edin.<\/p>\n<p>&nbsp;<\/p>\n<p><strong>Ba\u015fvuru: <\/strong>lastik, motosiklet lasti\u011fi, bisiklet lasti\u011fi, kau\u00e7uk, plastik, yap\u0131\u015fkan bant, tel, kablo ve di\u011fer kau\u00e7uk \u00fcr\u00fcnlerinin imalat\u0131nda yayg\u0131n olarak kullan\u0131l\u0131r.<\/p>\n<p>&nbsp;<\/p>\n<p><strong>Paket: <\/strong>25kg&#039;l\u0131k plastik dokuma torba, plastik filmli ka\u011f\u0131t torba, kraft ka\u011f\u0131t torba.<\/p>\n<p>&nbsp;<\/p>","protected":false},"excerpt":{"rendered":"<p>\u00dcr\u00fcn Ad\u0131: Kau\u00e7uk Antioksidan TMQ<\/p>\n<p>CAS Numaras\u0131: 26780-96-1<\/p>\n<p>MF: C12H15N<\/p>\n<p>EINECS Numaras\u0131: C12H15N<\/p>\n<p>G\u00f6r\u00fcn\u00fcm: Kehribardan kahverengiye pul veya taneli<\/p>","protected":false},"featured_media":3081,"template":"","meta":{"_acf_changed":false,"_gspb_post_css":""},"product_brand":[],"product_cat":[62,73],"product_tag":[],"class_list":{"0":"post-3100","1":"product","2":"type-product","3":"status-publish","4":"has-post-thumbnail","6":"product_cat-rubberplastic-ingredients","7":"product_cat-rubber-antioxidant","9":"first","10":"instock","11":"shipping-taxable","12":"product-type-simple"},"acf":[],"_links":{"self":[{"href":"https:\/\/wpachem.com\/tr\/wp-json\/wp\/v2\/product\/3100","targetHints":{"allow":["GET"]}}],"collection":[{"href":"https:\/\/wpachem.com\/tr\/wp-json\/wp\/v2\/product"}],"about":[{"href":"https:\/\/wpachem.com\/tr\/wp-json\/wp\/v2\/types\/product"}],"version-history":[{"count":0,"href":"https:\/\/wpachem.com\/tr\/wp-json\/wp\/v2\/product\/3100\/revisions"}],"wp:featuredmedia":[{"embeddable":true,"href":"https:\/\/wpachem.com\/tr\/wp-json\/wp\/v2\/media\/3081"}],"wp:attachment":[{"href":"https:\/\/wpachem.com\/tr\/wp-json\/wp\/v2\/media?parent=3100"}],"wp:term":[{"taxonomy":"product_brand","embeddable":true,"href":"https:\/\/wpachem.com\/tr\/wp-json\/wp\/v2\/product_brand?post=3100"},{"taxonomy":"product_cat","embeddable":true,"href":"https:\/\/wpachem.com\/tr\/wp-json\/wp\/v2\/product_cat?post=3100"},{"taxonomy":"product_tag","embeddable":true,"href":"https:\/\/wpachem.com\/tr\/wp-json\/wp\/v2\/product_tag?post=3100"}],"curies":[{"name":"wp","href":"https:\/\/api.w.org\/{rel}","templated":true}]}}