{"id":3102,"date":"2022-09-14T06:53:14","date_gmt":"2022-09-14T06:53:14","guid":{"rendered":"http:\/\/site2.easyceotech.com\/?post_type=product&#038;p=3102"},"modified":"2024-03-12T08:05:40","modified_gmt":"2024-03-12T08:05:40","slug":"rubber-vulcanizing-agent-dtdm","status":"publish","type":"product","link":"https:\/\/wpachem.com\/tr\/urun\/rubber-vulcanizing-agent-dtdm\/","title":{"rendered":"Kau\u00e7uk Vulkanize Maddesi DTDM"},"content":{"rendered":"<p><strong><b>Kimyasal ad\u0131: <\/b><\/strong>4\u2032,4\u2032-ditiyodimorfolin<\/p>\n<p><strong><b>Form\u00fcl: <\/b><\/strong>C8H16N2O2S2<b><\/b><\/p>\n<p><strong><b>CAS NUMARASI: <\/b><\/strong>103-34-4<\/p>\n<p><strong>Tan\u0131m:<\/strong><strong><b>\u00a0<\/b><\/strong>Beyaz kristal veya toz. \u00d6zg\u00fcl a\u011f\u0131rl\u0131k: 1.28-1.32. Zehir yok. Benzen, alkol ve asetonda \u00e7\u00f6z\u00fcn\u00fcr; suda \u00e7\u00f6z\u00fcnmez.<\/p>\n<table>\n<tbody>\n<tr>\n<td width=\"466\"><strong><b>\u00d6zellikler<\/b><\/strong><\/td>\n<td width=\"335\"><\/td>\n<\/tr>\n<tr>\n<td width=\"466\">D\u0131\u015f g\u00f6r\u00fcn\u00fc\u015f<\/td>\n<td width=\"335\">Beyaz toz<\/td>\n<\/tr>\n<tr>\n<td width=\"466\">Kurutma kayb\u0131<\/td>\n<td width=\"335\">0,3% maks.<\/td>\n<\/tr>\n<tr>\n<td width=\"466\">K\u00fcl<\/td>\n<td width=\"335\">0,3% maks.<\/td>\n<\/tr>\n<tr>\n<td width=\"466\">\u0130lk Erime Noktas\u0131:<\/td>\n<td width=\"335\">120oC<\/td>\n<\/tr>\n<\/tbody>\n<\/table>\n<p>&nbsp;<\/p>\n<p><strong><b>Kullan\u0131mlar<\/b><\/strong><strong><b>: <\/b><\/strong>Do\u011fal kau\u00e7u\u011fu her t\u00fcrl\u00fc sentetik kau\u00e7ukla ba\u011flayan malzemedir. Bir\u00e7ok dinamik \u00fcr\u00fcnde, \u0131s\u0131ya dayan\u0131kl\u0131 \u00fcr\u00fcnlerde, meridyen lastikte, m\u00fchendislik lasti\u011finde ve s\u0131v\u0131 s\u0131zd\u0131rmazl\u0131k maddesinde vb. kullan\u0131l\u0131r.<\/p>\n<p>&nbsp;<\/p>\n<p><strong>Paket:<\/strong><strong>\u00a0<\/strong>Ka\u011f\u0131t-plastik ambalaj torbas\u0131, 25KG\/torba. (12MT\/20&#039;FCL)<\/p>","protected":false},"excerpt":{"rendered":"<p>\u00dcr\u00fcn Ad\u0131: Kau\u00e7uk Vulkanize Maddesi DTDM<\/p>\n<p>CAS Numaras\u0131: 103-34-4<\/p>\n<p>MF: C8H16N2O2S2<\/p>\n<p>EINECS Numaras\u0131: 203-103-0<\/p>\n<p>G\u00f6r\u00fcn\u00fcm: Beyaz toz<\/p>","protected":false},"featured_media":2621,"template":"","meta":{"_acf_changed":false,"_gspb_post_css":""},"product_brand":[],"product_cat":[62,74],"product_tag":[],"class_list":{"0":"post-3102","1":"product","2":"type-product","3":"status-publish","4":"has-post-thumbnail","6":"product_cat-rubberplastic-ingredients","7":"product_cat-vulcanizing-agent","9":"first","10":"instock","11":"shipping-taxable","12":"product-type-simple"},"acf":[],"_links":{"self":[{"href":"https:\/\/wpachem.com\/tr\/wp-json\/wp\/v2\/product\/3102","targetHints":{"allow":["GET"]}}],"collection":[{"href":"https:\/\/wpachem.com\/tr\/wp-json\/wp\/v2\/product"}],"about":[{"href":"https:\/\/wpachem.com\/tr\/wp-json\/wp\/v2\/types\/product"}],"version-history":[{"count":0,"href":"https:\/\/wpachem.com\/tr\/wp-json\/wp\/v2\/product\/3102\/revisions"}],"wp:featuredmedia":[{"embeddable":true,"href":"https:\/\/wpachem.com\/tr\/wp-json\/wp\/v2\/media\/2621"}],"wp:attachment":[{"href":"https:\/\/wpachem.com\/tr\/wp-json\/wp\/v2\/media?parent=3102"}],"wp:term":[{"taxonomy":"product_brand","embeddable":true,"href":"https:\/\/wpachem.com\/tr\/wp-json\/wp\/v2\/product_brand?post=3102"},{"taxonomy":"product_cat","embeddable":true,"href":"https:\/\/wpachem.com\/tr\/wp-json\/wp\/v2\/product_cat?post=3102"},{"taxonomy":"product_tag","embeddable":true,"href":"https:\/\/wpachem.com\/tr\/wp-json\/wp\/v2\/product_tag?post=3102"}],"curies":[{"name":"wp","href":"https:\/\/api.w.org\/{rel}","templated":true}]}}